{"id":5270,"date":"2025-05-16T10:20:39","date_gmt":"2025-05-16T08:20:39","guid":{"rendered":"https:\/\/segreterie.unica.it\/scienzepolitiche\/?page_id=5270"},"modified":"2025-05-16T10:32:37","modified_gmt":"2025-05-16T08:32:37","slug":"sao-blended","status":"publish","type":"page","link":"https:\/\/segreterie.unica.it\/scienzepolitiche\/sao-blended\/","title":{"rendered":"Sao PA 110 e Lode"},"content":{"rendered":"<table style=\"height: 3112px\" width=\"740\">\n<tbody>\n<tr>\n<td width=\"162\"><strong>\u00a0<\/strong><\/td>\n<td width=\"320\"><strong><em>Corso di Laurea in Scienze dell\u2019Amministrazione e dell\u2019Organizzazione<\/em><\/strong><\/td>\n<\/tr>\n<tr>\n<td width=\"162\"><strong>Titoli di studio necessari per l\u2019iscrizione<\/strong><\/td>\n<td width=\"320\">Diploma quinquennale di scuola media superiore. L\u2019ammissione \u00e8 consentita anche a chi possiede diplomi rilasciati da istituti di istruzione secondaria superiore di durata quadriennale presso i quali non era attivo l\u2019anno integrativo. In questo caso, anche in deroga alla disciplina vigente di Ateneo, gli Obblighi formativi aggiuntivi saranno assolti in funzione della tipologia di studenti<\/td>\n<\/tr>\n<tr>\n<td width=\"162\"><strong>Ammissione al Corso di Studio<\/strong><\/p>\n<p><strong>\u00a0<\/strong><\/td>\n<td width=\"320\">Fatti salvi i\u00a0<a href=\"https:\/\/segreterie.unica.it\/scienzepolitiche\/test-di-accesso-chi-lo-deve-fare\/\">casi di esonero\u00a0,<\/a>\u00a0devi sostenere il test di ammissione denominato TOLC SPS. Per farlo devi prima registrarti nell\u2019area riservata TOLC Cisia \u2013 Consorzio Interuniversitario Sistemi Integrati per<br \/>\nl\u2019Accesso (testcisia.it) e pagare il contributo di iscrizione<\/td>\n<\/tr>\n<tr>\n<td width=\"162\"><strong>Scadenze test di ammissione\/valutazione<\/strong><\/td>\n<td width=\"320\"><a href=\"https:\/\/web.unica.it\/unica\/it\/crs_2_67_72.page\">Consulta le scadenze su unica.it \u2013 Iscriversi<\/a><\/td>\n<\/tr>\n<tr>\n<td width=\"162\"><strong>Immatricolazione online<\/strong><\/td>\n<td width=\"320\"><strong><em>Anche prima di aver sostenuto il TOLC-SPS, comunque obbligatorio, potrai immatricolarti online.<\/em><\/strong><\/p>\n<p><strong>QUANDO IMMATRICOLARTI:<\/strong><\/p>\n<p><strong>dall\u20198 luglio al 30 settembre 2025<\/strong><\/p>\n<p><strong>\u00a0<\/strong><\/p>\n<p><strong>COME IMMATRICOLARTI:\u00a0<\/strong>prima registrati sul sito di Unica oppure recupera le credenziali di accesso accedendo ai servizi online da\u00a0<a href=\"https:\/\/unica.esse3.cineca.it\/Home.do\">https:\/\/unica.esse3.cineca.it\/Home.do<\/a>\u00a0. Quindi accedi all\u2019<a href=\"https:\/\/studentionline.unipv.it\/esse3\/Home.do\">Area Riservata,\u00a0<\/a>clicca sulla voce di\u00a0<strong>menu &gt; SEGRETERIA&gt; IMMATRICOLAZIONE<\/strong>\u00a0e seleziona il corso di studio prescelto.<\/p>\n<p>&nbsp;<\/p>\n<p>Al termine della procedura online, il sistema ti assegner\u00e0 in automatico il numero di matricola e generer\u00e0 la prima rata delle tasse e dei contributi universitari che potrai trovare nella sezione Pagamenti della tua area riservata e dovrai pagare tramite Pago PA entro il 05\/10\/2025.<\/p>\n<p>Inserisci l\u2019<a href=\"https:\/\/segreterie.unica.it\/scienzepolitiche\/files\/2022\/08\/Dichiarazione_sostitutiva_di_certificazione_per_dipendenti_pubblici.pdf\">autocertificazione di lavoro dipendente nella Pubblica Amministrazione<\/a>\u00a0all\u2019interno dell\u2019area riservata dei servizi online agli studenti cliccando su SEGRETERIA &gt; ALLEGATI CARRIERA.<\/p>\n<p><strong>Nota bene<\/strong>:\u00a0L\u2019immatricolazione verr\u00e0 perfezionata dagli uffici della Segreteria Studenti, previa verifica della veridicit\u00e0 delle dichiarazioni rese in sede di autocertificazione, del pagamento della tassa di iscrizione, del corretto caricamento del documento di identit\u00e0 e della fotografia digitale.<\/p>\n<p>Se dalla tua area riservata visualizzi la dicitura \u201cImmatricolazione in attesa di perfezionamento\u201d, significa che i controlli amministrativi non sono ancora conclusi.<\/td>\n<\/tr>\n<tr>\n<td width=\"162\"><strong>Abbreviazione di carriera\u00a0\u00a0<\/strong><\/p>\n<p><strong>\u00a0<\/strong><\/td>\n<td width=\"320\">Puoi ottenere una abbreviazione di corso all\u2019atto dell\u2019immatricolazione se risulti gi\u00e0 in possesso di un titolo di studio italiano o estero, o una carriera accademica interrotta (per rinuncia o decadenza).<\/p>\n<p>Se ti immatricoli con abbreviazione di carriera, in fase di immatricolazione online dovrai scegliere il tipo di immatricolazione Abbreviazione di carriera<\/p>\n<p>Dopo aver concluso la procedura di immatricolazione online per abbreviazione di corso, dovrai\u00a0compilare un\u00a0form online\u00a0accedendo dal link\u00a0<a href=\"https:\/\/forms.office.com\/e\/LSKj1zmXr9\">https:\/\/forms.office.com\/e\/LSKj1zmXr9<\/a>: seleziona la giusta tipologia di istanza ed elenca gli esami di cui intendi chiedere la convalida. Sar\u00e0 poi tua cura inserire il file di riepilogo, denominandolo IMA 202_\/2_ seguito dal tuo nome e cognome e dal corso di studi scelto (es. IMA 202_\/2_ Mario Rossi SAO blended), all\u2019interno dell\u2019area riservata dei servizi online agli studenti cliccando su SEGRETERIA &gt; ALLEGATI CARRIERA<\/td>\n<\/tr>\n<tr>\n<td width=\"162\"><strong>Frequenza del Corso di Studio<\/strong><\/p>\n<p><strong>\u00a0<\/strong><\/td>\n<td width=\"320\">Non sei obbligato a frequentare le lezioni frontali del corso di studio.<\/p>\n<p>La didattica \u00e8 erogata in presenza e contestualmente a distanza in modalit\u00e0 sincrona (attraverso piattaforme di videoconferenza), nonch\u00e9 a distanza in modalit\u00e0 asincrona (attraverso la messa a disposizione di lezioni videoregistrate). In particolare, per il Corso di Laurea in Scienze dell\u2019Amministrazione e dell\u2019Organizzazione la modalit\u00e0 di erogazione della didattica \u00e8 on line al primo e secondo anno e in presenza al terzo anno (modalit\u00e0 Blended).<\/p>\n<p>&nbsp;<\/td>\n<\/tr>\n<tr>\n<td width=\"162\"><strong>Costi\u00a0<\/strong><\/p>\n<p><strong>\u00a0<\/strong><\/td>\n<td width=\"320\">Contributo unico onnicomprensivo a tuo carico \u00e8 fisso, pari a Euro 800,00.<\/p>\n<p>Oltre al suddetto importo, dovrai pagare la tassa regionale ERSU, pari a 140,00 euro, e l\u2019imposta di bollo di 16,00 euro.<\/p>\n<p>Per i pagamenti in ritardo \u00e8 prevista una sovrattassa di 15,00 euro che ammonter\u00e0 a 40,00 euro in caso di ritardo superiore ai 60 giorni naturali e consecutivi<\/td>\n<\/tr>\n<\/tbody>\n<\/table>\n","protected":false},"excerpt":{"rendered":"<p>\u00a0 Corso di Laurea in Scienze dell\u2019Amministrazione e dell\u2019Organizzazione Titoli di studio necessari per l\u2019iscrizione Diploma quinquennale di scuola media superiore. L\u2019ammissione \u00e8 consentita anche a chi possiede diplomi rilasciati da istituti di istruzione secondaria superiore di durata quadriennale presso i quali non era attivo l\u2019anno integrativo. In questo caso, anche in deroga alla disciplina vigente di Ateneo, gli Obblighi formativi aggiuntivi saranno assolti in funzione della tipologia di studenti Ammissione al Corso di Studio \u00a0 Fatti salvi i\u00a0casi di esonero\u00a0,\u00a0devi sostenere il test di ammissione denominato TOLC SPS. Per farlo devi prima registrarti nell\u2019area riservata TOLC Cisia \u2013 Consorzio <a href='https:\/\/segreterie.unica.it\/scienzepolitiche\/sao-blended\/' class='excerpt-more'>[&#8230;]<\/a><\/p>\n","protected":false},"author":2426,"featured_media":0,"parent":0,"menu_order":0,"comment_status":"closed","ping_status":"closed","template":"","meta":{"footnotes":""},"class_list":["post-5270","page","type-page","status-publish","hentry","post-seq-1","post-parity-odd","meta-position-corners","fix"],"_links":{"self":[{"href":"https:\/\/segreterie.unica.it\/scienzepolitiche\/wp-json\/wp\/v2\/pages\/5270","targetHints":{"allow":["GET"]}}],"collection":[{"href":"https:\/\/segreterie.unica.it\/scienzepolitiche\/wp-json\/wp\/v2\/pages"}],"about":[{"href":"https:\/\/segreterie.unica.it\/scienzepolitiche\/wp-json\/wp\/v2\/types\/page"}],"author":[{"embeddable":true,"href":"https:\/\/segreterie.unica.it\/scienzepolitiche\/wp-json\/wp\/v2\/users\/2426"}],"replies":[{"embeddable":true,"href":"https:\/\/segreterie.unica.it\/scienzepolitiche\/wp-json\/wp\/v2\/comments?post=5270"}],"version-history":[{"count":2,"href":"https:\/\/segreterie.unica.it\/scienzepolitiche\/wp-json\/wp\/v2\/pages\/5270\/revisions"}],"predecessor-version":[{"id":5276,"href":"https:\/\/segreterie.unica.it\/scienzepolitiche\/wp-json\/wp\/v2\/pages\/5270\/revisions\/5276"}],"wp:attachment":[{"href":"https:\/\/segreterie.unica.it\/scienzepolitiche\/wp-json\/wp\/v2\/media?parent=5270"}],"curies":[{"name":"wp","href":"https:\/\/api.w.org\/{rel}","templated":true}]}}