{"id":5146,"date":"2025-04-15T13:24:12","date_gmt":"2025-04-15T11:24:12","guid":{"rendered":"https:\/\/segreterie.unica.it\/scienzepolitiche\/?page_id=5146"},"modified":"2026-03-16T13:36:01","modified_gmt":"2026-03-16T12:36:01","slug":"convalida-cfu-per-abbreviazione","status":"publish","type":"page","link":"https:\/\/segreterie.unica.it\/scienzepolitiche\/convalida-cfu-per-abbreviazione\/","title":{"rendered":"Convalida cfu per Abbreviazione"},"content":{"rendered":"<ul>\n<li><strong>CONVALIDA CREDITI (CFU) da ABBREVIAZIONE CARRIERA\u00a0(IMA)<\/strong><\/li>\n<\/ul>\n<p><strong>N.B.:<\/strong>\u00a0questa procedura va effettuata\u00a0<u>contestualmente alla immatricolazione<\/u>\u00a0e riguarda coloro che sono gi\u00e0 laureati o coloro che hanno rinunciato o che sono decaduti in una precedente carriera (corsi di laurea, master, corsi singoli, 24 cfu per l\u2019insegnamento, \u2026) e richiedono la valutazione degli esami gi\u00e0 sostenuti ai fini del loro riconoscimento sulla nuova carriera.<\/p>\n<p>1) compila innanzitutto il\u00a0<strong>FILE EXCEL PREFORMATTATO CHE TROVI <a href=\"https:\/\/segreterie.unica.it\/scienzepolitiche\/files\/2026\/03\/FORM-CONVALIDE-cds-POLITICI.xlsx\">QUI<\/a>.\u00a0 <\/strong>Per compilarlo <strong>scarica prima il file e poi compilalo<\/strong><\/p>\n<p>2) assegna il nome al file costruendolo secondo lo schema logico: \u00a0 IMA_A.A._Nome_COGNOME_Corso di studi di nuova iscrizione \u00a0 (ad esempio: IMA 2023-2024_Mario ROSSI_SP)<\/p>\n<p>3) compila il\u00a0<a href=\"https:\/\/forms.office.com\/e\/64NnMd3BxE\"><i><strong>form online <\/strong><\/i><\/a>disponibile a questo link:\u00a0<a title=\"https:\/\/forms.office.com\/e\/64nnmd3bxe\" href=\"https:\/\/forms.office.com\/e\/64NnMd3BxE\" target=\"_blank\" rel=\"noreferrer noopener\"><i>https:\/\/forms.office.com\/e\/64NnMd3BxE<\/i><\/a><i>\u00a0<\/i>\u00a0ed allega il file Excel di cui al punto 1 al termine della compilazione del form online.<\/p>\n<p>4) Inserisci il file di riepilogo della tua istanza, nominandolo secondo lo schema logico:\u00a0 \u00a0IMA_2023-24_Nome_COGNOME_Corso di studi di nuova iscrizione \u00a0 (ad esempio: IMA_2023-2024_Mario ROSSI_SP), all\u2019interno della tua area riservata dei servizi online agli studenti (Esse3) selezionando: CARRIERA \u2013&gt; ALLEGATI CARRIERA<\/p>\n<p><strong>Le istanze di abbreviazione di corso (IMA) che perverranno alla Segreteria studenti con modalit\u00e0 e formato difforme da quello sopraddetto, saranno irricevibili e non verr\u00e0 pertanto dato seguito all\u2019 istanza di convalida cfu<\/strong><\/p>\n<p>&nbsp;<\/p>\n<ul>\n<li><strong>CONVALIDA CREDITI (CFU) da TRASFERIMENTO IN INGRESSO\u00a0(TRI)<\/strong><\/li>\n<\/ul>\n<p><strong>N.B.:<\/strong>\u00a0questa procedura riguarda coloro che sono iscritti in altro Ateneo ed intendono proseguire la carriera nell\u2019Ateneo di Cagliari e va questa procedura riguarda coloro che sono iscritti in altro Ateneo ed intendono proseguire la carriera nell\u2019Ateneo di Cagliari.\u00a0<span class=\"ui-provider a b c d e f g h i j k l m n o p q r s t u v w x y z ab ac ae af ag ah ai aj ak\" dir=\"ltr\">Deve essere iniziata subito dopo aver effettuato l\u2019immatricolazione sul portale di UniCA (area riservata Esse3) \u00a0che \u00e8 procedura preliminare \u00a0e funzionale alla prosecuzione degli studi nel nostro Ateneo<\/span><\/p>\n<p>1) compila innanzitutto il\u00a0<strong>FILE EXCEL PRECOMPILATO CHE TROVI <a href=\"https:\/\/segreterie.unica.it\/scienzepolitiche\/files\/2026\/03\/FORM-CONVALIDE-cds-POLITICI.xlsx\">QUI<\/a>.\u00a0 Per compilarlo scarica prima il file e poi compilalo<\/strong><\/p>\n<p>2) assegna il nome al file costruendolo secondo lo schema logico:\u00a0 TRI_A.A._Nome_COGNOME_Corso di studi di nuova iscrizione \u00a0 (ad esempio: TRI 2023-2024_Mario ROSSI_SP)<\/p>\n<p>3) compila il\u00a0<a href=\"https:\/\/forms.office.com\/e\/64NnMd3BxE\"><i><strong>form online<\/strong><\/i><\/a>\u00a0disponibile a questo link:\u00a0<a title=\"https:\/\/forms.office.com\/e\/64nnmd3bxe\" href=\"https:\/\/forms.office.com\/e\/64NnMd3BxE\" target=\"_blank\" rel=\"noreferrer noopener\"><i>https:\/\/forms.office.com\/e\/64NnMd3BxE<\/i><\/a><i>\u00a0<\/i>\u00a0ed allega il file Excel di cui al punto 1 al termine della compilazione del form online<\/p>\n<p>4) Inserisci il file di riepilogo della tua istanza, nominandolo secondo lo schema logico:\u00a0 TRI_2023-24_Nome_COGNOME_Corso di studi di nuova iscrizione \u00a0 (ad esempio: TRI_2023-2024_Mario ROSSI_SP), all\u2019interno della tua area riservata dei servizi online agli studenti (Esse3) selezionando: CARRIERA \u2013&gt; ALLEGATI CARRIERA<\/p>\n<p><strong>Le istanze di trasferimento in ingresso (TRI) che perverranno alla Segreteria studenti con modalit\u00e0 e formato difforme da quello sopraddetto, saranno irricevibili e non verr\u00e0 pertanto dato seguito all\u2019 istanza di convalida cfu<\/strong><\/p>\n<p>&nbsp;<\/p>\n<ul>\n<li><strong>CONVALIDA CREDITI (CFU) DA ALTRE ATTIVITA\u2019<\/strong><\/li>\n<\/ul>\n<p>Questa procedura si effettua, in corso di carriera, per la convalida di altre attivit\u00e0 (tirocini extrauniversitari, attivit\u00e0 seminariali, ulteriori attivit\u00e0\u2026)<\/p>\n<p>1) compila innanzitutto il\u00a0<a href=\"https:\/\/forms.office.com\/e\/64NnMd3BxE\"><i><strong>form online<\/strong><\/i><\/a>\u00a0disponibile al link:\u00a0<a title=\"https:\/\/forms.office.com\/e\/64nnmd3bxe\" href=\"https:\/\/forms.office.com\/e\/64NnMd3BxE\" target=\"_blank\" rel=\"noreferrer noopener\"><i>https:\/\/forms.office.com\/e\/64NnMd3BxE<\/i><\/a>a cui puoi accedere con l\u2019account Microsoft attivato al momento dell\u2019immatricolazione. Ricordati di allegare tutta la documentazione di supporto alla tua istanza preferibilmente in formato pdf.<\/p>\n<p>2) Inserisci il file di riepilogo della tua istanza, nominandolo secondo lo schema logico:\u00a0 \u00a0Convalida_2023-24_Nome_COGNOME_Corso di studi di nuova iscrizione \u00a0 (ad esempio: Convalida_2023-2024_Mario ROSSI_SP), all\u2019interno della tua area riservata dei servizi online agli studenti (Esse3) selezionando: CARRIERA \u2013&gt; ALLEGATI CARRIERA<\/p>\n<p>2bis) In caso di richiesta di convalida crediti per\u00a0<strong>attivit\u00e0 extrauniversitarie<\/strong>\u00a0l\u2019istanza va presentata\u00a0<strong>in BOLLO.\u00a0<\/strong>\u00a0Al momento non \u00e8 assolvibile digitalmente o tramite PagoPA.<\/p>\n<p>Pertanto, per questa tipologia di istanza, dopo aver compilato il form online, dovrai anche stampare la prima pagina del file di riepilogo ottenuto dalla procedura ed applicare l\u2019imposta di bollo da 16 euro in uno spazio libero della pagina. Il prima possibile, consegna poi il tutto in Segreteria studenti negli orari di apertura sportello \u2013 anche tramite delegato \u2013 od inviacelo a mezzo posta<\/p>\n<p><strong>Le istanze di convalida crediti che perverranno alla Segreteria studenti con modalit\u00e0 e formato difformi da quello sopraddetto, saranno irricevibili e non verr\u00e0 pertanto dato seguito all\u2019 istanza di convalida cfu<\/strong><\/p>\n","protected":false},"excerpt":{"rendered":"<p>CONVALIDA CREDITI (CFU) da ABBREVIAZIONE CARRIERA\u00a0(IMA) N.B.:\u00a0questa procedura va effettuata\u00a0contestualmente alla immatricolazione\u00a0e riguarda coloro che sono gi\u00e0 laureati o coloro che hanno rinunciato o che sono decaduti in una precedente carriera (corsi di laurea, master, corsi singoli, 24 cfu per l\u2019insegnamento, \u2026) e richiedono la valutazione degli esami gi\u00e0 sostenuti ai fini del loro riconoscimento sulla nuova carriera. 1) compila innanzitutto il\u00a0FILE EXCEL PREFORMATTATO CHE TROVI QUI.\u00a0 Per compilarlo scarica prima il file e poi compilalo 2) assegna il nome al file costruendolo secondo lo schema logico: \u00a0 IMA_A.A._Nome_COGNOME_Corso di studi di nuova iscrizione \u00a0 (ad esempio: IMA 2023-2024_Mario ROSSI_SP) <a href='https:\/\/segreterie.unica.it\/scienzepolitiche\/convalida-cfu-per-abbreviazione\/' class='excerpt-more'>[&#8230;]<\/a><\/p>\n","protected":false},"author":2426,"featured_media":0,"parent":0,"menu_order":0,"comment_status":"closed","ping_status":"closed","template":"","meta":{"footnotes":""},"class_list":["post-5146","page","type-page","status-publish","hentry","post-seq-1","post-parity-odd","meta-position-corners","fix"],"_links":{"self":[{"href":"https:\/\/segreterie.unica.it\/scienzepolitiche\/wp-json\/wp\/v2\/pages\/5146","targetHints":{"allow":["GET"]}}],"collection":[{"href":"https:\/\/segreterie.unica.it\/scienzepolitiche\/wp-json\/wp\/v2\/pages"}],"about":[{"href":"https:\/\/segreterie.unica.it\/scienzepolitiche\/wp-json\/wp\/v2\/types\/page"}],"author":[{"embeddable":true,"href":"https:\/\/segreterie.unica.it\/scienzepolitiche\/wp-json\/wp\/v2\/users\/2426"}],"replies":[{"embeddable":true,"href":"https:\/\/segreterie.unica.it\/scienzepolitiche\/wp-json\/wp\/v2\/comments?post=5146"}],"version-history":[{"count":14,"href":"https:\/\/segreterie.unica.it\/scienzepolitiche\/wp-json\/wp\/v2\/pages\/5146\/revisions"}],"predecessor-version":[{"id":5681,"href":"https:\/\/segreterie.unica.it\/scienzepolitiche\/wp-json\/wp\/v2\/pages\/5146\/revisions\/5681"}],"wp:attachment":[{"href":"https:\/\/segreterie.unica.it\/scienzepolitiche\/wp-json\/wp\/v2\/media?parent=5146"}],"curies":[{"name":"wp","href":"https:\/\/api.w.org\/{rel}","templated":true}]}}