{"id":484,"date":"2010-05-24T08:45:33","date_gmt":"2010-05-24T08:45:33","guid":{"rendered":"http:\/\/people.unica.it\/segreteriastudentiscienzemmffnn\/?page_id=484"},"modified":"2026-03-17T09:19:44","modified_gmt":"2026-03-17T08:19:44","slug":"esami-a-scelta-dello-studente","status":"publish","type":"page","link":"https:\/\/segreterie.unica.it\/scienzepolitiche\/competenze-e-organigramma\/piani-di-studi\/esami-a-scelta-dello-studente\/","title":{"rendered":"Attivit\u00e0 a libera scelta: regole generali"},"content":{"rendered":"<p style=\"text-align: justify\">Per coprire i cfu liberi previsti dal tuo piano di studi puoi farlo mediante attivit\u00e0 formative che possono comprendere insegnamenti, tirocini, seminari, esercitazioni, laboratori\u00a0 (<strong>N.B<\/strong>:\u00a0 gli <strong>iscritti<\/strong> al Corso di Laurea <strong>in Amministrazione e Organizzazione, dalla coorte 2017\/2018<\/strong>, sono invitati a verificare le peculiarit\u00e0 del piano di studi <a href=\"http:\/\/segreterie.unica.it\/scienzepolitiche\/altre-attivita-formative\/\"><strong>qui <\/strong>)<\/a><\/p>\n<p style=\"text-align: justify\">Se decidi di coprire i crediti liberi mediante:<\/p>\n<ol>\n<li>\n<div style=\"text-align: justify\"><strong>insegnamenti<\/strong>, \u00e8 necessario che\u00a0essi siano:<\/div>\n<\/li>\n<\/ol>\n<p style=\"text-align: justify\">&#8211; erogati\u00a0dall&#8217;Ateneo nell&#8217;anno accademico in cui\u00a0effettui la scelta. Pertanto\u00a0non puoi usufruire di\u00a0insegnamenti disattivati prima dell&#8217;anno accademico in cui effettui la scelta;<\/p>\n<p style=\"text-align: justify\">&#8211; afferenti allo stesso livello del\u00a0corso di laurea\u00a0in cui sei iscritto. <span style=\"text-decoration: underline\">Ci\u00f2 vuol dire che\u00a0se sei iscritto in un corso di laurea triennale potrai sostenere solo esami di corsi di laurea di livello triennale e, al contrario, <strong>non potrai\u00a0<\/strong>sostenere, <strong>pena l&#8217;annullamento<\/strong>, esami\u00a0di corsi di laurea di livello magistrale\/specialistico<\/span>.\u00a0 Se invece sei\u00a0 iscritto ad un\u00a0Corso di Laurea Magistrale, in base all\u2019articolo 14, comma 2, del <a href=\"http:\/\/sites.unica.it\/statutoregolamenti\/files\/2015\/07\/Regolamento-didattico-di-Ateneo.pdf\" target=\"_blank\" rel=\"noopener noreferrer\">Regolamento didattico di Ateneo<\/a>,\u00a0puoi\u00a0sostenere esami di qualunque livello di laurea (triennale o magistrale).<\/p>\n<p style=\"text-align: justify\">&#8211; se sei iscritto in un Corso di studi ex DM 270\/04, coerenti con il tuo progetto formativo. La coerenza dovrai attivarla obbligatoriamente e preventivamente e attenderne l\u2019esito da parte dell\u2019organo preposto, a meno che non scelga\u00a0un insegnamento\u00a0tra quelli del polo economico giuridico, ritenuti coerenti a priori. Per ottenere la\u00a0<span style=\"text-decoration: underline\"><strong>coerenza<\/strong><\/span>,\u00a0leggi le istruzioni su:<\/p>\n<table>\n<tbody>\n<tr>\n<td width=\"326\">&#8211; <a href=\"https:\/\/www.unica.it\/unica\/it\/crs_2_59_attivscelt.page\"><strong><span style=\"color: #0000ff\"><span style=\"color: #0000ff\">coerenza SP <\/span><\/span><\/strong><\/a><\/td>\n<td width=\"326\">\n<p style=\"text-align: right\">se sei iscritto in Scienze Politiche<\/p>\n<\/td>\n<\/tr>\n<tr>\n<td width=\"326\"><\/td>\n<td width=\"326\"><\/td>\n<\/tr>\n<tr>\n<td width=\"326\"><a href=\"mailto:coerenza.ao@unica.it\">&#8211; <span style=\"color: #0000ff\"><strong>coerenza.ao@unica.it<\/strong><\/span><\/a><\/p>\n<p>o<\/p>\n<p><a href=\"mailto:coerenza.sa@unica.it\">&#8211; <strong><span style=\"color: #0000ff\">coerenza.sa@unica.it<\/span><\/strong><\/a><\/td>\n<td width=\"326\">\n<p style=\"text-align: right\">se sei iscritto in Amministrazione e Organizzazione o in Lm Scienze dell\u2019Amministrazione<\/p>\n<\/td>\n<\/tr>\n<tr>\n<td width=\"326\"><\/td>\n<td width=\"326\"><\/td>\n<\/tr>\n<tr>\n<td width=\"326\">\u00a0&#8211; <span style=\"color: #0000ff\"><a style=\"color: #0000ff\" href=\"http:\/\/people.unica.it\/governanceesistemaglobale\/chi-siamo\/commissioni\/richiesta-coerenza-esami\/\"><strong>coerenza GSG<\/strong> <\/a><\/span><\/td>\n<td width=\"326\">\n<p style=\"text-align: right\">se sei iscritto in LM Governance<\/p>\n<\/td>\n<\/tr>\n<tr>\n<td width=\"326\"><\/td>\n<td width=\"326\"><\/td>\n<\/tr>\n<tr>\n<td style=\"text-align: right\" width=\"326\"><\/td>\n<td width=\"326\">\n<p style=\"text-align: right\">se sei iscritto in Lm Politiche, Societ\u00e0 e Territorio<\/p>\n<\/td>\n<\/tr>\n<\/tbody>\n<\/table>\n<p style=\"text-align: justify\"><span style=\"text-decoration: underline\">Per inserire nel libretto online l&#8217;attivit\u00e0 didattica prescelta<\/span>, puoi, in alternativa:<\/p>\n<p style=\"text-align: justify\">&#8211; accedere alla tua area riservata e provvedere\u00a0direttamente con la funzione Ricerca appelli;<\/p>\n<p style=\"text-align: justify\">&#8211; chiederne l&#8217;inserimento alla Segreteria studenti\u00a0inviando una mail a <a href=\"mailto:segrstudscpol@unica.it\">segrstudsegp@unica.it<\/a> , indicando la denominazione dell&#8217;insegnamento, il peso in cfu, il Corso di studi e la Facolt\u00e0\u00a0in cui \u00e8 impartitol&#8217;insegnamento, il nome del docente.<\/p>\n<p style=\"text-align: justify\">2.\u00a0\u00a0<strong>Tirocinio<\/strong>, ti suggeriamo di metterti in contatto con\u00a0il Servizio delle Tutor di Orientamento. Per maggiori dettagli vai su\u00a0 H<a href=\"http:\/\/facolta.unica.it\/segp\/servizi-studenti\/orientamento\/\">ttp:\/\/facolta.unica.it\/segp\/servizi-studenti\/orientamento\/<\/a><\/p>\n<p>&nbsp;<\/p>\n<p>3.\u00a0 <strong>Seminari\/convegni<\/strong>, ti suggeriamo di metterti in contatto con il Servizio delle Tutor di Orientamento che potranno indicarti eventuali cicli di seminari o convegni in corso di svolgimento o di prossima attivazione, attributivi di cfu liberi.<\/p>\n<p>&nbsp;<\/p>\n<p>4. <strong>Attivit\u00e0 extrauniversitarie: <\/strong>purch\u00e8 abbia svolto l&#8217;attivit\u00e0 in concomitanza con il percorso universitario e l&#8217;attivit\u00e0 si sia conclusa con il \u201c superamento dell\u2019esame finale o di altra forma di verifica del profitto\u201d.\u00a0 In tal caso puoi presentare in Segreteria studenti apposita <span style=\"color: #0000ff\">istanza di convalida<\/span> crediti, in bollo da 16 euro, allegando copia dell&#8217;attestato di partecipazione e relativa valutazione finale.<\/p>\n<p>A tal fine:<\/p>\n<p>1) compila\u00a0 il <a href=\"https:\/\/forms.office.com\/e\/64NnMd3BxE\"><i><strong>form online<\/strong><\/i><\/a>\u00a0disponibile al link:\u00a0<a title=\"https:\/\/forms.office.com\/e\/64nnmd3bxe\" href=\"https:\/\/forms.office.com\/e\/64NnMd3BxE\" target=\"_blank\" rel=\"noreferrer noopener\"><i>https:\/\/forms.office.com\/e\/64NnMd3BxE<\/i><\/a>a cui puoi accedere con l\u2019account Microsoft attivato al momento dell\u2019immatricolazione. Ricordati di allegare tutta la documentazione di supporto alla tua istanza preferibilmente in formato pdf.<\/p>\n<p>Per <strong>attivit\u00e0 extrauniversitarie<\/strong>\u00a0l\u2019istanza va presentata\u00a0<strong>in BOLLO.\u00a0<\/strong> Al momento non \u00e8 assolvibile digitalmente o tramite PagoPA.\u00a0Pertanto, per questa tipologia di istanza, dopo aver compilato il form online, dovrai anche stampare la prima pagina del file di riepilogo ottenuto dalla procedura ed applicare l\u2019imposta di bollo da 16 euro in uno spazio libero della pagina. Il prima possibile, consegna poi il tutto in Segreteria studenti negli orari di apertura sportello \u2013 anche tramite delegato \u2013 od inviacelo a mezzo posta<\/p>\n<p>2) Inserisci il file di riepilogo della tua istanza, nominandolo secondo lo schema logico:\u00a0 \u00a0Convalida_2023-24_Nome_COGNOME_Corso di studi di nuova iscrizione \u00a0 (ad esempio: Convalida_2023-2024_Mario ROSSI_SAO), all\u2019interno della tua area riservata dei servizi online agli studenti (Esse3) selezionando: CARRIERA \u2013&gt; ALLEGATI CARRIERA<\/p>\n<p>&nbsp;<\/p>\n<p>&nbsp;<\/p>\n<p>&nbsp;<\/p>\n<p>&nbsp;<\/p>\n","protected":false},"excerpt":{"rendered":"<p>Per coprire i cfu liberi previsti dal tuo piano di studi puoi farlo mediante attivit\u00e0 formative che possono comprendere insegnamenti, tirocini, seminari, esercitazioni, laboratori\u00a0 (N.B:\u00a0 gli iscritti al Corso di Laurea in Amministrazione e Organizzazione, dalla coorte 2017\/2018, sono invitati a verificare le peculiarit\u00e0 del piano di studi qui ) Se decidi di coprire i crediti liberi mediante: insegnamenti, \u00e8 necessario che\u00a0essi siano: &#8211; erogati\u00a0dall&#8217;Ateneo nell&#8217;anno accademico in cui\u00a0effettui la scelta. Pertanto\u00a0non puoi usufruire di\u00a0insegnamenti disattivati prima dell&#8217;anno accademico in cui effettui la scelta; &#8211; afferenti allo stesso livello del\u00a0corso di laurea\u00a0in cui sei iscritto. Ci\u00f2 vuol dire che\u00a0se sei <a href='https:\/\/segreterie.unica.it\/scienzepolitiche\/competenze-e-organigramma\/piani-di-studi\/esami-a-scelta-dello-studente\/' class='excerpt-more'>[&#8230;]<\/a><\/p>\n","protected":false},"author":643,"featured_media":0,"parent":340,"menu_order":0,"comment_status":"closed","ping_status":"closed","template":"","meta":{"footnotes":""},"class_list":["post-484","page","type-page","status-publish","hentry","post-seq-1","post-parity-odd","meta-position-corners","fix"],"_links":{"self":[{"href":"https:\/\/segreterie.unica.it\/scienzepolitiche\/wp-json\/wp\/v2\/pages\/484","targetHints":{"allow":["GET"]}}],"collection":[{"href":"https:\/\/segreterie.unica.it\/scienzepolitiche\/wp-json\/wp\/v2\/pages"}],"about":[{"href":"https:\/\/segreterie.unica.it\/scienzepolitiche\/wp-json\/wp\/v2\/types\/page"}],"author":[{"embeddable":true,"href":"https:\/\/segreterie.unica.it\/scienzepolitiche\/wp-json\/wp\/v2\/users\/643"}],"replies":[{"embeddable":true,"href":"https:\/\/segreterie.unica.it\/scienzepolitiche\/wp-json\/wp\/v2\/comments?post=484"}],"version-history":[{"count":64,"href":"https:\/\/segreterie.unica.it\/scienzepolitiche\/wp-json\/wp\/v2\/pages\/484\/revisions"}],"predecessor-version":[{"id":5682,"href":"https:\/\/segreterie.unica.it\/scienzepolitiche\/wp-json\/wp\/v2\/pages\/484\/revisions\/5682"}],"up":[{"embeddable":true,"href":"https:\/\/segreterie.unica.it\/scienzepolitiche\/wp-json\/wp\/v2\/pages\/340"}],"wp:attachment":[{"href":"https:\/\/segreterie.unica.it\/scienzepolitiche\/wp-json\/wp\/v2\/media?parent=484"}],"curies":[{"name":"wp","href":"https:\/\/api.w.org\/{rel}","templated":true}]}}