{"id":4787,"date":"2024-03-27T11:28:45","date_gmt":"2024-03-27T10:28:45","guid":{"rendered":"https:\/\/segreterie.unica.it\/scienzepolitiche\/?page_id=4787"},"modified":"2024-03-27T11:28:45","modified_gmt":"2024-03-27T10:28:45","slug":"contatti-segreteria-studenti","status":"publish","type":"page","link":"https:\/\/segreterie.unica.it\/scienzepolitiche\/contatti-segreteria-studenti\/","title":{"rendered":"Contatti Segreteria studenti"},"content":{"rendered":"<p><strong>Siamo aperti al pubblico\u00a0<\/strong><\/p>\n<p>&nbsp;<\/p>\n<table width=\"695\">\n<tbody>\n<tr>\n<td><strong>settembre \u2013 ottobre<\/strong><\/td>\n<td>Luned\u00ec, mercoled\u00ec, gioved\u00ec e venerd\u00ec 9 \u2013 12<\/p>\n<p>Marted\u00ec 10 \u2013 12 e 16 \u2013 17<\/td>\n<\/tr>\n<tr>\n<td><strong>novembre, dicembre, gennaio, febbraio, marzo, aprile, maggio, giugno<\/strong><\/td>\n<td>Luned\u00ec, mercoled\u00ec, gioved\u00ec e venerd\u00ec 9 \u2013 12<\/p>\n<p>Marted\u00ec 16 \u2013 17<\/td>\n<\/tr>\n<tr>\n<td><strong>luglio \u2013 agosto<\/strong><\/td>\n<td>Luned\u00ec, mercoled\u00ec e venerd\u00ec 9 \u2013 12<\/td>\n<\/tr>\n<\/tbody>\n<\/table>\n<p>&nbsp;<\/p>\n<p>&nbsp;<\/p>\n<p><strong>Per le informazioni di carattere generale<\/strong>\u00a0si invitano gli studenti a prendere visione degli avvisi e delle informazioni pubblicate sui nostri siti.<\/p>\n<p>Sito web cds economici\u00a0<a href=\"https:\/\/segreterie.unica.it\/cdseconomici\/\">https:\/\/segreterie.unica.it\/cdseconomici\/<\/a><br \/>\nSito web cds giuridici\u00a0<a href=\"https:\/\/segreterie.unica.it\/cdsgiuridici\/\">https:\/\/segreterie.unica.it\/cdsgiuridici\/<\/a><br \/>\nSito web cds politici\u00a0<a href=\"https:\/\/segreterie.unica.it\/scienzepolitiche\/\">https:\/\/segreterie.unica.it\/scienzepolitiche\/<\/a><\/p>\n<p>&nbsp;<\/p>\n<p>&nbsp;<\/p>\n<p>In alternativa:<\/p>\n<p>&nbsp;<\/p>\n<ul>\n<li>\u00c8 preferibile scrivere all&#8217;indirizzo e-mail dell&#8217;Ufficio:\u00a0<a href=\"mailto:segrstudsegp@unica.it\"><strong>segrstudsegp@unica.it<\/strong><\/a><\/li>\n<li><strong>Sportello telefonico<\/strong><br \/>\nLuned\u00ec, mercoled\u00ec, gioved\u00ec e venerd\u00ec dalle 10.00 alle 13.00.<br \/>\nMarted\u00ec dalle 11.00 alle 13.00 e dalle 16.00 alle 17.00<\/li>\n<li><strong><a href=\"https:\/\/outlook.office365.com\/book\/SportellovirtualesegreteriastudentiScienzePolitiche@unicadrsi.onmicrosoft.com\/\">Sportello virtuale studenti di Economia, Giurisprudenza e Scienze Politiche<\/a><\/strong><\/li>\n<\/ul>\n<p><strong>\u00a0<\/strong><\/p>\n<p><strong>Responsabile<\/strong><\/p>\n<p><a href=\"https:\/\/web.unica.it\/unica\/page\/it\/saba_giorgia\">Saba Giorgia<\/a><br \/>\nTelefono: +39 070 6753982<br \/>\nEmail:\u00a0<a href=\"mailto:gsaba@unica.it\">gsaba@unica.it<\/a><\/p>\n<p><strong>Collaboratori<\/strong><\/p>\n<p><a href=\"https:\/\/web.unica.it\/unica\/page\/it\/brazzi_claudia\">Brazzi Claudia<\/a><br \/>\nTelefono: +39 070 6753978<br \/>\nEmail:\u00a0<a href=\"mailto:claudia.brazzi@unica.it\">claudia.brazzi@unica.it<\/a><\/p>\n<p><a href=\"https:\/\/web.unica.it\/unica\/page\/it\/cuccu_niccolo\">Cuccu Niccol\u00f2<\/a><br \/>\nTelefono: +39 070 6753979<br \/>\nEmail:\u00a0<a href=\"mailto:niccolo.cuccu@unica.it\">niccolo.cuccu@unica.it<\/a><\/p>\n<p><a href=\"https:\/\/web.unica.it\/unica\/page\/it\/floris_michela_it_1\">Floris Michela<\/a><br \/>\nTelefono: +39 070 6753976<br \/>\nEmail:\u00a0<a href=\"mailto:m.floris@amm.unica.it\">m.floris@amm.unica.it<\/a><\/p>\n<p><a href=\"https:\/\/web.unica.it\/unica\/page\/it\/lucchese_laura\">Lucchese Laura<\/a><br \/>\nTelefono: +39 070 6753348<br \/>\nEmail:\u00a0<a href=\"mailto:llucchese@amm.unica.it\">llucchese@amm.unica.it\u00a0<\/a><\/p>\n<p><a href=\"https:\/\/web.unica.it\/unica\/page\/it\/piludu_corrado\">Piludu Corrado<\/a><br \/>\nTelefono: +39 070 6753349<br \/>\nEmail:\u00a0<a href=\"mailto:cpiludu@amm.unica.it\">cpiludu@amm.unica.it\u00a0<\/a><\/p>\n<p><a href=\"https:\/\/web.unica.it\/unica\/page\/it\/piretti_paolo\">Piretti Paolo<\/a><br \/>\nTelefono: +39 070 6753977<br \/>\nEmail:\u00a0<a href=\"mailto:ppiretti@amm.unica.it\">ppiretti@amm.unica.it<\/a><\/p>\n<p><a href=\"https:\/\/web.unica.it\/unica\/page\/it\/puddu_luigi\">Puddu Luigi<\/a><br \/>\nTelefono: +39 070 6753379<br \/>\nEmail:\u00a0<a href=\"mailto:lpuddu@amm.unica.it\">lpuddu@amm.unica.it<\/a><\/p>\n<p><a href=\"https:\/\/web.unica.it\/unica\/page\/it\/sedda_roberto\">Sedda Roberto<\/a><br \/>\nTelefono: +39 070 6753983<br \/>\nEmail:\u00a0<a href=\"mailto:rsedda@amm.unica.it\">rsedda@amm.unica.it<\/a><\/p>\n<p>&nbsp;<\/p>\n","protected":false},"excerpt":{"rendered":"<p>Siamo aperti al pubblico\u00a0 &nbsp; settembre \u2013 ottobre Luned\u00ec, mercoled\u00ec, gioved\u00ec e venerd\u00ec 9 \u2013 12 Marted\u00ec 10 \u2013 12 e 16 \u2013 17 novembre, dicembre, gennaio, febbraio, marzo, aprile, maggio, giugno Luned\u00ec, mercoled\u00ec, gioved\u00ec e venerd\u00ec 9 \u2013 12 Marted\u00ec 16 \u2013 17 luglio \u2013 agosto Luned\u00ec, mercoled\u00ec e venerd\u00ec 9 \u2013 12 &nbsp; &nbsp; Per le informazioni di carattere generale\u00a0si invitano gli studenti a prendere visione degli avvisi e delle informazioni pubblicate sui nostri siti. Sito web cds economici\u00a0https:\/\/segreterie.unica.it\/cdseconomici\/ Sito web cds giuridici\u00a0https:\/\/segreterie.unica.it\/cdsgiuridici\/ Sito web cds politici\u00a0https:\/\/segreterie.unica.it\/scienzepolitiche\/ &nbsp; &nbsp; In alternativa: &nbsp; \u00c8 preferibile scrivere all&#8217;indirizzo e-mail dell&#8217;Ufficio:\u00a0segrstudsegp@unica.it <a href='https:\/\/segreterie.unica.it\/scienzepolitiche\/contatti-segreteria-studenti\/' class='excerpt-more'>[&#8230;]<\/a><\/p>\n","protected":false},"author":2426,"featured_media":0,"parent":0,"menu_order":0,"comment_status":"closed","ping_status":"closed","template":"","meta":{"footnotes":""},"class_list":["post-4787","page","type-page","status-publish","hentry","post-seq-1","post-parity-odd","meta-position-corners","fix"],"_links":{"self":[{"href":"https:\/\/segreterie.unica.it\/scienzepolitiche\/wp-json\/wp\/v2\/pages\/4787","targetHints":{"allow":["GET"]}}],"collection":[{"href":"https:\/\/segreterie.unica.it\/scienzepolitiche\/wp-json\/wp\/v2\/pages"}],"about":[{"href":"https:\/\/segreterie.unica.it\/scienzepolitiche\/wp-json\/wp\/v2\/types\/page"}],"author":[{"embeddable":true,"href":"https:\/\/segreterie.unica.it\/scienzepolitiche\/wp-json\/wp\/v2\/users\/2426"}],"replies":[{"embeddable":true,"href":"https:\/\/segreterie.unica.it\/scienzepolitiche\/wp-json\/wp\/v2\/comments?post=4787"}],"version-history":[{"count":1,"href":"https:\/\/segreterie.unica.it\/scienzepolitiche\/wp-json\/wp\/v2\/pages\/4787\/revisions"}],"predecessor-version":[{"id":4788,"href":"https:\/\/segreterie.unica.it\/scienzepolitiche\/wp-json\/wp\/v2\/pages\/4787\/revisions\/4788"}],"wp:attachment":[{"href":"https:\/\/segreterie.unica.it\/scienzepolitiche\/wp-json\/wp\/v2\/media?parent=4787"}],"curies":[{"name":"wp","href":"https:\/\/api.w.org\/{rel}","templated":true}]}}