{"id":445,"date":"2010-03-16T09:00:19","date_gmt":"2010-03-16T09:00:19","guid":{"rendered":"http:\/\/people.unica.it\/segreteriastudentiscienzemmffnn\/?page_id=445"},"modified":"2021-12-20T09:42:25","modified_gmt":"2021-12-20T08:42:25","slug":"pergamene","status":"publish","type":"page","link":"https:\/\/segreterie.unica.it\/scienzepolitiche\/laurea\/pergamene\/","title":{"rendered":"Pergamene"},"content":{"rendered":"<p><span style=\"text-decoration: underline\">Sono al momento disponibili tutte le pergamene<strong> fino alla seduta di laurea di\u00a0Novembre 2015, inclusa.<\/strong><\/span><\/p>\n<p>&nbsp;<\/p>\n<p>Puoi\u00a0ritirare, personalmente o a mezzo <strong><a href=\"http:\/\/segreterie.unica.it\/scienzepolitiche\/files\/2010\/03\/13-14_DELEGA_terzi_13-14.pdf\">delega<\/a>, <\/strong>la pergamena\u00a0di laurea presso gli Uffici della Segreteria Studenti, negli orari di ricevimento al pubblico.<\/p>\n<p>Per ciascuna pergamena \u00e8 necessaria una <span style=\"text-decoration: underline\">marca da bollo da euro 16,00<\/span>.<\/p>\n<p>&nbsp;<\/p>\n<p>Se non puoi recarti personalmente n\u00e9 delegare terzi, potrai inviarci per posta <a href=\"http:\/\/segreterie.unica.it\/scienzepolitiche\/files\/2010\/03\/13-14_RICHIESTA-invio-pergamena.pdf\"><strong>apposita istanza<\/strong><\/a>\u00a0per l\u2019invio della pergamena al tuo domicilio\/residenza.\u00a0La pergamena ti verr\u00e0 trasmessa dopo la verifica del pagamento del\u00a0contributo pari a \u20ac 15 che emetteremo a tuo nome dopo la ricezione dell&#8217; istanza.<\/p>\n<p>&nbsp;<\/p>\n<p>&nbsp;<\/p>\n<p class=\"first-para\">Si\u00a0ricorda ai <span style=\"text-decoration: underline\">laureati nella sessione di marzo 2016 <\/span>che <span style=\"text-decoration: underline\">le pergamene<\/span>, non consegnate all&#8217;atto della proclamazione, <span style=\"text-decoration: underline\">sono disponibili presso la Segreteria studenti<\/span> dal 29 marzo 2016 e possono\u00a0essere ritirate, personalmente o mediante delega, negli orari di apertura al pubblico.\u00a0\u00a0<span style=\"text-decoration: underline\">L\u2019imposta di bollo \u00e8 stata gi\u00e0 assolta in modo virtuale prima della laurea\u00a0<\/span>per cui al momento del\u00a0ritiro della pergamena non deve essere\u00a0consegnata la marca\u00a0da bollo.<\/p>\n<p>&nbsp;<\/p>\n<p class=\"first-para\">A coloro che hanno conseguito il titolo a distanza, causa emergenza Coronavirus, da Aprile 2020 ad Ottobre 2021, comunichiamo che sono disponibili le pergamene.<\/p>\n<p>Puoi\u00a0ritirare, personalmente o a mezzo\u00a0<strong><a href=\"http:\/\/segreterie.unica.it\/scienzepolitiche\/files\/2010\/03\/13-14_DELEGA_terzi_13-14.pdf\">delega<\/a>,\u00a0<\/strong>la pergamena di laurea presso gli Uffici della Segreteria Studenti, previo appuntamento da concordare inviando una mail\u00a0a segrstudscpol@unica.it<\/p>\n<p>Per il ritiro dovrai essere munito di documento di identit\u00e0 e non sar\u00e0 necessaria la marca da bollo in quanto gi\u00e0 assolta.<\/p>\n<p>&nbsp;<\/p>\n<p>Si ricorda altres\u00ec che, a partire dalla sessione di laurea di Febbraio 2015, la pergamena del diploma di laurea viene consegnata il giorno della laurea al momento della proclamazione, direttamente dalle mani del presidente della commissione di laurea.<\/p>\n<p>&nbsp;<\/p>\n<p>&nbsp;<\/p>\n<p>&nbsp;<\/p>\n<p>&nbsp;<\/p>\n","protected":false},"excerpt":{"rendered":"<p>Sono al momento disponibili tutte le pergamene fino alla seduta di laurea di\u00a0Novembre 2015, inclusa. &nbsp; Puoi\u00a0ritirare, personalmente o a mezzo delega, la pergamena\u00a0di laurea presso gli Uffici della Segreteria Studenti, negli orari di ricevimento al pubblico. Per ciascuna pergamena \u00e8 necessaria una marca da bollo da euro 16,00. &nbsp; Se non puoi recarti personalmente n\u00e9 delegare terzi, potrai inviarci per posta apposita istanza\u00a0per l\u2019invio della pergamena al tuo domicilio\/residenza.\u00a0La pergamena ti verr\u00e0 trasmessa dopo la verifica del pagamento del\u00a0contributo pari a \u20ac 15 che emetteremo a tuo nome dopo la ricezione dell&#8217; istanza. &nbsp; &nbsp; Si\u00a0ricorda ai laureati nella <a href='https:\/\/segreterie.unica.it\/scienzepolitiche\/laurea\/pergamene\/' class='excerpt-more'>[&#8230;]<\/a><\/p>\n","protected":false},"author":643,"featured_media":0,"parent":25,"menu_order":0,"comment_status":"closed","ping_status":"closed","template":"","meta":{"footnotes":""},"class_list":["post-445","page","type-page","status-publish","hentry","post-seq-1","post-parity-odd","meta-position-corners","fix"],"_links":{"self":[{"href":"https:\/\/segreterie.unica.it\/scienzepolitiche\/wp-json\/wp\/v2\/pages\/445","targetHints":{"allow":["GET"]}}],"collection":[{"href":"https:\/\/segreterie.unica.it\/scienzepolitiche\/wp-json\/wp\/v2\/pages"}],"about":[{"href":"https:\/\/segreterie.unica.it\/scienzepolitiche\/wp-json\/wp\/v2\/types\/page"}],"author":[{"embeddable":true,"href":"https:\/\/segreterie.unica.it\/scienzepolitiche\/wp-json\/wp\/v2\/users\/643"}],"replies":[{"embeddable":true,"href":"https:\/\/segreterie.unica.it\/scienzepolitiche\/wp-json\/wp\/v2\/comments?post=445"}],"version-history":[{"count":48,"href":"https:\/\/segreterie.unica.it\/scienzepolitiche\/wp-json\/wp\/v2\/pages\/445\/revisions"}],"predecessor-version":[{"id":4121,"href":"https:\/\/segreterie.unica.it\/scienzepolitiche\/wp-json\/wp\/v2\/pages\/445\/revisions\/4121"}],"up":[{"embeddable":true,"href":"https:\/\/segreterie.unica.it\/scienzepolitiche\/wp-json\/wp\/v2\/pages\/25"}],"wp:attachment":[{"href":"https:\/\/segreterie.unica.it\/scienzepolitiche\/wp-json\/wp\/v2\/media?parent=445"}],"curies":[{"name":"wp","href":"https:\/\/api.w.org\/{rel}","templated":true}]}}