{"id":2244,"date":"2022-05-18T13:31:51","date_gmt":"2022-05-18T11:31:51","guid":{"rendered":"https:\/\/segreterie.unica.it\/scienzegiuridiche\/?page_id=2244"},"modified":"2022-05-18T13:32:06","modified_gmt":"2022-05-18T11:32:06","slug":"corsi-singoli","status":"publish","type":"page","link":"https:\/\/segreterie.unica.it\/scienzegiuridiche\/faq\/corsi-singoli\/","title":{"rendered":"CORSI SINGOLI"},"content":{"rendered":"<p>CHI PUO\u2019 ISCRIVERSI AI CORSI SINGOLI?<\/p>\n<p>Possono iscriversi a singoli corsi di insegnamento, attivati presso le Facolt\u00e0 dell\u2019Ateneo, e sostenere i relativi esami:<\/p>\n<p>&#8211; coloro che, non iscritti ad alcun corso di studio dell\u2019Universit\u00e0, pur avendone titolo, sono tuttavia interessati ad un aggiornamento culturale o all\u2019integrazione delle loro competenze professionali;<\/p>\n<p>&#8211; i laureati che abbiano necessit\u00e0 di seguire gli insegnamenti e superare i relativi esami di profitto richiesti per l\u2019ammissione a lauree magistrali o a scuole di specializzazione ovvero a concorsi pubblici;<\/p>\n<p>-i cittadini comunitari e non comunitari residenti all\u2019estero, per i quali si applicano le disposizioni emanate annualmente dal ministero, ad eccezione dell\u2019obbligo di sostenere la prova di conoscenza della lingua italiana;<\/p>\n<p>&#8211; gli studenti e i laureati stranieri che frequentano l\u2019Universit\u00e0 di Cagliari in base a Programmi o Accordi di mobilit\u00e0 internazionale regolati da condizioni di reciprocit\u00e0.<\/p>\n<p>MI SONO ISCRITTO AI CORSI SINGOLI,\u00a0 POSSO CONSIDERARMI STUDENTE UNIVERSITARIO?<\/p>\n<p>No, l\u2019iscrizione al corso singolo non attribuisce lo status di studente universitario, tuttavia\u00a0 attribuisce il diritto di accedere alle biblioteche e ai servizi strettamente connessi all\u2019insegnamento al quale \u00e8 riferita l\u2019iscrizione.<\/p>\n<p><strong>A QUANTI INSEGNAMENTI POSSO ISCRIVERMI?<\/strong><\/p>\n<p>La somma dei crediti formativi degli insegnamenti scelti non deve superare la soglia di 36 C.F.U<\/p>\n<p>POSSO AVERE UNA CERTIFICAZIONE DOPO AVER SUPERATO L\u2019ESAME DEL CORSO SINGOLO?<\/p>\n<p>Si, Il superamento del singolo esame d\u00e0 diritto al rilascio di certificazione da parte dell\u2019Universit\u00e0 e pu\u00f2 essere utilizzato per il conseguimento di successivi titoli di studio.<\/p>\n<p>QUALI SONO LE MODALITA\u2019 DI ISCRIZIONE AI CORSI SINGOLI?<\/p>\n<p>Per iscriversi ai corsi singoli, occorrer\u00e0 compilare l\u2019apposita domanda, scaricabile dal sito www.unica.it e disponibile presso le segreterie studenti, e farla pervenire alla Segreteria Studenti della Facolt\u00e0 presso cui si intende sostenere l\u2019esame, insieme a n.1 marca da bollo da \u20ac 14.62, \u00a0n. 2 fotografie formato tessera, fotocopia di un documento di identit\u00e0 e del codice fiscale o tessera sanitaria, tramite raccomandata A\/R o consegnata a mano entro le date di scadenza previste dal manifesto generale degli studi.<\/p>\n<p>L\u2019iscrizione si perfezioner\u00e0 con il versamento dell\u2019importo dei contributi stabilito dal regolamento tasse<\/p>\n<p>QUALI SONO I COSTI?<\/p>\n<p>Per l\u2019a.a. 2012\/2013 l\u2019iscrizione ai corsi singoli ammonta a \u20ac 116,03 mentre il contributo per ogni corso scelto ammonta a \u20ac 58<\/p>\n","protected":false},"excerpt":{"rendered":"<p>CHI PUO\u2019 ISCRIVERSI AI CORSI SINGOLI? Possono iscriversi a singoli corsi di insegnamento, attivati presso le Facolt\u00e0 dell\u2019Ateneo, e sostenere i relativi esami: &#8211; coloro che, non iscritti ad alcun corso di studio dell\u2019Universit\u00e0, pur avendone titolo, sono tuttavia interessati ad un aggiornamento culturale o all\u2019integrazione delle loro competenze professionali; &#8211; i laureati che abbiano necessit\u00e0 di seguire gli insegnamenti e superare i relativi esami di profitto richiesti per l\u2019ammissione a lauree magistrali o a scuole di specializzazione ovvero a concorsi pubblici; -i cittadini comunitari e non comunitari residenti all\u2019estero, per i quali si applicano le disposizioni emanate annualmente dal <a href='https:\/\/segreterie.unica.it\/scienzegiuridiche\/faq\/corsi-singoli\/' class='excerpt-more'>[&#8230;]<\/a><\/p>\n","protected":false},"author":9044,"featured_media":0,"parent":2187,"menu_order":0,"comment_status":"closed","ping_status":"closed","template":"","meta":{"footnotes":""},"class_list":["post-2244","page","type-page","status-publish","hentry","post-seq-1","post-parity-odd","meta-position-corners","fix"],"_links":{"self":[{"href":"https:\/\/segreterie.unica.it\/scienzegiuridiche\/wp-json\/wp\/v2\/pages\/2244","targetHints":{"allow":["GET"]}}],"collection":[{"href":"https:\/\/segreterie.unica.it\/scienzegiuridiche\/wp-json\/wp\/v2\/pages"}],"about":[{"href":"https:\/\/segreterie.unica.it\/scienzegiuridiche\/wp-json\/wp\/v2\/types\/page"}],"author":[{"embeddable":true,"href":"https:\/\/segreterie.unica.it\/scienzegiuridiche\/wp-json\/wp\/v2\/users\/9044"}],"replies":[{"embeddable":true,"href":"https:\/\/segreterie.unica.it\/scienzegiuridiche\/wp-json\/wp\/v2\/comments?post=2244"}],"version-history":[{"count":1,"href":"https:\/\/segreterie.unica.it\/scienzegiuridiche\/wp-json\/wp\/v2\/pages\/2244\/revisions"}],"predecessor-version":[{"id":2245,"href":"https:\/\/segreterie.unica.it\/scienzegiuridiche\/wp-json\/wp\/v2\/pages\/2244\/revisions\/2245"}],"up":[{"embeddable":true,"href":"https:\/\/segreterie.unica.it\/scienzegiuridiche\/wp-json\/wp\/v2\/pages\/2187"}],"wp:attachment":[{"href":"https:\/\/segreterie.unica.it\/scienzegiuridiche\/wp-json\/wp\/v2\/media?parent=2244"}],"curies":[{"name":"wp","href":"https:\/\/api.w.org\/{rel}","templated":true}]}}