{"id":2230,"date":"2022-05-18T12:30:50","date_gmt":"2022-05-18T10:30:50","guid":{"rendered":"https:\/\/segreterie.unica.it\/scienzegiuridiche\/?page_id=2230"},"modified":"2022-05-18T12:51:08","modified_gmt":"2022-05-18T10:51:08","slug":"iscrizione-agli-esami","status":"publish","type":"page","link":"https:\/\/segreterie.unica.it\/scienzegiuridiche\/faq\/iscrizione-agli-esami\/","title":{"rendered":"ISCRIZIONE AGLI ESAMI"},"content":{"rendered":"<p>SONO ISCRITTO NEL CORSO DI LAUREA\u00a0 MAGISTRALE A CICLO UNICA IN GIURISPRUDENZA E\/O AL CORSO DI LAUREA IN SCIENZE DEI SERVIZI COME FACCIO AD ISCRIVERMI AGLI ESAMI?<\/p>\n<p>Per gli iscritti ai corsi di laurea Magistrale a Ciclo Unico in Giurisprudenza e in Scienze dei Servizi Giuridici , l\u2019iscrizione agli esami va effettuata dalla propria area \u00a0<a href=\"https:\/\/webstudenti.unica.it\/esse3\/Home.do\">https:\/\/webstudenti.unica.it\/esse3\/Home.do<\/a><\/p>\n<p>Nella sezione CARRIERA\u00a0 \u00e0 LIBRETTO saranno riportate le attivit\u00e0 didattiche sostenute e pianificate previste nel piano di studi del proprio corso di laurea. Cliccando sull\u2019icona <a href=\"https:\/\/segreterie.unica.it\/scienzegiuridiche\/files\/2022\/05\/Immagine-1.jpg\"><img decoding=\"async\" class=\"alignnone size-full wp-image-2227\" src=\"https:\/\/segreterie.unica.it\/scienzegiuridiche\/files\/2022\/05\/Immagine-1.jpg\" alt=\"\" width=\"41\" height=\"23\" \/><\/a>\u00a0 \u00a0\u00e8 possibile aprire la schermata prenotazione appelli (raggiungibile anche dalla sezione \u201cESAMI\u201d &#8211;&gt; Appelli \/ Appelli Parziali dove potranno essere visualizzati gli appelli pi\u00f9 recenti). Per la prenotazione all\u2019esame sar\u00e0 sufficiente cliccare sull\u2019icona <a href=\"https:\/\/segreterie.unica.it\/scienzegiuridiche\/files\/2022\/05\/Immagine2.jpg\"><img decoding=\"async\" class=\"alignnone wp-image-2234\" src=\"https:\/\/segreterie.unica.it\/scienzegiuridiche\/files\/2022\/05\/Immagine2.jpg\" alt=\"\" width=\"41\" height=\"40\" srcset=\"https:\/\/segreterie.unica.it\/scienzegiuridiche\/files\/2022\/05\/Immagine2.jpg 60w, https:\/\/segreterie.unica.it\/scienzegiuridiche\/files\/2022\/05\/Immagine2-24x24.jpg 24w, https:\/\/segreterie.unica.it\/scienzegiuridiche\/files\/2022\/05\/Immagine2-36x36.jpg 36w, https:\/\/segreterie.unica.it\/scienzegiuridiche\/files\/2022\/05\/Immagine2-48x48.jpg 48w\" sizes=\"(max-width: 41px) 100vw, 41px\" \/><\/a> \u00a0 \u00a0 \u00a0e si aprir\u00e0 una schermata con le informazioni sull\u2019appello e si avr\u00e0 la possibilit\u00e0 di confermare la prenotazione. Nella Bacheca prenotazioni \u00e8 possibile visualizzare lo storico delle prenotazioni e si avr\u00e0 la possibilit\u00e0 di cancellare le stesse o ristampare la ricevuta di avvenuta prenotazione.\u00a0 Nella sezione appelli parziali sar\u00e0 possibile prenotarsi alle prove parziali.\u00a0 L\u2019icona <a href=\"https:\/\/segreterie.unica.it\/scienzegiuridiche\/files\/2022\/05\/IMMAGINE-3-e1652870291163.jpg\"><img decoding=\"async\" class=\"alignnone size-full wp-image-2235\" src=\"https:\/\/segreterie.unica.it\/scienzegiuridiche\/files\/2022\/05\/IMMAGINE-3-e1652870291163.jpg\" alt=\"\" width=\"36\" height=\"33\" \/><\/a> \u00a0 identifica le suddette prove. Per la prenotazione agli appelli di attivit\u00e0 didattiche non previste nel proprio libretto cliccando su \u201cESAMI\u201d &#8211;&gt; Appelli\u00a0 sar\u00e0 disponibile la funzione \u201cRicerca Appelli\u201d.<\/p>\n<p>Nel caso non fosse possibile recuperare l\u2019attivit\u00e0\u00a0 tramite la funzione ricerca appelli, lo studente pu\u00f2 richiedere l\u2019inserimento dell\u2019attivit\u00e0 allo sportello della segreteria studenti oppure tramite e-mail all\u2019indirizzo <a href=\"mailto:segrstudgiurisprudenza@amm.unica.it\">segrstudgiurisprudenza@amm.unica.it<\/a> indicando nella e-mail il tuo NOME, COGNOME NUMERO DI MATRICOLA e GLI ESAMI DA INSERIRE.<\/p>\n<p>Per alcune attivit\u00e0 didattiche prima di poter effettuare la prenotazione \u00e8 necessario compilare prima il questionario sulla valutazione della didattica. Si consiglia di leggere la guida alla compilazione dei questionari di valutazione della didattica e iscrizione agli appelli scaricabile al seguente link <a href=\"http:\/\/www.unica.it\/UserFiles\/File\/Utenti\/gmelis\/GuidaStudentiQuestionariValutazioneIscrizioneAppelli.pdf\">http:\/\/www.unica.it\/UserFiles\/File\/Utenti\/gmelis\/GuidaStudentiQuestionariValutazioneIscrizioneAppelli.pdf<\/a><\/p>\n<p>SONO ISCRITTO IN UN CORSO DI LAUREA AD ESAURIMENTO (CORSO DI LAUREA SPECIALISTICA IN GIURISPRUDENZA, CORSO DI LAUREA IN SCIENZE GIURIDICHE, CORSO DI LAUREA IN SERVIZI GIURIDICI) COME FACCIO A PRENOTARMI AGLI ESAMI?<\/p>\n<p>Una volta aggiunto l&#8217;esame nel libretto on line,<\/p>\n<p>l\u2019iscrizione agli esami va effettuata dalla propria area \u00a0<a href=\"https:\/\/webstudenti.unica.it\/esse3\/Home.do\">https:\/\/webstudenti.unica.it\/esse3\/Home.do<\/a><\/p>\n<p>Nella sezione CARRIERA\u00a0 &#8211;&gt; LIBRETTO saranno riportate le attivit\u00e0 didattiche sostenute e pianificate previste nel piano di studi del proprio corso di laurea. Cliccando sull\u2019icona <a href=\"https:\/\/segreterie.unica.it\/scienzegiuridiche\/files\/2022\/05\/Immagine-1.jpg\"><img decoding=\"async\" class=\"alignnone size-full wp-image-2227\" src=\"https:\/\/segreterie.unica.it\/scienzegiuridiche\/files\/2022\/05\/Immagine-1.jpg\" alt=\"\" width=\"41\" height=\"23\" \/><\/a>\u00a0 \u00a0\u00e8 possibile aprire la schermata prenotazione appelli (raggiungibile anche dalla sezione \u201cESAMI\u201d &#8211;&gt; Appelli \/ Appelli Parziali dove potranno essere visualizzati gli appelli pi\u00f9 recenti). Per la prenotazione all\u2019esame sar\u00e0 sufficiente cliccare sull\u2019icona <a href=\"https:\/\/segreterie.unica.it\/scienzegiuridiche\/files\/2022\/05\/Immagine2.jpg\"><img decoding=\"async\" class=\"alignnone wp-image-2234\" src=\"https:\/\/segreterie.unica.it\/scienzegiuridiche\/files\/2022\/05\/Immagine2.jpg\" alt=\"\" width=\"41\" height=\"40\" srcset=\"https:\/\/segreterie.unica.it\/scienzegiuridiche\/files\/2022\/05\/Immagine2.jpg 60w, https:\/\/segreterie.unica.it\/scienzegiuridiche\/files\/2022\/05\/Immagine2-24x24.jpg 24w, https:\/\/segreterie.unica.it\/scienzegiuridiche\/files\/2022\/05\/Immagine2-36x36.jpg 36w, https:\/\/segreterie.unica.it\/scienzegiuridiche\/files\/2022\/05\/Immagine2-48x48.jpg 48w\" sizes=\"(max-width: 41px) 100vw, 41px\" \/><\/a> \u00a0 \u00a0 \u00a0e si aprir\u00e0 una schermata con le informazioni sull\u2019appello e si avr\u00e0 la possibilit\u00e0 di confermare la prenotazione. Nella Bacheca prenotazioni \u00e8 possibile visualizzare lo storico delle prenotazioni e si avr\u00e0 la possibilit\u00e0 di cancellare le stesse o ristampare la ricevuta di avvenuta prenotazione.<\/p>\n","protected":false},"excerpt":{"rendered":"<p>SONO ISCRITTO NEL CORSO DI LAUREA\u00a0 MAGISTRALE A CICLO UNICA IN GIURISPRUDENZA E\/O AL CORSO DI LAUREA IN SCIENZE DEI SERVIZI COME FACCIO AD ISCRIVERMI AGLI ESAMI? Per gli iscritti ai corsi di laurea Magistrale a Ciclo Unico in Giurisprudenza e in Scienze dei Servizi Giuridici , l\u2019iscrizione agli esami va effettuata dalla propria area \u00a0https:\/\/webstudenti.unica.it\/esse3\/Home.do Nella sezione CARRIERA\u00a0 \u00e0 LIBRETTO saranno riportate le attivit\u00e0 didattiche sostenute e pianificate previste nel piano di studi del proprio corso di laurea. Cliccando sull\u2019icona \u00a0 \u00a0\u00e8 possibile aprire la schermata prenotazione appelli (raggiungibile anche dalla sezione \u201cESAMI\u201d &#8211;&gt; Appelli \/ Appelli Parziali dove <a href='https:\/\/segreterie.unica.it\/scienzegiuridiche\/faq\/iscrizione-agli-esami\/' class='excerpt-more'>[&#8230;]<\/a><\/p>\n","protected":false},"author":9044,"featured_media":0,"parent":2187,"menu_order":0,"comment_status":"closed","ping_status":"closed","template":"","meta":{"footnotes":""},"class_list":["post-2230","page","type-page","status-publish","hentry","post-seq-1","post-parity-odd","meta-position-corners","fix"],"_links":{"self":[{"href":"https:\/\/segreterie.unica.it\/scienzegiuridiche\/wp-json\/wp\/v2\/pages\/2230","targetHints":{"allow":["GET"]}}],"collection":[{"href":"https:\/\/segreterie.unica.it\/scienzegiuridiche\/wp-json\/wp\/v2\/pages"}],"about":[{"href":"https:\/\/segreterie.unica.it\/scienzegiuridiche\/wp-json\/wp\/v2\/types\/page"}],"author":[{"embeddable":true,"href":"https:\/\/segreterie.unica.it\/scienzegiuridiche\/wp-json\/wp\/v2\/users\/9044"}],"replies":[{"embeddable":true,"href":"https:\/\/segreterie.unica.it\/scienzegiuridiche\/wp-json\/wp\/v2\/comments?post=2230"}],"version-history":[{"count":3,"href":"https:\/\/segreterie.unica.it\/scienzegiuridiche\/wp-json\/wp\/v2\/pages\/2230\/revisions"}],"predecessor-version":[{"id":2236,"href":"https:\/\/segreterie.unica.it\/scienzegiuridiche\/wp-json\/wp\/v2\/pages\/2230\/revisions\/2236"}],"up":[{"embeddable":true,"href":"https:\/\/segreterie.unica.it\/scienzegiuridiche\/wp-json\/wp\/v2\/pages\/2187"}],"wp:attachment":[{"href":"https:\/\/segreterie.unica.it\/scienzegiuridiche\/wp-json\/wp\/v2\/media?parent=2230"}],"curies":[{"name":"wp","href":"https:\/\/api.w.org\/{rel}","templated":true}]}}