{"id":2222,"date":"2022-05-18T12:18:45","date_gmt":"2022-05-18T10:18:45","guid":{"rendered":"https:\/\/segreterie.unica.it\/scienzegiuridiche\/?page_id=2222"},"modified":"2022-05-18T12:18:45","modified_gmt":"2022-05-18T10:18:45","slug":"recupero-credenziali-di-accesso-ai-servizi-on-line-agli-studenti","status":"publish","type":"page","link":"https:\/\/segreterie.unica.it\/scienzegiuridiche\/recupero-credenziali-di-accesso-ai-servizi-on-line-agli-studenti\/","title":{"rendered":"RECUPERO CREDENZIALI DI ACCESSO AI SERVIZI ON LINE AGLI STUDENTI"},"content":{"rendered":"<p>HO SMARRITO LE CREDENZIALI PER L\u2019ACCESSO AI SERVIZI ON-LINE AGLI STUDENTI \u00a0COME FACCIO A RECUPERARLE?<\/p>\n<p>Il codice di accesso ai servizi on-line agli studenti\u00a0 pu\u00f2 essere recuperato:<\/p>\n<ol>\n<li>In automatico se in fase di registrazione al sito <a href=\"http:\/\/www.unica.it\">unica.it<\/a> lo studente ha inserito un indirizzo e-mail, in tal caso pu\u00f2 CLICCARE su password dimenticata per recuperarlo.<br \/>\nLe credenziali saranno inviate all&#8217;indirizzo e-mail presente nella banca dati.<\/li>\n<li>Se nel sistema non \u00e8 presente alcun indirizzo e-mail o se lo stesso non \u00e8 pi\u00f9 attivo pu\u00f2 essere richiesta tramite e-mail all\u2019indirizzo <a href=\"mailto:segrstudgiurisprudenza@amm.unica.it\">segrstudgiurisprudenza@amm.unica.it<\/a>\u00a0 indicando nella e-mail NOME, COGNOME ,DATA DI NASCITA, NUMERO DI MATRICOLA E INDIRIZZO E-MAIL \u00a0dove inviare le credenziali. Alla e-mail dovr\u00e0 essere\u00a0 allegata fotocopia del documento di identit\u00e0.<\/li>\n<\/ol>\n","protected":false},"excerpt":{"rendered":"<p>HO SMARRITO LE CREDENZIALI PER L\u2019ACCESSO AI SERVIZI ON-LINE AGLI STUDENTI \u00a0COME FACCIO A RECUPERARLE? Il codice di accesso ai servizi on-line agli studenti\u00a0 pu\u00f2 essere recuperato: In automatico se in fase di registrazione al sito unica.it lo studente ha inserito un indirizzo e-mail, in tal caso pu\u00f2 CLICCARE su password dimenticata per recuperarlo. Le credenziali saranno inviate all&#8217;indirizzo e-mail presente nella banca dati. Se nel sistema non \u00e8 presente alcun indirizzo e-mail o se lo stesso non \u00e8 pi\u00f9 attivo pu\u00f2 essere richiesta tramite e-mail all\u2019indirizzo segrstudgiurisprudenza@amm.unica.it\u00a0 indicando nella e-mail NOME, COGNOME ,DATA DI NASCITA, NUMERO DI MATRICOLA E <a href='https:\/\/segreterie.unica.it\/scienzegiuridiche\/recupero-credenziali-di-accesso-ai-servizi-on-line-agli-studenti\/' class='excerpt-more'>[&#8230;]<\/a><\/p>\n","protected":false},"author":9044,"featured_media":0,"parent":0,"menu_order":0,"comment_status":"closed","ping_status":"closed","template":"","meta":{"footnotes":""},"class_list":["post-2222","page","type-page","status-publish","hentry","post-seq-1","post-parity-odd","meta-position-corners","fix"],"_links":{"self":[{"href":"https:\/\/segreterie.unica.it\/scienzegiuridiche\/wp-json\/wp\/v2\/pages\/2222","targetHints":{"allow":["GET"]}}],"collection":[{"href":"https:\/\/segreterie.unica.it\/scienzegiuridiche\/wp-json\/wp\/v2\/pages"}],"about":[{"href":"https:\/\/segreterie.unica.it\/scienzegiuridiche\/wp-json\/wp\/v2\/types\/page"}],"author":[{"embeddable":true,"href":"https:\/\/segreterie.unica.it\/scienzegiuridiche\/wp-json\/wp\/v2\/users\/9044"}],"replies":[{"embeddable":true,"href":"https:\/\/segreterie.unica.it\/scienzegiuridiche\/wp-json\/wp\/v2\/comments?post=2222"}],"version-history":[{"count":1,"href":"https:\/\/segreterie.unica.it\/scienzegiuridiche\/wp-json\/wp\/v2\/pages\/2222\/revisions"}],"predecessor-version":[{"id":2223,"href":"https:\/\/segreterie.unica.it\/scienzegiuridiche\/wp-json\/wp\/v2\/pages\/2222\/revisions\/2223"}],"wp:attachment":[{"href":"https:\/\/segreterie.unica.it\/scienzegiuridiche\/wp-json\/wp\/v2\/media?parent=2222"}],"curies":[{"name":"wp","href":"https:\/\/api.w.org\/{rel}","templated":true}]}}