{"id":2203,"date":"2021-05-18T09:56:36","date_gmt":"2021-05-18T07:56:36","guid":{"rendered":"https:\/\/segreterie.unica.it\/scienzegiuridiche\/?page_id=2203"},"modified":"2022-05-18T10:03:56","modified_gmt":"2022-05-18T08:03:56","slug":"libretto","status":"publish","type":"page","link":"https:\/\/segreterie.unica.it\/scienzegiuridiche\/faq\/libretto\/","title":{"rendered":"libretto universitario"},"content":{"rendered":"<p>HO SMARRITO IL LIBRETTO UNIVERSITARIO COME POSSO FARE?<\/p>\n<p>Per richiedere il duplicato del libretto universitario \u00e8 necessario presentare in segreteria studenti il modulo di richiesta del duplicato del libretto universitario, \u00a0\u00a0scaricabile al seguente indirizzo <a href=\"http:\/\/giurisprudenza.unica.it\/pub\/46\/show.jsp?id=44&amp;iso=149&amp;is=46\">http:\/\/giurisprudenza.unica.it\/pub\/46\/show.jsp?id=44&amp;iso=149&amp;is=46<\/a> , una marca da bollo da \u20ac 16 e 2 foto formato tessera.<\/p>\n<p>DEVO PRESENTARE DENUNCIA DI SMARRIMENTO AI CARABINIERI?<\/p>\n<p>No, non \u00e8 necessaria alcuna denuncia di smarrimento ai carabinieri. Lo studente dovr\u00e0 semplicemente compilare una dichiarazione sostitutiva di atto notorio dove autocertificher\u00e0 lo smarrimento.<\/p>\n<p>QUALI SONO I COSTI DEL DUPLICATO?<\/p>\n<p>Otre alla marca da bollo da applicare alla domanda, occorrer\u00e0 \u00a0versare una tassa di duplicato libretto il cui importo \u00e8 stabilito di anno in anno dal Regolamento tasse e contributi.<\/p>\n","protected":false},"excerpt":{"rendered":"<p>HO SMARRITO IL LIBRETTO UNIVERSITARIO COME POSSO FARE? Per richiedere il duplicato del libretto universitario \u00e8 necessario presentare in segreteria studenti il modulo di richiesta del duplicato del libretto universitario, \u00a0\u00a0scaricabile al seguente indirizzo http:\/\/giurisprudenza.unica.it\/pub\/46\/show.jsp?id=44&amp;iso=149&amp;is=46 , una marca da bollo da \u20ac 16 e 2 foto formato tessera. DEVO PRESENTARE DENUNCIA DI SMARRIMENTO AI CARABINIERI? No, non \u00e8 necessaria alcuna denuncia di smarrimento ai carabinieri. Lo studente dovr\u00e0 semplicemente compilare una dichiarazione sostitutiva di atto notorio dove autocertificher\u00e0 lo smarrimento. QUALI SONO I COSTI DEL DUPLICATO? Otre alla marca da bollo da applicare alla domanda, occorrer\u00e0 \u00a0versare una tassa di <a href='https:\/\/segreterie.unica.it\/scienzegiuridiche\/faq\/libretto\/' class='excerpt-more'>[&#8230;]<\/a><\/p>\n","protected":false},"author":9044,"featured_media":0,"parent":2187,"menu_order":0,"comment_status":"closed","ping_status":"closed","template":"","meta":{"footnotes":""},"class_list":["post-2203","page","type-page","status-publish","hentry","post-seq-1","post-parity-odd","meta-position-corners","fix"],"_links":{"self":[{"href":"https:\/\/segreterie.unica.it\/scienzegiuridiche\/wp-json\/wp\/v2\/pages\/2203","targetHints":{"allow":["GET"]}}],"collection":[{"href":"https:\/\/segreterie.unica.it\/scienzegiuridiche\/wp-json\/wp\/v2\/pages"}],"about":[{"href":"https:\/\/segreterie.unica.it\/scienzegiuridiche\/wp-json\/wp\/v2\/types\/page"}],"author":[{"embeddable":true,"href":"https:\/\/segreterie.unica.it\/scienzegiuridiche\/wp-json\/wp\/v2\/users\/9044"}],"replies":[{"embeddable":true,"href":"https:\/\/segreterie.unica.it\/scienzegiuridiche\/wp-json\/wp\/v2\/comments?post=2203"}],"version-history":[{"count":3,"href":"https:\/\/segreterie.unica.it\/scienzegiuridiche\/wp-json\/wp\/v2\/pages\/2203\/revisions"}],"predecessor-version":[{"id":2210,"href":"https:\/\/segreterie.unica.it\/scienzegiuridiche\/wp-json\/wp\/v2\/pages\/2203\/revisions\/2210"}],"up":[{"embeddable":true,"href":"https:\/\/segreterie.unica.it\/scienzegiuridiche\/wp-json\/wp\/v2\/pages\/2187"}],"wp:attachment":[{"href":"https:\/\/segreterie.unica.it\/scienzegiuridiche\/wp-json\/wp\/v2\/media?parent=2203"}],"curies":[{"name":"wp","href":"https:\/\/api.w.org\/{rel}","templated":true}]}}