{"id":1989,"date":"2019-08-19T10:25:50","date_gmt":"2019-08-19T08:25:50","guid":{"rendered":"http:\/\/segreterie.unica.it\/scienzegiuridiche\/?page_id=1989"},"modified":"2019-08-19T10:25:50","modified_gmt":"2019-08-19T08:25:50","slug":"trasferimento-ad-altro-ateneo","status":"publish","type":"page","link":"https:\/\/segreterie.unica.it\/scienzegiuridiche\/studenti\/trasferimento-ad-altro-ateneo\/","title":{"rendered":"Trasferimento ad altro Ateneo"},"content":{"rendered":"<p>Lo studente regolarmente iscritto pu\u00f2 trasferirsi ad altro Ateneo.<\/p>\n<p>Al fine di ottenere il trasferimento ad altra Universit\u00e0 deve presentare tra il 6 agosto e il 4 ottobre 2019 la domanda di trasferimento, compilata su apposito modulo scaricabile dal sito (ins link sito segreteria) e disponibile presso le segreterie studenti e versare il contributo previsto dal Regolamento contribuzione studentesca per l\u2019anno accademico 2019\/2020.<\/p>\n<p>Condizioni necessarie per ottenere il trasferimento sono:<\/p>\n<ol>\n<li>a) essere in regola con le tasse dell\u2019anno in corso;<\/li>\n<li>b) aver depositato il libretto\/badge di iscrizione.<\/li>\n<\/ol>\n<p>Al fine di poter concludere con esito positivo il procedimento lo studente \u00e8 tenuto a rispettare le scadenze stabilite per i trasferimenti in ingresso dall\u2019Ateneo di destinazione, nel caso quest\u2019ultimo abbia delle scadenze anticipate rispetto a quelle dell\u2019Universit\u00e0 di Cagliari.<\/p>\n<p>Gli studenti che presentano domanda di trasferimento per gravi e documentati motivi dopo il <strong>4 ottobre 2019 ed <u>entro il 31 dicembre<\/u><\/strong> dovranno essere regolari con il pagamento delle tasse per l\u2019anno accademico 2019\/2020 e non verr\u00e0 fornito alcun rimborso.<\/p>\n<p>A partire dalla data di presentazione della domanda di trasferimento non \u00e8 pi\u00f9 consentito sostenere alcun esame di profitto o attivit\u00e0 didattica che comporti l\u2019acquisizione di crediti formativi n\u00e9 ottenere certificazioni inerenti la carriera universitaria.<\/p>\n<p align=\"LEFT\"><span style=\"font-size: medium\">Per il perfezionamento della domanda \u00e8 inoltre necessario effettuare <\/span><span style=\"font-size: medium\">un versamento di <\/span><span style=\"font-size: medium\">\u20ac 186,70 <\/span><span style=\"font-size: medium\">(quale <\/span><span style=\"font-size: medium\">tassa per il trasferimento ad altro Ateneo). Il pagamento <\/span><span style=\"font-size: medium\">della tassa suddetta <\/span><span style=\"font-size: medium\">dovr\u00e0 essere effettuato <\/span><span style=\"font-size: medium\">(<\/span><span style=\"font-size: medium\">successivamente alla presentazione della presente domanda alla Segreteria Studenti<\/span><span style=\"font-size: medium\">) <\/span><span style=\"font-size: small\">tramite MAv (Mediante <\/span>Avviso) elettronico bancario.<\/p>\n<p>Il foglio di congedo contenente la copia della carriera scolastica dello studente trasferito \u00e8 trasmesso dalla Segreteria studenti del corso di provenienza, all\u2019Ateneo presso il quale lo studente ha dichiarato di volersi trasferire.<\/p>\n<p>Qualora, entro un anno dal momento della presentazione della domanda di trasferimento, lo studente trasferito ritorni presso l&#8217;Universit\u00e0 degli Studi di Cagliari, senza aver compiuto alcun atto di carriera scolastica e il corso in cui era iscritto sia ancora attivo, \u00e8 reintegrato nell&#8217;ultima posizione acquisita prima del trasferimento. In caso contrario dovr\u00e0 contemporaneamente fare richiesta di riconoscimento della sua carriera in un corso di studi attivo e, per i corsi di studio a numero programmato, nell&#8217;ambito dei posti disponibili.<\/p>\n<p>&nbsp;<\/p>\n<ul>\n<li><a href=\"http:\/\/segreterie.unica.it\/scienzegiuridiche\/files\/2019\/08\/Domanda-di-trasferimento-ad-altro-Ateneo.pdf\">DOMANDA DI TRASFERIMETO AD ALTRO ATENEO<\/a><\/li>\n<\/ul>\n<p>&nbsp;<\/p>\n<p>&nbsp;<\/p>\n","protected":false},"excerpt":{"rendered":"<p>Lo studente regolarmente iscritto pu\u00f2 trasferirsi ad altro Ateneo. Al fine di ottenere il trasferimento ad altra Universit\u00e0 deve presentare tra il 6 agosto e il 4 ottobre 2019 la domanda di trasferimento, compilata su apposito modulo scaricabile dal sito (ins link sito segreteria) e disponibile presso le segreterie studenti e versare il contributo previsto dal Regolamento contribuzione studentesca per l\u2019anno accademico 2019\/2020. Condizioni necessarie per ottenere il trasferimento sono: a) essere in regola con le tasse dell\u2019anno in corso; b) aver depositato il libretto\/badge di iscrizione. Al fine di poter concludere con esito positivo il procedimento lo studente \u00e8 <a href='https:\/\/segreterie.unica.it\/scienzegiuridiche\/studenti\/trasferimento-ad-altro-ateneo\/' class='excerpt-more'>[&#8230;]<\/a><\/p>\n","protected":false},"author":2002,"featured_media":0,"parent":1749,"menu_order":0,"comment_status":"closed","ping_status":"closed","template":"","meta":{"footnotes":""},"class_list":["post-1989","page","type-page","status-publish","hentry","post-seq-1","post-parity-odd","meta-position-corners","fix"],"_links":{"self":[{"href":"https:\/\/segreterie.unica.it\/scienzegiuridiche\/wp-json\/wp\/v2\/pages\/1989","targetHints":{"allow":["GET"]}}],"collection":[{"href":"https:\/\/segreterie.unica.it\/scienzegiuridiche\/wp-json\/wp\/v2\/pages"}],"about":[{"href":"https:\/\/segreterie.unica.it\/scienzegiuridiche\/wp-json\/wp\/v2\/types\/page"}],"author":[{"embeddable":true,"href":"https:\/\/segreterie.unica.it\/scienzegiuridiche\/wp-json\/wp\/v2\/users\/2002"}],"replies":[{"embeddable":true,"href":"https:\/\/segreterie.unica.it\/scienzegiuridiche\/wp-json\/wp\/v2\/comments?post=1989"}],"version-history":[{"count":1,"href":"https:\/\/segreterie.unica.it\/scienzegiuridiche\/wp-json\/wp\/v2\/pages\/1989\/revisions"}],"predecessor-version":[{"id":1990,"href":"https:\/\/segreterie.unica.it\/scienzegiuridiche\/wp-json\/wp\/v2\/pages\/1989\/revisions\/1990"}],"up":[{"embeddable":true,"href":"https:\/\/segreterie.unica.it\/scienzegiuridiche\/wp-json\/wp\/v2\/pages\/1749"}],"wp:attachment":[{"href":"https:\/\/segreterie.unica.it\/scienzegiuridiche\/wp-json\/wp\/v2\/media?parent=1989"}],"curies":[{"name":"wp","href":"https:\/\/api.w.org\/{rel}","templated":true}]}}