{"id":1977,"date":"2019-08-06T15:50:20","date_gmt":"2019-08-06T13:50:20","guid":{"rendered":"http:\/\/segreterie.unica.it\/scienzegiuridiche\/?page_id=1977"},"modified":"2019-08-29T09:55:45","modified_gmt":"2019-08-29T07:55:45","slug":"iscrizione-ai-corsi-singoli","status":"publish","type":"page","link":"https:\/\/segreterie.unica.it\/scienzegiuridiche\/futuri-studenti\/iscrizione-ai-corsi-singoli\/","title":{"rendered":"Iscrizione ai corsi singoli"},"content":{"rendered":"<p><strong>Iscrizione ai corsi singoli<\/strong><\/p>\n<p><strong>\u00a0<\/strong><\/p>\n<p>Possono iscriversi a singoli corsi di insegnamento, attivati presso le facolt\u00e0 dell\u2019Ateneo, e sostenere i relativi esami:<\/p>\n<p>&#8211; coloro che, non iscritti ad alcun corso di studio dell\u2019Universit\u00e0, pur avendone titolo, sono tuttavia interessati ad un aggiornamento culturale o all\u2019integrazione delle loro competenze professionali;<\/p>\n<p>&#8211; i laureati che abbiano necessit\u00e0 di seguire gli insegnamenti e superare i relativi esami di profitto richiesti per l\u2019ammissione a lauree magistrali o a scuole di specializzazione ovvero a concorsi pubblici;<\/p>\n<p>&#8211; i cittadini comunitari e non comunitari residenti all\u2019estero, per i quali si applicano le disposizioni emanate annualmente dal ministero, ad eccezione dell\u2019obbligo di sostenere la prova di conoscenza della lingua italiana;<\/p>\n<p>&#8211; gli studenti e i laureati stranieri che frequentano l\u2019Universit\u00e0 di Cagliari in base a\u00a0\u00a0 Programmi o Accordi di mobilit\u00e0 internazionale regolati da condizioni di reciprocit\u00e0.<\/p>\n<p>Tale iscrizione \u00e8 incompatibile con quella ad altro corso di studio ed \u00e8 consentita esclusivamente ai corsi attivati presso le facolt\u00e0 nell\u2019anno accademico di riferimento, previa accettazione da parte del relativo Consiglio di Corso\/Classe per i corsi di studio a numero programmato.<\/p>\n<p>Coloro che si iscrivono a singoli corsi di insegnamento delle Lauree Triennali, Magistrali a ciclo unico e Magistrali devono essere in possesso del titolo di studio necessario all\u2019accesso al corso di studio in cui \u00e8 previsto l\u2019insegnamento, purch\u00e9 non iscritti anche in altre Universit\u00e0 italiane.<\/p>\n<p>L\u2019iscrizione non attribuisce lo status di studente universitario, ma conferisce il diritto di accedere alle biblioteche e ai servizi strettamente connessi all\u2019insegnamento al quale \u00e8 riferita l\u2019iscrizione.<\/p>\n<p>L\u2019iscrizione ai corsi singoli \u00e8 consentita per il conseguimento di un numero massimo pari a 36 crediti annui. I relativi esami devono essere sostenuti entro l\u2019anno accademico di iscrizione, pena l\u2019iscrizione all\u2019anno accademico successivo.<\/p>\n<p>Il superamento del singolo esame d\u00e0 diritto al rilascio di certificazione da parte dell\u2019Universit\u00e0 e pu\u00f2 essere utilizzato per il conseguimento di successivi titoli di studio.<\/p>\n<p>&nbsp;<\/p>\n<p><strong>\u00a0<\/strong><\/p>\n<p><strong>\u00a0<\/strong><\/p>\n<p><strong>Modalit\u00e0<\/strong><\/p>\n<p>La domanda sar\u00e0 compilata utilizzando la procedura online disponibile al seguente link:<\/p>\n<p>https:\/\/unica.esse3.cineca.it\/.Home.do raggiungibile anche dalla pagina iniziale del sito<\/p>\n<p>dell\u2019Ateneo www.unica.it pulsante rosso accedi (in alto a destra), entro le date di seguito indicate:<\/p>\n<ul>\n<li>Corsi 1\u00b0 semestre: <strong>30 Settembre 2019;<\/strong><\/li>\n<li>Corsi 2\u00b0 semestre: <strong>29 febbraio 2020.<\/strong><\/li>\n<\/ul>\n<p><strong>\u00a0<\/strong><\/p>\n<p>Coloro che intendono iscriversi devono effettuare l\u2019upload in formato digitale della foto e versare i contributi previsti dal regolamento contribuzione studentesca dell\u2019Universit\u00e0 degli studi di Cagliari.<\/p>\n<p>L\u2019iscrizione si perfezioner\u00e0 con il versamento dell\u2019importo stabilito dal Regolamento contribuzione studentesca:<\/p>\n<p>&#8211; <em>\u20ac 125,25 <\/em>per tasse di iscrizione<\/p>\n<p>&#8211; <em>\u20ac 62,60 <\/em>per ogni singolo corso<\/p>\n<p>&#8211; \u20ac 16,00 imposta di bollo<\/p>\n<p>L\u2019iscrizione si perfezioner\u00e0 con il versamento dell\u2019importo stabilito dal Regolamento contribuzione studentesca a. a. 2019\/2020. In caso di mancato versamento, entra trenta giorni dall&#8217;emissione dell&#8217;avviso di pagamento la posizione sar\u00e0 archiviata, pertanto, l&#8217;interessato dovr\u00e0 procedere con una nuova iscrizione.<\/p>\n","protected":false},"excerpt":{"rendered":"<p>Iscrizione ai corsi singoli \u00a0 Possono iscriversi a singoli corsi di insegnamento, attivati presso le facolt\u00e0 dell\u2019Ateneo, e sostenere i relativi esami: &#8211; coloro che, non iscritti ad alcun corso di studio dell\u2019Universit\u00e0, pur avendone titolo, sono tuttavia interessati ad un aggiornamento culturale o all\u2019integrazione delle loro competenze professionali; &#8211; i laureati che abbiano necessit\u00e0 di seguire gli insegnamenti e superare i relativi esami di profitto richiesti per l\u2019ammissione a lauree magistrali o a scuole di specializzazione ovvero a concorsi pubblici; &#8211; i cittadini comunitari e non comunitari residenti all\u2019estero, per i quali si applicano le disposizioni emanate annualmente dal <a href='https:\/\/segreterie.unica.it\/scienzegiuridiche\/futuri-studenti\/iscrizione-ai-corsi-singoli\/' class='excerpt-more'>[&#8230;]<\/a><\/p>\n","protected":false},"author":2002,"featured_media":0,"parent":1764,"menu_order":0,"comment_status":"closed","ping_status":"closed","template":"","meta":{"footnotes":""},"class_list":["post-1977","page","type-page","status-publish","hentry","post-seq-1","post-parity-odd","meta-position-corners","fix"],"_links":{"self":[{"href":"https:\/\/segreterie.unica.it\/scienzegiuridiche\/wp-json\/wp\/v2\/pages\/1977","targetHints":{"allow":["GET"]}}],"collection":[{"href":"https:\/\/segreterie.unica.it\/scienzegiuridiche\/wp-json\/wp\/v2\/pages"}],"about":[{"href":"https:\/\/segreterie.unica.it\/scienzegiuridiche\/wp-json\/wp\/v2\/types\/page"}],"author":[{"embeddable":true,"href":"https:\/\/segreterie.unica.it\/scienzegiuridiche\/wp-json\/wp\/v2\/users\/2002"}],"replies":[{"embeddable":true,"href":"https:\/\/segreterie.unica.it\/scienzegiuridiche\/wp-json\/wp\/v2\/comments?post=1977"}],"version-history":[{"count":2,"href":"https:\/\/segreterie.unica.it\/scienzegiuridiche\/wp-json\/wp\/v2\/pages\/1977\/revisions"}],"predecessor-version":[{"id":2004,"href":"https:\/\/segreterie.unica.it\/scienzegiuridiche\/wp-json\/wp\/v2\/pages\/1977\/revisions\/2004"}],"up":[{"embeddable":true,"href":"https:\/\/segreterie.unica.it\/scienzegiuridiche\/wp-json\/wp\/v2\/pages\/1764"}],"wp:attachment":[{"href":"https:\/\/segreterie.unica.it\/scienzegiuridiche\/wp-json\/wp\/v2\/media?parent=1977"}],"curies":[{"name":"wp","href":"https:\/\/api.w.org\/{rel}","templated":true}]}}