{"id":1879,"date":"2019-08-01T12:54:37","date_gmt":"2019-08-01T10:54:37","guid":{"rendered":"http:\/\/segreterie.unica.it\/scienzegiuridiche\/?page_id=1879"},"modified":"2019-08-06T11:45:05","modified_gmt":"2019-08-06T09:45:05","slug":"trasferimento-in-ingresso","status":"publish","type":"page","link":"https:\/\/segreterie.unica.it\/scienzegiuridiche\/futuri-studenti\/trasferimento-in-ingresso\/","title":{"rendered":"Trasferimento in Ingresso"},"content":{"rendered":"<p>Lo studente che intenda trasferirsi da altra Universit\u00e0 presso questo Ateneo deve compilare apposita domanda di iscrizione on-line, che prevede l\u2019upload sul sistema della foto in formato digitale, la scansione del documento d&#8217;identit\u00e0 e del codice fiscale o tessera sanitaria, tra la data di avvio delle immatricolazioni dei candidati che hanno partecipato alle prove di verifica o di ammissione e il 30 Settembre 2019. Dovr\u00e0, inoltre, provvedere al versamento della prima rata delle tasse universitarie.Lo studente \u00e8, altres\u00ec, tenuto al versamento della tassa di proseguimento studi secondo quanto prescritto dal regolamento tasse e contributi a.a. 2019\/2020 di <em>\u20ac 62,70<\/em>.<\/p>\n<p align=\"LEFT\">Per il trasferimento a corsi ad accesso libero, qualora sia indicato negli avvisi di Facolt\u00e0, lo studente dovr\u00e0 sostenere (salvo i casi di esonero dalla prova <span style=\"color: #ff0000\">vedasi punto 2<\/span>) <a href=\"http:\/\/segreterie.unica.it\/scienzegiuridiche\/futuri-studenti\/iscrizione-alla-prova-di-verifica\/\">la prova di verifica della preparazione iniziale<\/a> al fine di ottenere il trasferimento.<\/p>\n<p><strong>\u00a0<\/strong><\/p>\n<p><strong>N.B: <\/strong><\/p>\n<p>1) sar\u00e0 possibile effettuare l\u2019iscrizione on-line disponibile dopo la pubblicazione delle graduatorie relative alla prova di verifica della preparazione iniziale che si terr\u00e0 il 09\/09\/2019<\/p>\n<p>2) non dovranno sostenere, ma dovranno comunque iscriversi, (senza pagare la relativa tassa), alla prova di verifica della preparazione iniziale gli studenti che ottengono la convalida di almeno 2 esami.<\/p>\n<p>3) il perfezionamento della procedura di trasferimento presuppone il rilascio del foglio di congedo da parte dell\u2019ateneo di provenienza. E\u2019 consentito il trasferimento in ingresso solo nei corsi di studio offerti nell\u2019anno accademico 2019\/2020 indicati nel Manifesto generale degli studi.<\/p>\n<p>4) <span style=\"color: #ff0000\">gli studenti interessati all\u2019esonero devono inviare una comunicazione scritta alla segreteria studenti, al seguente indirizzo e-mail segrstudgiurisprudenza@amm.unica.it entro il 27 agosto 2019<\/span>.<\/p>\n","protected":false},"excerpt":{"rendered":"<p>Lo studente che intenda trasferirsi da altra Universit\u00e0 presso questo Ateneo deve compilare apposita domanda di iscrizione on-line, che prevede l\u2019upload sul sistema della foto in formato digitale, la scansione del documento d&#8217;identit\u00e0 e del codice fiscale o tessera sanitaria, tra la data di avvio delle immatricolazioni dei candidati che hanno partecipato alle prove di verifica o di ammissione e il 30 Settembre 2019. Dovr\u00e0, inoltre, provvedere al versamento della prima rata delle tasse universitarie.Lo studente \u00e8, altres\u00ec, tenuto al versamento della tassa di proseguimento studi secondo quanto prescritto dal regolamento tasse e contributi a.a. 2019\/2020 di \u20ac 62,70. Per <a href='https:\/\/segreterie.unica.it\/scienzegiuridiche\/futuri-studenti\/trasferimento-in-ingresso\/' class='excerpt-more'>[&#8230;]<\/a><\/p>\n","protected":false},"author":2002,"featured_media":0,"parent":1764,"menu_order":0,"comment_status":"closed","ping_status":"closed","template":"","meta":{"footnotes":""},"class_list":["post-1879","page","type-page","status-publish","hentry","post-seq-1","post-parity-odd","meta-position-corners","fix"],"_links":{"self":[{"href":"https:\/\/segreterie.unica.it\/scienzegiuridiche\/wp-json\/wp\/v2\/pages\/1879","targetHints":{"allow":["GET"]}}],"collection":[{"href":"https:\/\/segreterie.unica.it\/scienzegiuridiche\/wp-json\/wp\/v2\/pages"}],"about":[{"href":"https:\/\/segreterie.unica.it\/scienzegiuridiche\/wp-json\/wp\/v2\/types\/page"}],"author":[{"embeddable":true,"href":"https:\/\/segreterie.unica.it\/scienzegiuridiche\/wp-json\/wp\/v2\/users\/2002"}],"replies":[{"embeddable":true,"href":"https:\/\/segreterie.unica.it\/scienzegiuridiche\/wp-json\/wp\/v2\/comments?post=1879"}],"version-history":[{"count":4,"href":"https:\/\/segreterie.unica.it\/scienzegiuridiche\/wp-json\/wp\/v2\/pages\/1879\/revisions"}],"predecessor-version":[{"id":1957,"href":"https:\/\/segreterie.unica.it\/scienzegiuridiche\/wp-json\/wp\/v2\/pages\/1879\/revisions\/1957"}],"up":[{"embeddable":true,"href":"https:\/\/segreterie.unica.it\/scienzegiuridiche\/wp-json\/wp\/v2\/pages\/1764"}],"wp:attachment":[{"href":"https:\/\/segreterie.unica.it\/scienzegiuridiche\/wp-json\/wp\/v2\/media?parent=1879"}],"curies":[{"name":"wp","href":"https:\/\/api.w.org\/{rel}","templated":true}]}}