{"id":1871,"date":"2019-06-07T13:55:01","date_gmt":"2019-06-07T11:55:01","guid":{"rendered":"http:\/\/segreterie.unica.it\/scienzegiuridiche\/?page_id=1871"},"modified":"2019-08-06T11:59:20","modified_gmt":"2019-08-06T09:59:20","slug":"immatricolazione-studenti-stranieri","status":"publish","type":"page","link":"https:\/\/segreterie.unica.it\/scienzegiuridiche\/immatricolazione-studenti-stranieri\/","title":{"rendered":"Immatricolazione studenti stranieri"},"content":{"rendered":"<p><span style=\"color: #000000;font-family: Calibri\">Per l\u2019immatricolazione di cittadini non comunitari residenti all\u2019estero, non comunitari regolarmente soggiornanti in Italia, comunitari ovunque residenti italiani con titolo di studio conseguito all\u2019estero si applicano le disposizioni emanate dal ministero dell\u2019Universit\u00e0 in accordo con il ministero affari esteri e dell\u2019interno per l\u2019accesso ai corsi di studi universitari.<\/span><\/p>\n<p><a href=\"http:\/\/www.studiare-in-italia.it\/studentistranieri\/\">http:\/\/www.studiare-in-italia.it\/studentistranieri\/<\/a><\/p>\n<p><span style=\"color: #000000;font-family: Calibri\">Cittadini non comunitari residenti all\u2019estero<\/span><\/p>\n<p><span style=\"color: #000000;font-family: Calibri\">i cittadini non comunitari residenti all\u2019estero possono immatricolarsi nei limiti del contingente di posti riservati per ogni corso di studio, fissato annualmente dagli organi accademici indicato nel manifesto generale degli studi.<\/span><\/p>\n<p><span style=\"color: #000000;font-family: Calibri\">Devono presentare domanda di iscrizione alle rappresentanze diplomatiche italiane nel paese di residenza con modalit\u00e0 e termini stabiliti dalle disposizioni ministeriali, sostenere la prova di conoscenza della lingua italiana obbligatoria, salvo i casi di esonero previsti dalle disposizioni ministeriali.<\/span><\/p>\n<p><span style=\"color: #000000;font-family: Calibri\">l\u2019immatricolazione si perfezioner\u00e0 in seguito alla valutazione dell\u2019idoneit\u00e0 del titolo di studio per l\u2019accesso e alle deliberazioni del consiglio di corso di studio\/classe relative alla valutazione di eventuali riconoscimenti di crediti formativi e all\u2019approvazione del consiglio di facolt\u00e0 del Senato accademico. Lo studente immatricolato otterr\u00e0 il permesso di soggiorno per motivi di studio che dovr\u00e0 essere rinnovato annualmente per consentire l\u2019iscrizione agli anni accademici successivi fino al conseguimento del titolo di studio.<\/span><\/p>\n<p><span style=\"color: #000000;font-family: Calibri\">\u00a0<\/span><\/p>\n<p><span style=\"color: #000000;font-family: Calibri\">Cittadini comunitari non comunitari equiparati<\/span><\/p>\n<p><span style=\"color: #000000;font-family: Calibri\">i cittadini non comunitari regolarmente soggiornanti in Italia, i cittadini comunitari ovunque residenti e i cittadini non comunitari equiparati ai cittadini italiani, definiti dalle disposizioni ministeriali, possono immatricolarsi con le stesse modalit\u00e0 degli studenti italiani con esclusione della certificazione relativa al titolo di studio richiesto per l\u2019accesso. Devono presentare all\u2019atto dell\u2019immatricolazione certificato di valore in loco del titolo di studio, corredato di traduzione in lingua italiana e legalizzazione.<\/span><\/p>\n<p><span style=\"color: #000000;font-family: Calibri\">I cittadini stranieri, ovunque residenti, in possesso di diplomi finali delle scuole italiane all\u2019estero o delle scuole straniere o internazionali, sono equiparati ai cittadini italiani fini dell\u2019accesso ai corsi di studio funzionanti in Italia o all\u2019estero, oggetto di intese bilaterali o di normative speciali per il riconoscimento dei titoli di studio e soddisfino le condizioni generali richieste per l\u2019ingresso per studio.<\/span><\/p>\n<p><span style=\"color: #000000;font-family: Calibri\">Sono equiparati ai cittadini comunitari ai fini dell\u2019accesso ai corsi di studio: rifugiati politici e il personale in servizio nelle rappresentanze diplomatiche estere e negli organismi internazionali aventi sede in Italia (accreditati presso lo Stato italiano la Santa sede) e relativi familiari a carico, limitatamente al coniuge e figli. Sono, inoltre, equiparati ai cittadini comunitari i candidati beneficiari di borse di studio assegnate dai governi dei paesi di provenienza e al di fuori di condizioni stabilite in appositi accordi.<\/span><\/p>\n<p><span style=\"color: #000000;font-family: Calibri\">I cittadini di cui al precedente non rientrano nel contingente di cui all\u2019articolo 10 comma 1, pertanto non sono soggette a limitazioni di posti ad eccezione di quelle relative corse l\u2019accesso programmato.<\/span><\/p>\n<p><span style=\"color: #000000;font-family: Calibri\">\u00a0<\/span><\/p>\n<p><span style=\"color: #000000;font-family: Calibri\">Cittadini italiani con titolo di studio straniero<\/span><\/p>\n<p><span style=\"color: #000000;font-family: Calibri\">I cittadini italiani con titoli di studio stranieri accedono all\u2019ateneo a parit\u00e0 di condizioni con i cittadini italiani in possesso del titolo di studio italiano, tranne che per la certificazione del titolo. L\u2019idoneit\u00e0 dei titoli di studio conseguiti all\u2019estero per l\u2019ammissione al primo anno delle lauree e delle lauree specialistiche\/magistrali regolate da normativa europea, \u00e8 determinata dall\u2019applicazione degli accordi internazionali vigenti e delle disposizioni ministeriali relative all\u2019immatricolazione degli studenti internazionali.<\/span><\/p>\n<p><span style=\"color: #000000;font-family: Calibri\">Il titolo di studio conseguito all\u2019estero, posseduto da cittadini italiani, deve rispettare i requisiti indicati dal ministero nelle citate disposizioni regolamentari sull\u2019accesso di cittadini stranieri, unitamente al diploma in originale, tradotto e legalizzato, e alla dichiarazione di valore rilasciata dalla rappresentanza diplomatico consolare italiana competente per territorio.<\/span><\/p>\n<p><span style=\"color: #000000;font-family: Calibri\">Per l\u2019accesso ai corsi di laurea specialistica\/magistrale occorre essere in possesso di un titolo di studio conseguito all\u2019estero presso un\u2019universit\u00e0 o presso istituti di istruzione superiore post-secondaria di durata almeno triennale.<\/span><\/p>\n<p><span style=\"color: #000000;font-family: Calibri\">Sono accettate \u201ccon riserva\u201d le domande di coloro che, pur avendo concluso il corso di studi, non siano ancora materialmente in possesso del relativo titolo. Il consiglio di corso di studi verificher\u00e0 l\u2019idoneit\u00e0 del titolo con gli stessi criteri previsti per i possessori di titolo di studio accademico italiano.<\/span><\/p>\n<p><span style=\"color: #000000;font-family: Calibri\">Per il riconoscimento dei periodi di studio e dei titoli accademici, rispettivamente effettuati e conseguiti presso universit\u00e0 o istituti di istruzione universitari esteri, ai fini dell\u2019ammissione agli anni successivi al primo e della prosecuzione degli studi di qualsiasi livello, \u00e8 necessaria la valutazione caso per caso da parte delle strutture didattiche competenti.<\/span><\/p>\n<p>&nbsp;<\/p>\n","protected":false},"excerpt":{"rendered":"<p>Per l\u2019immatricolazione di cittadini non comunitari residenti all\u2019estero, non comunitari regolarmente soggiornanti in Italia, comunitari ovunque residenti italiani con titolo di studio conseguito all\u2019estero si applicano le disposizioni emanate dal ministero dell\u2019Universit\u00e0 in accordo con il ministero affari esteri e dell\u2019interno per l\u2019accesso ai corsi di studi universitari. http:\/\/www.studiare-in-italia.it\/studentistranieri\/ Cittadini non comunitari residenti all\u2019estero i cittadini non comunitari residenti all\u2019estero possono immatricolarsi nei limiti del contingente di posti riservati per ogni corso di studio, fissato annualmente dagli organi accademici indicato nel manifesto generale degli studi. Devono presentare domanda di iscrizione alle rappresentanze diplomatiche italiane nel paese di residenza con modalit\u00e0 <a href='https:\/\/segreterie.unica.it\/scienzegiuridiche\/immatricolazione-studenti-stranieri\/' class='excerpt-more'>[&#8230;]<\/a><\/p>\n","protected":false},"author":2002,"featured_media":0,"parent":0,"menu_order":0,"comment_status":"closed","ping_status":"closed","template":"","meta":{"footnotes":""},"class_list":["post-1871","page","type-page","status-publish","hentry","post-seq-1","post-parity-odd","meta-position-corners","fix"],"_links":{"self":[{"href":"https:\/\/segreterie.unica.it\/scienzegiuridiche\/wp-json\/wp\/v2\/pages\/1871","targetHints":{"allow":["GET"]}}],"collection":[{"href":"https:\/\/segreterie.unica.it\/scienzegiuridiche\/wp-json\/wp\/v2\/pages"}],"about":[{"href":"https:\/\/segreterie.unica.it\/scienzegiuridiche\/wp-json\/wp\/v2\/types\/page"}],"author":[{"embeddable":true,"href":"https:\/\/segreterie.unica.it\/scienzegiuridiche\/wp-json\/wp\/v2\/users\/2002"}],"replies":[{"embeddable":true,"href":"https:\/\/segreterie.unica.it\/scienzegiuridiche\/wp-json\/wp\/v2\/comments?post=1871"}],"version-history":[{"count":4,"href":"https:\/\/segreterie.unica.it\/scienzegiuridiche\/wp-json\/wp\/v2\/pages\/1871\/revisions"}],"predecessor-version":[{"id":1962,"href":"https:\/\/segreterie.unica.it\/scienzegiuridiche\/wp-json\/wp\/v2\/pages\/1871\/revisions\/1962"}],"wp:attachment":[{"href":"https:\/\/segreterie.unica.it\/scienzegiuridiche\/wp-json\/wp\/v2\/media?parent=1871"}],"curies":[{"name":"wp","href":"https:\/\/api.w.org\/{rel}","templated":true}]}}