{"id":18,"date":"2009-05-12T08:36:01","date_gmt":"2009-05-12T08:36:01","guid":{"rendered":"http:\/\/people.unica.it\/segreteriastudentiscienzemmffnn\/?page_id=18"},"modified":"2009-05-12T08:36:01","modified_gmt":"2009-05-12T08:36:01","slug":"ricognizione-e-sopensione","status":"publish","type":"page","link":"https:\/\/segreterie.unica.it\/scienzegiuridiche\/competenze-e-organigramma\/ricognizione-e-sopensione\/","title":{"rendered":"Ricognizione e sopensione"},"content":{"rendered":"<ul>\n<li><strong>Ricognizione<\/strong><\/li>\n<\/ul>\n<p>La ricognizione \u00e8 il provvedimento mediante il quale lo studente che abbia interrotto gli studi per uno o pi\u00f9 anni accademici e che non sia incorso nella decadenza, ottiene di riprendere gli studi presentando l\u2019apposita domanda di ricognizione. Negli anni accademici per i quali non \u00e8 stato iscritto, lo studente non pu\u00f2 sostenere esami, n\u00e9 compiere alcun atto di carriera.<br \/>\nLa domanda di ricognizione comporta il pagamento della relativa tassa, il cui ammontare \u00e8 determinato annualmente dal Regolamento tasse e contributi universitari.<\/p>\n<p>Il modulo per la compilazione della domanda di ricognizione \u00e8 disponibile nella pagina <em>Modulistica.<\/em><\/p>\n<ul>\n<li><strong>Sospensione<\/strong><\/li>\n<\/ul>\n<p>La sospensione temporanea della carriera relativa ad un Corso di studio pu\u00f2 essere richiesta dallo studente ai fini dell\u2019iscrizione ad una scuola di specializzazione, ad un dottorato di ricerca o ad un master.<\/p>\n","protected":false},"excerpt":{"rendered":"<p>Ricognizione La ricognizione \u00e8 il provvedimento mediante il quale lo studente che abbia interrotto gli studi per uno o pi\u00f9 anni accademici e che non sia incorso nella decadenza, ottiene di riprendere gli studi presentando l\u2019apposita domanda di ricognizione. Negli anni accademici per i quali non \u00e8 stato iscritto, lo studente non pu\u00f2 sostenere esami, n\u00e9 compiere alcun atto di carriera. La domanda di ricognizione comporta il pagamento della relativa tassa, il cui ammontare \u00e8 determinato annualmente dal Regolamento tasse e contributi universitari. Il modulo per la compilazione della domanda di ricognizione \u00e8 disponibile nella pagina Modulistica. Sospensione La sospensione <a href='https:\/\/segreterie.unica.it\/scienzegiuridiche\/competenze-e-organigramma\/ricognizione-e-sopensione\/' class='excerpt-more'>[&#8230;]<\/a><\/p>\n","protected":false},"author":643,"featured_media":0,"parent":1164,"menu_order":2,"comment_status":"closed","ping_status":"closed","template":"","meta":{"footnotes":""},"class_list":["post-18","page","type-page","status-publish","hentry","post-seq-1","post-parity-odd","meta-position-corners","fix"],"_links":{"self":[{"href":"https:\/\/segreterie.unica.it\/scienzegiuridiche\/wp-json\/wp\/v2\/pages\/18","targetHints":{"allow":["GET"]}}],"collection":[{"href":"https:\/\/segreterie.unica.it\/scienzegiuridiche\/wp-json\/wp\/v2\/pages"}],"about":[{"href":"https:\/\/segreterie.unica.it\/scienzegiuridiche\/wp-json\/wp\/v2\/types\/page"}],"author":[{"embeddable":true,"href":"https:\/\/segreterie.unica.it\/scienzegiuridiche\/wp-json\/wp\/v2\/users\/643"}],"replies":[{"embeddable":true,"href":"https:\/\/segreterie.unica.it\/scienzegiuridiche\/wp-json\/wp\/v2\/comments?post=18"}],"version-history":[{"count":0,"href":"https:\/\/segreterie.unica.it\/scienzegiuridiche\/wp-json\/wp\/v2\/pages\/18\/revisions"}],"up":[{"embeddable":true,"href":"https:\/\/segreterie.unica.it\/scienzegiuridiche\/wp-json\/wp\/v2\/pages\/1164"}],"wp:attachment":[{"href":"https:\/\/segreterie.unica.it\/scienzegiuridiche\/wp-json\/wp\/v2\/media?parent=18"}],"curies":[{"name":"wp","href":"https:\/\/api.w.org\/{rel}","templated":true}]}}