{"id":9997,"date":"2024-10-22T09:42:26","date_gmt":"2024-10-22T07:42:26","guid":{"rendered":"https:\/\/segreterie.unica.it\/medicinaechirurgia\/?page_id=9997"},"modified":"2026-02-10T07:59:21","modified_gmt":"2026-02-10T06:59:21","slug":"procedura-convalida-esami-e-riconoscimento-crediti-professioni-sanitarie","status":"publish","type":"page","link":"https:\/\/segreterie.unica.it\/medicinaechirurgia\/riconoscimento-esami-e-crediti-pregressi-2\/procedura-convalida-esami-e-riconoscimento-crediti-professioni-sanitarie\/","title":{"rendered":"Procedura convalida esami e riconoscimento crediti &#8211; Professioni Sanitarie"},"content":{"rendered":"<p>I candidati ammessi all\u2019iscrizione per l\u2019A.A. 2025\/2026 ai corsi di studio a numero programmato della Facolt\u00e0 di Medicina e Chirurgia, che abbiano sostenuto esami e acquisito crediti formativi universitari in una precedente carriera universitaria (o nei corsi singoli) e vogliano richiederne il riconoscimento per il corso di studi di nuova iscrizione, dovranno seguire le indicazioni di seguito riportate.<\/p>\n<p><strong>La presentazione dell\u2019istanza di convalida esami\/riconoscimento crediti comporta il pagamento del contributo di \u20ac 117,20<\/strong> previsto dall\u2019art. 6 del\u00a0<a href=\"https:\/\/www.unica.it\/it\/didattica\/iscriversi-e-immatricolarsi\/tasse-universitarie\/regolamenti-0\">Regolamento contribuzione studentesca d\u2019Ateneo 2025\/2026<\/a> (contributo per le attivit\u00e0 relative alla convalida di CFU in ingresso acquisiti in una precedente carriera o in corsi singoli).\u00a0<u>Il contributo non \u00e8 dovuto nel caso di passaggio di corso o di trasferimento da altro ateneo<\/u>.<\/p>\n<p><strong>Il contributo \u00e8 dovuto in ogni caso, anche in caso di esito negativo della valutazione, o preventiva o successiva rinuncia da parte degli interessati alla istanza di riconoscimento gi\u00e0 presentata<\/strong>. Gli interessati potranno eventualmente rinunciare al deliberato, ma il pagamento del contributo \u00e8 comunque dovuto, essendo una tassa di natura amministrativa legata al procedimento e non al relativo esito finale.<\/p>\n<p>La domanda di convalida esami\/riconoscimento crediti pu\u00f2 essere presentata solo successivamente all\u2019immatricolazione, con relativa attribuzione del numero di matricola. Non \u00e8 possibile presentare istanza di riconoscimento se non si \u00e8 gi\u00e0 regolarmente iscritti al corso di studi per il quale si intenda richiedere il riconoscimento di esami e crediti acquisiti in una precedente carriera universitaria.<\/p>\n<p>&#8212;&#8212;&#8212;&#8212;&#8212;&#8212;&#8212;&#8212;&#8212;&#8212;&#8212;&#8212;&#8212;&#8212;&#8212;&#8212;&#8212;&#8212;&#8212;&#8212;&#8212;&#8212;&#8212;&#8212;&#8212;&#8212;&#8212;&#8212;&#8212;&#8212;&#8212;&#8212;&#8212;&#8212;&#8212;&#8212;&#8212;&#8212;&#8212;&#8212;&#8212;&#8212;&#8212;&#8212;&#8212;&#8212;&#8212;&#8212;&#8212;&#8212;&#8212;&#8212;&#8212;&#8212;&#8212;&#8212;&#8212;&#8212;&#8212;&#8212;&#8212;&#8212;&#8212;&#8212;&#8212;&#8212;&#8212;&#8212;&#8212;&#8212;&#8212;&#8212;&#8212;&#8212;&#8212;&#8212;&#8211;<\/p>\n<p><strong>Corsi di Laurea delle Professioni Sanitarie<\/strong><\/p>\n<p>Il riconoscimento degli esami\/crediti acquisiti in altri Corsi di Laurea dell\u2019Universit\u00e0 di Cagliari o di altri atenei\u00a0<strong>verr\u00e0 effettuato da una Commissione composta da docenti del corso di laurea interessato, coinvolti dal Coordinatore del CdL a seconda delle necessit\u00e0 e dei relativi Settori Scientifico Disciplinari (S.S.D.)<\/strong>.<\/p>\n<p>All\u2019istanza di convalida esami\/riconoscimento crediti dovr\u00e0 essere allegata una autocertificazione contenente i dati relativi agli esami superati e voti riportati (formato pdf) nella precedente carriera svolta per la quale si richiede il riconoscimento di esami\/crediti (scaricabile accedendo al proprio account dei servizi online agli studenti dell&#8217;ateneo presso il quale si \u00e8 svolta la precedente carriera, selezionando la carriera per la quale si richiede convalida\/riconoscimento) e, <strong>nel caso di carriere svolte presso altro ateneo, anche i programmi ufficiali degli esami superati dei quali si richiede il riconoscimento, rilasciati dalla competente struttura didattica o amministrativa (Segreteria Studenti, Segreteria di Facolt\u00e0 o di Corso di Laurea) su carta intestata, o muniti di timbro ufficiale e firma che ne attesti la provenienza e l\u2019autenticit\u00e0.<\/strong><\/p>\n<p>&nbsp;<\/p>\n<p><strong>Per la presentazione della domanda di convalida esami\/riconoscimento crediti compilare lo specifico form disponibile al link:<\/strong><\/p>\n<p><strong><a href=\"https:\/\/forms.office.com\/e\/835pqRHQap\" target=\"_blank\" rel=\"noopener\"><span style=\"text-decoration: underline\">https:\/\/forms.office.com\/e\/835pqRHQap<\/span><\/a> \u2b05\ufe0f<\/strong><\/p>\n<p>Compilare e caricare la domanda convalida esami utilizzando lo specifico modulo (<span style=\"text-decoration: underline\"><a href=\"https:\/\/segreterie.unica.it\/medicinaechirurgia\/files\/2026\/02\/Domanda-riconoscimento-esami-e-crediti-ALTRI-CDS-2025.pdf\" target=\"_blank\" rel=\"noopener\"><strong>scarica modulo<\/strong><\/a><\/span>)<\/p>\n<p>&nbsp;<\/p>\n<p><strong>ATTENZIONE:<\/strong><br \/>\n<strong>La procedura telematica di presentazione della domanda di convalida esami pu\u00f2 essere effettuata una sola volta.<br \/>\nVerificare con attenzione di avere correttamente compilato la modulistica e allegato i file richiesti corretti. <\/strong><strong>Non sono possibili successive modifiche o integrazioni alla documentazione trasmessa.<\/strong><\/p>\n<p>&nbsp;<\/p>\n<p>&nbsp;<\/p>\n<p>&nbsp;<\/p>\n<p>&nbsp;<\/p>\n<p>&nbsp;<\/p>\n","protected":false},"excerpt":{"rendered":"<p>I candidati ammessi all\u2019iscrizione per l\u2019A.A. 2025\/2026 ai corsi di studio a numero programmato della Facolt\u00e0 di Medicina e Chirurgia, che abbiano sostenuto esami e acquisito crediti formativi universitari in una precedente carriera universitaria (o nei corsi singoli) e vogliano richiederne il riconoscimento per il corso di studi di nuova iscrizione, dovranno seguire le indicazioni di seguito riportate. La presentazione dell\u2019istanza di convalida esami\/riconoscimento crediti comporta il pagamento del contributo di \u20ac 117,20 previsto dall\u2019art. 6 del\u00a0Regolamento contribuzione studentesca d\u2019Ateneo 2025\/2026 (contributo per le attivit\u00e0 relative alla convalida di CFU in ingresso acquisiti in una precedente carriera o in corsi <a href='https:\/\/segreterie.unica.it\/medicinaechirurgia\/riconoscimento-esami-e-crediti-pregressi-2\/procedura-convalida-esami-e-riconoscimento-crediti-professioni-sanitarie\/' class='excerpt-more'>[&#8230;]<\/a><\/p>\n","protected":false},"author":2488,"featured_media":0,"parent":9985,"menu_order":0,"comment_status":"closed","ping_status":"closed","template":"","meta":{"footnotes":""},"class_list":["post-9997","page","type-page","status-publish","hentry","post-seq-1","post-parity-odd","meta-position-corners","fix"],"_links":{"self":[{"href":"https:\/\/segreterie.unica.it\/medicinaechirurgia\/wp-json\/wp\/v2\/pages\/9997","targetHints":{"allow":["GET"]}}],"collection":[{"href":"https:\/\/segreterie.unica.it\/medicinaechirurgia\/wp-json\/wp\/v2\/pages"}],"about":[{"href":"https:\/\/segreterie.unica.it\/medicinaechirurgia\/wp-json\/wp\/v2\/types\/page"}],"author":[{"embeddable":true,"href":"https:\/\/segreterie.unica.it\/medicinaechirurgia\/wp-json\/wp\/v2\/users\/2488"}],"replies":[{"embeddable":true,"href":"https:\/\/segreterie.unica.it\/medicinaechirurgia\/wp-json\/wp\/v2\/comments?post=9997"}],"version-history":[{"count":12,"href":"https:\/\/segreterie.unica.it\/medicinaechirurgia\/wp-json\/wp\/v2\/pages\/9997\/revisions"}],"predecessor-version":[{"id":10902,"href":"https:\/\/segreterie.unica.it\/medicinaechirurgia\/wp-json\/wp\/v2\/pages\/9997\/revisions\/10902"}],"up":[{"embeddable":true,"href":"https:\/\/segreterie.unica.it\/medicinaechirurgia\/wp-json\/wp\/v2\/pages\/9985"}],"wp:attachment":[{"href":"https:\/\/segreterie.unica.it\/medicinaechirurgia\/wp-json\/wp\/v2\/media?parent=9997"}],"curies":[{"name":"wp","href":"https:\/\/api.w.org\/{rel}","templated":true}]}}