{"id":8418,"date":"2023-03-24T12:05:05","date_gmt":"2023-03-24T11:05:05","guid":{"rendered":"https:\/\/segreterie.unica.it\/medicinaechirurgia\/?page_id=8418"},"modified":"2024-10-10T09:18:29","modified_gmt":"2024-10-10T07:18:29","slug":"tirocinio-pratico-valutativo","status":"publish","type":"page","link":"https:\/\/segreterie.unica.it\/medicinaechirurgia\/tirocinio-pratico-valutativo\/","title":{"rendered":"Tirocinio Pratico Valutativo (TPV) &#8211; CDLM in Medicina e Chirurgia"},"content":{"rendered":"<p>Si informa che ai fini della partecipazione al Tirocinio Pratico Valutativo, di cui al Decreto Ministeriale 9 maggio 2018, n. 58 (<em>Regolamento recante gli esami di Stato di abilitazione all&#8217;esercizio della professione di medico-chirurgo<\/em>), \u00e8 fatto obbligo ai candidati procedere come di seguito riportato.<\/p>\n<p><strong><br \/>\nRequisiti per accedere all&#8217;iscrizione al Tirocinio Pratico Valutativo (TPV)<\/strong><\/p>\n<p>\u00c8 possibile iscriversi al Tirocinio Pratico Valutativo (TPV) <strong>solo<\/strong>:<\/p>\n<ul>\n<li>se si \u00e8 <strong>in regola con il pagamento delle tasse di iscrizione<\/strong>;<\/li>\n<li>se si sono superate <strong>tutte le attivit\u00e0 previste dal piano didattico fino al IV anno di corso<\/strong> compreso;<\/li>\n<li>dopo avere pagato l&#8217;apposita <strong>tassa erariale<\/strong> e <strong>tassa regionale<\/strong> per l&#8217;abilitazione professionale, secondo le modalit\u00e0 di seguito descritte.<\/li>\n<\/ul>\n<p><strong><u>Pagamento tassa erariale e tassa regionale per abilitazione professionale<\/u><\/strong><\/p>\n<p>Prima dell&#8217;inizio della frequenza del TPV \u00e8 necessario:<\/p>\n<ul>\n<li>provvedere al pagamento della <strong>tassa erariale <\/strong>dell&#8217;importo di \u20ac 49,58 dovuta per l&#8217;abilitazione professionale, su c\/c postale 1016 &#8211; intestato ad <em>Agenzia delle Entrate &#8211; Tasse Scolastiche &#8211; Centro Operativo di Pescara<\/em>;<\/li>\n<li>provvedere al pagamento della <strong>tassa iscrizione albo professionale <\/strong>dell&#8217;importo di \u20ac 5,20 a favore dell&#8217;Ersu Cagliari, da effettuarsi sul portale pagoPA Sardegna raggiungibile al link<br \/>\n<a href=\"https:\/\/pagopa.regione.sardegna.it\/pagamento\/ERSUCA\/Tassa_iscrizione_albo_professionale\" target=\"_blank\" rel=\"noopener\"><span style=\"text-decoration: underline\">https:\/\/pagopa.regione.sardegna.it\/pagamento\/ERSUCA\/Tassa_iscrizione_albo_professionale<\/span><\/a><\/li>\n<li><strong>trasmettere copia delle relative ricevute<\/strong> all&#8217;Ateneo.<\/li>\n<\/ul>\n<p><strong>N.B. <u>Specificare nella causale dei versamenti il proprio nominativo e la dicitura \u201cEsame di laurea abilitante Medicina e Chirurgia\u201d<\/u>.<\/strong><\/p>\n<p>Il pagamento deve essere effettuato <strong>prima dell&#8217;inizio della frequenza al primo periodo di TPV, non prima dell&#8217;inizio delle prenotazioni.<\/strong><\/p>\n<p>I candidati che non avessero ancora provveduto al pagamento degli importi sopra indicati dovranno provvedervi con sollecitudine, (pena l\u2019esclusione dal Tirocinio Pratico Valutativo e la mancata ammissione all\u2019esame finale di laurea).<\/p>\n<p><strong>Il pagamento della tassa erariale e della tassa iscrizione albo professionale \u00e8 dovuto anche da parte dei candidati che:<\/strong><\/p>\n<p><strong>&#8211; abbiano gi\u00e0 iniziato o terminato la frequenza del Tirocinio Pratico Valutativo (anche per una sola area)<\/strong><\/p>\n<p><strong>&#8211; abbiano gi\u00e0 acquisito la verbalizzazione del Tirocinio Pratico Valutativo (anche per una sola area)<\/strong><\/p>\n<p><strong>Il mancato pagamento comporter\u00e0 la non ammissione all\u2019esame finale di laurea.<\/strong><\/p>\n<p><span style=\"text-decoration: underline\"><strong><br \/>\nTrasmissione copia ricevute pagamento tassa erariale e tassa regionale<\/strong><\/span><\/p>\n<p>Successivamente al pagamento della tassa erariale e della tassa regionale per abilitazione professionale i candidati dovranno procedere alla trasmissione delle ricevute di pagamento compilando il form disponibile al link di seguito riportato:<\/p>\n<p><strong><span style=\"text-decoration: underline\"> <a href=\"https:\/\/forms.office.com\/e\/kLD8pgLkGB\" target=\"_blank\" rel=\"noopener\">https:\/\/forms.office.com\/e\/kLD8pgLkGB<\/a><\/span><\/strong><\/p>\n<p><span style=\"text-decoration: underline\">Le copie delle ricevute di pagamento dovranno essere inserite come allegati in formato pdf<\/span>.<br \/>\nAi fini dei controlli d&#8217;uffico da effettuare sui pagamenti effettuati, le ricevute dei pagamenti dovranno essere perfettamente leggibili in tutte le sue parti. Verificare la leggibilit\u00e0 delle ricevute e la definizione delle eventuali scansioni prima di procedere alla trasmissione.<br \/>\n<strong>Saranno rigettate tutte le copie di ricevute per le quali non sia possibile la relativa lettura e\/o identificazione di tutti i dati contenuti, compresi i riferimenti di pagamento (numero operazione, data transazione, etc)<\/strong>.<\/p>\n<p><strong>ATTENZIONE:<\/strong><br \/>\n<span style=\"text-decoration: underline\">E&#8217; consentita la compilazione del form una volta sola<\/span>.<br \/>\nSi invita pertanto a prestare particolare attenzione durante la compilazione del form e l&#8217;inserimento delle copie delle ricevute.<\/p>\n<p><strong>\u00a0<\/strong><\/p>\n<p>&nbsp;<\/p>\n","protected":false},"excerpt":{"rendered":"<p>Si informa che ai fini della partecipazione al Tirocinio Pratico Valutativo, di cui al Decreto Ministeriale 9 maggio 2018, n. 58 (Regolamento recante gli esami di Stato di abilitazione all&#8217;esercizio della professione di medico-chirurgo), \u00e8 fatto obbligo ai candidati procedere come di seguito riportato. Requisiti per accedere all&#8217;iscrizione al Tirocinio Pratico Valutativo (TPV) \u00c8 possibile iscriversi al Tirocinio Pratico Valutativo (TPV) solo: se si \u00e8 in regola con il pagamento delle tasse di iscrizione; se si sono superate tutte le attivit\u00e0 previste dal piano didattico fino al IV anno di corso compreso; dopo avere pagato l&#8217;apposita tassa erariale e tassa <a href='https:\/\/segreterie.unica.it\/medicinaechirurgia\/tirocinio-pratico-valutativo\/' class='excerpt-more'>[&#8230;]<\/a><\/p>\n","protected":false},"author":2488,"featured_media":0,"parent":0,"menu_order":0,"comment_status":"closed","ping_status":"closed","template":"","meta":{"footnotes":""},"class_list":["post-8418","page","type-page","status-publish","hentry","post-seq-1","post-parity-odd","meta-position-corners","fix"],"_links":{"self":[{"href":"https:\/\/segreterie.unica.it\/medicinaechirurgia\/wp-json\/wp\/v2\/pages\/8418","targetHints":{"allow":["GET"]}}],"collection":[{"href":"https:\/\/segreterie.unica.it\/medicinaechirurgia\/wp-json\/wp\/v2\/pages"}],"about":[{"href":"https:\/\/segreterie.unica.it\/medicinaechirurgia\/wp-json\/wp\/v2\/types\/page"}],"author":[{"embeddable":true,"href":"https:\/\/segreterie.unica.it\/medicinaechirurgia\/wp-json\/wp\/v2\/users\/2488"}],"replies":[{"embeddable":true,"href":"https:\/\/segreterie.unica.it\/medicinaechirurgia\/wp-json\/wp\/v2\/comments?post=8418"}],"version-history":[{"count":25,"href":"https:\/\/segreterie.unica.it\/medicinaechirurgia\/wp-json\/wp\/v2\/pages\/8418\/revisions"}],"predecessor-version":[{"id":10039,"href":"https:\/\/segreterie.unica.it\/medicinaechirurgia\/wp-json\/wp\/v2\/pages\/8418\/revisions\/10039"}],"wp:attachment":[{"href":"https:\/\/segreterie.unica.it\/medicinaechirurgia\/wp-json\/wp\/v2\/media?parent=8418"}],"curies":[{"name":"wp","href":"https:\/\/api.w.org\/{rel}","templated":true}]}}