{"id":7615,"date":"2022-08-05T10:48:50","date_gmt":"2022-08-05T08:48:50","guid":{"rendered":"https:\/\/segreterie.unica.it\/medicinaechirurgia\/?page_id=7615"},"modified":"2024-08-22T00:16:56","modified_gmt":"2024-08-21T22:16:56","slug":"faq-presentazione-istanze-ammissione-ad-anni-successivi-rilascio-nulla-osta-al-trasferimento","status":"publish","type":"page","link":"https:\/\/segreterie.unica.it\/medicinaechirurgia\/faq-presentazione-istanze-ammissione-ad-anni-successivi-rilascio-nulla-osta-al-trasferimento\/","title":{"rendered":"FAQ &#8211; Presentazione istanze ammissione ad anni successivi, rilascio nulla osta al trasferimento"},"content":{"rendered":"<p><strong>1) Non riesco ad effettuare la registrazione anagrafica sul portale d&#8217;Ateneo in quanto sprovvisto di SPID. Posso effettuare la registrazione anagrafica con una modalit\u00e0 differente?<\/strong><br \/>\nCome richiesto dalla normativa in vigore, a partire da ottobre 2021 i cittadini italiani maggiorenni dovranno registrarsi ai servizi informatici dell&#8217;Universit\u00e0 di Cagliari con le credenziali SPID. Attiva le credenziali SPID con uno dei gestori di Identit\u00e0 Digitale accreditati accreditati da <strong><a href=\"https:\/\/www.agid.gov.it\/it\/piattaforme\/spid\" target=\"_blank\" rel=\"noopener\">AgID<\/a><\/strong><\/p>\n<p><strong>2) Come posso indicare tutti gli esami\/attivit\u00e0 didattiche superate nella carriera di provenienza, qualora il numero delle righe presenti nel Modulo richiesta abbreviazione di carriera e ammissione ad anni successivi\/Modulo richiesta nulla osta trasferimento in ingresso non fossero sufficienti?<br \/>\n<\/strong>Puoi compilare un secondo modulo ed inserirlo quale allegato come documento aggiuntivo, rinominandolo come indicato nelle <strong>Istruzioni<\/strong> alla procedura telematica disponibile al link<\/p>\n<p><a href=\"https:\/\/segreterie.unica.it\/medicinaechirurgia\/abbreviazioni-e-trasferimenti-in-ingresso\/abbreviazioni-di-carriera-ammissioni-ad-anni-successivi-e-trasferimenti-da-altri-atenei-a-a-2024-2025\/\" target=\"_blank\" rel=\"noopener\">https:\/\/segreterie.unica.it\/medicinaechirurgia\/abbreviazioni-e-trasferimenti-in-ingresso\/abbreviazioni-di-carriera-ammissioni-ad-anni-successivi-e-trasferimenti-da-altri-atenei-a-a-2024-2025\/<\/a><\/p>\n<p>(Rinominare il file pdf come <strong>ISTANZA_COGNOME_NOME_2<\/strong>)<\/p>\n<p><strong>3) Quali sono gli allegati obbligatori che devono essere presentati a corredo dell&#8217;istanza? Come devono essere ridenominati i file prima del caricamento degli allegati all&#8217;istanza telematica?<br \/>\n<\/strong>Leggi con attenzione e segui le indicazioni contenute nelle <strong>Istruzioni<\/strong> alla procedura telematica <strong><br \/>\n\n<table id=\"tablepress-42\" class=\"tablepress tablepress-id-42\">\n<thead>\n<tr class=\"row-1\">\n\t<th class=\"column-1\">Tipologia documento<\/th><th class=\"column-2\">Ridenominazione file .pdf<\/th><th class=\"column-3\">Descrizione da inserire nel campo<br \/>\n\u201cTitolo\u201d<\/th>\n<\/tr>\n<\/thead>\n<tbody class=\"row-hover\">\n<tr class=\"row-2\">\n\t<td class=\"column-1\">Certif. esam\u2010voti\u2010SSD ateneo provenienza<\/td><td class=\"column-2\">CARRIERA_COGNOME_NOME<br \/>\n(del candidato)<\/td><td class=\"column-3\">Certificato di iscrizione con esami e voti e<br \/>\nsettori scientifico\u2010disciplinari<\/td>\n<\/tr>\n<tr class=\"row-3\">\n\t<td class=\"column-1\">Documento di identit\u00e0 con foto nitida<\/td><td class=\"column-2\">DOCUMENTO_COGNOME_NOME<br \/>\n(del candidato)<\/td><td class=\"column-3\">Documento di identit\u00e0<\/td>\n<\/tr>\n<tr class=\"row-4\">\n\t<td class=\"column-1\">Modulo trasf.ing\/abbr.carr.\/anni succ.<\/td><td class=\"column-2\">ISTANZA_COGNOME_NOME<br \/>\n(del candidato)<\/td><td class=\"column-3\">Richiesta Nulla Osta Trasferimento da<br \/>\naltro ateneo<\/td>\n<\/tr>\n<tr class=\"row-5\">\n\t<td class=\"column-1\">Piano degli studi complessivo del corso<\/td><td class=\"column-2\">PIANOSTUDI_COGNOME_NOME<br \/>\n(del candidato)<\/td><td class=\"column-3\">Piano degli studi completo<\/td>\n<\/tr>\n<tr class=\"row-6\">\n\t<td class=\"column-1\">Programmi dettagliati degli esami<\/td><td class=\"column-2\">PROGRAMMI_COGNOME_NOME<br \/>\n(del candidato)<\/td><td class=\"column-3\">Programmi degli esami sostenuti<\/td>\n<\/tr>\n<\/tbody>\n<\/table>\n<!-- #tablepress-42 from cache --><\/strong><\/p>\n<p><strong>4) E&#8217; possibile modificare o integrare i documenti una volta conclusa la procedura telematica ed inviata l&#8217;istanza?<\/strong><br \/>\nNon \u00e8 possibile apportare modifiche o integrazioni alla domanda o alla documentazione allegata una volta conclusa la procedura telematica e trasmessa la domanda di partecipazione alla selezione<\/p>\n<p><strong>5) Sono uno studente iscritto in un ateneo estero, come devo inserire le votazioni riportate negli esami sostenuti? Devo trasformare i voti esteri secondo il sistema di votazione italiano in trentesimi?<\/strong><br \/>\nDevi inserire il voto originale espresso secondo il sistema di valutazione estero, senza effettuare alcun tipo di conversione. Le votazioni verranno convertite dalla Commissione incaricata della valutazione delle istanze, sulla base delle indicazioni riportate nel bando di selezione di Medicina (formule conversione votazioni estere).<\/p>\n<p><strong>6) Sono uno studente iscritto in un ateneo estero, cosa devo inserire nella colonna SSD del Modulo richiesta abbreviazione di carriera e ammissione ad anni successivi?\u00a0<\/strong><br \/>\nNon \u00e8 necessario inserire i settori scientifico-disciplinari degli esami superati presso atenei esteri.<\/p>\n<p><strong>7) Sono uno studente iscritto in un ateneo estero, come devo inserire le denominazioni relative agli esami sostenuti? Devo inserire la denominazione in lingua estera originaria (es. rumeno) oppure la traduzione in lingua italiana?<\/strong><br \/>\nDevi inserire la denominazione dell&#8217;esame in lingua italiana, come indicato nella <span style=\"text-decoration: underline\">traduzione ufficiale<\/span> che devi obbligatoriamente allegare all&#8217;istanza (vedi punto 12) delle FAQ, di seguito riportato)<\/p>\n<p><strong>8) Sono uno studente iscritto in un ateneo estero, quale voce devo selezionare nel modulo\u00a0 predisposto per la presentazione della domanda di abbreviazione di carriera\/trasferimento da altro ateneo?<\/strong><br \/>\nSe sei iscritto presso un ateneo estero devi compilare il &#8220;Modulo richiesta abbreviazione di carriera e ammissione ad anni successivi&#8221; e selezionare nel modulo la voce &#8220;ABBREVIAZIONE DI CARRIERA\/AMMISSIONE AD ANNI SUCCESSIVI&#8221;, con relativa richiesta di &#8220;ABBREVIAZIONE DI CARRIERA&#8221;.<\/p>\n<p><strong>9) Sono iscritto o laureato in un corso di studi differente da quello per il quale intendo presentare istanza di abbreviazione di carriera con ammissione ad anni successivi, quale modulo devo presentare?<\/strong><br \/>\nDevi compilare e presentare il &#8220;Modulo richiesta abbreviazione di carriera e ammissione ad anni successivi&#8221; e selezionare nel modulo la voce &#8220;ABBREVIAZIONE DI CARRIERA\/AMMISSIONE AD ANNI SUCCESSIVI&#8221;<\/p>\n<p><strong>10) Dove trovo il bando di selezione per il trasferimento da un altro ateneo o per l&#8217;abbreviazione di carriera con ammissione ad anni successivi, per i corsi di laurea delle Professioni Sanitarie o Scienze delle Attivit\u00e0 Motorie e Sportive?<\/strong><br \/>\nPer i corsi di laurea delle Professioni Sanitarie e il corso di laurea in Scienze delle Attivit\u00e0 Motorie e Sportive non \u00e8 previsto uno specifico bando di selezione. Si deve fare riferimento alle indicazioni presenti nel Regolamento di Facolt\u00e0 in materia di trasferimenti in ingresso e a quelle presenti nella Guida alla procedura telematica (punto 4)<\/p>\n<p><strong>11) Sono gi\u00e0 iscritto al corso di laurea magistrale a ciclo unico in Medicina e Chirurgia presso l&#8217;Ateneo di Cagliari, posso presentare domanda di abbreviazione per essere iscritto ad anni di corso successivi e\/o anticipare la frequenza e il sostenimento di esami?<\/strong><\/p>\n<p>Il bando ammissione ad anni successivi \u00e8 riservato a studenti iscritti presso altra sede universitaria (italiana, comunitaria o extracomunitaria) al corso di laurea in Medicina e Chirurgia, o iscritti\/laureati in altri corsi di studio presso l&#8217;Ateneo di Cagliari o altra sede universitaria.<\/p>\n<p>Per le ipotesi di anticipo delle lezioni e\/o sostenimento di esami previsti in anni di corso successivi a quello di iscrizione, si faccia riferimento al Regolamento in materia di riconoscimento crediti deliberato dal Corso di Laurea in Medicina e Chirurgia dell&#8217;Ateneo di Cagliari.<\/p>\n<p><a href=\"https:\/\/www.unica.it\/unica\/it\/crs_40_39_4.page\" target=\"_blank\" rel=\"noopener\">https:\/\/www.unica.it\/unica\/it\/crs_40_39_4.page<\/a><\/p>\n<p><strong>12) Sono uno studente iscritto in un ateneo estero, come devono essere consegnati i documenti obbligatori previsti dal bando di ammissione ad anni successivi? In quale lingua devono essere prodotti i documenti ufficiali rilasciati dall&#8217;ateneo estero?<\/strong><\/p>\n<p>I candidati iscritti o laureati presso Universit\u00e0 estere NON possono presentare autocertificazioni. Le informazioni di cui ai punti 2), 3) e 4) dell\u2019art. 3 del bando di ammissione devono essere contenute in <strong>certificazioni ufficiali rilasciate dall\u2019Ateneo di provenienza<\/strong>. <strong>I documenti devono essere prodotti su carta intestata dell&#8217;Universit\u00e0 estera, con timbro e firma autografa del soggetto preposto dall\u2019Ateneo al rilascio del documento in lingua ufficiale del paese straniero dell\u2019Ateneo di provenienza<\/strong>.<\/p>\n<p><strong>Tutti i documenti stranieri, devono essere tassativamente corredati di: <\/strong><\/p>\n<p><strong>\u27a2 Traduzione ufficiale in lingua italiana; <\/strong><\/p>\n<p><strong>\u27a2 Legalizzazione consolare (o timbro Apostille per i paesi aderenti alla convenzione dell\u2019Aja)<\/strong>;<\/p>\n<p>\u27a2 \u201cDichiarazione di valore in loco\u201d a cura della Rappresentanza italiana competente per territorio relativa al titolo di scuola superiore (se conseguito all\u2019estero) e\/o alla Laurea se conseguita all\u2019estero.<\/p>\n<p>Per ulteriori dettagli relativi alla documentazione prodotta all&#8217;estero si rimanda a quanto indicato nel bando di ammissione ad anni successivi nonch\u00e9 alla vigente normativa in materia.<\/p>\n","protected":false},"excerpt":{"rendered":"<p>1) Non riesco ad effettuare la registrazione anagrafica sul portale d&#8217;Ateneo in quanto sprovvisto di SPID. Posso effettuare la registrazione anagrafica con una modalit\u00e0 differente? Come richiesto dalla normativa in vigore, a partire da ottobre 2021 i cittadini italiani maggiorenni dovranno registrarsi ai servizi informatici dell&#8217;Universit\u00e0 di Cagliari con le credenziali SPID. Attiva le credenziali SPID con uno dei gestori di Identit\u00e0 Digitale accreditati accreditati da AgID 2) Come posso indicare tutti gli esami\/attivit\u00e0 didattiche superate nella carriera di provenienza, qualora il numero delle righe presenti nel Modulo richiesta abbreviazione di carriera e ammissione ad anni successivi\/Modulo richiesta nulla osta <a href='https:\/\/segreterie.unica.it\/medicinaechirurgia\/faq-presentazione-istanze-ammissione-ad-anni-successivi-rilascio-nulla-osta-al-trasferimento\/' class='excerpt-more'>[&#8230;]<\/a><\/p>\n","protected":false},"author":2488,"featured_media":0,"parent":0,"menu_order":0,"comment_status":"closed","ping_status":"closed","template":"","meta":{"footnotes":""},"class_list":["post-7615","page","type-page","status-publish","hentry","post-seq-1","post-parity-odd","meta-position-corners","fix"],"_links":{"self":[{"href":"https:\/\/segreterie.unica.it\/medicinaechirurgia\/wp-json\/wp\/v2\/pages\/7615","targetHints":{"allow":["GET"]}}],"collection":[{"href":"https:\/\/segreterie.unica.it\/medicinaechirurgia\/wp-json\/wp\/v2\/pages"}],"about":[{"href":"https:\/\/segreterie.unica.it\/medicinaechirurgia\/wp-json\/wp\/v2\/types\/page"}],"author":[{"embeddable":true,"href":"https:\/\/segreterie.unica.it\/medicinaechirurgia\/wp-json\/wp\/v2\/users\/2488"}],"replies":[{"embeddable":true,"href":"https:\/\/segreterie.unica.it\/medicinaechirurgia\/wp-json\/wp\/v2\/comments?post=7615"}],"version-history":[{"count":34,"href":"https:\/\/segreterie.unica.it\/medicinaechirurgia\/wp-json\/wp\/v2\/pages\/7615\/revisions"}],"predecessor-version":[{"id":9786,"href":"https:\/\/segreterie.unica.it\/medicinaechirurgia\/wp-json\/wp\/v2\/pages\/7615\/revisions\/9786"}],"wp:attachment":[{"href":"https:\/\/segreterie.unica.it\/medicinaechirurgia\/wp-json\/wp\/v2\/media?parent=7615"}],"curies":[{"name":"wp","href":"https:\/\/api.w.org\/{rel}","templated":true}]}}