{"id":7497,"date":"2022-08-04T07:31:59","date_gmt":"2022-08-04T05:31:59","guid":{"rendered":"https:\/\/segreterie.unica.it\/medicinaechirurgia\/?page_id=7497"},"modified":"2022-10-11T17:42:24","modified_gmt":"2022-10-11T15:42:24","slug":"abbreviazioni-di-carriera-ammissioni-ad-anni-successivi-e-trasferimenti-da-altri-atenei-a-a-2022-2023","status":"publish","type":"page","link":"https:\/\/segreterie.unica.it\/medicinaechirurgia\/abbreviazioni-e-trasferimenti-in-ingresso\/avvisi\/abbreviazioni-di-carriera-e-ammissioni-ad-anni-successivi-con-esonero-dallobbligo-di-sostenimento-della-prova-di-ammissione\/abbreviazioni-di-carriera-ammissioni-ad-anni-successivi-e-trasferimenti-da-altri-atenei-a-a-2022-2023\/","title":{"rendered":"Abbreviazioni di carriera, Ammissioni ad anni successivi e Trasferimenti da altri atenei &#8211; A.A. 2022\/2023"},"content":{"rendered":"<ol>\n<li><a href=\"http:\/\/segreterie.unica.it\/medicinaechirurgia\/?p=2530\" target=\"_blank\" rel=\"noopener noreferrer\">Requisiti obbligatori richiesti per la presentazione delle domande di nulla osta<br \/>\n<\/a>(chi pu\u00f2 presentare domanda nulla osta)<\/li>\n<li>Requisiti specifici di ammissibilit\u00e0 ai fini della valutazione delle istanze di nulla osta<\/li>\n<li><a href=\"https:\/\/segreterie.unica.it\/medicinaechirurgia\/trasferimenti-da-altri-atenei\/modalita-e-termini-presentazione-domande-nulla-osta-trasferimento-in-ingresso-a-a-2021-2022\/\" target=\"_blank\" rel=\"noopener\">Modalit\u00e0 e termini presentazione domande nulla osta per trasferimenti in ingresso<\/a><\/li>\n<li><a href=\"http:\/\/segreterie.unica.it\/medicinaechirurgia\/?p=2505\" target=\"_blank\" rel=\"noopener noreferrer\">Valutazione curriculum degli studi e requisiti ammissibilit\u00e0 anni successivi al primo<\/a><\/li>\n<li><a href=\"http:\/\/segreterie.unica.it\/medicinaechirurgia\/?p=2536\" target=\"_blank\" rel=\"noopener noreferrer\">Criteri e parametri redazione graduatorie generali di merito<\/a><\/li>\n<li>Pubblicazione graduatorie di merito e rilascio nulla osta agli aventi diritto<\/li>\n<li><a href=\"https:\/\/segreterie.unica.it\/medicinaechirurgia\/?page_id=7505&amp;preview=true\" target=\"_blank\" rel=\"noopener\">Posti disponibili per abbreviazioni di corso e trasferimenti in ingresso<\/a><\/li>\n<li><a href=\"https:\/\/segreterie.unica.it\/medicinaechirurgia\/trasferimenti-da-altri-atenei\/graduatorie-trasferimenti-da-altri-atenei-abbreviazioni-e-candidati-idonei-al-rilascio-del-nulla-osta-2022-2023\/\" target=\"_blank\" rel=\"noopener\">Graduatorie candidati idonei al rilascio del nulla osta al trasferimento in ingresso<\/a><\/li>\n<li><a href=\"http:\/\/segreterie.unica.it\/medicinaechirurgia\/trasferimenti-da-altri-atenei\/avvisi\/\" target=\"_blank\" rel=\"noopener noreferrer\">AVVISI<\/a><\/li>\n<li><a href=\"https:\/\/segreterie.unica.it\/medicinaechirurgia\/trasferimenti-da-altri-atenei\/avvisi\/abbreviazioni-di-carriera-e-ammissioni-ad-anni-successivi-con-esonero-dallobbligo-di-sostenimento-della-prova-di-ammissione\/faq-presentazione-istanze-ammissione-ad-anni-successivi-rilascio-nulla-osta-al-trasferimento\/\" target=\"_blank\" rel=\"noopener\">FAQ<\/a> (Domande frequenti)<\/li>\n<\/ol>\n<p>&#8211; <a href=\"http:\/\/segreterie.unica.it\/medicinaechirurgia\/?p=2509\" target=\"_blank\" rel=\"noopener noreferrer\">Regolamento trasferimenti in ingresso<\/a> (<strong>ATTENZIONE: La procedura di presentazione delle istanze in formato cartaceo indicata nel Regolamento trasferimenti \u00e8 stata totalmente informatizzata. Seguire le indicazioni relative alla nuova procedura telematica di presentazione delle istanze di rilascio nulla osta contenute nella guida di seguito riportata<\/strong>)<\/p>\n<p>&#8211; <a href=\"https:\/\/segreterie.unica.it\/medicinaechirurgia\/files\/2022\/07\/ISTRUZIONI-ISCRIZIONE-SELEZIONE-TRASFERIMENTI-DA-ALTRI-ATENEI-2022-DEFINITIVO.pdf\" target=\"_blank\" rel=\"noopener\"><strong>GUIDA ALLA PROCEDURA TELEMATICA DI PRESENTAZIONE DELLE ISTANZE<\/strong><\/a> (<strong>LEGGERE CON ATTENZIONE<\/strong>)<\/p>\n<p><strong>1) Per il CDLM in MEDICINA E CHIRURGIA fare riferimento allo specifico bando di selezione e ai relativi moduli di seguito riportati<br \/>\n<\/strong><\/p>\n<p>&#8211; <strong><a href=\"https:\/\/www.unica.it\/unica\/page\/it\/bando_per_lammissione_ad_anni_successivi_al_primo_del_corso_di_laurea_magistrale_a_ciclo_unico_in_medicina_e_chirurgia__aa_20222023\" target=\"_blank\" rel=\"noopener\">Bando di selezione per l\u2019ammissione ad anni successivi al primo del Corso di Laurea Magistrale a ciclo unico in Medicina e Chirurgia &#8211; A.A. 2022\/2023 (NUOVO)<\/a><\/strong><\/p>\n<p>&#8211; Modulo richiesta nulla osta trasferimento in ingresso (<a href=\"https:\/\/segreterie.unica.it\/medicinaechirurgia\/files\/2022\/07\/Richiesta-Nulla-Osta-Trasferimento-Abbreviazione-2022-2023-MEDICINA.pdf\" target=\"_blank\" rel=\"noopener\"><strong>scarica<\/strong><\/a>) presentabile dal 12 agosto 2022 &#8211; Modulo pdf compilabile (NON COMPILARE A MANO).<br \/>\n&#8211; Modulo richiesta abbreviazione di carriera e ammissione ad anni successivi (<a href=\"https:\/\/segreterie.unica.it\/medicinaechirurgia\/files\/2022\/07\/Richiesta-Nulla-Osta-Trasferimento-Abbreviazione-2022-2023-MEDICINA.pdf\" target=\"_blank\" rel=\"noopener\"><strong>scarica<\/strong><\/a>) presentabile dal 12 agosto 2022 &#8211; Modulo pdf compilabile (NON COMPILARE A MANO).<\/p>\n<p><strong><span style=\"text-decoration: underline\">NON COMPILARE A MANO<\/span> &#8211; IL MODULO DEVE ESSERE COMPILATO TRAMITE PERSONAL COMPUTER E TRASMESSO IN FORMATO PDF IN UN UNICO FILE. NON INVIARE IMMAGINI<\/strong><\/p>\n<p><strong>2) Per tutti gli <span style=\"text-decoration: underline\">ALTRI CORSI DI LAUREA<\/span> fare riferimento alla Guida alla procedura telematica di presentazione delle istanze e ai moduli di seguito riportati (<span style=\"text-decoration: underline\">non \u00e8 previsto uno specifico bando di selezione<\/span>)<br \/>\n<\/strong><\/p>\n<p>&#8211; Modulo richiesta nulla osta trasferimento in ingresso (<a href=\"https:\/\/segreterie.unica.it\/medicinaechirurgia\/files\/2022\/07\/Richiesta-Nulla-Osta-Trasferimento-Abbreviazione-2022-2023.pdf\" target=\"_blank\" rel=\"noopener\"><strong>scarica<\/strong><\/a>) presentabile dal 12 agosto 2022 &#8211; Modulo pdf compilabile (NON COMPILARE A MANO).<br \/>\n&#8211; Modulo richiesta abbreviazione di carriera e ammissione ad anni successivi (<a href=\"https:\/\/segreterie.unica.it\/medicinaechirurgia\/files\/2022\/07\/Richiesta-Nulla-Osta-Trasferimento-Abbreviazione-2022-2023.pdf\" target=\"_blank\" rel=\"noopener\"><strong>scarica<\/strong><\/a>) presentabile dal 12 agosto 2022 &#8211; Modulo pdf compilabile (NON COMPILARE A MANO).<\/p>\n<p><strong><span style=\"text-decoration: underline\">NON COMPILARE A MANO<\/span> &#8211; IL MODULO DEVE ESSERE COMPILATO TRAMITE PERSONAL COMPUTER E TRASMESSO IN FORMATO PDF IN UN UNICO FILE. NON INVIARE IMMAGINI<\/strong><\/p>\n<p><strong><a href=\"https:\/\/segreterie.unica.it\/medicinaechirurgia\/files\/2022\/07\/ISTRUZIONI-ISCRIZIONE-SELEZIONE-TRASFERIMENTI-DA-ALTRI-ATENEI-2022-DEFINITIVO.pdf\" target=\"_blank\" rel=\"noopener\">GUIDA ALLA PROCEDURA TELEMATICA DI PRESENTAZIONE DELLE ISTANZE<\/a> (LEGGERE CON ATTENZIONE)<\/strong><\/p>\n<h3>3) <strong>Per il corso di laurea magistrale in ATTIVITA&#8217; MOTORIE PREVENTIVE E ADATTATE fare riferimento, <\/strong><strong>per la modulistica da utilizzare e la documentazione obbligatoria da allegare, <\/strong><strong>alla Guida alla procedura telematica di presentazione delle istanze e ai moduli di seguito riportati (non \u00e8 previsto uno specifico bando di selezione).<br \/>\nQualora la procedura telematica prevista per il suddetto corso di laurea magistrale non dovesse risultare attiva, <span style=\"text-decoration: underline\">tutta la documentazione dovr\u00e0 essere trasmessa via mail alla casella di posta elettronica documenti-medicina@unica.it<\/span>, entro il termine sotto riportato del 6 settembre 2022 (ore 12.00)<br \/>\n<\/strong><\/h3>\n<p>&#8211; Modulo richiesta nulla osta trasferimento in ingresso (<a href=\"https:\/\/segreterie.unica.it\/medicinaechirurgia\/files\/2022\/07\/Richiesta-Nulla-Osta-Trasferimento-Abbreviazione-2022-2023.pdf\" target=\"_blank\" rel=\"noopener\"><strong>scarica<\/strong><\/a>) presentabile dal 12 agosto 2022 &#8211; Modulo pdf compilabile (NON COMPILARE A MANO).<br \/>\n&#8211; Modulo richiesta abbreviazione di carriera e ammissione ad anni successivi (<a href=\"https:\/\/segreterie.unica.it\/medicinaechirurgia\/files\/2022\/07\/Richiesta-Nulla-Osta-Trasferimento-Abbreviazione-2022-2023.pdf\" target=\"_blank\" rel=\"noopener\"><strong>scarica<\/strong><\/a>) presentabile dal 12 agosto 2022 &#8211; Modulo pdf compilabile (NON COMPILARE A MANO).<\/p>\n<p><strong>NON COMPILARE A MANO &#8211; IL MODULO DEVE ESSERE COMPILATO TRAMITE PERSONAL COMPUTER E TRASMESSO IN FORMATO PDF IN UN UNICO FILE. NON INVIARE IMMAGINI<\/strong><\/p>\n<p><strong><a href=\"https:\/\/segreterie.unica.it\/medicinaechirurgia\/files\/2022\/07\/ISTRUZIONI-ISCRIZIONE-SELEZIONE-TRASFERIMENTI-DA-ALTRI-ATENEI-2022-DEFINITIVO.pdf\" target=\"_blank\" rel=\"noopener\">GUIDA ALLA PROCEDURA TELEMATICA DI PRESENTAZIONE DELLE ISTANZE<\/a> (LEGGERE CON ATTENZIONE)<\/strong><\/p>\n<h3 style=\"text-align: center\"><strong><span style=\"text-decoration: underline\">SCADENZA<\/span><\/strong><\/h3>\n<h3 style=\"text-align: left\"><strong><br \/>\nPresentazione domande nulla osta\/Abbreviazione di carriera e ammissione ad anni successivi:<\/strong><\/h3>\n<h3><strong>Iscrizioni dal: \u00a0\u00a0\u00a0\u00a0\u00a0\u00a0\u00a0\u00a0 <span style=\"text-decoration: underline\">12 agosto 2022 (ore 10.30)<\/span><br \/>\nal: \u00a0\u00a0\u00a0\u00a0\u00a0\u00a0\u00a0\u00a0\u00a0\u00a0\u00a0\u00a0\u00a0\u00a0\u00a0\u00a0\u00a0\u00a0\u00a0\u00a0\u00a0\u00a0\u00a0\u00a0\u00a0 \u00a0 <span style=\"text-decoration: underline\">6 settembre 2022 (ore 12.00)<\/span><\/strong><\/h3>\n","protected":false},"excerpt":{"rendered":"<p>Requisiti obbligatori richiesti per la presentazione delle domande di nulla osta (chi pu\u00f2 presentare domanda nulla osta) Requisiti specifici di ammissibilit\u00e0 ai fini della valutazione delle istanze di nulla osta Modalit\u00e0 e termini presentazione domande nulla osta per trasferimenti in ingresso Valutazione curriculum degli studi e requisiti ammissibilit\u00e0 anni successivi al primo Criteri e parametri redazione graduatorie generali di merito Pubblicazione graduatorie di merito e rilascio nulla osta agli aventi diritto Posti disponibili per abbreviazioni di corso e trasferimenti in ingresso Graduatorie candidati idonei al rilascio del nulla osta al trasferimento in ingresso AVVISI FAQ (Domande frequenti) &#8211; Regolamento trasferimenti <a href='https:\/\/segreterie.unica.it\/medicinaechirurgia\/abbreviazioni-e-trasferimenti-in-ingresso\/avvisi\/abbreviazioni-di-carriera-e-ammissioni-ad-anni-successivi-con-esonero-dallobbligo-di-sostenimento-della-prova-di-ammissione\/abbreviazioni-di-carriera-ammissioni-ad-anni-successivi-e-trasferimenti-da-altri-atenei-a-a-2022-2023\/' class='excerpt-more'>[&#8230;]<\/a><\/p>\n","protected":false},"author":2488,"featured_media":0,"parent":5535,"menu_order":0,"comment_status":"closed","ping_status":"closed","template":"","meta":{"footnotes":""},"class_list":["post-7497","page","type-page","status-publish","hentry","post-seq-1","post-parity-odd","meta-position-corners","fix"],"_links":{"self":[{"href":"https:\/\/segreterie.unica.it\/medicinaechirurgia\/wp-json\/wp\/v2\/pages\/7497","targetHints":{"allow":["GET"]}}],"collection":[{"href":"https:\/\/segreterie.unica.it\/medicinaechirurgia\/wp-json\/wp\/v2\/pages"}],"about":[{"href":"https:\/\/segreterie.unica.it\/medicinaechirurgia\/wp-json\/wp\/v2\/types\/page"}],"author":[{"embeddable":true,"href":"https:\/\/segreterie.unica.it\/medicinaechirurgia\/wp-json\/wp\/v2\/users\/2488"}],"replies":[{"embeddable":true,"href":"https:\/\/segreterie.unica.it\/medicinaechirurgia\/wp-json\/wp\/v2\/comments?post=7497"}],"version-history":[{"count":32,"href":"https:\/\/segreterie.unica.it\/medicinaechirurgia\/wp-json\/wp\/v2\/pages\/7497\/revisions"}],"predecessor-version":[{"id":7619,"href":"https:\/\/segreterie.unica.it\/medicinaechirurgia\/wp-json\/wp\/v2\/pages\/7497\/revisions\/7619"}],"up":[{"embeddable":true,"href":"https:\/\/segreterie.unica.it\/medicinaechirurgia\/wp-json\/wp\/v2\/pages\/5535"}],"wp:attachment":[{"href":"https:\/\/segreterie.unica.it\/medicinaechirurgia\/wp-json\/wp\/v2\/media?parent=7497"}],"curies":[{"name":"wp","href":"https:\/\/api.w.org\/{rel}","templated":true}]}}