{"id":7249,"date":"2021-12-15T11:41:56","date_gmt":"2021-12-15T10:41:56","guid":{"rendered":"https:\/\/segreterie.unica.it\/medicinaechirurgia\/?page_id=7249"},"modified":"2021-12-15T14:02:56","modified_gmt":"2021-12-15T13:02:56","slug":"graduatorie-trasferimenti-e-modalita-rilascio-nulla-osta-per-il-trasferimento-in-ingresso-infermieristica-2021-2022","status":"publish","type":"page","link":"https:\/\/segreterie.unica.it\/medicinaechirurgia\/abbreviazioni-e-trasferimenti-in-ingresso\/abbreviazioni-di-carriera-ammissioni-ad-anni-successivi-e-trasferimenti-da-altri-atenei-a-a-2020-2021\/graduatorie-trasferimenti-e-modalita-rilascio-nulla-osta-per-il-trasferimento-in-ingresso-infermieristica-2021-2022\/","title":{"rendered":"Graduatorie trasferimenti e modalit\u00e0 rilascio nulla osta per il trasferimento in ingresso &#8211; Infermieristica 2021\/2022"},"content":{"rendered":"<p><strong>INFERMIERISTICA 2\u00b0 anno (5 posti sede Cagliari + 4 posti sede Nuoro)<br \/>\nINFERMIERISTICA 3\u00b0 anno (1 posto sede Cagliari)<br \/>\n<\/strong><\/p>\n\n<table id=\"tablepress-37\" class=\"tablepress tablepress-id-37\">\n<thead>\n<tr class=\"row-1\">\n\t<th class=\"column-1\">Pos.<\/th><th class=\"column-2\">Iniziale Cognome<\/th><th class=\"column-3\">Iniziale Nome<\/th><th class=\"column-4\">Ateneo di provenienza<\/th><th class=\"column-5\">Anno richiesto<\/th><th class=\"column-6\">CFU<\/th><th class=\"column-7\">Idoneo\/Non idoneo <\/th>\n<\/tr>\n<\/thead>\n<tbody class=\"row-striping row-hover\">\n<tr class=\"row-2\">\n\t<td class=\"column-1\">1<\/td><td class=\"column-2\">N<\/td><td class=\"column-3\">G<\/td><td class=\"column-4\">Universit\u00e0 degli Studi di Sassari<\/td><td class=\"column-5\">2<\/td><td class=\"column-6\">49<\/td><td class=\"column-7\">Idoneo AMMESSO<\/td>\n<\/tr>\n<tr class=\"row-3\">\n\t<td class=\"column-1\">2<\/td><td class=\"column-2\">R<\/td><td class=\"column-3\">MC<\/td><td class=\"column-4\">Universit\u00e0 degli Studi di Udine<\/td><td class=\"column-5\">2<\/td><td class=\"column-6\">42<\/td><td class=\"column-7\">Idoneo AMMESSO<\/td>\n<\/tr>\n<tr class=\"row-4\">\n\t<td class=\"column-1\">3<\/td><td class=\"column-2\">A<\/td><td class=\"column-3\">C<\/td><td class=\"column-4\">Universit\u00e0 degli Studi di Sassari<\/td><td class=\"column-5\">2<\/td><td class=\"column-6\">40<\/td><td class=\"column-7\">Idoneo AMMESSO<\/td>\n<\/tr>\n<tr class=\"row-5\">\n\t<td class=\"column-1\">4<\/td><td class=\"column-2\">S<\/td><td class=\"column-3\">M<\/td><td class=\"column-4\">Universit\u00e0 degli Studi di Genova<\/td><td class=\"column-5\">2<\/td><td class=\"column-6\">35<\/td><td class=\"column-7\">Idoneo AMMESSO<\/td>\n<\/tr>\n<tr class=\"row-6\">\n\t<td class=\"column-1\">5<\/td><td class=\"column-2\">D<\/td><td class=\"column-3\">A<\/td><td class=\"column-4\">Universit\u00e0 degli Studi di Genova<\/td><td class=\"column-5\">2<\/td><td class=\"column-6\">33<\/td><td class=\"column-7\">Idoneo AMMESSO<\/td>\n<\/tr>\n<tr class=\"row-7\">\n\t<td class=\"column-1\">6<\/td><td class=\"column-2\">P<\/td><td class=\"column-3\">A<\/td><td class=\"column-4\">Universit\u00e0 degli Studi di Sassari<\/td><td class=\"column-5\">2<\/td><td class=\"column-6\">30<\/td><td class=\"column-7\">Idoneo AMMESSO<\/td>\n<\/tr>\n<tr class=\"row-8\">\n\t<td class=\"column-1\">7<\/td><td class=\"column-2\">M<\/td><td class=\"column-3\">A<\/td><td class=\"column-4\">Universit\u00e0 degli Studi di Roma \"La Sapienza\"<\/td><td class=\"column-5\">2<\/td><td class=\"column-6\">18<\/td><td class=\"column-7\">NON Idoneo (carenza crediti necessari all'ammissione)<\/td>\n<\/tr>\n<tr class=\"row-9\">\n\t<td class=\"column-1\">8<\/td><td class=\"column-2\">S<\/td><td class=\"column-3\">G<\/td><td class=\"column-4\">Universit\u00e0 degli Studi di Genova<\/td><td class=\"column-5\">2<\/td><td class=\"column-6\">16<\/td><td class=\"column-7\">NON Idoneo (carenza crediti necessari all'ammissione)<\/td>\n<\/tr>\n<tr class=\"row-10\">\n\t<td class=\"column-1\">9<\/td><td class=\"column-2\">Z<\/td><td class=\"column-3\">G<\/td><td class=\"column-4\">Universit\u00e0 degli Studi di Torino<\/td><td class=\"column-5\">2<\/td><td class=\"column-6\">16<\/td><td class=\"column-7\">NON Idoneo (carenza crediti necessari all'ammissione)<\/td>\n<\/tr>\n<tr class=\"row-11\">\n\t<td class=\"column-1\">10<\/td><td class=\"column-2\">D<\/td><td class=\"column-3\">L<\/td><td class=\"column-4\">Universit\u00e0 degli Studi di Sassari<\/td><td class=\"column-5\">2<\/td><td class=\"column-6\">7<\/td><td class=\"column-7\">NON Idoneo (carenza crediti necessari all'ammissione)<\/td>\n<\/tr>\n<tr class=\"row-12\">\n\t<td class=\"column-1\">11<\/td><td class=\"column-2\">B<\/td><td class=\"column-3\">E<\/td><td class=\"column-4\">Universit\u00e0 degli Studi di Roma \"La Sapienza\"<\/td><td class=\"column-5\">2<\/td><td class=\"column-6\">6<\/td><td class=\"column-7\">NON Idoneo (carenza crediti necessari all'ammissione)<\/td>\n<\/tr>\n<tr class=\"row-13\">\n\t<td class=\"column-1\">12<\/td><td class=\"column-2\">S<\/td><td class=\"column-3\">C<\/td><td class=\"column-4\">Universit\u00e0 degli Studi di Cagliari (abbreviazione di carriera da altro corso)<\/td><td class=\"column-5\">2<\/td><td class=\"column-6\">2<\/td><td class=\"column-7\">NON Idoneo (carenza crediti necessari all'ammissione)<\/td>\n<\/tr>\n<tr class=\"row-14\">\n\t<td class=\"column-1\">1<\/td><td class=\"column-2\">L<\/td><td class=\"column-3\">G<\/td><td class=\"column-4\">Humanitas University<\/td><td class=\"column-5\">3<\/td><td class=\"column-6\">46<\/td><td class=\"column-7\">NON Idoneo (carenza crediti necessari all'ammissione)<\/td>\n<\/tr>\n<tr class=\"row-15\">\n\t<td class=\"column-1\">2<\/td><td class=\"column-2\">P<\/td><td class=\"column-3\">FV<\/td><td class=\"column-4\">Universit\u00e0 degli Studi di Sassari<\/td><td class=\"column-5\">3<\/td><td class=\"column-6\">37<\/td><td class=\"column-7\">NON Idoneo (carenza crediti necessari all'ammissione)<\/td>\n<\/tr>\n<\/tbody>\n<\/table>\n<!-- #tablepress-37 from cache -->\n<p><strong>Candidati idonei AMMESSI<\/strong>: candidati idonei al rilascio del nulla osta perch\u00e9 in possesso dei requisiti richiesti ai fini dell\u2019ammissione ad anni successivi al primo, per i quali sussiste disponibilit\u00e0 di posti vacanti ai fini della relativa iscrizione.<br \/>\n<strong>Candidati idonei NON AMMESSI<\/strong>: candidati idonei al rilascio del nulla osta perch\u00e9 in possesso dei requisiti richiesti ai fini dell\u2019ammissione ad anni successivi al primo, per i quali al momento non sussiste disponibilit\u00e0 di posti vacanti ai fini della relativa iscrizione.<br \/>\n<strong>Candidati NON idonei<\/strong>: candidati non in possesso dei requisiti richiesti ai fini dell\u2019ammissione ad anni successivi al primo (numero crediti non sufficienti, gi\u00e0 iscritti al medesimo anno di corso, etc).<\/p>\n<p>Il nulla osta verr\u00e0 rilasciato secondo l&#8217;ordine di graduatoria, nel rispetto della priorit\u00e0 di sede, che dovr\u00e0 essere comunicata secondo le modalit\u00e0 di seguito riportate.<br \/>\nI candidati per i quali viene indicato il rilascio del nulla osta devono attenersi alle indicazioni sotto riportate ai fini del ritiro\/rilascio del nulla osta. I candidati in attesa dovranno attendere un&#8217;eventuale ulteriore disponibilit\u00e0 di posti liberatisi a seguito di future cessazioni.<\/p>\n<p>_______________________________________________________________________________________________<\/p>\n<p><strong>MODALITA&#8217;\u00a0RILASCIO NULLA OSTA TRASFERIMENTO IN INGRESSO E\u00a0SCADENZE AMMINISTRATIVE<\/strong><\/p>\n<p>Entro il termine del <strong>20 Dicembre 2021<\/strong>\u00a0 gli aventi diritto (<strong>idonei AMMESSI<\/strong>) dovranno tassativamente compilare una <a href=\"https:\/\/segreterie.unica.it\/medicinaechirurgia\/files\/2021\/12\/Dichiarazione-interesse-rilascio-nulla-osta.pdf\" target=\"_blank\" rel=\"noopener\"><strong>dichiarazione di interesse al rilascio del nulla osta<\/strong><\/a>, specificando l&#8217;ordine di preferenza per le sedi di frequenza previste presso l&#8217;Ateneo di Cagliari, per le quali vi sia ad ogni modo disponibilit\u00e0 di posti vacanti per l&#8217;anno accademico di riferimento.<br \/>\n<strong>Compilare il modulo pdf a campi compilabili utilizzando un personal computer. Il modulo non deve essere firmato con firma autografa. Digitare nel campo\u00a0 &#8220;Firma&#8221; il proprio nome e cognome. Allegare documento di identit\u00e0.<br \/>\n<\/strong><strong>NON COMPILARE A MANO<\/strong><\/p>\n<p>A seguito della ricezione da parte della Segreteria Studenti della suddetta dichiarazione, il nulla osta verr\u00e0 trasmesso via mail. Decorso tale termine gli aventi diritto saranno considerati rinunciatari e i posti saranno assegnati ai candidati successivi in graduatoria, che verranno chiamati mediante comunicazione diretta da parte della Segreteria Studenti. I candidati che otterranno il rilascio del nulla osta dovranno, inoltre, entro il termine di 7 gg. dall&#8217;avvenuta consegna\/trasmissione del nulla osta, inviare alla Segreteria Studenti copia della ricevuta attestante l&#8217;avvenuta presentazione presso l&#8217;ateneo di provenienza della domanda di trasferimento per l&#8217;Universit\u00e0 di Cagliari.<br \/>\nLa dichiarazione di interesse al rilascio del nulla osta potr\u00e0 essere trasmessa\u00a0via email (posta certificata all\u2019indirizzo<a href=\"mailto:protocollo@pec.unica.it\"> protocollo@pec.unica.it<\/a>\u00a0o email ordinaria all\u2019indirizzo <a href=\"mailto:documenti-medicina@unica.it\">documenti-medicina@unica.it<\/a>) entro il termine sopra riportato.<\/p>\n<p>Entro il <strong>20 Dicembre 2021<\/strong> gli eventuali candidati presenti in graduatoria come <strong>idonei NON AMMESSI<\/strong> al trasferimento (per carenza posti disponibili), qualora interessati all\u2019iscrizione in caso di successiva disponibilit\u00e0 di posti, dovranno obbligatoriamente trasmettere una <a href=\"https:\/\/segreterie.unica.it\/medicinaechirurgia\/files\/2021\/12\/Dichiarazione-manifestazione-interesse-scorrimento-graduatoria-trasferimenti-2021.pdf\" target=\"_blank\" rel=\"noopener\"><strong>dichiarazione di interesse allo scorrimento della graduatoria<\/strong><\/a>, su apposito <a href=\"https:\/\/segreterie.unica.it\/medicinaechirurgia\/files\/2021\/12\/Dichiarazione-manifestazione-interesse-scorrimento-graduatoria-trasferimenti-2021.pdf\" target=\"_blank\" rel=\"noopener\"><strong>m<\/strong><strong>odulo<\/strong><\/a> predisposto dalla Segreteria Studenti e scaricabile nella pagina di pubblicazione della graduatoria, via email (posta certificata all\u2019indirizzo <a href=\"mailto:protocollo@pec.unica.it\">protocollo@pec.unica.it<\/a>\u00a0o email ordinaria all\u2019indirizzo <a href=\"mailto:documenti-medicina@unica.it\">documenti-medicina@unica.it<\/a>).<br \/>\n<strong>Compilare il modulo pdf a campi compilabili utilizzando un personal computer. Il modulo non deve essere firmato con firma autografa. Digitare nel campo\u00a0 &#8220;Firma&#8221; il proprio nome e cognome. Allegare documento di identit\u00e0.<br \/>\n<\/strong><strong>NON COMPILARE A MANO<\/strong><\/p>\n<p>Gli studenti che non dichiareranno la disponibilit\u00e0 in base alle modalit\u00e0 definite dal presente Regolamento verranno considerati tacitamente rinunciatari e ci\u00f2 indipendentemente dalle eventuali motivazioni giustificative addotte. In tal caso saranno esclusi da tutte le successive fasi della procedura selettiva.<\/p>\n","protected":false},"excerpt":{"rendered":"<p>INFERMIERISTICA 2\u00b0 anno (5 posti sede Cagliari + 4 posti sede Nuoro) INFERMIERISTICA 3\u00b0 anno (1 posto sede Cagliari) Candidati idonei AMMESSI: candidati idonei al rilascio del nulla osta perch\u00e9 in possesso dei requisiti richiesti ai fini dell\u2019ammissione ad anni successivi al primo, per i quali sussiste disponibilit\u00e0 di posti vacanti ai fini della relativa iscrizione. Candidati idonei NON AMMESSI: candidati idonei al rilascio del nulla osta perch\u00e9 in possesso dei requisiti richiesti ai fini dell\u2019ammissione ad anni successivi al primo, per i quali al momento non sussiste disponibilit\u00e0 di posti vacanti ai fini della relativa iscrizione. Candidati NON idonei: <a href='https:\/\/segreterie.unica.it\/medicinaechirurgia\/abbreviazioni-e-trasferimenti-in-ingresso\/abbreviazioni-di-carriera-ammissioni-ad-anni-successivi-e-trasferimenti-da-altri-atenei-a-a-2020-2021\/graduatorie-trasferimenti-e-modalita-rilascio-nulla-osta-per-il-trasferimento-in-ingresso-infermieristica-2021-2022\/' class='excerpt-more'>[&#8230;]<\/a><\/p>\n","protected":false},"author":2488,"featured_media":0,"parent":5955,"menu_order":0,"comment_status":"closed","ping_status":"closed","template":"","meta":{"footnotes":""},"class_list":["post-7249","page","type-page","status-publish","hentry","post-seq-1","post-parity-odd","meta-position-corners","fix"],"_links":{"self":[{"href":"https:\/\/segreterie.unica.it\/medicinaechirurgia\/wp-json\/wp\/v2\/pages\/7249","targetHints":{"allow":["GET"]}}],"collection":[{"href":"https:\/\/segreterie.unica.it\/medicinaechirurgia\/wp-json\/wp\/v2\/pages"}],"about":[{"href":"https:\/\/segreterie.unica.it\/medicinaechirurgia\/wp-json\/wp\/v2\/types\/page"}],"author":[{"embeddable":true,"href":"https:\/\/segreterie.unica.it\/medicinaechirurgia\/wp-json\/wp\/v2\/users\/2488"}],"replies":[{"embeddable":true,"href":"https:\/\/segreterie.unica.it\/medicinaechirurgia\/wp-json\/wp\/v2\/comments?post=7249"}],"version-history":[{"count":10,"href":"https:\/\/segreterie.unica.it\/medicinaechirurgia\/wp-json\/wp\/v2\/pages\/7249\/revisions"}],"predecessor-version":[{"id":7278,"href":"https:\/\/segreterie.unica.it\/medicinaechirurgia\/wp-json\/wp\/v2\/pages\/7249\/revisions\/7278"}],"up":[{"embeddable":true,"href":"https:\/\/segreterie.unica.it\/medicinaechirurgia\/wp-json\/wp\/v2\/pages\/5955"}],"wp:attachment":[{"href":"https:\/\/segreterie.unica.it\/medicinaechirurgia\/wp-json\/wp\/v2\/media?parent=7249"}],"curies":[{"name":"wp","href":"https:\/\/api.w.org\/{rel}","templated":true}]}}