{"id":5955,"date":"2020-06-11T17:23:49","date_gmt":"2020-06-11T15:23:49","guid":{"rendered":"http:\/\/segreterie.unica.it\/medicinaechirurgia\/?page_id=5955"},"modified":"2020-11-02T11:24:45","modified_gmt":"2020-11-02T10:24:45","slug":"abbreviazioni-di-carriera-ammissioni-ad-anni-successivi-e-trasferimenti-da-altri-atenei-a-a-2020-2021","status":"publish","type":"page","link":"https:\/\/segreterie.unica.it\/medicinaechirurgia\/abbreviazioni-e-trasferimenti-in-ingresso\/abbreviazioni-di-carriera-ammissioni-ad-anni-successivi-e-trasferimenti-da-altri-atenei-a-a-2020-2021\/","title":{"rendered":"Abbreviazioni di carriera, Ammissioni ad anni successivi e Trasferimenti da altri atenei &#8211; A.A. 2020\/2021"},"content":{"rendered":"<ol>\n<li><a href=\"http:\/\/segreterie.unica.it\/medicinaechirurgia\/?p=2530\" target=\"_blank\" rel=\"noopener noreferrer\">Requisiti obbligatori richiesti per la presentazione delle domande di nulla osta<br \/>\n<\/a>(chi pu\u00f2 presentare domanda nulla osta)<\/li>\n<li><a href=\"http:\/\/segreterie.unica.it\/medicinaechirurgia\/?page_id=4711&amp;preview=true\" target=\"_blank\" rel=\"noopener noreferrer\">Requisiti specifici di ammissibilit\u00e0 ai fini della valutazione delle istanze di nulla osta<\/a><\/li>\n<li><a href=\"https:\/\/segreterie.unica.it\/medicinaechirurgia\/trasferimenti-da-altri-atenei\/modalita-e-termini-presentazione-domande-nulla-osta-trasferimento-in-ingresso-a-a-2020-2021\/\" target=\"_blank\" rel=\"noopener noreferrer\">Modalit\u00e0 e termini presentazione domande nulla osta per trasferimenti in ingresso<\/a><\/li>\n<li><a href=\"http:\/\/segreterie.unica.it\/medicinaechirurgia\/?p=2505\" target=\"_blank\" rel=\"noopener noreferrer\">Valutazione curriculum degli studi e requisiti ammissibilit\u00e0 anni successivi al primo<\/a><\/li>\n<li><a href=\"http:\/\/segreterie.unica.it\/medicinaechirurgia\/?p=2536\" target=\"_blank\" rel=\"noopener noreferrer\">Criteri e parametri redazione graduatorie generali di merito<\/a><\/li>\n<li><a href=\"https:\/\/segreterie.unica.it\/medicinaechirurgia\/trasferimenti-da-altri-atenei\/graduatorie-trasferimenti-da-altri-atenei-e-candidati-idonei-al-rilascio-del-nulla-osta-2020-2021\/\" target=\"_blank\" rel=\"noopener noreferrer\">Pubblicazione graduatorie di merito e rilascio nulla osta agli aventi diritto<\/a><\/li>\n<li><a href=\"https:\/\/segreterie.unica.it\/medicinaechirurgia\/trasferimenti-da-altri-atenei\/abbreviazioni-di-carriera-ammissioni-ad-anni-successivi-e-trasferimenti-da-altri-atenei-a-a-2020-2021\/posti-disponibili-per-abbreviazioni-di-corso-e-trasferimenti-in-ingresso-a-a-2020-2021\/\" target=\"_blank\" rel=\"noopener noreferrer\">Posti disponibili per abbreviazioni di corso e trasferimenti in ingresso<\/a><\/li>\n<li><a href=\"https:\/\/segreterie.unica.it\/medicinaechirurgia\/trasferimenti-da-altri-atenei\/graduatorie-trasferimenti-da-altri-atenei-e-candidati-idonei-al-rilascio-del-nulla-osta-2020-2021\/\" target=\"_blank\" rel=\"noopener noreferrer\">Graduatorie candidati idonei al rilascio del nulla osta al trasferimento in ingresso<\/a><\/li>\n<li><a href=\"http:\/\/segreterie.unica.it\/medicinaechirurgia\/trasferimenti-da-altri-atenei\/avvisi\/\" target=\"_blank\" rel=\"noopener noreferrer\">AVVISI<\/a><\/li>\n<\/ol>\n<p>&#8211; <a href=\"http:\/\/segreterie.unica.it\/medicinaechirurgia\/?p=2509\" target=\"_blank\" rel=\"noopener noreferrer\">Regolamento trasferimenti in ingresso<\/a> (<strong><span style=\"text-decoration: underline\">ATTENZIONE<\/span>: La procedura di presentazione delle istanze in formato cartaceo indicata nel Regolamento trasferimenti \u00e8 stata totalmente informatizzata. Seguire le indicazioni relative alla nuova procedura telematica di presentazione delle istanze di rilascio nulla osta contenute nella guida di seguito riportata<\/strong>)<\/p>\n<p>&#8211; <strong><a href=\"https:\/\/segreterie.unica.it\/medicinaechirurgia\/files\/2020\/08\/ISTRUZIONI-ISCRIZIONE-SELEZIONE-TRASFERIMENTI-DA-ALTRI-ATENEI-2020-DEFINITIVO.pdf\" target=\"_blank\" rel=\"noopener noreferrer\">GUIDA ALLA PROCEDURA TELEMATICA DI PRESENTAZIONE DELLE ISTANZE<\/a><\/strong> (<strong>LEGGERE CON ATTENZIONE<\/strong>)<br \/>\n&#8211; Modulo richiesta nulla osta trasferimento in ingresso (<a href=\"https:\/\/segreterie.unica.it\/medicinaechirurgia\/files\/2020\/08\/Richiesta-Nulla-Osta-Trasferimento-Abbreviazione-2020-2021.pdf\" target=\"_blank\" rel=\"noopener noreferrer\"><strong>scarica<\/strong><\/a>) disponibile dal 10 agosto 2020 &#8211; Modulo pdf compilabile. <span style=\"text-decoration: underline\"><strong>NON COMPILARE A MANO &#8211; IL MODULO DEVE ESSERE COMPILATO TRAMITE PERSONAL COMPUTER E TRASMESSO IN FORMATO PDF IN UN UNICO FILE. NON INVIARE IMMAGINI<\/strong><\/span><br \/>\n&#8211; Modulo richiesta abbreviazione di carriera e ammissione ad anni successivi (<a href=\"https:\/\/segreterie.unica.it\/medicinaechirurgia\/files\/2020\/08\/Richiesta-Nulla-Osta-Trasferimento-Abbreviazione-2020-2021.pdf\" target=\"_blank\" rel=\"noopener noreferrer\"><strong>scarica<\/strong><\/a>) disponibile dal 10 agosto 2020. <span style=\"text-decoration: underline\"><strong>NON COMPILARE A MANO &#8211; IL MODULO DEVE ESSERE COMPILATO TRAMITE PERSONAL COMPUTER E TRASMESSO IN FORMATO PDF IN UN UNICO FILE. NON INVIARE IMMAGINI<\/strong><\/span><\/p>\n<p>&nbsp;<\/p>\n<h3 style=\"text-align: center\"><strong>SCADENZA<br \/>\npresentazione domande nulla osta\/Abbreviazione di carriera e ammissione ad anni successivi:<\/strong><\/h3>\n<h1 style=\"text-align: center\"><strong><span style=\"text-decoration: underline\">dal 10 agosto 2020 al 7 settembre 2020<br \/>\n<\/span><\/strong><\/h1>\n","protected":false},"excerpt":{"rendered":"<p>Requisiti obbligatori richiesti per la presentazione delle domande di nulla osta (chi pu\u00f2 presentare domanda nulla osta) Requisiti specifici di ammissibilit\u00e0 ai fini della valutazione delle istanze di nulla osta Modalit\u00e0 e termini presentazione domande nulla osta per trasferimenti in ingresso Valutazione curriculum degli studi e requisiti ammissibilit\u00e0 anni successivi al primo Criteri e parametri redazione graduatorie generali di merito Pubblicazione graduatorie di merito e rilascio nulla osta agli aventi diritto Posti disponibili per abbreviazioni di corso e trasferimenti in ingresso Graduatorie candidati idonei al rilascio del nulla osta al trasferimento in ingresso AVVISI &#8211; Regolamento trasferimenti in ingresso (ATTENZIONE: <a href='https:\/\/segreterie.unica.it\/medicinaechirurgia\/abbreviazioni-e-trasferimenti-in-ingresso\/abbreviazioni-di-carriera-ammissioni-ad-anni-successivi-e-trasferimenti-da-altri-atenei-a-a-2020-2021\/' class='excerpt-more'>[&#8230;]<\/a><\/p>\n","protected":false},"author":2488,"featured_media":0,"parent":2492,"menu_order":0,"comment_status":"closed","ping_status":"closed","template":"","meta":{"footnotes":""},"class_list":["post-5955","page","type-page","status-publish","hentry","post-seq-1","post-parity-odd","meta-position-corners","fix"],"_links":{"self":[{"href":"https:\/\/segreterie.unica.it\/medicinaechirurgia\/wp-json\/wp\/v2\/pages\/5955","targetHints":{"allow":["GET"]}}],"collection":[{"href":"https:\/\/segreterie.unica.it\/medicinaechirurgia\/wp-json\/wp\/v2\/pages"}],"about":[{"href":"https:\/\/segreterie.unica.it\/medicinaechirurgia\/wp-json\/wp\/v2\/types\/page"}],"author":[{"embeddable":true,"href":"https:\/\/segreterie.unica.it\/medicinaechirurgia\/wp-json\/wp\/v2\/users\/2488"}],"replies":[{"embeddable":true,"href":"https:\/\/segreterie.unica.it\/medicinaechirurgia\/wp-json\/wp\/v2\/comments?post=5955"}],"version-history":[{"count":26,"href":"https:\/\/segreterie.unica.it\/medicinaechirurgia\/wp-json\/wp\/v2\/pages\/5955\/revisions"}],"predecessor-version":[{"id":6460,"href":"https:\/\/segreterie.unica.it\/medicinaechirurgia\/wp-json\/wp\/v2\/pages\/5955\/revisions\/6460"}],"up":[{"embeddable":true,"href":"https:\/\/segreterie.unica.it\/medicinaechirurgia\/wp-json\/wp\/v2\/pages\/2492"}],"wp:attachment":[{"href":"https:\/\/segreterie.unica.it\/medicinaechirurgia\/wp-json\/wp\/v2\/media?parent=5955"}],"curies":[{"name":"wp","href":"https:\/\/api.w.org\/{rel}","templated":true}]}}