{"id":5808,"date":"2019-11-08T12:35:08","date_gmt":"2019-11-08T11:35:08","guid":{"rendered":"http:\/\/segreterie.unica.it\/medicinaechirurgia\/?page_id=5808"},"modified":"2019-11-08T12:35:08","modified_gmt":"2019-11-08T11:35:08","slug":"graduatorie-trasferimenti-e-modalita-rilascio-nulla-osta-per-il-trasferimento-in-ingresso-2019-2020","status":"publish","type":"page","link":"https:\/\/segreterie.unica.it\/medicinaechirurgia\/abbreviazioni-e-trasferimenti-in-ingresso\/graduatorie-trasferimenti-e-modalita-rilascio-nulla-osta-per-il-trasferimento-in-ingresso-2019-2020\/","title":{"rendered":"Graduatorie trasferimenti e modalit\u00e0 rilascio nulla osta per il trasferimento in ingresso 2019\/2020"},"content":{"rendered":"<p><strong>INFERMIERISTICA (7 posti sede Cagliari + 1 posto sede Nuoro)<\/strong><\/p>\n\n<table id=\"tablepress-18\" class=\"tablepress tablepress-id-18\">\n<thead>\n<tr class=\"row-1\">\n\t<th class=\"column-1\">Pos.<\/th><th class=\"column-2\">Iniziale Cognome<\/th><th class=\"column-3\">Iniziale Nome<\/th><th class=\"column-4\">Ateneo di provenienza<\/th><th class=\"column-5\">Anno Ammissione<\/th><th class=\"column-6\">Rilascio nulla osta<\/th>\n<\/tr>\n<\/thead>\n<tbody class=\"row-striping row-hover\">\n<tr class=\"row-2\">\n\t<td class=\"column-1\">1<\/td><td class=\"column-2\">M<\/td><td class=\"column-3\">V<\/td><td class=\"column-4\">Universit\u00e0 degli Studi di Roma \"Tor Vergata\"<\/td><td class=\"column-5\">3<\/td><td class=\"column-6\">SI<\/td>\n<\/tr>\n<tr class=\"row-3\">\n\t<td class=\"column-1\">1<\/td><td class=\"column-2\">T<\/td><td class=\"column-3\">V<\/td><td class=\"column-4\">Universit\u00e0 degli Studi di Sassari<\/td><td class=\"column-5\">2<\/td><td class=\"column-6\">SI<\/td>\n<\/tr>\n<tr class=\"row-4\">\n\t<td class=\"column-1\">2<\/td><td class=\"column-2\">M<\/td><td class=\"column-3\">M<\/td><td class=\"column-4\">Universit\u00e0 degli Studi di Siena<\/td><td class=\"column-5\">2<\/td><td class=\"column-6\">SI<\/td>\n<\/tr>\n<tr class=\"row-5\">\n\t<td class=\"column-1\">3<\/td><td class=\"column-2\">T<\/td><td class=\"column-3\">T<\/td><td class=\"column-4\">Universit\u00e0 degli Studi di Genova<\/td><td class=\"column-5\">2<\/td><td class=\"column-6\">SI<\/td>\n<\/tr>\n<tr class=\"row-6\">\n\t<td class=\"column-1\">4<\/td><td class=\"column-2\">C<\/td><td class=\"column-3\">E<\/td><td class=\"column-4\">Universit\u00e0 degli Studi di Genova<\/td><td class=\"column-5\">2<\/td><td class=\"column-6\">SI<\/td>\n<\/tr>\n<tr class=\"row-7\">\n\t<td class=\"column-1\">5<\/td><td class=\"column-2\">C<\/td><td class=\"column-3\">S<\/td><td class=\"column-4\">Universit\u00e0 degli Studi di Genova<\/td><td class=\"column-5\">2<\/td><td class=\"column-6\">SI<\/td>\n<\/tr>\n<tr class=\"row-8\">\n\t<td class=\"column-1\">6<\/td><td class=\"column-2\">M<\/td><td class=\"column-3\">B<\/td><td class=\"column-4\">Universit\u00e0 degli Studi di Verona<\/td><td class=\"column-5\">2<\/td><td class=\"column-6\">SI<\/td>\n<\/tr>\n<tr class=\"row-9\">\n\t<td class=\"column-1\">7<\/td><td class=\"column-2\">C<\/td><td class=\"column-3\">N<\/td><td class=\"column-4\">Universit\u00e0 degli Studi di Sassari<\/td><td class=\"column-5\">2<\/td><td class=\"column-6\">SI<\/td>\n<\/tr>\n<tr class=\"row-10\">\n\t<td class=\"column-1\">8<\/td><td class=\"column-2\">B<\/td><td class=\"column-3\">P<\/td><td class=\"column-4\">Universit\u00e0 degli Studi di Sassari<\/td><td class=\"column-5\">2<\/td><td class=\"column-6\">In attesa posti disponibili<\/td>\n<\/tr>\n<tr class=\"row-11\">\n\t<td class=\"column-1\">9<\/td><td class=\"column-2\">G<\/td><td class=\"column-3\">S<\/td><td class=\"column-4\">Universit\u00e0 degli Studi di Milano<\/td><td class=\"column-5\">2<\/td><td class=\"column-6\">In attesa posti disponibili<\/td>\n<\/tr>\n<\/tbody>\n<\/table>\n<!-- #tablepress-18 from cache -->\n<p><strong>Candidati idonei<\/strong>: tutti i candidati sopra riportati sono idonei al rilascio del nulla osta.<br \/>\nIl nulla osta verr\u00e0 rilasciato secondo l&#8217;ordine di graduatoria, nel rispetto della priorit\u00e0 di sede, che dovr\u00e0 essere comunicata secondo le modalit\u00e0 di seguito riportate.<br \/>\nI candidati per i quali viene indicato il rilascio del nulla osta devono attenersi alle indicazioni sotto riportate ai fini del ritiro\/rilascio del nulla osta. I candidati in attesa dovranno attendere un&#8217;eventuale ulteriore disponibilit\u00e0 di posti liberatisi a seguito di future cessazioni.<\/p>\n<p>_______________________________________________________________________________________________<\/p>\n<p><strong>MODALITA&#8217;\u00a0RILASCIO NULLA OSTA TRASFERIMENTO IN INGRESSO E\u00a0SCADENZE AMMINISTRATIVE<\/strong><\/p>\n<p>Entro il termine del\u00a0<strong>15 Novembre 2019<\/strong>\u00a0 gli aventi diritto dovranno tassativamente\u00a0presentarsi presso la Segreteria Studenti della Facolt\u00e0 di Medicina e Chirurgia \u2013 Cittadella Universitaria \u2013 S.P. Monserrato \u2013 Sestu km 0,700 \u2013 Monserrato (CA), per il <strong>RITIRO DEL NULLA OSTA<\/strong>. Qualora gli aventi diritto al rilascio del nulla osta siano impossibilitati al ritiro,\u00a0in caso di espressa richiesta da parte dell&#8217;interessato, che dovr\u00e0 ad ogni modo\u00a0essere comunicata agli uffici della Segreteria Studenti\u00a0entro il termine sopra riportato, dovranno compilare\u00a0una <a href=\"https:\/\/segreterie.unica.it\/medicinaechirurgia\/files\/2019\/11\/Dichiarazione-interesse-rilascio-nulla-osta.pdf\" target=\"_blank\" rel=\"noopener noreferrer\"><strong>dichiarazione di interesse al rilascio del nulla osta<\/strong><\/a>, specificando l&#8217;ordine di\u00a0preferenza\u00a0per le\u00a0sedi di frequenza previste presso l&#8217;Ateneo di Cagliari, per le quali vi sia ad ogni modo disponibilit\u00e0 di posti vacanti per l&#8217;anno accademico di riferimento.\u00a0A seguito della ricezione da parte della Segreteria Studenti della suddetta dichiarazione, il nulla osta\u00a0verr\u00e0 trasmesso via mail. Decorso tale termine gli aventi diritto saranno considerati rinunciatari e i posti saranno assegnati ai candidati successivi in graduatoria, che verranno chiamati mediante comunicazione diretta da parte della Segreteria Studenti. I candidati che otterranno il rilascio del nulla osta dovranno, inoltre, entro il termine di 7 gg. dall&#8217;avvenuta consegna\/trasmissione del nulla osta, inviare alla Segreteria Studenti\u00a0copia della ricevuta\u00a0attestante l&#8217;avvenuta\u00a0presentazione presso l&#8217;ateneo di provenienza\u00a0della domanda di trasferimento per l&#8217;Universit\u00e0 di Cagliari.<br \/>\nLa dichiarazione di interesse al rilascio del nulla osta potr\u00e0 essere trasmessa\u00a0via email (posta certificata all\u2019indirizzo<a href=\"mailto:protocollo@pec.unica.it\"> protocollo@pec.unica.it<\/a>\u00a0o email ordinaria all\u2019indirizzo <a href=\"mailto:documenti-medicina@unica.it\">documenti-medicina@unica.it<\/a>) entro il termine sopra riportato.<\/p>\n<p>Entro il\u00a0<strong>15 Novembre 2019<\/strong> i candidati idonei non ammessi al trasferimento ma interessati all\u2019iscrizione in caso di successiva disponibilit\u00e0 di posti dovranno obbligatoriamente trasmettere una <a href=\"https:\/\/segreterie.unica.it\/medicinaechirurgia\/files\/2019\/11\/Dichiarazione-manifestazione-interesse-scorrimento-graduatoria-trasferimenti-2019.pdf\" target=\"_blank\" rel=\"noopener noreferrer\"><strong>dichiarazione di interesse allo scorrimento della graduatoria<\/strong><\/a>, su apposito <a href=\"https:\/\/segreterie.unica.it\/medicinaechirurgia\/files\/2019\/11\/Dichiarazione-manifestazione-interesse-scorrimento-graduatoria-trasferimenti-2019.pdf\" target=\"_blank\" rel=\"noopener noreferrer\"><strong>m<\/strong><strong>odulo<\/strong><\/a> predisposto dalla Segreteria Studenti e scaricabile nella pagina di pubblicazione della graduatoria, via email (posta certificata all\u2019indirizzo <a href=\"mailto:protocollo@pec.unica.it\">protocollo@pec.unica.it<\/a>\u00a0o email ordinaria all\u2019indirizzo <a href=\"mailto:documenti-medicina@unica.it\">documenti-medicina@unica.it<\/a>) o consegnata personalmente presso la Segreteria Studenti della Facolt\u00e0 di Medicina e Chirurgia \u2013\u2013 Cittadella Universitaria \u2013 S.P. Monserrato \u2013 Sestu km 0,700 \u2013 Monserrato (CA).<\/p>\n<p>Gli studenti che non dichiareranno la disponibilit\u00e0 in base alle modalit\u00e0 definite dal presente Regolamento verranno considerati tacitamente rinunciatari e ci\u00f2 indipendentemente dalle eventuali motivazioni giustificative addotte. In tal caso saranno esclusi da tutte le successive fasi della procedura selettiva.<\/p>\n","protected":false},"excerpt":{"rendered":"<p>INFERMIERISTICA (7 posti sede Cagliari + 1 posto sede Nuoro) Candidati idonei: tutti i candidati sopra riportati sono idonei al rilascio del nulla osta. Il nulla osta verr\u00e0 rilasciato secondo l&#8217;ordine di graduatoria, nel rispetto della priorit\u00e0 di sede, che dovr\u00e0 essere comunicata secondo le modalit\u00e0 di seguito riportate. I candidati per i quali viene indicato il rilascio del nulla osta devono attenersi alle indicazioni sotto riportate ai fini del ritiro\/rilascio del nulla osta. I candidati in attesa dovranno attendere un&#8217;eventuale ulteriore disponibilit\u00e0 di posti liberatisi a seguito di future cessazioni. _______________________________________________________________________________________________ MODALITA&#8217;\u00a0RILASCIO NULLA OSTA TRASFERIMENTO IN INGRESSO E\u00a0SCADENZE AMMINISTRATIVE <a href='https:\/\/segreterie.unica.it\/medicinaechirurgia\/abbreviazioni-e-trasferimenti-in-ingresso\/graduatorie-trasferimenti-e-modalita-rilascio-nulla-osta-per-il-trasferimento-in-ingresso-2019-2020\/' class='excerpt-more'>[&#8230;]<\/a><\/p>\n","protected":false},"author":2488,"featured_media":0,"parent":2492,"menu_order":0,"comment_status":"closed","ping_status":"closed","template":"","meta":{"footnotes":""},"class_list":["post-5808","page","type-page","status-publish","hentry","post-seq-1","post-parity-odd","meta-position-corners","fix"],"_links":{"self":[{"href":"https:\/\/segreterie.unica.it\/medicinaechirurgia\/wp-json\/wp\/v2\/pages\/5808","targetHints":{"allow":["GET"]}}],"collection":[{"href":"https:\/\/segreterie.unica.it\/medicinaechirurgia\/wp-json\/wp\/v2\/pages"}],"about":[{"href":"https:\/\/segreterie.unica.it\/medicinaechirurgia\/wp-json\/wp\/v2\/types\/page"}],"author":[{"embeddable":true,"href":"https:\/\/segreterie.unica.it\/medicinaechirurgia\/wp-json\/wp\/v2\/users\/2488"}],"replies":[{"embeddable":true,"href":"https:\/\/segreterie.unica.it\/medicinaechirurgia\/wp-json\/wp\/v2\/comments?post=5808"}],"version-history":[{"count":12,"href":"https:\/\/segreterie.unica.it\/medicinaechirurgia\/wp-json\/wp\/v2\/pages\/5808\/revisions"}],"predecessor-version":[{"id":5830,"href":"https:\/\/segreterie.unica.it\/medicinaechirurgia\/wp-json\/wp\/v2\/pages\/5808\/revisions\/5830"}],"up":[{"embeddable":true,"href":"https:\/\/segreterie.unica.it\/medicinaechirurgia\/wp-json\/wp\/v2\/pages\/2492"}],"wp:attachment":[{"href":"https:\/\/segreterie.unica.it\/medicinaechirurgia\/wp-json\/wp\/v2\/media?parent=5808"}],"curies":[{"name":"wp","href":"https:\/\/api.w.org\/{rel}","templated":true}]}}