{"id":5399,"date":"2019-04-30T17:15:37","date_gmt":"2019-04-30T15:15:37","guid":{"rendered":"http:\/\/segreterie.unica.it\/medicinaechirurgia\/?page_id=5399"},"modified":"2019-04-30T17:15:37","modified_gmt":"2019-04-30T15:15:37","slug":"graduatoria-cdl-in-fisioterapia-valutazione-ammissibilita-studenti-in-possesso-di-titolo-estero-o-provenienti-da-altro-ateneo","status":"publish","type":"page","link":"https:\/\/segreterie.unica.it\/medicinaechirurgia\/abbreviazioni-e-trasferimenti-in-ingresso\/graduatorie-trasferimenti-da-altri-atenei-e-candidati-idonei-al-rilascio-del-nulla-osta-2018-2019\/graduatoria-cdl-in-fisioterapia-valutazione-ammissibilita-studenti-in-possesso-di-titolo-estero-o-provenienti-da-altro-ateneo\/","title":{"rendered":"Graduatoria CDL in Fisioterapia \u2013 Valutazione ammissibilit\u00e0 studenti in possesso di titolo estero o provenienti da altro ateneo"},"content":{"rendered":"<p><strong>Valutazione richieste riconoscimento titolo conseguito presso ateneo estero e istanze trasferimento in ingresso presentate da studenti iscritti presso altra sede universitaria &#8211; A.A. 2018\/2019<\/strong><\/p>\n\n<table id=\"tablepress-15\" class=\"tablepress tablepress-id-15\">\n<thead>\n<tr class=\"row-1\">\n\t<th class=\"column-1\">Pos.<\/th><th class=\"column-2\">Iniziale Cognome<\/th><th class=\"column-3\">Iniziale Nome<\/th><th class=\"column-4\">Ateneo di provenienza<\/th><th class=\"column-5\">Anno Ammissibilit\u00e0 deliberato<\/th><th class=\"column-6\">CFU riconoscibili<\/th>\n<\/tr>\n<\/thead>\n<tbody class=\"row-striping row-hover\">\n<tr class=\"row-2\">\n\t<td class=\"column-1\">1<\/td><td class=\"column-2\">C<\/td><td class=\"column-3\">M<\/td><td class=\"column-4\">Alma Mater Europaea (ECM) - Maribor (Slovenia)<\/td><td class=\"column-5\">3\u00b0 ANNO<\/td><td class=\"column-6\">84 + 32<\/td>\n<\/tr>\n<tr class=\"row-3\">\n\t<td class=\"column-1\">2<\/td><td class=\"column-2\">Z<\/td><td class=\"column-3\">V<\/td><td class=\"column-4\">Alma Mater Europaea (ECM) - Maribor (Slovenia)<\/td><td class=\"column-5\">3\u00b0 ANNO<\/td><td class=\"column-6\">84 + 32<\/td>\n<\/tr>\n<tr class=\"row-4\">\n\t<td class=\"column-1\">3<\/td><td class=\"column-2\">C<\/td><td class=\"column-3\">F<\/td><td class=\"column-4\">Alma Mater Europaea (ECM) - Maribor (Slovenia)<\/td><td class=\"column-5\">3\u00b0 ANNO<\/td><td class=\"column-6\">84 + 32<\/td>\n<\/tr>\n<tr class=\"row-5\">\n\t<td class=\"column-1\">4<\/td><td class=\"column-2\">P<\/td><td class=\"column-3\">A<\/td><td class=\"column-4\">Alma Mater Europaea (ECM) - Maribor (Slovenia)<\/td><td class=\"column-5\">3\u00b0 ANNO<\/td><td class=\"column-6\">84 + 32<\/td>\n<\/tr>\n<tr class=\"row-6\">\n\t<td class=\"column-1\">5<\/td><td class=\"column-2\">C<\/td><td class=\"column-3\">A<\/td><td class=\"column-4\">Alma Mater Europaea (ECM) - Maribor (Slovenia<\/td><td class=\"column-5\">2\u00b0 ANNO<\/td><td class=\"column-6\">62 + 32<\/td>\n<\/tr>\n<tr class=\"row-7\">\n\t<td class=\"column-1\">5<\/td><td class=\"column-2\">C<\/td><td class=\"column-3\">R<\/td><td class=\"column-4\">Alma Mater Europaea (ECM) - Maribor (Slovenia)<\/td><td class=\"column-5\">2\u00b0 ANNO<\/td><td class=\"column-6\">55 + 32<\/td>\n<\/tr>\n<tr class=\"row-8\">\n\t<td class=\"column-1\">6<\/td><td class=\"column-2\">A<\/td><td class=\"column-3\">A<\/td><td class=\"column-4\">Alma Mater Europaea (ECM) - Maribor (Slovenia)<\/td><td class=\"column-5\">2\u00b0 ANNO<\/td><td class=\"column-6\">42 + 32<\/td>\n<\/tr>\n<\/tbody>\n<\/table>\n<!-- #tablepress-15 from cache -->\n<p><strong>N.B.<\/strong><\/p>\n<p><strong><span style=\"text-decoration: underline\">L&#8217;eventuale ammissione\/iscrizione dei candidati \u00e8 subordinata all&#8217;accertata disponibilit\u00e0 di posti per l&#8217;anno di corso di ammissibilit\u00e0 deliberato<\/span>.<\/strong><\/p>\n","protected":false},"excerpt":{"rendered":"<p>Valutazione richieste riconoscimento titolo conseguito presso ateneo estero e istanze trasferimento in ingresso presentate da studenti iscritti presso altra sede universitaria &#8211; A.A. 2018\/2019 N.B. L&#8217;eventuale ammissione\/iscrizione dei candidati \u00e8 subordinata all&#8217;accertata disponibilit\u00e0 di posti per l&#8217;anno di corso di ammissibilit\u00e0 deliberato.<\/p>\n","protected":false},"author":2488,"featured_media":0,"parent":5217,"menu_order":0,"comment_status":"closed","ping_status":"closed","template":"","meta":{"footnotes":""},"class_list":["post-5399","page","type-page","status-publish","hentry","post-seq-1","post-parity-odd","meta-position-corners","fix"],"_links":{"self":[{"href":"https:\/\/segreterie.unica.it\/medicinaechirurgia\/wp-json\/wp\/v2\/pages\/5399","targetHints":{"allow":["GET"]}}],"collection":[{"href":"https:\/\/segreterie.unica.it\/medicinaechirurgia\/wp-json\/wp\/v2\/pages"}],"about":[{"href":"https:\/\/segreterie.unica.it\/medicinaechirurgia\/wp-json\/wp\/v2\/types\/page"}],"author":[{"embeddable":true,"href":"https:\/\/segreterie.unica.it\/medicinaechirurgia\/wp-json\/wp\/v2\/users\/2488"}],"replies":[{"embeddable":true,"href":"https:\/\/segreterie.unica.it\/medicinaechirurgia\/wp-json\/wp\/v2\/comments?post=5399"}],"version-history":[{"count":7,"href":"https:\/\/segreterie.unica.it\/medicinaechirurgia\/wp-json\/wp\/v2\/pages\/5399\/revisions"}],"predecessor-version":[{"id":5407,"href":"https:\/\/segreterie.unica.it\/medicinaechirurgia\/wp-json\/wp\/v2\/pages\/5399\/revisions\/5407"}],"up":[{"embeddable":true,"href":"https:\/\/segreterie.unica.it\/medicinaechirurgia\/wp-json\/wp\/v2\/pages\/5217"}],"wp:attachment":[{"href":"https:\/\/segreterie.unica.it\/medicinaechirurgia\/wp-json\/wp\/v2\/media?parent=5399"}],"curies":[{"name":"wp","href":"https:\/\/api.w.org\/{rel}","templated":true}]}}