{"id":5314,"date":"2019-02-20T14:09:56","date_gmt":"2019-02-20T13:09:56","guid":{"rendered":"http:\/\/segreterie.unica.it\/medicinaechirurgia\/?page_id=5314"},"modified":"2023-02-14T15:27:43","modified_gmt":"2023-02-14T14:27:43","slug":"iscriversi-ad-un-corso-di-laurea-o-laurea-magistrale-a-ciclo-unico-con-un-titolo-estero","status":"publish","type":"page","link":"https:\/\/segreterie.unica.it\/medicinaechirurgia\/iscriversi-ad-un-corso-di-laurea-o-laurea-magistrale-a-ciclo-unico-con-un-titolo-estero\/","title":{"rendered":"Iscriversi ad un Corso di Laurea o Laurea Magistrale a ciclo unico con un titolo estero"},"content":{"rendered":"<p>VERSIONE DOCUMENTO IN\u00a0\u00a0<a href=\"http:\/\/segreterie.unica.it\/medicinaechirurgia\/enrolling-in-a-first-cycle-or-single-cycle-degree-programme-foreign-qualification\/\" target=\"_blank\" rel=\"noopener\">LINGUA INGLESE (ENGLISH LANGUAGE)<\/a> <a href=\"http:\/\/segreterie.unica.it\/medicinaechirurgia\/recognition-of-foreign-academic-qualifications\/\" target=\"_blank\" rel=\"noopener\"><img decoding=\"async\" class=\"wp-image-5326 alignnone\" src=\"http:\/\/segreterie.unica.it\/medicinaechirurgia\/files\/2019\/02\/Bandiera20inglese20500.jpg\" alt=\"\" width=\"20\" srcset=\"https:\/\/segreterie.unica.it\/medicinaechirurgia\/files\/2019\/02\/Bandiera20inglese20500.jpg 500w, https:\/\/segreterie.unica.it\/medicinaechirurgia\/files\/2019\/02\/Bandiera20inglese20500-150x150.jpg 150w, https:\/\/segreterie.unica.it\/medicinaechirurgia\/files\/2019\/02\/Bandiera20inglese20500-300x300.jpg 300w, https:\/\/segreterie.unica.it\/medicinaechirurgia\/files\/2019\/02\/Bandiera20inglese20500-96x96.jpg 96w, https:\/\/segreterie.unica.it\/medicinaechirurgia\/files\/2019\/02\/Bandiera20inglese20500-24x24.jpg 24w, https:\/\/segreterie.unica.it\/medicinaechirurgia\/files\/2019\/02\/Bandiera20inglese20500-36x36.jpg 36w, https:\/\/segreterie.unica.it\/medicinaechirurgia\/files\/2019\/02\/Bandiera20inglese20500-48x48.jpg 48w, https:\/\/segreterie.unica.it\/medicinaechirurgia\/files\/2019\/02\/Bandiera20inglese20500-64x64.jpg 64w\" sizes=\"(max-width: 500px) 100vw, 500px\" \/><\/a><\/p>\n<p>&nbsp;<\/p>\n<p>Puoi accedere ad un <strong>Corso di Laurea o Laurea Magistrale a ciclo unico<\/strong> se possiedi un titolo di studio finale di scuola secondaria estero:<\/p>\n<ul>\n<li>conseguito al termine di un <strong>periodo scolastico pari ad almeno 12 anni;<\/strong><\/li>\n<li>conseguito dopo almeno l\u2019ultimo biennio di frequenza con esito positivo nel sistema estero;<\/li>\n<li>che consente l\u2019accesso ad un corso analogo a quello che viene richiesto in Italia, presso le Universit\u00e0 del Paese al cui ordinamento si riferisce. Se \u00e8 prevista una prova di idoneit\u00e0 accademica per l\u2019accesso all\u2019universit\u00e0 (ad esempio la Selectividad in Spagna) devi superare anche questa prova.<\/li>\n<\/ul>\n<p>Nei dodici anni pu\u00f2 rientrare anche l&#8217;anno prescolare a condizione che:<\/p>\n<ul>\n<li>la frequenza di tale anno sia obbligatoria e parte integrante del curriculum;<\/li>\n<li>il programma preveda l&#8217;insegnamento della lettura e della scrittura della lingua materna e i primi elementi del calcolo aritmetico.<\/li>\n<\/ul>\n<p>Se possiedi un <strong>titolo conseguito al termine di un percorso scolastico di durata inferiore a 12 anni<\/strong>, devi presentare, oltre al diploma originale degli studi secondari, anche la certificazione accademica attestante il superamento di tutti gli esami previsti:<\/p>\n<ul>\n<li>per il primo anno di studi universitari, nel caso di sistema scolastico locale di undici anni;<\/li>\n<li>per i primi due anni di studi universitari, nel caso di sistema scolastico locale di dieci anni.<\/li>\n<\/ul>\n<p>Tale certificazione accademica, complementare a titoli di scuola secondaria conseguiti con meno di dodici anni di scolarit\u00e0, consente in Italia solo l&#8217;immatricolazione al primo anno accademico. L&#8217;iscrizione con abbreviazione di corso \u00e8 possibile solo nel caso in cui la durata della frequenza universitaria sia superiore al periodo utile ad integrare il percorso scolastico mancante.<\/p>\n<p>Possono anche essere accettati come integrativi del percorso:<\/p>\n<ul>\n<li>titoli finali di studi post-secondari conseguiti in Istituti superiori non universitari e di materie affini al corso prescelto;<\/li>\n<li>le certificazioni da parte di universit\u00e0 attestanti il completamento con successo di \u201cFoundation Courses\u201d.<\/li>\n<\/ul>\n<p><strong>Casi particolari<\/strong><\/p>\n<p>Se possiedi un <strong>titolo di studio statunitense (American High School Diploma), <\/strong>devi dimostrare anche il superamento di almeno tre \u201cAdvanced Placements\u201d statunitensi (APs) con punteggio da 3 a 5, in materie diverse tra loro ed attinenti al corso di studio universitario a cui vuoi iscriverti. Ricorda che gli APs sono solo i corsi accreditati da <a href=\"https:\/\/apstudent.collegeboard.org\/apcourse\" target=\"_blank\" rel=\"noopener\">CollegeBoard<\/a>. Puoi chiedere a CollegeBoard l\u2019invio dei risultati all\u2019Universit\u00e0 di Cagliari ed evitare la legalizzazione dei relativi certificati. Per maggiori informazioni, consulta l&#8217;<a href=\"https:\/\/www.studiare-in-italia.it\/studentistranieri\/moduli\/2022\/Allegato1.pdf\" target=\"_blank\" rel=\"noopener\">Allegato 1<\/a> alla Circolare Ministeriale relativa alle disposizioni per l&#8217;iscrizione degli studenti internazionali emessa per l&#8217;anno accademico di riferimento.<\/p>\n<p>Se possiedi un <strong>titolo del Regno Unito, greco o rilasciato da istituti universitari di studi ecclesiastici con sede in Italia approvati dalla Santa Sede<\/strong>, consulta\u00a0l&#8217;<a href=\"https:\/\/www.studiare-in-italia.it\/studentistranieri\/moduli\/2022\/Allegato1.pdf\" target=\"_blank\" rel=\"noopener\">Allegato 1<\/a> alla Circolare Ministeriale relativa alle disposizioni per l&#8217;iscrizione degli studenti internazionali emessa per l&#8217;anno accademico di riferimento per conoscere i requisiti di idoneit\u00e0 del titolo.<\/p>\n<p>Se possiedi un <strong>titolo di studio italiano conseguito in scuole di frontiera o sezioni italiane di scuole straniere, di baccellierato internazionale, della Repubblica di San Marino, conseguito presso scuole estere operanti in Italia o scuole Europee<\/strong> consulta l&#8217;<a href=\"https:\/\/www.studiare-in-italia.it\/studentistranieri\/moduli\/2022\/Allegato2.pdf\" target=\"_blank\" rel=\"noopener\">Allegato 2<\/a> alla Circolare Ministeriale relativa alle disposizioni per l&#8217;iscrizione degli studenti internazionali emessa per l&#8217;anno accademico di riferimento per conoscere i requisiti di idoneit\u00e0 del titolo.<\/p>\n<p>Il possesso dei titoli di studio elencati nell\u2019Allegato 2 comporta l\u2019esonero dal contingente riservato a studenti non-UE residenti all\u2019estero.<\/p>\n<p><strong>Documentazione del titolo di studio<\/strong><\/p>\n<p>Il titolo estero finale degli studi secondari deve essere <a href=\"http:\/\/segreterie.unica.it\/medicinaechirurgia\/dichiarazione-di-valore-traduzione-e-legalizzazione\/\" target=\"_blank\" rel=\"noopener\">legalizzato e tradotto<\/a> e accompagnato dalla <a href=\"http:\/\/segreterie.unica.it\/medicinaechirurgia\/dichiarazione-di-valore-traduzione-e-legalizzazione\/\" target=\"_blank\" rel=\"noopener\">dichiarazione di valore<\/a>, salvo i casi di esenzione o in cui puoi presentare documenti sostitutivi.<\/p>\n<p>Per ottenere i documenti necessari contatta con anticipo <strong>l\u2019Ambasciata d\u2019Italia del tuo Paese<\/strong> e presenta:<\/p>\n<ul>\n<li>il titolo originale di studi secondari;<\/li>\n<li>(solo se il sistema scolastico del tuo Paese ha una durata di 10 o 11 anni) il certificato degli studi accademici completati oppure il certificato del titolo di studio post-secondario conseguito in un Istituto superiore non universitario;<\/li>\n<li>(solo se nel tuo Paese \u00e8 prevista una prova di idoneit\u00e0 accademica per l\u2019accesso all\u2019universit\u00e0) il certificato del superamento della prova di idoneit\u00e0;<\/li>\n<li>(solo se vuoi chiedere un\u2019abbreviazione di corso) i documenti per la richiesta di abbreviazione.<\/li>\n<\/ul>\n<p>Dall\u2019Ambasciata devi ottenere:<\/p>\n<ul>\n<li>il titolo estero originale, <a href=\"http:\/\/segreterie.unica.it\/medicinaechirurgia\/dichiarazione-di-valore-traduzione-e-legalizzazione\/\" target=\"_blank\" rel=\"noopener\">legalizzato e tradotto<\/a> ove richiesto;<\/li>\n<li>la <a href=\"http:\/\/segreterie.unica.it\/medicinaechirurgia\/dichiarazione-di-valore-traduzione-e-legalizzazione\/\" target=\"_blank\" rel=\"noopener\">dichiarazione di valore<\/a> del titolo, ove richiesta;<\/li>\n<li>gli eventuali altri certificati di studi accademici e post-secondari, <a href=\"http:\/\/segreterie.unica.it\/medicinaechirurgia\/dichiarazione-di-valore-traduzione-e-legalizzazione\/\" target=\"_blank\" rel=\"noopener\">legalizzati e tradotti<\/a> ove richiesto;<\/li>\n<li>gli eventuali documenti necessari per la richiesta di abbreviazione di corso.<\/li>\n<\/ul>\n<p>Ricordati che se sei un cittadino non-UE residente all\u2019estero, devi anche fare la domanda di <strong>preiscrizione e richiedere un visto per motivi di studio<\/strong>.<\/p>\n<p>Al momento dell\u2019immatricolazione, la Segreteria Studenti potrebbe chiedere di visionare anche le pagelle relative agli ultimi due anni di scuola, per verificare il requisito di frequenza con esito positivo di almeno due anni nel sistema estero.<\/p>\n<p><strong>Dubbi o domande?<\/strong><\/p>\n<p>Per ogni dubbio o domanda sull&#8217;idoneit\u00e0 del tuo titolo di studio puoi contattare la <strong>Segreteria Studenti<\/strong> <a href=\"mailto:segrstudmedicina@unica.it\">segrstudmedicina@unica.it<\/a>.<\/p>\n<p><strong>Come avviene la valutazione del titolo conseguito all\u2019estero<\/strong><\/p>\n<p>Il controllo formale del titolo di studio \u00e8 fatto dalla Segreteria Studenti dopo l\u2019immatricolazione online e la consegna in originale di tutta la documentazione richiesta.<\/p>\n<p>Il controllo ha ad oggetto la denominazione, la natura, la durata, il livello del titolo, l\u2019istituzione che ha rilasciato il titolo, la scolarit\u00e0 pregressa, i diritti accademici, il suo effettivo conseguimento.<\/p>\n","protected":false},"excerpt":{"rendered":"<p>VERSIONE DOCUMENTO IN\u00a0\u00a0LINGUA INGLESE (ENGLISH LANGUAGE) &nbsp; Puoi accedere ad un Corso di Laurea o Laurea Magistrale a ciclo unico se possiedi un titolo di studio finale di scuola secondaria estero: conseguito al termine di un periodo scolastico pari ad almeno 12 anni; conseguito dopo almeno l\u2019ultimo biennio di frequenza con esito positivo nel sistema estero; che consente l\u2019accesso ad un corso analogo a quello che viene richiesto in Italia, presso le Universit\u00e0 del Paese al cui ordinamento si riferisce. Se \u00e8 prevista una prova di idoneit\u00e0 accademica per l\u2019accesso all\u2019universit\u00e0 (ad esempio la Selectividad in Spagna) devi superare anche <a href='https:\/\/segreterie.unica.it\/medicinaechirurgia\/iscriversi-ad-un-corso-di-laurea-o-laurea-magistrale-a-ciclo-unico-con-un-titolo-estero\/' class='excerpt-more'>[&#8230;]<\/a><\/p>\n","protected":false},"author":2488,"featured_media":0,"parent":0,"menu_order":0,"comment_status":"closed","ping_status":"closed","template":"","meta":{"footnotes":""},"class_list":["post-5314","page","type-page","status-publish","hentry","post-seq-1","post-parity-odd","meta-position-corners","fix"],"_links":{"self":[{"href":"https:\/\/segreterie.unica.it\/medicinaechirurgia\/wp-json\/wp\/v2\/pages\/5314","targetHints":{"allow":["GET"]}}],"collection":[{"href":"https:\/\/segreterie.unica.it\/medicinaechirurgia\/wp-json\/wp\/v2\/pages"}],"about":[{"href":"https:\/\/segreterie.unica.it\/medicinaechirurgia\/wp-json\/wp\/v2\/types\/page"}],"author":[{"embeddable":true,"href":"https:\/\/segreterie.unica.it\/medicinaechirurgia\/wp-json\/wp\/v2\/users\/2488"}],"replies":[{"embeddable":true,"href":"https:\/\/segreterie.unica.it\/medicinaechirurgia\/wp-json\/wp\/v2\/comments?post=5314"}],"version-history":[{"count":20,"href":"https:\/\/segreterie.unica.it\/medicinaechirurgia\/wp-json\/wp\/v2\/pages\/5314\/revisions"}],"predecessor-version":[{"id":8316,"href":"https:\/\/segreterie.unica.it\/medicinaechirurgia\/wp-json\/wp\/v2\/pages\/5314\/revisions\/8316"}],"wp:attachment":[{"href":"https:\/\/segreterie.unica.it\/medicinaechirurgia\/wp-json\/wp\/v2\/media?parent=5314"}],"curies":[{"name":"wp","href":"https:\/\/api.w.org\/{rel}","templated":true}]}}