{"id":5220,"date":"2018-11-28T14:18:28","date_gmt":"2018-11-28T13:18:28","guid":{"rendered":"http:\/\/segreterie.unica.it\/medicinaechirurgia\/?page_id=5220"},"modified":"2019-01-30T11:22:41","modified_gmt":"2019-01-30T10:22:41","slug":"candidati-aventi-diritto-al-nulla-osta-per-il-trasferimento-in-ingresso-2018-2019","status":"publish","type":"page","link":"https:\/\/segreterie.unica.it\/medicinaechirurgia\/candidati-aventi-diritto-al-nulla-osta-per-il-trasferimento-in-ingresso-2018-2019\/","title":{"rendered":"Candidati aventi diritto al nulla osta per il trasferimento in ingresso 2018\/2019"},"content":{"rendered":"<p><strong>MEDICINA E CHIRURGIA &#8211; 2\u00b0 ANNO (1 posto)<\/strong><\/p>\n\n<table id=\"tablepress-14\" class=\"tablepress tablepress-id-14\">\n<thead>\n<tr class=\"row-1\">\n\t<th class=\"column-1\">Pos.<\/th><th class=\"column-2\">Iniziale Cognome<\/th><th class=\"column-3\">Iniziale Nome<\/th><th class=\"column-4\">Ateneo di provenienza<\/th><th class=\"column-5\">Anno Ammissione richiesto<\/th><th class=\"column-6\">Idoneo\/Non idoneo<\/th>\n<\/tr>\n<\/thead>\n<tbody class=\"row-striping row-hover\">\n<tr class=\"row-2\">\n\t<td class=\"column-1\">1<\/td><td class=\"column-2\">S<\/td><td class=\"column-3\">R<\/td><td class=\"column-4\">UNIV. \u201cVICTOR BABES\u201d \u2013 TIMISOARA (ROMANIA)<\/td><td class=\"column-5\">2<\/td><td class=\"column-6\">IDONEO<\/td>\n<\/tr>\n<tr class=\"row-3\">\n\t<td class=\"column-1\">2<\/td><td class=\"column-2\">Z<\/td><td class=\"column-3\">E<\/td><td class=\"column-4\">UNIV. \u201cALFONSO X EL SABIO\u201d - MADRID<\/td><td class=\"column-5\">2<\/td><td class=\"column-6\">NON IDONEO<\/td>\n<\/tr>\n<tr class=\"row-4\">\n\t<td class=\"column-1\">3<\/td><td class=\"column-2\">S<\/td><td class=\"column-3\">A<\/td><td class=\"column-4\">UNIV. DUNAREA DE JOS DI GALATI - ROMANIA<\/td><td class=\"column-5\">2<\/td><td class=\"column-6\">NON IDONEO<\/td>\n<\/tr>\n<tr class=\"row-5\">\n\t<td class=\"column-1\">4<\/td><td class=\"column-2\">M<\/td><td class=\"column-3\">U<\/td><td class=\"column-4\">UNIV. \u201cALFONSO X EL SABIO\u201d - MADRID<\/td><td class=\"column-5\">2<\/td><td class=\"column-6\">NON IDONEO<\/td>\n<\/tr>\n<tr class=\"row-6\">\n\t<td class=\"column-1\">5<\/td><td class=\"column-2\">F<\/td><td class=\"column-3\">RM<\/td><td class=\"column-4\">UNIV. \u201cNOSTRA SIGNORA DEL BUON CONSIGLIO\u201d - TIRANA (ALBANIA)<\/td><td class=\"column-5\">2<\/td><td class=\"column-6\">NON IDONEO<\/td>\n<\/tr>\n<tr class=\"row-7\">\n\t<td class=\"column-1\">6<\/td><td class=\"column-2\">DB<\/td><td class=\"column-3\">A<\/td><td class=\"column-4\">UNIV DEGLI STUDI DI SOFIA - BULGARIA<\/td><td class=\"column-5\">2<\/td><td class=\"column-6\">NON IDONEO<\/td>\n<\/tr>\n<\/tbody>\n<\/table>\n<!-- #tablepress-14 from cache -->\n<p><strong><br \/>\nNON IDONEO<\/strong>: Numero CFU non sufficiente all&#8217;amissione all&#8217;anno di corso di riferimento<\/p>\n<p>Entro il termine del\u00a0<strong>18\u00a0Gennaio 2019<\/strong>\u00a0 gli aventi diritto (candidati risultati in graduatoria quali <strong>IDONEI<\/strong>) iscritti presso\u00a0altri atenei italiani\u00a0dovranno tassativamente\u00a0presentarsi presso la Segreteria Studenti della Facolt\u00e0 di Medicina e Chirurgia \u2013 Cittadella Universitaria \u2013 S.P. Monserrato \u2013 Sestu km 0,700 \u2013 Monserrato (CA), per il <strong>RITIRO DEL NULLA OSTA<\/strong>. Qualora gli aventi diritto al rilascio del nulla osta siano impossibilitati al ritiro,\u00a0in caso di espressa richiesta da parte dell&#8217;interessato, che dovr\u00e0 ad ogni modo\u00a0essere comunicata agli uffici della Segreteria Studenti\u00a0entro il termine sopra riportato, dovranno compilare\u00a0una <a href=\"http:\/\/segreterie.unica.it\/medicinaechirurgia\/files\/2018\/11\/Dichiarazione-manifestazione-interesse-rilascio-nulla-osta-2018.pdf\" target=\"_blank\" rel=\"noopener\"><strong>dichiarazione di interesse al rilascio del nulla osta<\/strong><\/a>, specificando l&#8217;eventuale ordine di\u00a0preferenza\u00a0per le\u00a0differenti sedi di frequenza previste presso l&#8217;Ateneo di Cagliari (solo per il CDL in Infermieristica), per le quali vi sia ad ogni modo disponibilit\u00e0 di posti vacanti per l&#8217;anno accademico di riferimento.\u00a0A seguito della ricezione da parte della Segreteria Studenti della suddetta dichiarazione, il nulla osta\u00a0verr\u00e0 trasmesso via mail. Decorso tale termine gli aventi diritto saranno considerati rinunciatari e i posti disponibili saranno assegnati ai candidati successivi risultati IDONEI in graduatoria, che verranno\u00a0contattati mediante comunicazione diretta via mail\u00a0da parte della Segreteria Studenti. I candidati che otterranno il rilascio del nulla osta dovranno, inoltre, entro il termine di 7 gg. dall&#8217;avvenuta consegna\/trasmissione del nulla osta, inviare alla Segreteria Studenti\u00a0copia della ricevuta\u00a0attestante l&#8217;avvenuta\u00a0presentazione presso l&#8217;ateneo di provenienza\u00a0della domanda di trasferimento per l&#8217;Universit\u00e0 di Cagliari.<\/p>\n<p><strong>N.B.<\/strong><\/p>\n<p><u>I candidati iscritti presso altro ateneo estero che abbiano ottenuto l&#8217;ammissione al proseguimento degli studi presso l&#8217;Ateneo di Cagliari\u00a0(candidati risultati in graduatoria quali <strong>IDONEI<\/strong>), non essendo previsto dalla vigente normativa il trasferimento diretto da universit\u00e0 estere, prima di potere procedere all&#8217;iscrizione presso l&#8217;Ateneo di Cagliari dovranno obbligatoriamente consegnare o trasmettere alla Segreteria Studenti copia della documentazione attestante l&#8217;avvenuta rinuncia agli studi presso l&#8217;ateneo estero.<br \/>\nIn difetto della consegna\/trasmissione di tale documento non sar\u00e0 possibile procedere all&#8217;iscrizione presso l&#8217;Ateneo di Cagliari<\/u>.<\/p>\n<p>________________________________________________________________<\/p>\n<p><strong>MEDICINA E CHIRURGIA &#8211;\u00a03\u00b0 ANNO (1 posto)<\/strong><\/p>\n\n<table id=\"tablepress-13\" class=\"tablepress tablepress-id-13\">\n<thead>\n<tr class=\"row-1\">\n\t<th class=\"column-1\">Pos.<\/th><th class=\"column-2\">Iniziale cognome<\/th><th class=\"column-3\">Iniziale Nome<\/th><th class=\"column-4\">Ateneo di provenienza<\/th><th class=\"column-5\">Anno di corso<\/th><th class=\"column-6\">Idoneo\/Non idoneo<\/th>\n<\/tr>\n<\/thead>\n<tbody class=\"row-striping row-hover\">\n<tr class=\"row-2\">\n\t<td class=\"column-1\">1<\/td><td class=\"column-2\">R<\/td><td class=\"column-3\">B<\/td><td class=\"column-4\">Universit\u00e0 di Catanzaro<\/td><td class=\"column-5\">3<\/td><td class=\"column-6\">IDONEO<\/td>\n<\/tr>\n<tr class=\"row-3\">\n\t<td class=\"column-1\">2<\/td><td class=\"column-2\">A<\/td><td class=\"column-3\">A<\/td><td class=\"column-4\">Medical University - Varna (Bulgaria)<\/td><td class=\"column-5\">3<\/td><td class=\"column-6\">NON IDONEO<\/td>\n<\/tr>\n<tr class=\"row-4\">\n\t<td class=\"column-1\">3<\/td><td class=\"column-2\">F<\/td><td class=\"column-3\">C<\/td><td class=\"column-4\">Universit\u00e0 di Sassari<\/td><td class=\"column-5\">3<\/td><td class=\"column-6\">NON IDONEO<\/td>\n<\/tr>\n<tr class=\"row-5\">\n\t<td class=\"column-1\">4<\/td><td class=\"column-2\">L G<\/td><td class=\"column-3\">E<\/td><td class=\"column-4\">Universit\u00e0 Dun\u0103rea de Jos - Galati (Romania)<\/td><td class=\"column-5\">3<\/td><td class=\"column-6\">NON IDONEO<\/td>\n<\/tr>\n<tr class=\"row-6\">\n\t<td class=\"column-1\">5<\/td><td class=\"column-2\">S<\/td><td class=\"column-3\">F<\/td><td class=\"column-4\">Universit\u00e0 \"Nostra Signora del Buon Consiglio\" - Tirana (Albania)<\/td><td class=\"column-5\">3<\/td><td class=\"column-6\">NON IDONEO<\/td>\n<\/tr>\n<tr class=\"row-7\">\n\t<td class=\"column-1\">6<\/td><td class=\"column-2\">C<\/td><td class=\"column-3\">M C<\/td><td class=\"column-4\">Universit\u00e0 della Campania \u201cL. Vanvitelli\" - Caserta<\/td><td class=\"column-5\">3<\/td><td class=\"column-6\">NON IDONEO<\/td>\n<\/tr>\n<tr class=\"row-8\">\n\t<td class=\"column-1\">7<\/td><td class=\"column-2\">P<\/td><td class=\"column-3\">F<\/td><td class=\"column-4\">Universit\u00e0 \"Nostra Signora del Buon Consiglio\" - Tirana (Albania)<\/td><td class=\"column-5\">3<\/td><td class=\"column-6\">NON IDONEO<\/td>\n<\/tr>\n<tr class=\"row-9\">\n\t<td class=\"column-1\">8<\/td><td class=\"column-2\">P<\/td><td class=\"column-3\">M C<\/td><td class=\"column-4\">Medical University - Pleven (Bulgaria)<\/td><td class=\"column-5\">3<\/td><td class=\"column-6\">NON IDONEO<\/td>\n<\/tr>\n<tr class=\"row-10\">\n\t<td class=\"column-1\">9<\/td><td class=\"column-2\">G<\/td><td class=\"column-3\">P<\/td><td class=\"column-4\">Universit\u00e0 \"Nostra Signora del Buon Consiglio\" - Tirana (Albania)<\/td><td class=\"column-5\">3<\/td><td class=\"column-6\">NON IDONEO<\/td>\n<\/tr>\n<tr class=\"row-11\">\n\t<td class=\"column-1\">10<\/td><td class=\"column-2\">S<\/td><td class=\"column-3\">A<\/td><td class=\"column-4\">Universit\u00e0 di Sassari<\/td><td class=\"column-5\">3<\/td><td class=\"column-6\">NON IDONEO<\/td>\n<\/tr>\n<tr class=\"row-12\">\n\t<td class=\"column-1\">11<\/td><td class=\"column-2\">CA<\/td><td class=\"column-3\">F<\/td><td class=\"column-4\">Universit\u00e0 di Sassari<\/td><td class=\"column-5\">3<\/td><td class=\"column-6\">NON IDONEO<\/td>\n<\/tr>\n<\/tbody>\n<\/table>\n<!-- #tablepress-13 from cache -->\n<p><strong><br \/>\nNON IDONEO<\/strong>: Numero CFU non sufficiente all&#8217;amissione all&#8217;anno di corso di riferimento<\/p>\n<p>_______________________________________________________________________________________________<\/p>\n<p><strong>INFERMIERISTICA &#8211; 2\u00b0 ANNO (5 posti sede\u00a0Cagliari)<\/strong><\/p>\n\n<table id=\"tablepress-10\" class=\"tablepress tablepress-id-10\">\n<thead>\n<tr class=\"row-1\">\n\t<th class=\"column-1\">Pos.<\/th><th class=\"column-2\">Iniziale Cognome<\/th><th class=\"column-3\">Iniziale Nome<\/th><th class=\"column-4\">Ateneo di provenienza<\/th><th class=\"column-5\">Anno Ammissione<\/th>\n<\/tr>\n<\/thead>\n<tbody class=\"row-striping row-hover\">\n<tr class=\"row-2\">\n\t<td class=\"column-1\">1<\/td><td class=\"column-2\">F<\/td><td class=\"column-3\">A<\/td><td class=\"column-4\">Roma \"La Sapienza\"<\/td><td class=\"column-5\">2<\/td>\n<\/tr>\n<tr class=\"row-3\">\n\t<td class=\"column-1\">2<\/td><td class=\"column-2\">S<\/td><td class=\"column-3\">A<\/td><td class=\"column-4\">Sassari<\/td><td class=\"column-5\">2<\/td>\n<\/tr>\n<tr class=\"row-4\">\n\t<td class=\"column-1\">3<\/td><td class=\"column-2\">P<\/td><td class=\"column-3\">A<\/td><td class=\"column-4\">Genova<\/td><td class=\"column-5\">2<\/td>\n<\/tr>\n<tr class=\"row-5\">\n\t<td class=\"column-1\">4<\/td><td class=\"column-2\">F<\/td><td class=\"column-3\">M<\/td><td class=\"column-4\">Genova<\/td><td class=\"column-5\">2<\/td>\n<\/tr>\n<\/tbody>\n<\/table>\n<!-- #tablepress-10 from cache -->\n<p><strong>Candidati idonei<\/strong>: tutti i candidati sopra riportati sono idonei al rilascio del nulla osta.<\/p>\n<p>_______________________________________________________________________________________________<\/p>\n<p><strong>ODONTOIATRIA E PROTESI DENTARIA &#8211; 3\u00b0 ANNO (5 posti)<\/strong><\/p>\n\n<table id=\"tablepress-11\" class=\"tablepress tablepress-id-11\">\n<thead>\n<tr class=\"row-1\">\n\t<th class=\"column-1\">Pos.<\/th><th class=\"column-2\">Iniziale Cognome<\/th><th class=\"column-3\">Iniziale Nome<\/th><th class=\"column-4\">Ateneo di provenienza<\/th><th class=\"column-5\">Anno Ammissione<\/th><th class=\"column-6\">Idoneo\/Non idoneo<\/th>\n<\/tr>\n<\/thead>\n<tbody class=\"row-striping row-hover\">\n<tr class=\"row-2\">\n\t<td class=\"column-1\">1<\/td><td class=\"column-2\">S<\/td><td class=\"column-3\">M<\/td><td class=\"column-4\">Nostra Signora del Buon Consiglio - Tirana (Albania)<\/td><td class=\"column-5\">3<\/td><td class=\"column-6\">Idoneo<\/td>\n<\/tr>\n<tr class=\"row-3\">\n\t<td class=\"column-1\">2<\/td><td class=\"column-2\">G<\/td><td class=\"column-3\">L<\/td><td class=\"column-4\">Nostra Signora del Buon Consiglio - Tirana (Albania)<\/td><td class=\"column-5\">3<\/td><td class=\"column-6\">Idoneo<\/td>\n<\/tr>\n<tr class=\"row-4\">\n\t<td class=\"column-1\">3<\/td><td class=\"column-2\">T<\/td><td class=\"column-3\">GE<\/td><td class=\"column-4\">Arad (Romania)<\/td><td class=\"column-5\">3<\/td><td class=\"column-6\">Idoneo<\/td>\n<\/tr>\n<tr class=\"row-5\">\n\t<td class=\"column-1\">4<\/td><td class=\"column-2\">M<\/td><td class=\"column-3\">A<\/td><td class=\"column-4\">Sassari<\/td><td class=\"column-5\">3<\/td><td class=\"column-6\">Idoneo<\/td>\n<\/tr>\n<tr class=\"row-6\">\n\t<td class=\"column-1\">5<\/td><td class=\"column-2\">L<\/td><td class=\"column-3\">A<\/td><td class=\"column-4\">Ferrara<\/td><td class=\"column-5\">3<\/td><td class=\"column-6\">Non idoneo<\/td>\n<\/tr>\n<\/tbody>\n<\/table>\n<!-- #tablepress-11 from cache -->\n<p>_______________________________________________________________________________________________<\/p>\n<p><strong>MODALITA&#8217;\u00a0RILASCIO NULLA OSTA TRASFERIMENTO IN INGRESSO E\u00a0SCADENZE AMMINISTRATIVE<\/strong><\/p>\n<p>Entro il termine del\u00a0<strong>7\u00a0Dicembre 2018<\/strong>\u00a0 gli aventi diritto dovranno tassativamente\u00a0presentarsi presso la Segreteria Studenti della Facolt\u00e0 di Medicina e Chirurgia \u2013 Cittadella Universitaria \u2013 S.P. Monserrato \u2013 Sestu km 0,700 \u2013 Monserrato (CA), per il <strong>RITIRO DEL NULLA OSTA<\/strong>. Qualora gli aventi diritto al rilascio del nulla osta siano impossibilitati al ritiro,\u00a0in caso di espressa richiesta da parte dell&#8217;interessato, che dovr\u00e0 ad ogni modo\u00a0essere comunicata agli uffici della Segreteria Studenti\u00a0entro il termine sopra riportato, dovranno compilare\u00a0una <a href=\"http:\/\/segreterie.unica.it\/medicinaechirurgia\/files\/2018\/11\/Dichiarazione-manifestazione-interesse-rilascio-nulla-osta-2018.pdf\" target=\"_blank\" rel=\"noopener\"><strong>dichiarazione di interesse al rilascio del nulla osta<\/strong><\/a>, specificando l&#8217;ordine di\u00a0preferenza\u00a0per le\u00a0sedi di frequenza previste presso l&#8217;Ateneo di Cagliari, per le quali vi sia ad ogni modo disponibilit\u00e0 di posti vacanti per l&#8217;anno accademico di riferimento.\u00a0A seguito della ricezione da parte della Segreteria Studenti della suddetta dichiarazione, il nulla osta\u00a0verr\u00e0 trasmesso via mail. Decorso tale termine gli aventi diritto saranno considerati rinunciatari e i posti saranno assegnati ai candidati successivi in graduatoria, che verranno chiamati mediante comunicazione diretta da parte della Segreteria Studenti. I candidati che otterranno il rilascio del nulla osta dovranno, inoltre, entro il termine di 7 gg. dall&#8217;avvenuta consegna\/trasmissione del nulla osta, inviare alla Segreteria Studenti\u00a0copia della ricevuta\u00a0attestante l&#8217;avvenuta\u00a0presentazione presso l&#8217;ateneo di provenienza\u00a0della domanda di trasferimento per l&#8217;Universit\u00e0 di Cagliari.<\/p>\n<p>Entro il\u00a0<strong>7\u00a0Dicembre 2018<\/strong> i candidati idonei non ammessi al trasferimento ma interessati all\u2019iscrizione in caso di successiva disponibilit\u00e0 di posti dovranno obbligatoriamente trasmettere una <a href=\"http:\/\/segreterie.unica.it\/medicinaechirurgia\/files\/2018\/11\/Dichiarazione-manifestazione-interesse-scorrimento-graduatoria-trasferimenti-2018.pdf\" target=\"_blank\" rel=\"noopener\"><strong>dichiarazione di interesse allo scorrimento della graduatoria<\/strong><\/a>, su apposito <a href=\"http:\/\/segreterie.unica.it\/medicinaechirurgia\/files\/2018\/11\/Dichiarazione-manifestazione-interesse-scorrimento-graduatoria-trasferimenti-2018.pdf\" target=\"_blank\" rel=\"noopener\"><strong>m<\/strong><strong>odulo<\/strong><\/a> predisposto dalla Segreteria Studenti e scaricabile nella pagina di pubblicazione della graduatoria, via email (posta certificata all\u2019indirizzo <a href=\"mailto:protocollo@pec.unica.it\">protocollo@pec.unica.it<\/a>\u00a0o email ordinaria all\u2019indirizzo <a href=\"mailto:documenti-medicina@unica.it\">documenti-medicina@unica.it<\/a>) o consegnata personalmente presso la Segreteria Studenti della Facolt\u00e0 di Medicina e Chirurgia \u2013\u2013 Cittadella Universitaria \u2013 S.P. Monserrato \u2013 Sestu km 0,700 \u2013 Monserrato (CA).<\/p>\n<p>Gli studenti che non dichiareranno la disponibilit\u00e0 in base alle modalit\u00e0 definite dal presente Regolamento verranno considerati tacitamente rinunciatari e ci\u00f2 indipendentemente dalle eventuali motivazioni giustificative addotte. In tal caso saranno esclusi da tutte le successive fasi della procedura selettiva.<\/p>\n","protected":false},"excerpt":{"rendered":"<p>MEDICINA E CHIRURGIA &#8211; 2\u00b0 ANNO (1 posto) NON IDONEO: Numero CFU non sufficiente all&#8217;amissione all&#8217;anno di corso di riferimento Entro il termine del\u00a018\u00a0Gennaio 2019\u00a0 gli aventi diritto (candidati risultati in graduatoria quali IDONEI) iscritti presso\u00a0altri atenei italiani\u00a0dovranno tassativamente\u00a0presentarsi presso la Segreteria Studenti della Facolt\u00e0 di Medicina e Chirurgia \u2013 Cittadella Universitaria \u2013 S.P. Monserrato \u2013 Sestu km 0,700 \u2013 Monserrato (CA), per il RITIRO DEL NULLA OSTA. Qualora gli aventi diritto al rilascio del nulla osta siano impossibilitati al ritiro,\u00a0in caso di espressa richiesta da parte dell&#8217;interessato, che dovr\u00e0 ad ogni modo\u00a0essere comunicata agli uffici della Segreteria Studenti\u00a0entro il <a href='https:\/\/segreterie.unica.it\/medicinaechirurgia\/candidati-aventi-diritto-al-nulla-osta-per-il-trasferimento-in-ingresso-2018-2019\/' class='excerpt-more'>[&#8230;]<\/a><\/p>\n","protected":false},"author":2488,"featured_media":0,"parent":0,"menu_order":0,"comment_status":"closed","ping_status":"closed","template":"","meta":{"footnotes":""},"class_list":["post-5220","page","type-page","status-publish","hentry","post-seq-1","post-parity-odd","meta-position-corners","fix"],"_links":{"self":[{"href":"https:\/\/segreterie.unica.it\/medicinaechirurgia\/wp-json\/wp\/v2\/pages\/5220","targetHints":{"allow":["GET"]}}],"collection":[{"href":"https:\/\/segreterie.unica.it\/medicinaechirurgia\/wp-json\/wp\/v2\/pages"}],"about":[{"href":"https:\/\/segreterie.unica.it\/medicinaechirurgia\/wp-json\/wp\/v2\/types\/page"}],"author":[{"embeddable":true,"href":"https:\/\/segreterie.unica.it\/medicinaechirurgia\/wp-json\/wp\/v2\/users\/2488"}],"replies":[{"embeddable":true,"href":"https:\/\/segreterie.unica.it\/medicinaechirurgia\/wp-json\/wp\/v2\/comments?post=5220"}],"version-history":[{"count":31,"href":"https:\/\/segreterie.unica.it\/medicinaechirurgia\/wp-json\/wp\/v2\/pages\/5220\/revisions"}],"predecessor-version":[{"id":5303,"href":"https:\/\/segreterie.unica.it\/medicinaechirurgia\/wp-json\/wp\/v2\/pages\/5220\/revisions\/5303"}],"wp:attachment":[{"href":"https:\/\/segreterie.unica.it\/medicinaechirurgia\/wp-json\/wp\/v2\/media?parent=5220"}],"curies":[{"name":"wp","href":"https:\/\/api.w.org\/{rel}","templated":true}]}}