{"id":4986,"date":"2018-09-24T13:45:43","date_gmt":"2018-09-24T11:45:43","guid":{"rendered":"http:\/\/segreterie.unica.it\/medicinaechirurgia\/?page_id=4986"},"modified":"2018-11-13T18:01:59","modified_gmt":"2018-11-13T17:01:59","slug":"graduatorie-a-a-2018-2019","status":"publish","type":"page","link":"https:\/\/segreterie.unica.it\/medicinaechirurgia\/graduatorie\/graduatorie-a-a-2018-2019\/","title":{"rendered":"Graduatorie A.A. 2018\/2019"},"content":{"rendered":"<p>Ai fini dell&#8217;immatricolazione verificare la propria posizione ufficiale accedendo al proprio account personale dei servizi online. Le graduatorie di seguito riportate sono pubblicate in formato anonimo e non rivestono in alcun modo carattere di ufficialit\u00e0 ai fini della pubblicit\u00e0 legale.<\/p>\n<p>&nbsp;<\/p>\n<p><strong>Corso di Laurea in Scienze delle Attivit\u00e0 Motorie e Sportive (2018)<\/strong><br \/>\n<strong>(Pubblicazione in data 24 Settembre 2018)<\/strong><\/p>\n<p>&#8211; <a href=\"http:\/\/segreterie.unica.it\/medicinaechirurgia\/files\/2018\/09\/Graduatoria_Motorie_2018_PUBBLICATA.pdf\" target=\"_blank\" rel=\"noopener\">Scienze delle Attivit\u00e0 Motorie e Sportive<\/a><\/p>\n<p><strong>&#8211;<\/strong> <a href=\"http:\/\/segreterie.unica.it\/medicinaechirurgia\/graduatorie\/scorrimenti-graduatorie-corsi-a-numero-programmato-2018-2019\/scorrimenti-graduatoria-scienze-delle-attivita-motorie-e-sportive-a-a-2018-2019\/\" target=\"_blank\" rel=\"noopener\">Scorrimenti Graduatoria Scienze delle Attivit\u00e0 Motorie e Sportive<\/a><\/p>\n<p>&nbsp;<\/p>\n<p><strong>Corsi di Laurea delle Professioni Sanitarie (2018)<br \/>\n(Pubblicazione in data\u00a02 Ottobre 2018)<\/strong><\/p>\n<ul>\n<li><a href=\"http:\/\/segreterie.unica.it\/medicinaechirurgia\/files\/2018\/10\/Infermieristica-CA.pdf\" target=\"_blank\" rel=\"noopener\">Infermieristica &#8211; Sede di Cagliari<\/a><\/li>\n<li><a href=\"http:\/\/segreterie.unica.it\/medicinaechirurgia\/files\/2018\/10\/Infermieristica-NU.pdf\" target=\"_blank\" rel=\"noopener\">Infermieristica &#8211; Sede di Nuoro<\/a><\/li>\n<li><a href=\"http:\/\/segreterie.unica.it\/medicinaechirurgia\/files\/2018\/10\/Ostetricia.pdf\" target=\"_blank\" rel=\"noopener\">Ostetricia<\/a><\/li>\n<li><a href=\"http:\/\/segreterie.unica.it\/medicinaechirurgia\/files\/2018\/10\/Fisioterapia.pdf\" target=\"_blank\" rel=\"noopener\">Fisioterapia<\/a><\/li>\n<li><a href=\"http:\/\/segreterie.unica.it\/medicinaechirurgia\/files\/2018\/10\/Assistenza-Sanitaria.pdf\" target=\"_blank\" rel=\"noopener\">Assistenza Sanitaria<\/a><\/li>\n<li><a href=\"http:\/\/segreterie.unica.it\/medicinaechirurgia\/files\/2018\/10\/Educazione-Professionale.pdf\" target=\"_blank\" rel=\"noopener\">Educazione Professionale<\/a><\/li>\n<li><a href=\"http:\/\/segreterie.unica.it\/medicinaechirurgia\/files\/2018\/10\/Tecniche-della-Prevenzione.pdf\" target=\"_blank\" rel=\"noopener\">Tecniche della Prevenzione, nell&#8217;Ambiente e nei Luoghi di Lavoro<\/a><\/li>\n<li><a href=\"http:\/\/segreterie.unica.it\/medicinaechirurgia\/files\/2018\/10\/Logopedia.pdf\" target=\"_blank\" rel=\"noopener\">Logopedia<\/a><\/li>\n<\/ul>\n<p><em><a href=\"http:\/\/segreterie.unica.it\/medicinaechirurgia\/graduatorie\/scorrimenti-graduatorie-corsi-a-numero-programmato-2018-2019\/scorrimenti-graduatorie-professioni-sanitarie-2018-2019\/\" target=\"_blank\" rel=\"noopener\"><strong>&#8212;&#8212;&gt;Scorrimenti Graduatorie Professioni Sanitarie<\/strong><\/a><\/em><\/p>\n<p>&nbsp;<\/p>\n<p><strong>Corsi di Laurea Magistrale delle Professioni Sanitarie (2018)<\/strong><br \/>\n<strong>(Pubblicazione in data\u00a012\u00a0Novembre 2018)<\/strong><\/p>\n<ul>\n<li><a href=\"http:\/\/segreterie.unica.it\/medicinaechirurgia\/files\/2018\/11\/Graduatoria_anonima_LM_INF_18_19.pdf\" target=\"_blank\" rel=\"noopener\">Scienze Infermieristiche e Ostetriche<\/a><\/li>\n<li><a href=\"http:\/\/segreterie.unica.it\/medicinaechirurgia\/files\/2018\/11\/Graduatoria_anonima_LM_Tecn_18_19_corretta.pdf\" target=\"_blank\" rel=\"noopener\">Scienze delle Professioni Sanitarie Tecniche Diagnostiche<\/a><\/li>\n<\/ul>\n<p>&nbsp;<\/p>\n<p><!--more--><\/p>\n<p>&nbsp;<\/p>\n<p>&nbsp;<\/p>\n","protected":false},"excerpt":{"rendered":"<p>Ai fini dell&#8217;immatricolazione verificare la propria posizione ufficiale accedendo al proprio account personale dei servizi online. Le graduatorie di seguito riportate sono pubblicate in formato anonimo e non rivestono in alcun modo carattere di ufficialit\u00e0 ai fini della pubblicit\u00e0 legale. &nbsp; Corso di Laurea in Scienze delle Attivit\u00e0 Motorie e Sportive (2018) (Pubblicazione in data 24 Settembre 2018) &#8211; Scienze delle Attivit\u00e0 Motorie e Sportive &#8211; Scorrimenti Graduatoria Scienze delle Attivit\u00e0 Motorie e Sportive &nbsp; Corsi di Laurea delle Professioni Sanitarie (2018) (Pubblicazione in data\u00a02 Ottobre 2018) Infermieristica &#8211; Sede di Cagliari Infermieristica &#8211; Sede di Nuoro Ostetricia Fisioterapia Assistenza <a href='https:\/\/segreterie.unica.it\/medicinaechirurgia\/graduatorie\/graduatorie-a-a-2018-2019\/' class='excerpt-more'>[&#8230;]<\/a><\/p>\n","protected":false},"author":2488,"featured_media":0,"parent":1317,"menu_order":0,"comment_status":"closed","ping_status":"closed","template":"","meta":{"footnotes":""},"class_list":["post-4986","page","type-page","status-publish","hentry","post-seq-1","post-parity-odd","meta-position-corners","fix"],"_links":{"self":[{"href":"https:\/\/segreterie.unica.it\/medicinaechirurgia\/wp-json\/wp\/v2\/pages\/4986","targetHints":{"allow":["GET"]}}],"collection":[{"href":"https:\/\/segreterie.unica.it\/medicinaechirurgia\/wp-json\/wp\/v2\/pages"}],"about":[{"href":"https:\/\/segreterie.unica.it\/medicinaechirurgia\/wp-json\/wp\/v2\/types\/page"}],"author":[{"embeddable":true,"href":"https:\/\/segreterie.unica.it\/medicinaechirurgia\/wp-json\/wp\/v2\/users\/2488"}],"replies":[{"embeddable":true,"href":"https:\/\/segreterie.unica.it\/medicinaechirurgia\/wp-json\/wp\/v2\/comments?post=4986"}],"version-history":[{"count":30,"href":"https:\/\/segreterie.unica.it\/medicinaechirurgia\/wp-json\/wp\/v2\/pages\/4986\/revisions"}],"predecessor-version":[{"id":5205,"href":"https:\/\/segreterie.unica.it\/medicinaechirurgia\/wp-json\/wp\/v2\/pages\/4986\/revisions\/5205"}],"up":[{"embeddable":true,"href":"https:\/\/segreterie.unica.it\/medicinaechirurgia\/wp-json\/wp\/v2\/pages\/1317"}],"wp:attachment":[{"href":"https:\/\/segreterie.unica.it\/medicinaechirurgia\/wp-json\/wp\/v2\/media?parent=4986"}],"curies":[{"name":"wp","href":"https:\/\/api.w.org\/{rel}","templated":true}]}}