{"id":3348,"date":"2016-06-10T09:51:39","date_gmt":"2016-06-10T07:51:39","guid":{"rendered":"http:\/\/segreterie.unica.it\/medicinaechirurgia\/?page_id=3348"},"modified":"2016-06-10T09:53:25","modified_gmt":"2016-06-10T07:53:25","slug":"trasferimenti-da-altri-atenei-20162017","status":"publish","type":"page","link":"https:\/\/segreterie.unica.it\/medicinaechirurgia\/abbreviazioni-e-trasferimenti-in-ingresso\/trasferimenti-da-altri-atenei-20162017\/","title":{"rendered":"Trasferimenti da altri atenei 2016\/2017"},"content":{"rendered":"<ol>\n<li><a href=\"http:\/\/segreterie.unica.it\/medicinaechirurgia\/?p=2530\" target=\"_blank\">Requisiti obbligatori richiesti per la presentazione delle domande di nulla osta<br \/>\n<\/a>(chi pu\u00f2 presentare domanda nulla osta)<\/li>\n<li><a href=\"http:\/\/segreterie.unica.it\/medicinaechirurgia\/?p=2560\" target=\"_blank\">Requisiti specifici di ammissibilit\u00e0 ai fini della valutazione delle istanze di nulla osta<\/a><\/li>\n<li><a href=\"http:\/\/segreterie.unica.it\/medicinaechirurgia\/?p=2498\" target=\"_blank\">Modalit\u00e0 e termini presentazione domande nulla osta per trasferimenti in ingresso<\/a><\/li>\n<li><a href=\"http:\/\/segreterie.unica.it\/medicinaechirurgia\/?p=2505\" target=\"_blank\">Valutazione curriculum degli studi e requisiti ammissibilit\u00e0 anni successivi al primo<\/a><\/li>\n<li><a href=\"http:\/\/segreterie.unica.it\/medicinaechirurgia\/?p=2536\" target=\"_blank\">Criteri e parametri redazione graduatorie generali di merito<\/a><\/li>\n<li><a href=\"http:\/\/segreterie.unica.it\/medicinaechirurgia\/?p=2542\" target=\"_blank\">Pubblicazione graduatorie di merito e rilascio nulla osta agli aventi diritto<\/a><\/li>\n<li><a href=\"http:\/\/segreterie.unica.it\/medicinaechirurgia\/?p=2507\" target=\"_blank\">Posti disponibili per abbreviazioni di corso e trasferimenti in ingresso<\/a><\/li>\n<li><a href=\"http:\/\/segreterie.unica.it\/medicinaechirurgia\/?p=2512\" target=\"_blank\">Graduatorie candidati idonei al rilascio del nulla osta al trasferimento in ingresso<\/a><\/li>\n<li><a href=\"http:\/\/segreterie.unica.it\/medicinaechirurgia\/?p=2568\" target=\"_blank\">AVVISI<\/a><\/li>\n<\/ol>\n<p>&#8211; <a href=\"http:\/\/segreterie.unica.it\/medicinaechirurgia\/?p=2509\" target=\"_blank\">Regolamento trasferimenti in ingresso<br \/>\n<\/a>&#8211; Modulo richiesta nulla osta trasferimento in ingresso (scarica)<\/p>\n","protected":false},"excerpt":{"rendered":"<p>Requisiti obbligatori richiesti per la presentazione delle domande di nulla osta (chi pu\u00f2 presentare domanda nulla osta) Requisiti specifici di ammissibilit\u00e0 ai fini della valutazione delle istanze di nulla osta Modalit\u00e0 e termini presentazione domande nulla osta per trasferimenti in ingresso Valutazione curriculum degli studi e requisiti ammissibilit\u00e0 anni successivi al primo Criteri e parametri redazione graduatorie generali di merito Pubblicazione graduatorie di merito e rilascio nulla osta agli aventi diritto Posti disponibili per abbreviazioni di corso e trasferimenti in ingresso Graduatorie candidati idonei al rilascio del nulla osta al trasferimento in ingresso AVVISI &#8211; Regolamento trasferimenti in ingresso &#8211; <a href='https:\/\/segreterie.unica.it\/medicinaechirurgia\/abbreviazioni-e-trasferimenti-in-ingresso\/trasferimenti-da-altri-atenei-20162017\/' class='excerpt-more'>[&#8230;]<\/a><\/p>\n","protected":false},"author":2488,"featured_media":0,"parent":2492,"menu_order":0,"comment_status":"closed","ping_status":"closed","template":"","meta":{"footnotes":""},"class_list":["post-3348","page","type-page","status-publish","hentry","post-seq-1","post-parity-odd","meta-position-corners","fix"],"_links":{"self":[{"href":"https:\/\/segreterie.unica.it\/medicinaechirurgia\/wp-json\/wp\/v2\/pages\/3348","targetHints":{"allow":["GET"]}}],"collection":[{"href":"https:\/\/segreterie.unica.it\/medicinaechirurgia\/wp-json\/wp\/v2\/pages"}],"about":[{"href":"https:\/\/segreterie.unica.it\/medicinaechirurgia\/wp-json\/wp\/v2\/types\/page"}],"author":[{"embeddable":true,"href":"https:\/\/segreterie.unica.it\/medicinaechirurgia\/wp-json\/wp\/v2\/users\/2488"}],"replies":[{"embeddable":true,"href":"https:\/\/segreterie.unica.it\/medicinaechirurgia\/wp-json\/wp\/v2\/comments?post=3348"}],"version-history":[{"count":3,"href":"https:\/\/segreterie.unica.it\/medicinaechirurgia\/wp-json\/wp\/v2\/pages\/3348\/revisions"}],"predecessor-version":[{"id":4043,"href":"https:\/\/segreterie.unica.it\/medicinaechirurgia\/wp-json\/wp\/v2\/pages\/3348\/revisions\/4043"}],"up":[{"embeddable":true,"href":"https:\/\/segreterie.unica.it\/medicinaechirurgia\/wp-json\/wp\/v2\/pages\/2492"}],"wp:attachment":[{"href":"https:\/\/segreterie.unica.it\/medicinaechirurgia\/wp-json\/wp\/v2\/media?parent=3348"}],"curies":[{"name":"wp","href":"https:\/\/api.w.org\/{rel}","templated":true}]}}