{"id":2542,"date":"2015-07-16T17:12:20","date_gmt":"2015-07-16T15:12:20","guid":{"rendered":"http:\/\/segreterie.unica.it\/medicinaechirurgia\/?page_id=2542"},"modified":"2015-07-16T17:26:04","modified_gmt":"2015-07-16T15:26:04","slug":"pubblicazione-graduatorie-di-merito-e-rilascio-nulla-osta-agli-aventi-diritto","status":"publish","type":"page","link":"https:\/\/segreterie.unica.it\/medicinaechirurgia\/abbreviazioni-e-trasferimenti-in-ingresso\/pubblicazione-graduatorie-di-merito-e-rilascio-nulla-osta-agli-aventi-diritto\/","title":{"rendered":"Pubblicazione graduatorie di merito e rilascio nulla osta agli aventi diritto"},"content":{"rendered":"<p>La graduatoria verr\u00e0 pubblicata sul sito ufficiale della Segreteria Studenti della Facolt\u00e0 di Medicina e Chirurgia, all\u2019indirizzo internet <a href=\"http:\/\/segreterie.unica.it\/medicinaechirurgia\/\">http:\/\/segreterie.unica.it\/medicinaechirurgia\/<\/a> , entro i termini che verranno indicati in apposito avviso pubblicato sul medesimo sito della Segreteria Studenti.<\/p>\n<p>Tale pubblicazione rappresenter\u00e0 l\u2019unico mezzo di pubblicit\u00e0 legale. Non verr\u00e0 data comunicazione scritta agli interessati.<\/p>\n<p>Nel medesimo avviso verranno inoltre indicati anche i termini entro i quali gli aventi diritto dovranno tassativamente provvedere al ritiro del nulla osta.<\/p>\n<p>Entro il medesimo termine, i candidati non ammessi al trasferimento ma interessati all\u2019iscrizione in caso di successiva disponibilit\u00e0 di posti dovranno obbligatoriamente trasmettere una dichiarazione di interesse al rilascio del nulla osta, su apposito modulo predisposto dalla Segreteria Studenti e scaricabile nella pagina di pubblicazione della graduatoria, via email (posta certificata all\u2019indirizzo <a href=\"mailto:protocollo@unica.it\">protocollo@unica.it<\/a> o email ordinaria all\u2019indirizzo <a href=\"mailto:segrstudmedicina@unica.it\">segrstudmedicina@unica.it<\/a>) o consegnata personalmente presso la Segreteria Studenti della Facolt\u00e0 di Medicina e Chirurgia \u2013\u2013 Cittadella Universitaria \u2013 S.P. Monserrato &#8211; Sestu km 0,700 &#8211; Monserrato (CA).<\/p>\n<p>Gli studenti che non dichiareranno la disponibilit\u00e0 in base alle modalit\u00e0 definite dal presente Regolamento verranno considerati tacitamente rinunciatari e ci\u00f2 indipendentemente dalle eventuali motivazioni giustificative addotte. In tal caso saranno esclusi da tutte le successive fasi della procedura selettiva.<\/p>\n<p>I candidati aventi diritto al trasferimento, in base ai posti disponibili nella graduatoria, dovranno presentarsi presso la Segreteria Studenti della Facolt\u00e0 di Medicina e Chirurgia \u2013\u2013 Cittadella Universitaria \u2013 S.P. Monserrato &#8211; Sestu km 0,700 &#8211; Monserrato (CA), per il RITIRO DEL NULLA OSTA entro i termini indicati nell\u2019avviso di pubblicazione della graduatoria. Decorso tale termine gli aventi diritto saranno considerati rinunciatari e i posti saranno assegnati ai candidati successivi in graduatoria, che verranno chiamati mediante comunicazione diretta da parte della Segreteria Studenti.<\/p>\n<p>Successivamente i candidati dovranno presentare, presso l\u2019Ateneo di provenienza, il nulla osta congiuntamente alla domanda di trasferimento per l\u2019Ateneo di Cagliari e dovranno far pervenire alla Segreteria Studenti della Facolt\u00e0 di Medicina e Chirurgia dell\u2019Universit\u00e0 di Cagliari, entro i termini indicati nella graduatoria stessa e sul nulla osta, dichiarazione sostitutiva di certificazione o ricevuta attestante l\u2019avvenuta presentazione della domanda di trasferimento presso l\u2019ateneo di provenienza, rilasciata dalla Segreteria Studenti dell\u2019ateneo di provenienza.<\/p>\n<p>Trascorso tale termine, gli interessati che non avranno rispettato il suddetto obbligo, verranno considerati rinunciatari, a prescindere dalle motivazioni addotte per il ritardo.<\/p>\n<p>Quando il foglio di congedo trasmesso dall\u2019Ateneo di provenienza arriver\u00e0 presso l\u2019Universit\u00e0 di Cagliari, lo studente dovr\u00e0 perfezionare il trasferimento effettuando il pagamento, oltre che della prima rata delle tasse, anche del contributo dovuto per il trasferimento da altra sede verso l\u2019Universit\u00e0 di Cagliari previsto dal Regolamento Tasse e Contributi Universitari per il relativo anno accademico.<\/p>\n","protected":false},"excerpt":{"rendered":"<p>La graduatoria verr\u00e0 pubblicata sul sito ufficiale della Segreteria Studenti della Facolt\u00e0 di Medicina e Chirurgia, all\u2019indirizzo internet http:\/\/segreterie.unica.it\/medicinaechirurgia\/ , entro i termini che verranno indicati in apposito avviso pubblicato sul medesimo sito della Segreteria Studenti. Tale pubblicazione rappresenter\u00e0 l\u2019unico mezzo di pubblicit\u00e0 legale. Non verr\u00e0 data comunicazione scritta agli interessati. Nel medesimo avviso verranno inoltre indicati anche i termini entro i quali gli aventi diritto dovranno tassativamente provvedere al ritiro del nulla osta. Entro il medesimo termine, i candidati non ammessi al trasferimento ma interessati all\u2019iscrizione in caso di successiva disponibilit\u00e0 di posti dovranno obbligatoriamente trasmettere una dichiarazione di <a href='https:\/\/segreterie.unica.it\/medicinaechirurgia\/abbreviazioni-e-trasferimenti-in-ingresso\/pubblicazione-graduatorie-di-merito-e-rilascio-nulla-osta-agli-aventi-diritto\/' class='excerpt-more'>[&#8230;]<\/a><\/p>\n","protected":false},"author":2488,"featured_media":0,"parent":2492,"menu_order":0,"comment_status":"closed","ping_status":"closed","template":"","meta":{"footnotes":""},"class_list":["post-2542","page","type-page","status-publish","hentry","post-seq-1","post-parity-odd","meta-position-corners","fix"],"_links":{"self":[{"href":"https:\/\/segreterie.unica.it\/medicinaechirurgia\/wp-json\/wp\/v2\/pages\/2542","targetHints":{"allow":["GET"]}}],"collection":[{"href":"https:\/\/segreterie.unica.it\/medicinaechirurgia\/wp-json\/wp\/v2\/pages"}],"about":[{"href":"https:\/\/segreterie.unica.it\/medicinaechirurgia\/wp-json\/wp\/v2\/types\/page"}],"author":[{"embeddable":true,"href":"https:\/\/segreterie.unica.it\/medicinaechirurgia\/wp-json\/wp\/v2\/users\/2488"}],"replies":[{"embeddable":true,"href":"https:\/\/segreterie.unica.it\/medicinaechirurgia\/wp-json\/wp\/v2\/comments?post=2542"}],"version-history":[{"count":1,"href":"https:\/\/segreterie.unica.it\/medicinaechirurgia\/wp-json\/wp\/v2\/pages\/2542\/revisions"}],"predecessor-version":[{"id":2544,"href":"https:\/\/segreterie.unica.it\/medicinaechirurgia\/wp-json\/wp\/v2\/pages\/2542\/revisions\/2544"}],"up":[{"embeddable":true,"href":"https:\/\/segreterie.unica.it\/medicinaechirurgia\/wp-json\/wp\/v2\/pages\/2492"}],"wp:attachment":[{"href":"https:\/\/segreterie.unica.it\/medicinaechirurgia\/wp-json\/wp\/v2\/media?parent=2542"}],"curies":[{"name":"wp","href":"https:\/\/api.w.org\/{rel}","templated":true}]}}