{"id":2509,"date":"2015-07-16T07:54:57","date_gmt":"2015-07-16T05:54:57","guid":{"rendered":"http:\/\/segreterie.unica.it\/medicinaechirurgia\/?page_id=2509"},"modified":"2023-07-29T10:47:14","modified_gmt":"2023-07-29T08:47:14","slug":"regolamento-trasferimenti-in-ingresso","status":"publish","type":"page","link":"https:\/\/segreterie.unica.it\/medicinaechirurgia\/abbreviazioni-e-trasferimenti-in-ingresso\/regolamento-trasferimenti-in-ingresso\/","title":{"rendered":"Regolamento trasferimenti in ingresso"},"content":{"rendered":"<p style=\"text-align: center\"><strong>REGOLAMENTO IN MATERIA DI TRASFERIMENTI IN INGRESSO NEI CORSI DI LAUREA\/LAUREA MAGISTRALE\/LAUREA MAGISTRALE A CICLO UNICO AD ACCESSO PROGRAMMATO DELLA FACOLT<\/strong><strong>\u00c0<\/strong><strong> DI MEDICINA E CHIRURGIA DELL\u2019UNIVERSIT\u00c0 DEGLI STUDI DI CAGLIARI<\/strong>.<\/p>\n<p>&nbsp;<\/p>\n<p><strong>SOMMARIO<\/strong><\/p>\n<p><a href=\"#_Toc43176783\">Art. 1 Requisiti per il trasferimento in ingresso<\/a><\/p>\n<p><a href=\"#_Toc43176784\">Art. 2 Posti disponibili <\/a><\/p>\n<p><a href=\"#_Toc43176785\">Art. 3 Domanda di trasferimento in ingresso<\/a><\/p>\n<p><a href=\"#_Toc43176786\">Art. 4 Valutazione delle domande di trasferimento in ingresso<\/a><\/p>\n<p><a href=\"#_Toc43176787\">Art. 5 Formazione della graduatoria di merito<\/a><\/p>\n<p><a href=\"#_Toc43176788\">Art. 6 Nulla osta per il trasferimento in ingresso<\/a><\/p>\n<p><strong>\u00a0<\/strong><\/p>\n<p><strong>\u00a0<\/strong><strong>\u00a0<\/strong><a name=\"_Toc43176783\"><\/a><strong>Art. 1 Requisiti per il trasferimento in <\/strong><strong>ingresso\/abbreviazione di carriera<\/strong><\/p>\n<p>Possono presentare domanda di trasferimento in ingresso, o abbreviazione con riconoscimento della carriera pregressa, ai Corsi di Studio (Corso di Laurea\/Laurea magistrale\/Laurea magistrale a ciclo unico) ad accesso programmato della Facolt\u00e0 di Medicina e Chirurgia dell\u2019Universit\u00e0 degli Studi di Cagliari:<\/p>\n<ol>\n<li><strong>A<\/strong>) GLI STUDENTI iscritti in altro Ateneo Italiano, per lo stesso corso di laurea\/laurea magistrale o laurea magistrale a ciclo unico, esclusivamente al nuovo ordinamento ex D.M. 270\/04, che abbiano partecipato alle prove di selezione per l\u2019accesso al corso nell\u2019ambito del contingente dei posti disponibili per cittadini italiani, comunitari e non comunitari legalmente soggiornanti in Italia, ai sensi dell\u2019art. 26 della L. 189\/2002;<\/li>\n<li><strong>B)<\/strong> GLI STUDENTI italiani, comunitari e non comunitari legalmente soggiornanti in Italia iscritti per lo stesso corso di laurea\/laurea magistrale o laurea magistrale a ciclo unico, presso altra sede universitaria comunitaria ovvero extracomunitaria;<\/li>\n<li><strong>C)<\/strong> GLI STUDENTI, italiani, comunitari e non comunitari legalmente soggiornanti in Italia provenienti da corsi di laurea triennale e\/o magistrale presso l\u2019Ateneo di Cagliari o altro Ateneo Italiano o altra sede universitaria comunitaria ovvero extracomunitaria, per l\u2019iscrizione ad anni successivi al primo con richiesta di abbreviazione di carriera;<\/li>\n<li><strong>D)<\/strong> I LAUREATI, italiani, comunitari e non comunitari legalmente soggiornanti in Italia, in corsi di laurea triennale e\/o magistrale con titolo conseguito presso l\u2019Ateneo di Cagliari o altro Ateneo Italiano o altra sede universitaria comunitaria ovvero extracomunitaria, per l\u2019iscrizione ad anni successivi al primo con richiesta di abbreviazione di carriera.<\/li>\n<\/ol>\n<p>&nbsp;<\/p>\n<p>In caso di accettazione presso l\u2019Ateneo di Cagliari, gli studenti iscritti presso altra sede universitaria comunitaria ovvero extracomunitaria, devono obbligatoriamente provvedere alla rinuncia agli studi\/sospensione della carriera presso l\u2019Ateneo estero di iscrizione e presentare presso la Segreteria Studenti della Facolt\u00e0 di Medicina e Chirurgia dell\u2019Universit\u00e0 degli Studi di Cagliari un documento rilasciato dall\u2019Ateneo estero attestante l\u2019avvenuta rinuncia agli studi\/sospensione della carriera.<\/p>\n<p>In caso di rilascio del nulla osta ed accettazione del trasferimento in ingresso, ovvero iscrizione con abbreviazione di carriera, gli studenti interessati devono obbligatoriamente iscriversi al Corso di Laurea\/Laurea magistrale\/Laurea magistrale a ciclo unico secondo l\u2019ordinamento ex D.M. 270\/04 in vigore per l\u2019anno di ammissione.<\/p>\n<p>Non verranno accolte le richieste:<\/p>\n<ul>\n<li>presentate da studenti iscritti a Corsi di Studio istituiti secondo ordinamenti didattici precedenti al D.M. 270\/04;<\/li>\n<li>presentate da studenti iscritti a corsi di studio istituiti secondo ordinamenti didattici ex D.M. 270\/04 ma agli stessi transitati da ordinamenti didattici precedenti al D.M. 270\/04 del medesimo corso di studi, con carriera pregressa svolta secondo il suddetto ordinamento previgente;<\/li>\n<li>di iscrizione al primo anno di corso a seguito di trasferimento da altri Atenei italiani o stranieri;<\/li>\n<li>di iscrizione ad un anno di corso inferiore o uguale a quello di ultima iscrizione presso l\u2019Ateneo di provenienza, in tal caso l\u2019istanza verr\u00e0 considerata come presentata per l\u2019anno di corso calcolato sulla base del numero di anni di effettiva iscrizione, tenuto conto della data di prima immatricolazione nel corso di studi di iscrizione;<\/li>\n<li>presentate da studenti immatricolati con riserva in sovrannumero, presso altra sede universitaria ad uno dei Corsi di Studio a numero programmato, a seguito di un provvedimento dell\u2019autorit\u00e0 giudiziaria amministrativa;<\/li>\n<li>presentate da studenti iscritti in qualit\u00e0 di ripetente o fuori corso nell\u2019Ateneo di provenienza.<\/li>\n<\/ul>\n<p>Il Manifesto Generale degli Studi, emanato ogni anno accademico dall\u2019Universit\u00e0 degli Studi di Cagliari, pu\u00f2 prevedere ulteriori limitazioni ai trasferimenti in ingresso per i soli Corsi di Studio offerti e anni di corso attivati nell\u2019anno accademico per il quale la richiesta di nulla osta viene presentata.<\/p>\n<p>&nbsp;<\/p>\n<p><a name=\"_Toc43176784\"><\/a><strong>Art. 2 Posti disponibili<\/strong><\/p>\n<p>I posti disponibili per il trasferimento in ingresso ai Corsi di Studio ad accesso programmato della Facolt\u00e0 di Medicina e Chirurgia dell\u2019Universit\u00e0 degli Studi di Cagliari vengono determinati annualmente tenendo conto dei posti relativi agli anni di corso successivi al primo, liberatisi a seguito di rinuncia irrevocabile agli studi e di trasferimento ad altro Corso di Studio o ad altro Ateneo.<\/p>\n<p>Tali posti sono calcolati, entro il termine previsto dal relativo Decreto Ministeriale, al netto delle abbreviazioni di carriera concesse agli iscritti al primo anno a seguito della partecipazione alla selezione di accesso ai Corsi di Laurea\/Laurea magistrale\/Laurea magistrale a ciclo unico a programmazione nazionale. La suddetta data fissa il termine ultimo per la determinazione dei posti disponibili al trasferimento; in mancanza di data esplicita nel Decreto Ministeriale di riferimento, il termine \u00e8 posto d\u2019ufficio al 31 luglio di ogni anno.<\/p>\n<p>I posti disponibili per i trasferimenti sono assegnati a seguito di una selezione, sulla base della quale viene stilata una graduatoria generale di merito. La graduatoria generale di merito, redatta sulla base dei criteri stabiliti nell\u2019art. 5 del presente Regolamento, viene pubblicata sul sito internet della Segreteria Studenti della Facolt\u00e0 di Medicina e Chirurgia entro i termini che sono indicati in apposito avviso pubblicato sul medesimo sito della Segreteria Studenti. Nello stesso avviso sono inoltre indicate le modalit\u00e0 di rilascio dei nulla osta al trasferimento in ingresso e la relativa tempistica che gli aventi diritto al nulla osta devono tassativamente rispettare.<\/p>\n<p>Le pubblicazioni di cui sopra rappresentano l\u2019unico mezzo di pubblicit\u00e0 legale. Pertanto, non verr\u00e0 inviata alcuna comunicazione scritta sull\u2019esito della selezione.<\/p>\n<p>&nbsp;<\/p>\n<p><a name=\"_Toc43176785\"><\/a><strong>Art. 3 Domanda di trasferimento in ingresso<\/strong><\/p>\n<p>La domanda di trasferimento deve essere presentata secondo le modalit\u00e0 e i termini che sono indicati nello specifico avviso, pubblicato nelle pagine del sito internet della Segreteria Studenti della Facolt\u00e0 di Medicina e Chirurgia.<\/p>\n<p>La domanda deve essere redatta utilizzando lo specifico modulo scaricabile dal sito della Segreteria Studenti. Nel modulo devono essere inseriti i dati di seguito riportati:<\/p>\n<ul>\n<li>i dati anagrafici ed il recapito dell\u2019interessato;<\/li>\n<li>l\u2019indicazione dell\u2019Ateneo di provenienza, del Corso di Studio e dell\u2019anno di corso di iscrizione;<\/li>\n<li>l\u2019indicazione nel dettaglio di tutti gli anni di iscrizione nell\u2019Ateneo di provenienza;<\/li>\n<li>l\u2019indicazione dell\u2019ordinamento didattico di provenienza;<\/li>\n<li>l\u2019elenco dettagliato di tutti gli esami di profitto superati e dei crediti acquisiti, con specifica di tutti i relativi dati richiesti;<\/li>\n<li>l\u2019anno di corso e il Corso di Studio per il quale si richiede il rilascio del nulla osta di trasferimento in ingresso;<\/li>\n<li>la data e la firma dell\u2019interessato.<\/li>\n<\/ul>\n<p>Alla domanda devono essere allegati:<\/p>\n<ul>\n<li>un certificato rilasciato dall\u2019Ateneo di provenienza riportante l\u2019elenco degli insegnamenti superati, con l\u2019indicazione dei relativi voti, crediti formativi universitari acquisiti e settori scientifico-disciplinari relativi agli esami superati. In luogo del certificato pu\u00f2 essere allegata una dichiarazione sostitutiva di certificazione contenente le stesse informazioni richieste per il certificato di iscrizione (solo per gli studenti iscritti presso atenei italiani);<\/li>\n<li>i programmi di studio ufficiali di ciascun corso superato.<\/li>\n<\/ul>\n<p>Nel caso in cui, dalle dichiarazioni presentate dall\u2019interessato, risultino dichiarazioni false o mendaci, ferme restando le sanzioni previste dal codice penale e dalle leggi speciali in materia (artt. 75 e76 del D.P.R. n. 445\/2000), l\u2019interessato decade automaticamente dal diritto al trasferimento e da ogni beneficio eventualmente maturato.<\/p>\n<p>I candidati iscritti presso Atenei esteri, devono allegare la documentazione originale rilasciata dalla sede universitaria estera, tradotta e legalizzata dalla sede consolare italiana presso il paese estero di provenienza, ovvero munita di \u201capostille\u201d nel caso di paese aderente alla Convenzione dell\u2019Aja del 5 ottobre 1961, completa di: certificato di iscrizione con indicazione dell\u2019anno di corso di attuale iscrizione e data di prima immatricolazione, esami sostenuti e relativi programmi didattici. Eventuali casi previsti di esenzione dalla legalizzazione della documentazione da produrre, sono valutati sulla base di esistenti accordi e convenzioni stipulati fra l\u2019Italia ed altri paesi.<\/p>\n<p>Le domande presentate incomplete, o non corredate del pagamento dell&#8217;imposta di bollo, nonch\u00e9 di tutta la documentazione richiesta e degli allegati sopra riportati, non sono prese in considerazione. Non verr\u00e0 data alcuna comunicazione scritta agli interessati.<\/p>\n<p><strong>\u00a0<\/strong><\/p>\n<p><a name=\"_Toc43176786\"><\/a><strong>Art. 4 Valutazione delle domande di trasferimento in ingresso<\/strong><\/p>\n<p>Le domande pervenute sono valutate dagli Organi didattici competenti che stabiliscono se le stesse sono ammissibili sulla base degli esami e dei crediti convalidabili\/riconoscibili in relazione alla loro compatibilit\u00e0 con gli ordinamenti didattici dell\u2019Universit\u00e0 degli Studi di Cagliari, tenendo conto anche dei programmi di studio seguiti.<\/p>\n<p>L\u2019Organo didattico competente valuta il curriculum degli studi svolti tenendo conto dei requisiti di ammissibilit\u00e0 ad anni successivi al primo e del riconoscimento dei crediti acquisiti ai fini della predisposizione della graduatoria di merito, sempre nel rispetto dei posti disponibili e dei criteri di assegnazione. L\u2019eventuale convalida degli esami sostenuti ai fini dell\u2019effettivo proseguimento degli studi presso l\u2019Universit\u00e0 degli Studi di Cagliari \u00e8, in ogni caso, oggetto di una valutazione distinta e successiva all\u2019iscrizione presso l\u2019Ateneo di Cagliari. La selezione prevista dal presente regolamento \u00e8 finalizzata esclusivamente alla concessione del nulla osta al trasferimento in ingresso.<\/p>\n<p>L\u2019Organo didattico non prende in considerazione le domande presentate per le quali gli esami convalidabili o i crediti riconoscibili non siano sufficienti all\u2019ammissione ad anni successivi al primo. Ai fini della valutazione dei requisiti di ammissibilit\u00e0 sono presi in considerazione solo gli esami superati e\/o i crediti acquisiti entro il 31 Luglio presso l\u2019Ateneo di iscrizione.<\/p>\n<p>Eventuali specifici requisiti di ammissibilit\u00e0 ai fini della valutazione delle istanze di nulla osta possono essere determinati preventivamente dagli Organi didattici competenti e pubblicati in uno specifico bando sul sito della Segreteria Studenti nel mese di Agosto di ogni anno.<\/p>\n<p>Il bando pubblicato con provvedimento del Presidente di Facolt\u00e0 dovr\u00e0 specificare i posti disponibili e i criteri di selezione<\/p>\n<p><strong>\u00a0<\/strong><\/p>\n<p><a name=\"_Toc43176787\"><\/a><strong>Art. 5 Formazione della graduatoria di merito<\/strong><\/p>\n<p>La graduatoria generale di merito, redatta sulla base dei curricula degli studi svolti dai candidati, tiene conto dei seguenti criteri:<\/p>\n<ol>\n<li><u>numero dei crediti formativi universitari totali acquisiti.<\/u><\/li>\n<\/ol>\n<p>La somma dei crediti formativi universitari acquisiti (CFU) deve essere rapportata al numero degli anni effettivi di iscrizione presso il medesimo Corso di studio nell\u2019Ateneo di provenienza. Sono valutate esclusivamente le attivit\u00e0 formative sostenute\/riconosciute e certificate dall\u2019Universit\u00e0 di provenienza per le quali lo studente abbia fornito documentazione sui contenuti (programmi). I candidati iscritti presso Atenei esteri, devono allegare la documentazione originale rilasciata dalla sede universitaria estera, tradotta e legalizzata dalla sede consolare italiana presso il paese estero di provenienza completa di: certificato di iscrizione con indicazione dell\u2019anno di corso di attuale iscrizione e data di prima immatricolazione, esami sostenuti e relativi programmi didattici.<\/p>\n<p>Sono presi in considerazione soltanto gli insegnamenti che trovano una corrispondenza nell\u2019ordinamento italiano previsto per lo stesso Corso di studio. Non sono considerati i CFU conseguiti in attivit\u00e0 formative parziali o moduli.<\/p>\n<p>I CFU totali di cui si tiene conto in rapporto al numero degli anni effettivi di iscrizione, sono riferiti a quelli previsti dal piano di studio ufficiale vigente presso l\u2019Universit\u00e0 degli Studi di Cagliari per il Corso di studio di riferimento;<\/p>\n<ol>\n<li>in caso di parit\u00e0 si tiene conto della media aritmetica degli esami di profitto indicati sul certificato presentato dal candidato; la media voti \u00e8 normalizzata in 30-esimi;<\/li>\n<li>in caso di ulteriore parit\u00e0 si d\u00e0 data la precedenza al candidato anagraficamente pi\u00f9 giovane.<\/li>\n<\/ol>\n<p>La graduatoria generale di merito \u00e8 pubblicata sul sito ufficiale della Segreteria Studenti della Facolt\u00e0 di Medicina e Chirurgia, all\u2019indirizzo internet <a href=\"http:\/\/segreterie.unica.it\/medicinaechirurgia\/\">http:\/\/segreterie.unica.it\/medicinaechirurgia\/<\/a>, entro i termini che sono indicati nell\u2019avviso pubblicato sullo stesso sito web.<\/p>\n<p>Tale pubblicazione rappresenta l\u2019unico mezzo di pubblicit\u00e0 legale. Non verr\u00e0 data comunicazione scritta agli interessati.<\/p>\n<p>&nbsp;<\/p>\n<p><a name=\"_Toc43176788\"><\/a><strong>Art. 6 Nulla osta per il trasferimento in ingresso<\/strong><\/p>\n<p>Nell\u2019avviso di cui all\u2019art. 6 sono indicati i termini entro i quali gli aventi diritto devono tassativamente provvedere al ritiro del nulla osta di trasferimento in ingresso.<\/p>\n<p>Entro il medesimo termine, i candidati non ammessi al trasferimento ma interessati all\u2019iscrizione in caso di successiva disponibilit\u00e0 di posti, devono obbligatoriamente trasmettere una dichiarazione di interesse al rilascio del nulla osta su apposito modulo predisposto dalla Segreteria Studenti e scaricabile nella pagina di pubblicazione della graduatoria, via email (posta certificata all\u2019indirizzo <a href=\"mailto:protocollo@unica.it\">protocollo@unica.it<\/a> o email ordinaria all\u2019indirizzo <a href=\"mailto:segrstudmedicina@unica.it\">segrstudmedicina@unica.it<\/a>) o consegnata personalmente presso la Segreteria Studenti della Facolt\u00e0 di Medicina e Chirurgia \u2013 Cittadella Universitaria di Monserrato &#8211; Sestu km 0,700 &#8211; Monserrato (CA).<\/p>\n<p>Gli studenti che non dichiarano la disponibilit\u00e0 in base alle modalit\u00e0 definite dal presente Regolamento vengono considerati tacitamente rinunciatari e ci\u00f2 indipendentemente dalle eventuali motivazioni giustificative addotte. In tal caso sono esclusi da tutte le successive fasi della procedura selettiva.<\/p>\n<p>I candidati aventi diritto al trasferimento, in base ai posti disponibili nella graduatoria, devono presentarsi presso la Segreteria Studenti della Facolt\u00e0 di Medicina e Chirurgia \u2013\u2013 Cittadella Universitaria \u2013 S.P. Monserrato &#8211; Sestu km 0,700 &#8211; Monserrato (CA), per il RITIRO DEL NULLA OSTA entro i termini indicati nell\u2019avviso di pubblicazione della graduatoria. Decorso tale termine gli aventi diritto che non hanno ritirato il nulla osta sono considerati rinunciatari e i posti sono assegnati ai candidati successivi in graduatoria, che verranno chiamati mediante comunicazione diretta da parte della Segreteria Studenti.<\/p>\n<p>Successivamente i candidati devono presentare presso l\u2019Ateneo di provenienza, il nulla osta ritirato congiuntamente alla domanda di trasferimento per l\u2019Ateneo di Cagliari e devono far pervenire alla Segreteria Studenti della Facolt\u00e0 di Medicina e Chirurgia dell\u2019Universit\u00e0 degli Studi di Cagliari, entro i termini indicati nella stessa graduatoria e sul nulla osta, dichiarazione sostitutiva di certificazione o ricevuta attestante l\u2019avvenuta presentazione della domanda di trasferimento in uscita presso l\u2019Ateneo di provenienza, rilasciata dalla pertinente Segreteria Studenti.<\/p>\n<p>Trascorsi tali termini, gli interessati che non hanno rispettato il suddetto obbligo, sono considerati rinunciatari, a prescindere dalle motivazioni addotte per il ritardo.<\/p>\n<p>Quando il foglio di congedo trasmesso dall\u2019Ateneo di provenienza arriver\u00e0 presso l\u2019Universit\u00e0 degli Studi di Cagliari, lo studente dovr\u00e0 perfezionare il trasferimento effettuando il pagamento, oltre che della prima rata delle tasse, anche del contributo dovuto per il trasferimento da altra sede verso l\u2019Universit\u00e0 di Cagliari previsto dal Regolamento contribuzione studentesca per il relativo anno accademico.<\/p>\n<p>Il foglio di congedo, trasmesso dall\u2019Ateneo di provenienza alla Segreteria Studenti dell\u2019Universit\u00e0 degli Studi di Cagliari deve contenere tutta la carriera svolta dal candidato fino al momento del trasferimento. La suddetta documentazione viene successivamente trasmessa dalla Segreteria Studenti all\u2019Organo didattico competente che deliberer\u00e0 in via definitiva in merito all\u2019anno di corso e alla convalida\/riconoscimento degli esami e dei crediti acquisiti. Solo dopo avere ottenuto la delibera definitiva dell\u2019Organo didattico competente, lo studente potr\u00e0 ottenere certificazioni e sostenere gli esami per i quali sia stata riconosciuta la frequenza nei Corsi di Studio della Facolt\u00e0 di Medicina e Chirurgia dell\u2019Universit\u00e0 degli Studi di Cagliari.<\/p>\n","protected":false},"excerpt":{"rendered":"<p>REGOLAMENTO IN MATERIA DI TRASFERIMENTI IN INGRESSO NEI CORSI DI LAUREA\/LAUREA MAGISTRALE\/LAUREA MAGISTRALE A CICLO UNICO AD ACCESSO PROGRAMMATO DELLA FACOLT\u00c0 DI MEDICINA E CHIRURGIA DELL\u2019UNIVERSIT\u00c0 DEGLI STUDI DI CAGLIARI. &nbsp; SOMMARIO Art. 1 Requisiti per il trasferimento in ingresso Art. 2 Posti disponibili Art. 3 Domanda di trasferimento in ingresso Art. 4 Valutazione delle domande di trasferimento in ingresso Art. 5 Formazione della graduatoria di merito Art. 6 Nulla osta per il trasferimento in ingresso \u00a0 \u00a0\u00a0Art. 1 Requisiti per il trasferimento in ingresso\/abbreviazione di carriera Possono presentare domanda di trasferimento in ingresso, o abbreviazione con riconoscimento della carriera <a href='https:\/\/segreterie.unica.it\/medicinaechirurgia\/abbreviazioni-e-trasferimenti-in-ingresso\/regolamento-trasferimenti-in-ingresso\/' class='excerpt-more'>[&#8230;]<\/a><\/p>\n","protected":false},"author":2488,"featured_media":0,"parent":2492,"menu_order":0,"comment_status":"closed","ping_status":"closed","template":"","meta":{"footnotes":""},"class_list":["post-2509","page","type-page","status-publish","hentry","post-seq-1","post-parity-odd","meta-position-corners","fix"],"_links":{"self":[{"href":"https:\/\/segreterie.unica.it\/medicinaechirurgia\/wp-json\/wp\/v2\/pages\/2509","targetHints":{"allow":["GET"]}}],"collection":[{"href":"https:\/\/segreterie.unica.it\/medicinaechirurgia\/wp-json\/wp\/v2\/pages"}],"about":[{"href":"https:\/\/segreterie.unica.it\/medicinaechirurgia\/wp-json\/wp\/v2\/types\/page"}],"author":[{"embeddable":true,"href":"https:\/\/segreterie.unica.it\/medicinaechirurgia\/wp-json\/wp\/v2\/users\/2488"}],"replies":[{"embeddable":true,"href":"https:\/\/segreterie.unica.it\/medicinaechirurgia\/wp-json\/wp\/v2\/comments?post=2509"}],"version-history":[{"count":15,"href":"https:\/\/segreterie.unica.it\/medicinaechirurgia\/wp-json\/wp\/v2\/pages\/2509\/revisions"}],"predecessor-version":[{"id":8737,"href":"https:\/\/segreterie.unica.it\/medicinaechirurgia\/wp-json\/wp\/v2\/pages\/2509\/revisions\/8737"}],"up":[{"embeddable":true,"href":"https:\/\/segreterie.unica.it\/medicinaechirurgia\/wp-json\/wp\/v2\/pages\/2492"}],"wp:attachment":[{"href":"https:\/\/segreterie.unica.it\/medicinaechirurgia\/wp-json\/wp\/v2\/media?parent=2509"}],"curies":[{"name":"wp","href":"https:\/\/api.w.org\/{rel}","templated":true}]}}