{"id":2498,"date":"2015-07-16T07:49:54","date_gmt":"2015-07-16T05:49:54","guid":{"rendered":"http:\/\/segreterie.unica.it\/medicinaechirurgia\/?page_id=2498"},"modified":"2016-02-26T10:47:29","modified_gmt":"2016-02-26T09:47:29","slug":"modalita-e-termini-presentazione-dpomande-nulla-osta-trasferimento-in-ingresso","status":"publish","type":"page","link":"https:\/\/segreterie.unica.it\/medicinaechirurgia\/abbreviazioni-e-trasferimenti-in-ingresso\/modalita-e-termini-presentazione-dpomande-nulla-osta-trasferimento-in-ingresso\/","title":{"rendered":"Modalit\u00e0 e termini presentazione domande nulla osta trasferimento in ingresso &#8211; A.A. 2015\/2016"},"content":{"rendered":"<p>La domanda di nulla osta dovr\u00e0 essere presenta dal <strong>1 luglio<\/strong> al <strong>5 Agosto <\/strong>(<strong><span style=\"text-decoration: underline\">per l&#8217;A.A. 2015\/2016 la scadenza \u00e8 prorogata al 31 Agosto 2015<\/span><\/strong>)\u00a0di ogni anno solare direttamente presso gli sportelli della Segreteria Studenti della Facolt\u00e0 di Medicina e Chirurgia sita presso la Cittadella Universitaria di Monserrato, S.P. Monserrato &#8211; Sestu km 0,700 &#8211; Monserrato (CA), dal diretto interessato o da suo delegato, allegando una fotocopia fronte\/retro di un documento di identit\u00e0 dello studente interessato.<\/p>\n<p>La domanda potr\u00e0 anche essere trasmessa via posta a mezzo raccomandata A.R. al seguente indirizzo: Universit\u00e0 degli Studi di Cagliari \u2013 Segreteria Studenti della Facolt\u00e0 di Medicina e Chirurgia \u2013\u2013 Cittadella Universitaria \u2013 S.P. Monserrato &#8211; Sestu km 0,700 \u2013 09042 Monserrato (CA).<\/p>\n<p><span style=\"text-decoration: underline\"><strong>Non verranno accettate domande presentate o spedite prima del 1 luglio<\/strong><\/span>. Non verranno prese in considerazione domande inoltrate via fax. Non verranno accettate domande consegnate allo sportello o inviate per posta <span style=\"text-decoration: underline\"><strong>oltre il termine stabilito del 5 Agosto<\/strong><\/span>. Per le domande inviate via posta far\u00e0 fede il timbro a data dell\u2019ufficio postale di partenza.<\/p>\n<p>La domanda dovr\u00e0 essere redatta utilizzando lo specifico modulo fornito dalla Segreteria Studenti e dovr\u00e0 riportare:<\/p>\n<ul>\n<li>i dati anagrafici ed il recapito dell\u2019interessato;<\/li>\n<li>l\u2019indicazione dell\u2019Ateneo di provenienza, del corso di studi e dell\u2019anno di corso di iscrizione;<\/li>\n<li>l\u2019indicazione nel dettaglio di tutti gli anni di iscrizione nell\u2019Ateneo di provenienza;<\/li>\n<li>l\u2019anno di corso e il corso di studi per il quale si richiede il rilascio del nulla osta;<\/li>\n<li>l\u2019indicazione dell\u2019ordinamento didattico di provenienza;<\/li>\n<li>l\u2019elenco dettagliato di tutti gli esami di profitto superati e crediti acquisiti, con specifica di tutti i relativi dati richiesti;<\/li>\n<li>la data e la firma dell\u2019interessato.<\/li>\n<\/ul>\n<p>Alla domanda, alla quale dovr\u00e0 esse applicata una marca da bollo da \u20ac 16,00, dovranno essere allegati:<\/p>\n<ul>\n<li>un certificato rilasciato dall\u2019Ateneo di iscrizione riportante l\u2019elenco degli insegnamenti superati, con l\u2019indicazione dei relativi voti e crediti formativi universitari acquisiti. In luogo del certificato potr\u00e0 essere allegata dichiarazione sostitutiva di certificazione contenente le stesse informazioni richieste per il certificato di iscrizione;<\/li>\n<li>i programmi di studio ufficiali di ciascun corso superato.<\/li>\n<\/ul>\n<p>Nel caso in cui, dalle dichiarazioni presentate dall\u2019interessato risultino dichiarazioni false o mendaci, ferme restando le sanzioni previste dal codice penale e dalle leggi speciali in materia (artt. 75 e76 del D.P.R. n. 445\/2000), l\u2019interessato decadr\u00e0 automaticamente dal diritto al trasferimento e da ogni beneficio eventualmente maturato.<\/p>\n<p><span style=\"text-decoration: underline\"><strong>I candidati iscritti presso Atenei esteri, dovranno allegare la documentazione originale rilasciata dalla sede universitaria estera, tradotta e legalizzata dalla sede consolare italiana presso il paese estero di provenienza completa di: certificato di iscrizione con indicazione dell\u2019anno di corso di attuale iscrizione e data di prima immatricolazione, esami sostenuti e relativi programmi didattici<\/strong><\/span>.<\/p>\n<p><span style=\"color: #ff0000;text-decoration: underline\"><strong>Le domande presentate incomplete, prive di marca da bollo, dei dati richiesti o degli allegati sopra riportati, non verranno prese in considerazione. Non verr\u00e0 data alcuna comunicazione scritta agli interessati<\/strong><\/span>.<\/p>\n<p><strong><span style=\"text-decoration: underline\">Qualsiasi modifica o integrazione ai dati dichiarati e alla documentazione presentata potr\u00e0 essere accolta soltanto se comunicata entro il termine previsto per la scadenza della presentazione delle domande (5 Agosto)<\/span><\/strong>.<\/p>\n","protected":false},"excerpt":{"rendered":"<p>La domanda di nulla osta dovr\u00e0 essere presenta dal 1 luglio al 5 Agosto (per l&#8217;A.A. 2015\/2016 la scadenza \u00e8 prorogata al 31 Agosto 2015)\u00a0di ogni anno solare direttamente presso gli sportelli della Segreteria Studenti della Facolt\u00e0 di Medicina e Chirurgia sita presso la Cittadella Universitaria di Monserrato, S.P. Monserrato &#8211; Sestu km 0,700 &#8211; Monserrato (CA), dal diretto interessato o da suo delegato, allegando una fotocopia fronte\/retro di un documento di identit\u00e0 dello studente interessato. La domanda potr\u00e0 anche essere trasmessa via posta a mezzo raccomandata A.R. al seguente indirizzo: Universit\u00e0 degli Studi di Cagliari \u2013 Segreteria Studenti della <a href='https:\/\/segreterie.unica.it\/medicinaechirurgia\/abbreviazioni-e-trasferimenti-in-ingresso\/modalita-e-termini-presentazione-dpomande-nulla-osta-trasferimento-in-ingresso\/' class='excerpt-more'>[&#8230;]<\/a><\/p>\n","protected":false},"author":2488,"featured_media":0,"parent":2492,"menu_order":0,"comment_status":"closed","ping_status":"closed","template":"","meta":{"footnotes":""},"class_list":["post-2498","page","type-page","status-publish","hentry","post-seq-1","post-parity-odd","meta-position-corners","fix"],"_links":{"self":[{"href":"https:\/\/segreterie.unica.it\/medicinaechirurgia\/wp-json\/wp\/v2\/pages\/2498","targetHints":{"allow":["GET"]}}],"collection":[{"href":"https:\/\/segreterie.unica.it\/medicinaechirurgia\/wp-json\/wp\/v2\/pages"}],"about":[{"href":"https:\/\/segreterie.unica.it\/medicinaechirurgia\/wp-json\/wp\/v2\/types\/page"}],"author":[{"embeddable":true,"href":"https:\/\/segreterie.unica.it\/medicinaechirurgia\/wp-json\/wp\/v2\/users\/2488"}],"replies":[{"embeddable":true,"href":"https:\/\/segreterie.unica.it\/medicinaechirurgia\/wp-json\/wp\/v2\/comments?post=2498"}],"version-history":[{"count":10,"href":"https:\/\/segreterie.unica.it\/medicinaechirurgia\/wp-json\/wp\/v2\/pages\/2498\/revisions"}],"predecessor-version":[{"id":3095,"href":"https:\/\/segreterie.unica.it\/medicinaechirurgia\/wp-json\/wp\/v2\/pages\/2498\/revisions\/3095"}],"up":[{"embeddable":true,"href":"https:\/\/segreterie.unica.it\/medicinaechirurgia\/wp-json\/wp\/v2\/pages\/2492"}],"wp:attachment":[{"href":"https:\/\/segreterie.unica.it\/medicinaechirurgia\/wp-json\/wp\/v2\/media?parent=2498"}],"curies":[{"name":"wp","href":"https:\/\/api.w.org\/{rel}","templated":true}]}}