{"id":2399,"date":"2015-06-18T09:41:39","date_gmt":"2015-06-18T07:41:39","guid":{"rendered":"http:\/\/segreterie.unica.it\/medicinaechirurgia\/?page_id=2399"},"modified":"2020-05-18T08:37:43","modified_gmt":"2020-05-18T06:37:43","slug":"informazioni-di-carattere-generale-f-a-q","status":"publish","type":"page","link":"https:\/\/segreterie.unica.it\/medicinaechirurgia\/faq\/informazioni-di-carattere-generale-f-a-q\/","title":{"rendered":"Informazioni di carattere generale (F.A.Q.)"},"content":{"rendered":"<h1>Informazioni di carattere generale<\/h1>\n<p>&nbsp;<\/p>\n<p><strong>1) Dove reperisco le informazioni sull&#8217;offerta didattica e sui regolamenti?<\/strong><\/p>\n<p>Tutte le informazioni riguardanti l&#8217;offerta formativa, le scadenze e la normativa si trovano sul <a href=\"http:\/\/www.unica.it\/pub\/37\/index.jsp?is=37&amp;iso=284\" target=\"_blank\" rel=\"noopener noreferrer\">Manifesto degli Studi<\/a>.<\/p>\n<p><strong>2) Ho perso il libretto universitario\/tesserino personale studente: cosa fare per avere un duplicato? <\/strong><\/p>\n<p>Rivolgersi alla Segreteria Studenti muniti di:<\/p>\n<ul>\n<li>Modulo scaricabile (compilato in tutte le sue parti!);<\/li>\n<li>Marca da bollo da 16,00 euro;<\/li>\n<li>Dichiarazione sostitutiva dell&#8217;atto di notoriet\u00e0 relativa allo smarrimento o al\u00a0furto;<\/li>\n<li>2 foto tessera (per il libretto cartaceo);<\/li>\n<\/ul>\n<p><strong>3) Perch\u00e9 pur inserendo la mia username e password non riesco ad accedere ai servizi on-line?<\/strong><\/p>\n<p>Nella operazione di inserimento dello username e della password, nei relativi campi in fase di esecuzione del \u201cLogin\u201d, \u00e8 necessario prestare attenzione in fase di digitazione a rispettare il carattere maiuscolo o minuscolo delle lettere che compongono username e password.<\/p>\n<p><strong>4) Perch\u00e9 nel libretto online\u00a0non risultano registrati tutti gli esami da me sostenuti?<\/strong><\/p>\n<p>La registrazione degli esami non avviene in tempo reale; \u00e8 necessario attendere un certo tempo affinch\u00e9 i docenti trasmettano copia dello statino d\u2019esame alla Segreteria Studenti e si possa procedere alla registrazione (vecchi ordinamenti) o i docenti medesimi provvedano alla verbalizzazione online degli esami (nuovi ordinamenti ex DM 270\/04).<\/p>\n<p>In ogni caso \u00e8 importante sapere che gli esami vengono registrati solo se si \u00e8 in regola con le tasse.<\/p>\n<p><strong>5) C&#8217;\u00e8 differenza tra il diploma di laurea e il certificato di laurea?<\/strong><\/p>\n<p>Ovviamente si; per Diploma di Laurea si intende la pergamena originale e va ritirata presso la Segreteria. Il Certificato di laurea \u00e8 invece una certificazione che pu\u00f2 essere scaricata dai servizi online d\u2019ateneo, accedendo con le proprie credenziali al proprio account personale. Presso la Segreteria Studenti \u00e8 possibile ritirare esclusivamente certificati rilasciati in bollo per l\u2019estero o rilasciati per privati. Non possono essere rilasciati certificazioni destinate ad enti pubblici e pubbliche amministrazioni.<\/p>\n<p><strong>6) Quando e come l&#8217;immatricolazione \u00e8 definitiva?<\/strong><\/p>\n<p>Per rendere definitiva l&#8217;immatricolazione occorre pagare la I rata di tasse e presentarsi in Segreteria Studenti entro la data di scadenza prevista per le immatricolazioni nei bandi di selezione, muniti della documentazione necessaria, qualora prevista negli specifici bandi di selezione.<\/p>\n<p><strong>7) Quando mi viene consegnato il tesserino personale studente?<\/strong><\/p>\n<p>I tesserini personali studente vengono di norma consegnati nei mesi di gennaio\/febbraio. Le informazioni sono rintracciabili nella sezione riservata del sito internet della Segreteria Studenti.<\/p>\n<p><strong>8) Posso mandare uno dei miei genitori o altra persona delegata in Segreteria per immatricolarmi?<\/strong><\/p>\n<p>Si. Qualsiasi persona delegata dallo studente pu\u00f2 perfezionare l&#8217;immatricolazione, purch\u00e9 si presenti in segreteria munita di delega e di copia del documento di identit\u00e0 del delegante, nonch\u00e9 della documentazione richiesta.<\/p>\n<p><strong>9) Chi sono gli studenti part-time ?<\/strong><\/p>\n<p>Si qualifica studente impegnato a tempo parziale nelle attivit\u00e0 didattiche (studente part-time) lo studente che al momento dell&#8217;immatricolazione o dell&#8217;iscrizione agli anni normali di un corso di laurea ovvero di un corso di laurea magistrale a ciclo unico ovvero di un corso di laurea magistrale, richiede questa qualifica con domanda motivata. Le motivazioni devono riguardare problemi di salute, familiari o di lavoro.<\/p>\n<p><strong>10) Quali sono le fonti informative ufficiali per le ammissioni di uno studente straniero?<\/strong><\/p>\n<p><strong>Gli studenti stranieri che intendono immatricolarsi presso questa universit\u00e0<\/strong> devono fare riferimento, sia per la procedura da seguire che per la documentazione da presentare, alla nota emanata ogni anno dal Ministero dell&#8217;Universit\u00e0 e della Ricerca, in particolare gli Allegati 1 e 2, consultabile sul sito del <a href=\"http:\/\/www.miur.it\" target=\"_blank\" rel=\"noopener noreferrer\">Ministero<\/a>. Data la complessit\u00e0 della normativa, si consiglia comunque di chiedere consulenza e aggiornamenti alla Segreteria Studenti.<\/p>\n<p><strong>11) Qual \u00e8 la documentazione da allegare per il riconoscimento del titolo di studio?<\/strong><\/p>\n<p>La procedura prevista per il riconoscimento di un titolo di studio conseguito all&#8217;estero \u00e8 molto complessa: in questa sezione\u00a0viene indicata\u00a0la documentazione da allegare, rimandando per informazione pi\u00f9 dettagliate alla Segreteria Studenti. Il cittadino extra-comunitario residente all&#8217;estero, per chiedere il riconoscimento del titolo accademico conseguito, deve presentare la domanda alla Rappresentanza Italiana con giurisdizione sul territorio nel quale il titolo \u00e8 stato conseguito. Le nostre Autorit\u00e0 Diplomatiche provvederanno, in seguito, ad inoltrare alla nostra Universit\u00e0 l&#8217;intera documentazione, tradotta, legalizzata e con dichiarazione di valore. Alla domanda di riconoscimento vanno allegati:<\/p>\n<ul>\n<li>diploma di scuola secondaria superiore;<\/li>\n<li>titoli accademici conseguiti;<\/li>\n<li>certificato degli esami universitari sostenuti;<\/li>\n<li>programma di ogni materia studiata<\/li>\n<\/ul>\n<p>Gli studenti comunitari, ovunque residenti, gli equiparati e i cittadini extra-comunitari con permesso di soggiorno valido (art. 26, L. 30.07.2002 n. 189), presentano la domanda con i documenti sopra elencati direttamente ai competenti uffici di Segreteria Studenti nei termini prestabiliti, dopo averli legalizzati, tradotti e muniti di dichiarazione di valore presso le Rappresentanze italiane competenti per territorio dove i titoli sono stati conseguiti.<\/p>\n<p><strong>12) Chi pu\u00f2 presentare domanda di reimmatricolazioni decaduti\/rinunciatari con recupero carriera pregressa ?<\/strong><\/p>\n<p>Possono presentare la domanda di reimmatricolazione coloro che sono stati gi\u00e0 iscritti a corsi di studi di questo o di altro Ateneo italiano, che abbiano rinunciato agli studi o che per effetto della vecchia normativa risultino decaduti, al fine di ottenere la reimmatricolazione ad un corso di studi attivato dall&#8217;Ateneo e contestualmente chiedere, l&#8217;abbreviazione di corso di studi in virt\u00f9 degli esami sostenuti nella precedente carriera, previa valutazione della stessa da parte della competente struttura didattica. Lo studente che intende reimmatricolarsi ad un CORSO A NUMERO PROGRAMMATO \u00e8 tenuto a sostenere le previste prove d&#8217;accesso per l&#8217;ammissione al corso prescelto, rispettando i termini e le modalit\u00e0 previste nell&#8217;apposito bando di ammissione al corso.<\/p>\n<p><strong>13) Che cos&#8217;\u00e8 il Manifesto degli Studi?<\/strong><\/p>\n<p>Il Manifesto degli Studi\u00a0contiene l&#8217;offerta didattica dei corsi di studio trasformati, istituiti ed attivati dall&#8217;Universit\u00e0 per l&#8217;anno accademico in corso e disciplinano, in base agli ordinamenti di riferimento, le procedure amministrative per gli studenti italiani e stranieri che si immatricolano e si iscrivono ai corsi di laurea di primo e secondo livello.<\/p>\n<p><strong>14) Che cosa si intende per credito formativo?<\/strong><\/p>\n<p>Il credito formativo rappresenta la quantit\u00e0 di lavoro di apprendimento richiesto allo studente nelle attivit\u00e0 formative previste dagli ordinamenti didattici dei corsi di studio. Il lavoro dello studente si intende comprensivo delle ore di lezione in aula, di laboratorio, di seminario, ecc, richieste dal corso di insegnamento, cui vanno aggiunte le ore di studio personale necessarie per completare la formazione.<\/p>\n<p><strong>15) Come si acquisiscono i crediti formativi?<\/strong><\/p>\n<p>I crediti corrispondenti a ciascuna attivit\u00e0 formativa sono acquisiti dallo studente con il superamento dell&#8217;esame o di altra forma di verifica del profitto. Sar\u00e0 inoltre possibile ottenere crediti formativi anche per altre attivit\u00e0 formative, per le quali verranno stabilite dalla Facolt\u00e0 le relative modalit\u00e0 di svolgimento e di verifica del lavoro svolto.<\/p>\n<p><strong>16) Non mi \u00e8 chiara la differenza tra segreteria didattica e segreteria studenti?<\/strong><\/p>\n<p>La Segreteria didattica supporta e fornisce allo studente tutte le informazioni relative all&#8217;attivit\u00e0 didattica (orari delle lezioni, ricevimento dei docenti, offerte formative, piani di studio, ecc).<\/p>\n<p>La Segreteria Studenti gestisce dal punto di vista amministrativo tutta la carriera dello studente fino al conseguimento del titolo.<\/p>\n<p><strong>17) Dov&#8217;\u00e8 la Segreteria Didattica del mio corso di Laurea? <\/strong><strong>Quali sono gli orari di apertura della segreteria didattica del mio corso di laurea?<\/strong><strong> Vorrei parlare con un operatore della Segreteria Didattica del mio corso di laurea ma non posso raggiungere la segreteria, come posso fare?<\/strong><\/p>\n<p>E&#8217; necessario consultare il sito web della <a href=\"http:\/\/facolta.unica.it\/medicinaechirurgia\/\" target=\"_blank\" rel=\"noopener noreferrer\">Facolt\u00e0 di Medicina e Chirurgia<\/a> al fine di reperire la sede, gli orari e il personale a disposizione.<\/p>\n<p><strong>18) Quando inizia l&#8217;attivit\u00e0 didattica nelle Facolt\u00e0?<\/strong><\/p>\n<p>Per conoscere l&#8217;orario delle lezioni devi rivolgerti in Segreteria Didattica del corso di laurea prescelto o consultare il sito web della Facolt\u00e0.<\/p>\n<p><strong>19) Dove si svolgono le lezioni?<\/strong><\/p>\n<p>Le lezioni si svolgono presso le Aule della Facolt\u00e0 di appartenenza. Consulta l&#8217;orario delle lezioni esposto nella bacheca della Segreteria Didattica o visita il sito della Facolt\u00e0 o del tuo Corso di Studi.<\/p>\n<p><strong>20) Se un docente varia l&#8217;orario della sua lezione e\/o esercitazione, o se il docente non svolge pi\u00f9 la lezione nell&#8217;aula assegnata, dove posso chiedere le informazioni?<\/strong><\/p>\n<p>Puoi leggere gli avvisi nelle bacheche della Segreteria Didattica del tuo Corso di Laurea o consultare il sito web della Facolt\u00e0 o del corso di laurea\u00a0di tuo interesse.<\/p>\n<p><strong><em>21) <\/em>Vorrei conoscere l&#8217;orario di ricevimento dei professori?<\/strong><\/p>\n<p>Puoi rivolgerti alla Segreteria Didattica del tuo Corso di Laurea e\/o Facolt\u00e0 e consultare il sito web della Facolt\u00e0 o del Corso di laurea.<\/p>\n<p><strong><em>22) <\/em>Cosa sono le propedeuticit\u00e0?<\/strong><\/p>\n<p>Sono esami da sostenere e superare obbligatoriamente per poter sostenere esami successivi. Le varie propedeuticit\u00e0 sono indicate nei regolamenti didattici di ogni corso di studi.<\/p>\n<p><strong>23) Ho consultato i servizi online agli studenti nell&#8217;area riservata ed ho riscontrato che un esame sostenuto non mi \u00e8 stato ancora registrato. A chi devo rivolgermi per avere informazioni?<\/strong><\/p>\n<p>Se sei iscritto ad uno dei corsi di studio attivati ai sensi del D.M. 270\/04 devi rivolgerti direttamente al docente coordinatore del corso integrato di riferimento. Per i suddetti corsi di studio le verbalizzazioni vengono effettuate in modalit\u00e0 online direttamente dai docenti. Se viceversa risulti iscritto ad uno dei corsi di studio attivati secondo gli ordinamenti previgenti, puoi contattare la Segreteria Studenti segnalando la mancata registrazione dell&#8217;esame. La Segreteria Studenti verificher\u00e0 se la mancata registrazione sia legata alla mancata trasmissione da parte del docente di riferimento dello statino cartaceo attestante il superamento dell\u2019esame, ovvero a problematica di altra natura.<\/p>\n<p><strong><em>24)<\/em><\/strong><strong> Che cosa si intende per esame di laurea\u00a0o prova finale?<\/strong><\/p>\n<p>L&#8217; esame di laurea\u00a0o prova finale consiste nella stesura di un elaborato (Tesi di Laurea) e nella sua discussione pubblica davanti alla Commissione di Laurea.<\/p>\n<p><strong><em>25) <\/em>Quali adempimenti devo seguire per presentare la domanda di ammissione all&#8217;esame di Laurea\/Prova finale?<\/strong><\/p>\n<p>Le modalit\u00e0 di presentazione della domanda di\u00a0laurea le puoi trovare sul web accedendo ai servizi online agli studenti di ateneo, oltre che sul sito della Segreteria Studenti.<\/p>\n<p><strong><em>26) <\/em>Qual \u00e8 il termine per la presentazione della domanda di laurea (online)?<\/strong><\/p>\n<p>Per ogni sessione di laurea sono previste delle scadenze per la presentazione della domanda alla Segreteria Studenti. Consulta il sito web della Segreteria Studenti alla voce <a href=\"http:\/\/segreterie.unica.it\/medicinaechirurgia\/lauree\/date-e-scadenze-amministrative\/\" target=\"_blank\" rel=\"noopener noreferrer\"><em>Date e Scadenze Amministrative<\/em><\/a>.<\/p>\n<p><strong><em>27) <\/em>Dove vengono pubblicate le Commissioni di Laurea e il calendario definitivo delle sedute di Laurea?<\/strong><\/p>\n<p>Entrambi vengono resi noti dalle Segreterie Didattiche del Corso di Studio. Le informazioni sono disponibili anche online nei siti di riferimento dei corsi di studio.<\/p>\n<p><strong>28) Sono uno studente straniero, cosa devo fare per iscrivermi all&#8217;Universit\u00e0 ?<\/strong><\/p>\n<p>Collegati all&#8217;indirizzo sotto indicato<\/p>\n<p>Link di riferimento: <a href=\"http:\/\/www.studiare-in-italia.it\/studentistranieri\/\">http:\/\/www.studiare-in-italia.it\/studentistranieri\/<\/a><\/p>\n<p><strong>29) Quali sono gli atti e i documenti dell&#8217;universit\u00e0 soggetti all&#8217;imposta di bollo ? <\/strong><\/p>\n<p>Gli atti e i documenti dell&#8217;Universit\u00e0 soggetti all&#8217;imposta di bollo sono elencati nella circolare dell&#8217;Agenzia delle Entrate n. 29\/E del 1\/6\/2005 al link sotto indicato.<\/p>\n<p>Link di riferimento:<\/p>\n<p><a href=\"http:\/\/www.miur.it\/UserFiles\/2062.%201.pdf\">http:\/\/www.miur.it\/UserFiles\/2062.%201.pdf<\/a><\/p>\n<p><a href=\"http:\/\/www.miur.it\/UserFiles\/2063.%202.pdf\">http:\/\/www.miur.it\/UserFiles\/2063.%202.pdf<\/a><\/p>\n<p><strong>30) Come sono regolate le iscrizioni per i cittadini non italiani ? <\/strong><\/p>\n<ol>\n<li>a) I cittadini comunitari, ovunque residenti e i cittadini non comunitari ma legalmente soggiornanti in Italia, possono accedere alla formazione universitaria alle stesse condizioni degli studenti italiani.<\/li>\n<li>b) i cittadini non comunitari residenti all&#8217;estero devono rivolgersi, entro i termini stabiliti annualmente dal MIUR (Ministero dell&#8217;Istruzione, dell&#8217;Universit\u00e0 e della Ricerca) alla Rappresentanza Diplomatica italiana nel Paese di residenza per effettuare la domanda di prescrizione esclusivamente ad un solo corso di laurea scelto tra quelli per i quali le singole Universit\u00e0 riservano uno specifico &#8220;contingente&#8221; di posti. Per essere ammessi gli studenti dovranno superare un test di ingresso, organizzato annualmente agli inizi del mese di settembre e che\u00a0comprende una sezione di conoscenza della lingua italiana.<\/li>\n<\/ol>\n<p><a href=\"http:\/\/www.studiare-in-italia.it\/studentistranieri\/\">Ulteriori informazioni qui<\/a><\/p>\n<p><strong>31) Quali documenti devono presentare gli studenti che hanno conseguito una maturit\u00e0 straniera?<\/strong><\/p>\n<p>Gli studenti che hanno conseguito una maturit\u00e0 straniera, per essere ammessi ai corsi di laurea presso le universit\u00e0 italiane devono presentare al momento dell&#8217;iscrizione i seguenti documenti:<\/p>\n<p>&#8211; titolo finale straniero degli studi secondari (obbligatori almeno 12 anni totali di scolarit\u00e0), tradotto e legalizzato dalla competente Rappresentanza Diplomatica italiana all&#8217;estero; &#8211; dichiarazione di valore del titolo di studio straniero, effettuata dalla competente Rappresentanza diplomatica italiana all&#8217;estero;<\/p>\n<p>&#8211; certificato attestante il superamento dell&#8217;eventuale prova di idoneit\u00e0 accademica, se prevista in quel Paese, per accedere alle Universit\u00e0 locali;<\/p>\n<p>&#8211; certificato, tradotto e legalizzato dalla competente Rappresentanza Diplomatica italiana, attestante gli studi accademici parziali gi\u00e0 compiuti, qualora il titolo degli studi secondari sia stato conseguito al termine di un periodo inferiore a 12 anni di scolarit\u00e0, oppure il titolo post-secondario conseguito in un Istituto Superiore non universitario, corredato della relativa Dichiarazione di Valore.<\/p>\n<p><a href=\"http:\/\/www.studiare-in-italia.it\/studentistranieri\/testo_delle_norme.html\">Ulteriori approfondimenti<\/a><\/p>\n","protected":false},"excerpt":{"rendered":"<p>Informazioni di carattere generale &nbsp; 1) Dove reperisco le informazioni sull&#8217;offerta didattica e sui regolamenti? Tutte le informazioni riguardanti l&#8217;offerta formativa, le scadenze e la normativa si trovano sul Manifesto degli Studi. 2) Ho perso il libretto universitario\/tesserino personale studente: cosa fare per avere un duplicato? Rivolgersi alla Segreteria Studenti muniti di: Modulo scaricabile (compilato in tutte le sue parti!); Marca da bollo da 16,00 euro; Dichiarazione sostitutiva dell&#8217;atto di notoriet\u00e0 relativa allo smarrimento o al\u00a0furto; 2 foto tessera (per il libretto cartaceo); 3) Perch\u00e9 pur inserendo la mia username e password non riesco ad accedere ai servizi on-line? Nella <a href='https:\/\/segreterie.unica.it\/medicinaechirurgia\/faq\/informazioni-di-carattere-generale-f-a-q\/' class='excerpt-more'>[&#8230;]<\/a><\/p>\n","protected":false},"author":2488,"featured_media":0,"parent":162,"menu_order":0,"comment_status":"closed","ping_status":"closed","template":"","meta":{"footnotes":""},"class_list":["post-2399","page","type-page","status-publish","hentry","post-seq-1","post-parity-odd","meta-position-corners","fix"],"_links":{"self":[{"href":"https:\/\/segreterie.unica.it\/medicinaechirurgia\/wp-json\/wp\/v2\/pages\/2399","targetHints":{"allow":["GET"]}}],"collection":[{"href":"https:\/\/segreterie.unica.it\/medicinaechirurgia\/wp-json\/wp\/v2\/pages"}],"about":[{"href":"https:\/\/segreterie.unica.it\/medicinaechirurgia\/wp-json\/wp\/v2\/types\/page"}],"author":[{"embeddable":true,"href":"https:\/\/segreterie.unica.it\/medicinaechirurgia\/wp-json\/wp\/v2\/users\/2488"}],"replies":[{"embeddable":true,"href":"https:\/\/segreterie.unica.it\/medicinaechirurgia\/wp-json\/wp\/v2\/comments?post=2399"}],"version-history":[{"count":9,"href":"https:\/\/segreterie.unica.it\/medicinaechirurgia\/wp-json\/wp\/v2\/pages\/2399\/revisions"}],"predecessor-version":[{"id":5934,"href":"https:\/\/segreterie.unica.it\/medicinaechirurgia\/wp-json\/wp\/v2\/pages\/2399\/revisions\/5934"}],"up":[{"embeddable":true,"href":"https:\/\/segreterie.unica.it\/medicinaechirurgia\/wp-json\/wp\/v2\/pages\/162"}],"wp:attachment":[{"href":"https:\/\/segreterie.unica.it\/medicinaechirurgia\/wp-json\/wp\/v2\/media?parent=2399"}],"curies":[{"name":"wp","href":"https:\/\/api.w.org\/{rel}","templated":true}]}}