{"id":1240,"date":"2014-02-07T11:53:27","date_gmt":"2014-02-07T10:53:27","guid":{"rendered":"http:\/\/segreterie.unica.it\/medicinaechirurgia\/?page_id=1240"},"modified":"2024-11-28T16:48:04","modified_gmt":"2024-11-28T15:48:04","slug":"pergamene-di-laurea","status":"publish","type":"page","link":"https:\/\/segreterie.unica.it\/medicinaechirurgia\/pergamene-di-laurea\/","title":{"rendered":"Pergamene di laurea"},"content":{"rendered":"<p>&nbsp;<\/p>\n<p>La pergamena pu\u00f2 esser ritirata dal diretto interessato, previa esibizione di un documento di identit\u00e0 in corso di validit\u00e0.<\/p>\n<p>Per il ritiro della pergamena di laurea dovr\u00e0 essere consegnata una marca da bollo da \u20ac 16,00, che verr\u00e0 apposta sulla pergamena.<\/p>\n<p>In caso la pergamena venga ritirata da un delegato, questi dovr\u00e0 esibire:<\/p>\n<ul>\n<li>Delega dell\u2019interessato (<a href=\"http:\/\/segreterie.unica.it\/medicinaechirurgia\/files\/2014\/02\/del.perg-dipl-1.pdf\" target=\"_blank\" rel=\"noopener noreferrer\">scarica il modulo<\/a>)<\/li>\n<li>Fotocopia di un documento di identit\u00e0 in corso di validit\u00e0 del delegante<\/li>\n<li>Il proprio documento di identit\u00e0 in corso di validit\u00e0<\/li>\n<li>La marca da bollo<\/li>\n<\/ul>\n<p align=\"left\"><span style=\"text-decoration: underline\">La pergamena potr\u00e0 essere ritirata presso la Segreteria Studenti (Cittadella Universitaria di Monserrato) negli orari di seguito riportati:<\/span><\/p>\n<p><a href=\"https:\/\/segreterie.unica.it\/medicinaechirurgia\/orario-sportello\/\" target=\"_blank\" rel=\"noopener\"><strong>Visualizza gli orari di ricevimento al pubblico<\/strong><\/a><\/p>\n<p>Per ulteriori informazioni: email: segrstudmedicina@unica.it<\/p>\n","protected":false},"excerpt":{"rendered":"<p>&nbsp; La pergamena pu\u00f2 esser ritirata dal diretto interessato, previa esibizione di un documento di identit\u00e0 in corso di validit\u00e0. Per il ritiro della pergamena di laurea dovr\u00e0 essere consegnata una marca da bollo da \u20ac 16,00, che verr\u00e0 apposta sulla pergamena. In caso la pergamena venga ritirata da un delegato, questi dovr\u00e0 esibire: Delega dell\u2019interessato (scarica il modulo) Fotocopia di un documento di identit\u00e0 in corso di validit\u00e0 del delegante Il proprio documento di identit\u00e0 in corso di validit\u00e0 La marca da bollo La pergamena potr\u00e0 essere ritirata presso la Segreteria Studenti (Cittadella Universitaria di Monserrato) negli orari di <a href='https:\/\/segreterie.unica.it\/medicinaechirurgia\/pergamene-di-laurea\/' class='excerpt-more'>[&#8230;]<\/a><\/p>\n","protected":false},"author":2404,"featured_media":0,"parent":0,"menu_order":0,"comment_status":"closed","ping_status":"closed","template":"","meta":{"footnotes":""},"class_list":["post-1240","page","type-page","status-publish","hentry","post-seq-1","post-parity-odd","meta-position-corners","fix"],"_links":{"self":[{"href":"https:\/\/segreterie.unica.it\/medicinaechirurgia\/wp-json\/wp\/v2\/pages\/1240","targetHints":{"allow":["GET"]}}],"collection":[{"href":"https:\/\/segreterie.unica.it\/medicinaechirurgia\/wp-json\/wp\/v2\/pages"}],"about":[{"href":"https:\/\/segreterie.unica.it\/medicinaechirurgia\/wp-json\/wp\/v2\/types\/page"}],"author":[{"embeddable":true,"href":"https:\/\/segreterie.unica.it\/medicinaechirurgia\/wp-json\/wp\/v2\/users\/2404"}],"replies":[{"embeddable":true,"href":"https:\/\/segreterie.unica.it\/medicinaechirurgia\/wp-json\/wp\/v2\/comments?post=1240"}],"version-history":[{"count":28,"href":"https:\/\/segreterie.unica.it\/medicinaechirurgia\/wp-json\/wp\/v2\/pages\/1240\/revisions"}],"predecessor-version":[{"id":10164,"href":"https:\/\/segreterie.unica.it\/medicinaechirurgia\/wp-json\/wp\/v2\/pages\/1240\/revisions\/10164"}],"wp:attachment":[{"href":"https:\/\/segreterie.unica.it\/medicinaechirurgia\/wp-json\/wp\/v2\/media?parent=1240"}],"curies":[{"name":"wp","href":"https:\/\/api.w.org\/{rel}","templated":true}]}}