{"id":1205,"date":"2014-02-07T10:52:58","date_gmt":"2014-02-07T09:52:58","guid":{"rendered":"http:\/\/segreterie.unica.it\/medicinaechirurgia\/?page_id=1205"},"modified":"2023-07-12T10:32:42","modified_gmt":"2023-07-12T08:32:42","slug":"orario-sportello","status":"publish","type":"page","link":"https:\/\/segreterie.unica.it\/medicinaechirurgia\/orario-sportello\/","title":{"rendered":"Orario al pubblico"},"content":{"rendered":"<p style=\"text-align: center\"><strong>SPORTELLO AL PUBBLICO<\/strong><\/p>\n<p>Si comunica che l\u2019apertura degli uffici al pubblico sar\u00e0 la seguente:<\/p>\n<table>\n<tbody>\n<tr>\n<td width=\"395\"><strong>Nei mesi di settembre e ottobre<\/strong><\/td>\n<td width=\"273\">Luned\u00ec, mercoled\u00ec, gioved\u00ec e venerd\u00ec<br \/>\ndalle ore <strong>9.00<\/strong> alle ore <strong>12.00<br \/>\n<\/strong>Marted\u00ec<br \/>\ndalle ore <strong>10.00<\/strong> alle ore <strong>12.00<\/strong><br \/>\ndalle ore <strong>16.00<\/strong> alle ore <strong>17.00<\/strong><\/td>\n<\/tr>\n<tr>\n<td width=\"395\"><strong>Nei mesi di novembre, dicembre, gennaio, febbraio, marzo, aprile, maggio, giugno<\/strong><\/td>\n<td width=\"273\">Luned\u00ec, mercoled\u00ec, gioved\u00ec e venerd\u00ec<br \/>\ndalle ore <strong>9.00<\/strong> alle ore <strong>12.00<br \/>\n<\/strong>Marted\u00ec<br \/>\ndalle ore <strong>16.00<\/strong> alle ore <strong>17.00<\/strong><\/td>\n<\/tr>\n<tr>\n<td width=\"395\"><strong>Nei mesi di luglio e agosto<\/strong><\/td>\n<td width=\"273\">Luned\u00ec, mercoled\u00ec e venerd\u00ec<br \/>\ndalle ore <strong>9.00<\/strong> alle ore <strong>12.00<\/strong><\/td>\n<\/tr>\n<\/tbody>\n<\/table>\n<p>&nbsp;<\/p>\n<p style=\"text-align: center\"><strong>SPORTELLO TELEFONICO<br \/>\n<\/strong><\/p>\n<p>dal luned\u00ec al venerd\u00ec dalle dalle <strong>9.00<\/strong> alle <strong>12.00<\/strong><\/p>\n<p>&nbsp;<\/p>\n<p style=\"text-align: center\"><strong>APPUNTAMENTO VIRTUALE<\/strong><\/p>\n<p>E\u2019 possibile fissare un appuntamento virtuale con il personale della Segreteria Studenti.<br \/>\nL\u2019appuntamento si svolger\u00e0 sulla piattaforma Microsoft Teams. La prenotazione pu\u00f2 essere effettuata mediante l\u2019applicazione di prenotazione Microsoft Bookings. Per prenotare un appuntamento, clicca <strong><a href=\"https:\/\/outlook.office365.com\/owa\/calendar\/SportellovirtualesegreteriastudentiMedicinaechirurgia@unicadrsi.onmicrosoft.com\/bookings\/s\/QxFK-tkFz0q1nqhEk0lPYw2\" target=\"_blank\" rel=\"noopener\">qui<\/a><\/strong><\/p>\n","protected":false},"excerpt":{"rendered":"<p>SPORTELLO AL PUBBLICO Si comunica che l\u2019apertura degli uffici al pubblico sar\u00e0 la seguente: Nei mesi di settembre e ottobre Luned\u00ec, mercoled\u00ec, gioved\u00ec e venerd\u00ec dalle ore 9.00 alle ore 12.00 Marted\u00ec dalle ore 10.00 alle ore 12.00 dalle ore 16.00 alle ore 17.00 Nei mesi di novembre, dicembre, gennaio, febbraio, marzo, aprile, maggio, giugno Luned\u00ec, mercoled\u00ec, gioved\u00ec e venerd\u00ec dalle ore 9.00 alle ore 12.00 Marted\u00ec dalle ore 16.00 alle ore 17.00 Nei mesi di luglio e agosto Luned\u00ec, mercoled\u00ec e venerd\u00ec dalle ore 9.00 alle ore 12.00 &nbsp; SPORTELLO TELEFONICO dal luned\u00ec al venerd\u00ec dalle dalle 9.00 alle <a href='https:\/\/segreterie.unica.it\/medicinaechirurgia\/orario-sportello\/' class='excerpt-more'>[&#8230;]<\/a><\/p>\n","protected":false},"author":2404,"featured_media":0,"parent":0,"menu_order":0,"comment_status":"closed","ping_status":"closed","template":"","meta":{"footnotes":""},"class_list":["post-1205","page","type-page","status-publish","hentry","post-seq-1","post-parity-odd","meta-position-corners","fix"],"_links":{"self":[{"href":"https:\/\/segreterie.unica.it\/medicinaechirurgia\/wp-json\/wp\/v2\/pages\/1205","targetHints":{"allow":["GET"]}}],"collection":[{"href":"https:\/\/segreterie.unica.it\/medicinaechirurgia\/wp-json\/wp\/v2\/pages"}],"about":[{"href":"https:\/\/segreterie.unica.it\/medicinaechirurgia\/wp-json\/wp\/v2\/types\/page"}],"author":[{"embeddable":true,"href":"https:\/\/segreterie.unica.it\/medicinaechirurgia\/wp-json\/wp\/v2\/users\/2404"}],"replies":[{"embeddable":true,"href":"https:\/\/segreterie.unica.it\/medicinaechirurgia\/wp-json\/wp\/v2\/comments?post=1205"}],"version-history":[{"count":38,"href":"https:\/\/segreterie.unica.it\/medicinaechirurgia\/wp-json\/wp\/v2\/pages\/1205\/revisions"}],"predecessor-version":[{"id":8636,"href":"https:\/\/segreterie.unica.it\/medicinaechirurgia\/wp-json\/wp\/v2\/pages\/1205\/revisions\/8636"}],"wp:attachment":[{"href":"https:\/\/segreterie.unica.it\/medicinaechirurgia\/wp-json\/wp\/v2\/media?parent=1205"}],"curies":[{"name":"wp","href":"https:\/\/api.w.org\/{rel}","templated":true}]}}