{"id":4923,"date":"2022-12-14T13:48:00","date_gmt":"2022-12-14T12:48:00","guid":{"rendered":"https:\/\/segreterie.unica.it\/cdsgiuridici\/?page_id=4923"},"modified":"2022-12-14T13:48:00","modified_gmt":"2022-12-14T12:48:00","slug":"orario-delle-lezioni-esami-aule","status":"publish","type":"page","link":"https:\/\/segreterie.unica.it\/cdsgiuridici\/orario-delle-lezioni-esami-aule\/","title":{"rendered":"Orario delle lezioni\/esami, aule"},"content":{"rendered":"<header class=\"post-header fix\"><\/header>\n<p><span class=\"edit\"><span class=\"icon\">1.<\/span><\/span><strong>Mi serve sapere l\u2019orario delle lezioni\/esami. A chi devo rivolgermi?<\/strong><\/p>\n<div class=\"entry-container fix\">\n<div class=\"entry fix\">\n<div class=\"entry-container fix\">\n<div class=\"entry fix\">\n<p class=\"first-para\">Per conoscere gli orari delle lezioni e degli esami non devi contattare la segreteria studenti.<\/p>\n<p>Consulta il\u00a0<a href=\"https:\/\/www.unica.it\/unica\/it\/fac_scienzeecopolit_61.page\"><em>Calendario e orari<\/em><\/a>\u00a0\u00a0sul sito di Facolt\u00e0. Se non trovi ci\u00f2 che ti serve rivolgiti alla segreteria didattica in facolt\u00e0.<\/p>\n<p><strong>\u00a0<\/strong><\/p>\n<ol start=\"2\">\n<li><strong>Dove posso cercare l\u2019aula in cui si svolger\u00e0 l\u2019esame in presenza?<\/strong><\/li>\n<\/ol>\n<p>Le aule in cui si svolgono gli esami in presenza sono pubblicate su\u00a0<a href=\"https:\/\/unica.easystaff.it\/AgendaWeb\/index.php?view=home&amp;_lang=it\">Agenda Web<\/a><\/p>\n<p>Anche rivolgendoti alla segreteria studenti, non saremo in grado di aiutarti perch\u00e8 non ci occupiamo di aule.<\/p>\n<\/div>\n<\/div>\n<\/div>\n<\/div>\n","protected":false},"excerpt":{"rendered":"<p>1.Mi serve sapere l\u2019orario delle lezioni\/esami. A chi devo rivolgermi? Per conoscere gli orari delle lezioni e degli esami non devi contattare la segreteria studenti. Consulta il\u00a0Calendario e orari\u00a0\u00a0sul sito di Facolt\u00e0. Se non trovi ci\u00f2 che ti serve rivolgiti alla segreteria didattica in facolt\u00e0. \u00a0 Dove posso cercare l\u2019aula in cui si svolger\u00e0 l\u2019esame in presenza? Le aule in cui si svolgono gli esami in presenza sono pubblicate su\u00a0Agenda Web Anche rivolgendoti alla segreteria studenti, non saremo in grado di aiutarti perch\u00e8 non ci occupiamo di aule.<\/p>\n","protected":false},"author":2426,"featured_media":0,"parent":0,"menu_order":0,"comment_status":"closed","ping_status":"closed","template":"","meta":{"footnotes":""},"class_list":["post-4923","page","type-page","status-publish","hentry","post-seq-1","post-parity-odd","meta-position-corners","fix"],"_links":{"self":[{"href":"https:\/\/segreterie.unica.it\/cdsgiuridici\/wp-json\/wp\/v2\/pages\/4923","targetHints":{"allow":["GET"]}}],"collection":[{"href":"https:\/\/segreterie.unica.it\/cdsgiuridici\/wp-json\/wp\/v2\/pages"}],"about":[{"href":"https:\/\/segreterie.unica.it\/cdsgiuridici\/wp-json\/wp\/v2\/types\/page"}],"author":[{"embeddable":true,"href":"https:\/\/segreterie.unica.it\/cdsgiuridici\/wp-json\/wp\/v2\/users\/2426"}],"replies":[{"embeddable":true,"href":"https:\/\/segreterie.unica.it\/cdsgiuridici\/wp-json\/wp\/v2\/comments?post=4923"}],"version-history":[{"count":1,"href":"https:\/\/segreterie.unica.it\/cdsgiuridici\/wp-json\/wp\/v2\/pages\/4923\/revisions"}],"predecessor-version":[{"id":4924,"href":"https:\/\/segreterie.unica.it\/cdsgiuridici\/wp-json\/wp\/v2\/pages\/4923\/revisions\/4924"}],"wp:attachment":[{"href":"https:\/\/segreterie.unica.it\/cdsgiuridici\/wp-json\/wp\/v2\/media?parent=4923"}],"curies":[{"name":"wp","href":"https:\/\/api.w.org\/{rel}","templated":true}]}}