{"id":3286,"date":"2018-05-03T09:34:59","date_gmt":"2018-05-03T07:34:59","guid":{"rendered":"http:\/\/segreterie.unica.it\/scienzepolitiche\/?page_id=3286"},"modified":"2018-05-03T09:34:59","modified_gmt":"2018-05-03T07:34:59","slug":"pergamena","status":"publish","type":"page","link":"https:\/\/segreterie.unica.it\/cdsgiuridici\/pergamena\/","title":{"rendered":"Pergamena"},"content":{"rendered":"<p>La pergamena del diploma di laurea ti viene consegnata il giorno della laurea al momento della proclamazione, direttamente dalle mani del presidente della commissione di laurea.<\/p>\n<p>&nbsp;<\/p>\n<p>Sulla pergamena figura il voto di laurea solo se ti sei laureato con 110\/110 e lode.<\/p>\n<p>&nbsp;<\/p>\n<p>Se ti serve un documento che attesti il voto di laurea, potrai avvalerti del <strong><a href=\"http:\/\/segreterie.unica.it\/scienzepolitiche\/certificati\/diploma-supplement\/\">certificato di laurea<\/a><\/strong>.<\/p>\n<p>&nbsp;<\/p>\n<p>************************<\/p>\n<p><span style=\"color: #0000ff\">Avviso per i laureati nei mesi di Aprile, Maggio, Luglio, Ottobre e Dicembre 2020 e <\/span><span style=\"color: #0000ff\">di Febbraio, Aprile, Maggio, Luglio e Ottobre 2021<\/span><\/p>\n<p class=\"first-para\">A coloro che hanno conseguito il titolo a distanza, causa emergenza Coronavirus, da Aprile 2020 ad Ottobre 2021, comunichiamo che sono disponibili le pergamene.<\/p>\n<p><span style=\"color: #008000\"><strong>Coloro che hanno conseguito la laurea nella sessione di Dicembre 2021<\/strong><\/span> e che, in sede di proclamazione, non avessero ricevuto la pergamena, possono venirla a ritirare in Segreteria studenti su appuntamento.<\/p>\n<p>Puoi\u00a0ritirare, personalmente o a mezzo <strong><a href=\"http:\/\/segreterie.unica.it\/scienzepolitiche\/files\/2010\/03\/13-14_DELEGA_terzi_13-14.pdf\">delega<\/a>, <\/strong>la pergamena di laurea presso gli Uffici della Segreteria Studenti, previo appuntamento da concordare inviando una mail\u00a0a segrstudscpol@unica.it<\/p>\n<p>Per il ritiro dovrai essere munito di documento di identit\u00e0 e non sar\u00e0 necessaria la marca da bollo in quanto gi\u00e0 assolta.<\/p>\n<p>&nbsp;<\/p>\n<p>&nbsp;<\/p>\n","protected":false},"excerpt":{"rendered":"<p>La pergamena del diploma di laurea ti viene consegnata il giorno della laurea al momento della proclamazione, direttamente dalle mani del presidente della commissione di laurea. &nbsp; Sulla pergamena figura il voto di laurea solo se ti sei laureato con 110\/110 e lode. &nbsp; Se ti serve un documento che attesti il voto di laurea, potrai avvalerti del certificato di laurea. &nbsp; ************************ Avviso per i laureati nei mesi di Aprile, Maggio, Luglio, Ottobre e Dicembre 2020 e di Febbraio, Aprile, Maggio, Luglio e Ottobre 2021 A coloro che hanno conseguito il titolo a distanza, causa emergenza Coronavirus, da Aprile <a href='https:\/\/segreterie.unica.it\/cdsgiuridici\/pergamena\/' class='excerpt-more'>[&#8230;]<\/a><\/p>\n","protected":false},"author":2426,"featured_media":0,"parent":0,"menu_order":0,"comment_status":"closed","ping_status":"closed","template":"","meta":{"footnotes":""},"class_list":["post-3286","page","type-page","status-publish","hentry","post-seq-1","post-parity-odd","meta-position-corners","fix"],"_links":{"self":[{"href":"https:\/\/segreterie.unica.it\/cdsgiuridici\/wp-json\/wp\/v2\/pages\/3286","targetHints":{"allow":["GET"]}}],"collection":[{"href":"https:\/\/segreterie.unica.it\/cdsgiuridici\/wp-json\/wp\/v2\/pages"}],"about":[{"href":"https:\/\/segreterie.unica.it\/cdsgiuridici\/wp-json\/wp\/v2\/types\/page"}],"author":[{"embeddable":true,"href":"https:\/\/segreterie.unica.it\/cdsgiuridici\/wp-json\/wp\/v2\/users\/2426"}],"replies":[{"embeddable":true,"href":"https:\/\/segreterie.unica.it\/cdsgiuridici\/wp-json\/wp\/v2\/comments?post=3286"}],"version-history":[{"count":0,"href":"https:\/\/segreterie.unica.it\/cdsgiuridici\/wp-json\/wp\/v2\/pages\/3286\/revisions"}],"wp:attachment":[{"href":"https:\/\/segreterie.unica.it\/cdsgiuridici\/wp-json\/wp\/v2\/media?parent=3286"}],"curies":[{"name":"wp","href":"https:\/\/api.w.org\/{rel}","templated":true}]}}