{"id":2665,"date":"2015-11-27T13:06:52","date_gmt":"2015-11-27T12:06:52","guid":{"rendered":"http:\/\/segreterie.unica.it\/scienzepolitiche\/?page_id=2665"},"modified":"2015-11-27T13:06:52","modified_gmt":"2015-11-27T12:06:52","slug":"prenotazione-esami","status":"publish","type":"page","link":"https:\/\/segreterie.unica.it\/cdsgiuridici\/prenotazione-esami\/","title":{"rendered":"Prenotazione esami"},"content":{"rendered":"<p class=\"posttitle\"><!-- \/.title-container --><\/p>\n<h6><strong>PRENOTAZIONE OLTRE LA SCADENZA<\/strong><\/h6>\n<h6>Per le prenotazioni agli esami oltre la scadenza prevista per la prenotazione, la Segreteria studenti provveder\u00e0 alla prenotazione solo dietro richiesta diretta ( per telefono o via email) del docente. Non si agir\u00e0 per tramite studente.<\/h6>\n<p>&nbsp;<\/p>\n<p>&nbsp;<\/p>\n<p>&nbsp;<\/p>\n<h6><strong>PRENOTAZIONE PRIMA DELLA SCADENZA ( ESAMI PRESENTI NEL LIBRETTO ONLINE MA NON VISUALIZZABILI TRA GLI APPELLI DISPONIBILI )<\/strong><\/h6>\n<h6>Pri<strong>ma della scadenza prevista per la prenotazione, s<span style=\"font-size: 10.72px\">e sei i<\/span><span style=\"font-size: 10.72px\">scritto, in regola con il pagamento delle tasse universitarie, se nel tuo libretto online \u00e8 presente l&#8217;attivit\u00e0 didattica da prenotare, ma non visualizzi appelli dalla tua area riservata, potrai rivolgerti alla Facolt\u00e0 che si occupa della attivazione degli appelli.\u00a0<\/span><\/strong><\/h6>\n<h6><strong><span style=\"font-size: 10.72px\">La Segreteria studenti\u00a0 potr\u00e0 aiutarti solo per le questioni amministrative attinenti alle tasse universitarie da regolarizzare o per l&#8217;inserimento della attivit\u00e0 didattica nel libretto online.<\/span><\/strong><\/h6>\n","protected":false},"excerpt":{"rendered":"<p>PRENOTAZIONE OLTRE LA SCADENZA Per le prenotazioni agli esami oltre la scadenza prevista per la prenotazione, la Segreteria studenti provveder\u00e0 alla prenotazione solo dietro richiesta diretta ( per telefono o via email) del docente. Non si agir\u00e0 per tramite studente. &nbsp; &nbsp; &nbsp; PRENOTAZIONE PRIMA DELLA SCADENZA ( ESAMI PRESENTI NEL LIBRETTO ONLINE MA NON VISUALIZZABILI TRA GLI APPELLI DISPONIBILI ) Prima della scadenza prevista per la prenotazione, se sei iscritto, in regola con il pagamento delle tasse universitarie, se nel tuo libretto online \u00e8 presente l&#8217;attivit\u00e0 didattica da prenotare, ma non visualizzi appelli dalla tua area riservata, potrai rivolgerti <a href='https:\/\/segreterie.unica.it\/cdsgiuridici\/prenotazione-esami\/' class='excerpt-more'>[&#8230;]<\/a><\/p>\n","protected":false},"author":2426,"featured_media":0,"parent":0,"menu_order":0,"comment_status":"closed","ping_status":"closed","template":"","meta":{"footnotes":""},"class_list":["post-2665","page","type-page","status-publish","hentry","post-seq-1","post-parity-odd","meta-position-corners","fix"],"_links":{"self":[{"href":"https:\/\/segreterie.unica.it\/cdsgiuridici\/wp-json\/wp\/v2\/pages\/2665","targetHints":{"allow":["GET"]}}],"collection":[{"href":"https:\/\/segreterie.unica.it\/cdsgiuridici\/wp-json\/wp\/v2\/pages"}],"about":[{"href":"https:\/\/segreterie.unica.it\/cdsgiuridici\/wp-json\/wp\/v2\/types\/page"}],"author":[{"embeddable":true,"href":"https:\/\/segreterie.unica.it\/cdsgiuridici\/wp-json\/wp\/v2\/users\/2426"}],"replies":[{"embeddable":true,"href":"https:\/\/segreterie.unica.it\/cdsgiuridici\/wp-json\/wp\/v2\/comments?post=2665"}],"version-history":[{"count":0,"href":"https:\/\/segreterie.unica.it\/cdsgiuridici\/wp-json\/wp\/v2\/pages\/2665\/revisions"}],"wp:attachment":[{"href":"https:\/\/segreterie.unica.it\/cdsgiuridici\/wp-json\/wp\/v2\/media?parent=2665"}],"curies":[{"name":"wp","href":"https:\/\/api.w.org\/{rel}","templated":true}]}}