{"id":2128,"date":"2016-04-18T17:00:44","date_gmt":"2016-04-18T15:00:44","guid":{"rendered":"http:\/\/segreterie.unica.it\/scienzepolitiche\/?page_id=2128"},"modified":"2016-04-18T17:00:44","modified_gmt":"2016-04-18T15:00:44","slug":"domanda-di-laurea","status":"publish","type":"page","link":"https:\/\/segreterie.unica.it\/cdsgiuridici\/laurea\/domanda-di-laurea\/","title":{"rendered":"Istruzioni domanda di laurea online"},"content":{"rendered":"<p><span style=\"color: #0000ff\"><em>La domanda di laurea, compilabile online accedendo alla tua area riservata, &gt; Conseguimento titolo, si completer\u00e0 con <\/em><em>l\u2019upload della tesi (formato PDF non superiore a 50 Mbyte) dalla tua area riservata. <\/em><\/span><\/p>\n<p><span style=\"color: #0000ff\"><em>Tutta la procedura si svolge esclusivamente online e <strong>non<\/strong> <strong>dovrai consegnare in Segreteria studenti nessun documento cartaceo ( n\u00e9 la domanda di laurea, n\u00e9 la ricevuta di Almalaurea, n\u00e9 il libretto universitario, n\u00e9 la tesi). <\/strong><\/em><\/span><\/p>\n<p><span style=\"color: #0000ff\"><em><strong>Indipendentemente dal corso di studio in cui sei iscritto, dovrai fare l\u2019upload del file della tesi definitiva <\/strong><\/em><strong><em><em>( formato PDF non superiore a 50 Mbyte) entro i 10 gg precedenti l\u2019inizio della sessione, solo dopo che il tuo relatore approver\u00e0 il tuo lavoro di tesi.<\/em><\/em><\/strong><\/span><\/p>\n<p>&nbsp;<\/p>\n<table>\n<tbody>\n<tr>\n<td width=\"481\"><span style=\"color: #008000\"><em><strong>Avvertenze<\/strong><\/em><\/span><\/td>\n<td width=\"481\"><\/td>\n<\/tr>\n<tr>\n<td width=\"481\"><\/td>\n<td width=\"481\"><\/td>\n<\/tr>\n<tr>\n<td width=\"481\"><span style=\"color: #008000\"><em><strong>A) <\/strong><\/em><strong><em>Ti raccomandiamo<\/em><\/strong><\/span><em> di verificare i dati personali dalla tua area riservata, avendo cura di aggiornare l\u2019indirizzo di residenza\/domicilio ed i riferimenti di contatto telefonici ed email per consentirci di farti eventuali comunicazioni inerenti i controlli di carriera ai fini del conseguimento della laurea.<\/em><\/p>\n<p>&nbsp;<\/p>\n<p><span style=\"color: #008000\"><em><strong>B)<\/strong><\/em> <strong><em>Ti consigliamo<\/em><\/strong><\/span> <em>di controllare preventivamente la tua carriera, tramite il portale Esse3, per rilevare eventuali incongruenze tra gli esami sostenuti e quelli registrati e visualizzabili on line e di segnalarli nell\u2019apposito campo \u201cNota domanda conseguimento titolo\u201d che visualizzerai al termine della procedura online.\u00a0<\/em><em>La Segreteria studenti non si assume nessuna responsabilit\u00e0 in caso di mancata segnalazione delle anomalie.<\/em><\/td>\n<td width=\"481\"><em><span style=\"color: #008000\"><strong>C)<\/strong><\/span>\u00a0<strong><span style=\"color: #008000\">Crediti liberi da piano<\/span><\/strong>: nel caso in cui abbia maturato pi\u00f9 crediti liberi rispetto a quelli previsti dal tuo piano di studio (c.d. crediti liberi sovrannumerari) <strong>nello stesso campo<\/strong> <strong>note<\/strong> di cui al punto B) devi <strong>dichiarare<\/strong> quali crediti utilizzare a copertura dei <strong>cfu liberi<\/strong> <strong>e<\/strong> quali <strong>in sovrannumero<\/strong>. <\/em><\/p>\n<p><em><strong>Se non segnalerai i cfu liberi<\/strong> da considerare ai fini della media, in assenza di tue indicazioni, applicheremo il <strong>criterio cronologico.\u00a0<\/strong><\/em><\/p>\n<p>&nbsp;<\/p>\n<p><span style=\"color: #339966\"><strong><em>D)<\/em><\/strong><\/span><em><span style=\"color: #339966\"><strong> Ti ricordiamo <\/strong><\/span>che l\u2019accreditamento di eventuali rimborsi tasse avviene solo mediante bonifico. Se sai di avere diritto ad\u00a0un rimborso dovrai necessariamente inserire nella sua area riservata (Home&gt; Anagrafica &gt;\u00a0Dati domiciliazione bancaria) l\u2019iban relativo ad un cc a te intestato o cointestato.<\/em><\/td>\n<\/tr>\n<\/tbody>\n<\/table>\n<p>&nbsp;<\/p>\n<p>La domanda di laurea deve essere presentata esclusivamente online entro il termine di 30 giorni precedenti l\u2019inizio della sessione.<\/p>\n<p>Puoi verificare <a href=\"http:\/\/segreterie.unica.it\/scienzepolitiche\/calendario-sessioni-di-laurea-e-scadenze-amministrative\/\"><strong>QUI<\/strong><\/a> tutte le scadenze o anche dalla tua area riservata, cliccando su CONSEGUIMENTO TITOLO &gt; DOMANDA TITOLO , Dettaglio appello.<\/p>\n<p><strong>\u00a0<\/strong><\/p>\n<p><span style=\"color: #0000ff\"><strong><em>Accedendo alla tua area riservata &gt; Conseguimento titolo, <span style=\"text-decoration: underline\">nell\u2019ordine<\/span> dovrai:<\/em><\/strong><\/span><\/p>\n<p>&nbsp;<\/p>\n<ol>\n<li><strong><span style=\"color: #0000ff\">compilare online il questionario Almalaurea<\/span>:<\/strong> l<em>a compilazione del questionario di AlmaLaurea \u00e8 propedeutica all\u2019inserimento della domanda di conseguimento titolo. La mancata registrazione su Almalaurea e la mancata compilazione del relativo questionario non ti consentiranno di completare la procedura di presentazione della domanda di laurea online<\/em><\/li>\n<li><span style=\"color: #0000ff\"><strong>compilare online la domanda di <\/strong><\/span><em><strong><span style=\"color: #0000ff\">conseguimento titolo<\/span>: <\/strong><\/em>dalla tua area riservata vai su CONSEGUIMENTO TITOLO &gt; DOMANDA TITOLO. Procedi con il processo di conseguimento titolo compilando le schede relative a:\n<ul>\n<li><span style=\"text-decoration: underline\">sessione a appello di laurea.<\/span><\/li>\n<\/ul>\n<\/li>\n<\/ol>\n<p>Quindi inserisci le informazioni relative a:<\/p>\n<p>\u2013 esami mancanti seppur sostenuti: questa informazione la dovrai fornire compilando la tabella presente nella schermata \u201c<strong>ESAMI E ATTIVITA\u2019 DIDATTICHE SOSTENUTE NON REGISTRATE NEL LIBRETTO\u201d. <\/strong><u>La tabella ti servir\u00e0 per indicare solo gli esami\/attivit\u00e0 didattiche (compresi eventuali seminari, laboratori, convegni) \u00a0mancanti, cio\u00e8 quelle sostenute ma non registrate<\/u>. E\u2019 sufficiente che indichi la denominazione dell\u2019insegnamento, il peso in cfu, il voto, la data di sostenimento dell\u2019esame ed il docente. NON DEVI INDICARE IL CODICE;<\/p>\n<p>\u2013 esami da sostenere: nella schermata \u201c<strong>ESAMI E ATTIVITA\u2019 DIDATTICHE DA SOSTENERE\u201d,<\/strong> dovrai indicare gli esami\/attivit\u00e0 didattiche <u>(compresi eventuali seminari, laboratori, convegni)<\/u> che devi ancora sostenere per poter conseguire il titolo di laurea.<\/p>\n<p>\u2013 tipo tesi ( T1 \u2013 Tesi Compilativa, se sei iscritto alla triennale; T2 \u2013 Tesi di Ricerca, se sei iscritto alla quadriennale, specialistica o magistrale) e titolo della tesi anche in inglese; <strong>IL<\/strong> <strong>TITOLO DELLA TESI IN INGLESE DEVE ESSERE VERIFICATO DAL TUO RELATORE<\/strong>. Potrai correggere il titolo della tesi fino alla scadenza prevista per il Deposito titolo tesi web.<\/p>\n<p>\u2013 relatore e relativa attivit\u00e0 didattica; NON DEVI INDICARE IL NOME DEL CONTRORELATORE;<\/p>\n<p>\u2013 crediti liberi che intendi far entrare in carriera e quelli eventualmente sovrannumerari: nell\u2019apposito campo \u201cNota domanda conseguimento titolo\u201d che visualizzi al termine della procedura online dovrai indicare i crediti liberi e quelli eventualmente sovrannumerari ( se hai acquisito un numero di crediti a scelta dello studente superiore a quelli previsti dal tuo piano di studi, indicaci quali crediti dobbiamo considerare ai fini della laurea e del calcolo della media). In assenza di tue indicazioni, applicheremo il criterio cronologico. Potrai utilizzare il campo \u201cNota domanda conseguimento titolo\u201d per farci anche altre segnalazioni (es. segnalarci eventuali incongruenze tra gli esami sostenuti e quelli registrati e visualizzabili on line; un cambio di residenza\/domicilio; un nuovo recapito telefonico\/e-mail..). La Segreteria studenti non si assume nessuna responsabilit\u00e0 in caso di mancata segnalazione delle anomalie.<\/p>\n<p><u>Non dovrai consegnare in Segreteria studenti nessuna domanda di laurea cartacea: varr\u00e0 quella caricata online<\/u><\/p>\n<p>&nbsp;<\/p>\n<ol start=\"3\">\n<li><em><strong><span style=\"color: #0000ff\">fare l\u2019upload della tesi<\/span> <\/strong>( formato PDF non superiore a 50 Mbyte)<\/em><em>, <\/em><span style=\"color: #0000ff\"><em>entro i 10 gg precedenti l\u2019inizio della sessione<\/em><\/span><em>.\u00a0 Per inserire l&#8217;allegato di tesi torna su\u00a0Conseguimento titolo &gt; Procedi con il processo completamento tesi &gt; Completamento tesi &gt; Gestione documento definitivo tesi &gt; Aggiungi documento. L\u2019upload della tesi definitiva dovrai farlo dopo che il tuo relatore approver\u00e0 il\u00a0lavoro di tesi ed in ogni caso entro i 10 gg precedenti l\u2019inizio della sessione. Il file deve essere in formato PDF e le sue dimensioni non possono essere superiori a 50 Mbyte.<span style=\"text-decoration: underline\"> Il mancato upload della tesi entro le scadenze comporter\u00e0 l\u2019esclusione dalla discussione di laurea. <\/span><\/em><\/li>\n<\/ol>\n<p><em><span style=\"text-decoration: underline\">La scadenza per l\u2019upload della tesi \u00e8 unica, a prescindere dal corso di laurea in cui sei iscritto<\/span>.<\/em><\/p>\n<p><em><strong>Ti ricordiamo che nella controcopertina della tesi devi inserire il titolo della tesi in inglese verificato dal tuo relatore e che non dovrai consegnare in Segreteria studenti nessuna copia cartacea della tesi: varr\u00e0 esclusivamente quella caricata online.<\/strong><\/em><\/p>\n<p>&nbsp;<\/p>\n<ol start=\"4\">\n<li><span style=\"color: #0000ff\"><strong> pagare la tassa di laurea<\/strong><\/span> mediante MAv dopo l\u2019inserimento della domanda online e, in ogni caso, <strong><u>entro i 15 gg precedenti l\u2019inizio della sessione<\/u><\/strong><\/li>\n<\/ol>\n<p>&nbsp;<\/p>\n<p>&nbsp;<\/p>\n<p><strong>\u2026. e se non riuscissi a laurearti, cosa devi fare?<\/strong><\/p>\n<p><strong>In caso di rinuncia alla sessione di laurea, <\/strong>dovrai annullare la domanda di laurea accedendo alla tua area riservata e darne tempestiva comunicazione alla Segreteria studenti, anche via mail. Se rinunci ad un appello, dovrai ripetere la procedura per l\u2019appello successivo. La tassa di laurea eventualmente gi\u00e0 pagata ti varr\u00e0 per tutte le sedute di laurea dell\u2019anno accademico di riferimento.<\/p>\n<p>&nbsp;<\/p>\n<p><span style=\"color: #0000ff\"><a style=\"color: #0000ff\" href=\"http:\/\/segreterie.unica.it\/scienzepolitiche\/laurea\/regole-redazionali-e-criteri-di-compattazione-tesi\/\">Regole redazionali, criteri di compattazione tesi e facsimile copertine tesi<\/a><\/span><\/p>\n<p>&nbsp;<\/p>\n<p>&nbsp;<\/p>\n","protected":false},"excerpt":{"rendered":"<p>La domanda di laurea, compilabile online accedendo alla tua area riservata, &gt; Conseguimento titolo, si completer\u00e0 con l\u2019upload della tesi (formato PDF non superiore a 50 Mbyte) dalla tua area riservata. Tutta la procedura si svolge esclusivamente online e non dovrai consegnare in Segreteria studenti nessun documento cartaceo ( n\u00e9 la domanda di laurea, n\u00e9 la ricevuta di Almalaurea, n\u00e9 il libretto universitario, n\u00e9 la tesi). Indipendentemente dal corso di studio in cui sei iscritto, dovrai fare l\u2019upload del file della tesi definitiva ( formato PDF non superiore a 50 Mbyte) entro i 10 gg precedenti l\u2019inizio della sessione, solo <a href='https:\/\/segreterie.unica.it\/cdsgiuridici\/laurea\/domanda-di-laurea\/' class='excerpt-more'>[&#8230;]<\/a><\/p>\n","protected":false},"author":2426,"featured_media":0,"parent":25,"menu_order":0,"comment_status":"closed","ping_status":"closed","template":"","meta":{"footnotes":""},"class_list":["post-2128","page","type-page","status-publish","hentry","post-seq-1","post-parity-odd","meta-position-corners","fix"],"_links":{"self":[{"href":"https:\/\/segreterie.unica.it\/cdsgiuridici\/wp-json\/wp\/v2\/pages\/2128","targetHints":{"allow":["GET"]}}],"collection":[{"href":"https:\/\/segreterie.unica.it\/cdsgiuridici\/wp-json\/wp\/v2\/pages"}],"about":[{"href":"https:\/\/segreterie.unica.it\/cdsgiuridici\/wp-json\/wp\/v2\/types\/page"}],"author":[{"embeddable":true,"href":"https:\/\/segreterie.unica.it\/cdsgiuridici\/wp-json\/wp\/v2\/users\/2426"}],"replies":[{"embeddable":true,"href":"https:\/\/segreterie.unica.it\/cdsgiuridici\/wp-json\/wp\/v2\/comments?post=2128"}],"version-history":[{"count":0,"href":"https:\/\/segreterie.unica.it\/cdsgiuridici\/wp-json\/wp\/v2\/pages\/2128\/revisions"}],"up":[{"embeddable":true,"href":"https:\/\/segreterie.unica.it\/cdsgiuridici\/wp-json\/wp\/v2\/pages\/25"}],"wp:attachment":[{"href":"https:\/\/segreterie.unica.it\/cdsgiuridici\/wp-json\/wp\/v2\/media?parent=2128"}],"curies":[{"name":"wp","href":"https:\/\/api.w.org\/{rel}","templated":true}]}}