{"id":21,"date":"2009-05-12T08:47:49","date_gmt":"2009-05-12T08:47:49","guid":{"rendered":"http:\/\/people.unica.it\/segreteriastudentiscienzemmffnn\/?page_id=21"},"modified":"2009-05-12T08:47:49","modified_gmt":"2009-05-12T08:47:49","slug":"decadenza-e-rinuncia-agli-studi","status":"publish","type":"page","link":"https:\/\/segreterie.unica.it\/cdsgiuridici\/competenze-e-organigramma\/decadenza-e-rinuncia-agli-studi\/","title":{"rendered":"Decadenza e rinuncia agli studi"},"content":{"rendered":"<p><strong>Decadenza e rinuncia agli studi<\/strong><\/p>\n<p>La decadenza e la rinuncia agli studi sono cause di estinzione della carriera dello studente: entrambe, infatti, comportano la cessazione dallo status di studente acquisito con l\u2019immatricolazione.<\/p>\n<ul>\n<li><strong>Decadenza<\/strong><\/li>\n<\/ul>\n<p>In data 28 maggio 2010 con il D.R. 456 con il quale \u00e8 stato emanato il\u00a0<a href=\"http:\/\/www.unica.it\/pub\/2\/index.jsp?is=2&amp;iso=6\">Regolamento carriere amministrative studenti<\/a>, sono state stabilite nuove norme in materia di decadenza per gli immatricolati a partire dall&#8217;A.A. 2010\/2011 (articolo 37) e per gli studenti gi\u00e0 iscritti ad anni successivi (disposizioni transitorie, articolo 57).<\/p>\n<p>Le nuove norme trovano applicazione per gli studenti che si immatricolano a partire dall&#8217;a.a. 2010\/2011 (articolo 37). Per gli studenti gi\u00e0 iscritti alla data del 1\u00b0 ottobre 2010 trovano applicazione le disposizioni transitorie contenute nell&#8217;articolo 57.<\/p>\n<p>Scarica la\u00a0<a href=\"http:\/\/ubuntu-server\/wordpress\/segreteria\/files\/2009\/05\/Decadenza-regime-transitorio-scheda3.pdf\">brochure<\/a> sulla decadenza.<\/p>\n<p>Provvedimenti per gli studenti in decadenza al 30 aprile 2012. Scarica l&#8217; <a href=\"http:\/\/ubuntu-server\/wordpress\/segreteria\/files\/2009\/05\/avviso-studenti-in-decadenza-30-aprile-2012.pdf\">avviso <\/a><\/p>\n<p>Modificate le norme sulla decadenza degli studenti: introdotto nel <a href=\"http:\/\/www.unica.it\/pub\/2\/index.jsp?is=2&amp;iso=6\">Regolamento carriere amministrative studenti<\/a>\u00a0il nuovo articolo 57 bis.<\/p>\n<p>Leggi qui il testo della <a href=\"http:\/\/ubuntu-server\/wordpress\/segreteria\/files\/2009\/05\/DIRDID-Decadenza-modifica-rat-57-RCS.pdf\">delibera<\/a>\u00a0del Senato Accademico.<\/p>\n<ul>\n<li><strong>Rinuncia agli studi<\/strong><\/li>\n<\/ul>\n<p>La rinuncia agli studi \u00e8 l\u2019atto attraverso il quale lo studente manifesta un\u2019esplicita volont\u00e0 di abbandonare gli studi intrapresi. La rinuncia pu\u00f2 essere effettuata in qualunque momento; lo studente rinunciatario pu\u00f2 chiedere una nuova immatricolazione allo stesso o ad altro corso di studi, iniziando cos\u00ec una nuova carriera.<br \/>\nPer effettuare la rinuncia agli studi \u00e8 necessario presentare apposita domanda alla Segreteria studenti.<\/p>\n<p>Il modulo per la compilazione della dichiarazione di\u00a0rinuncia agli studi \u00e8 disponibile nella pagina <em>Modulistica<\/em><\/p>\n<p><em><strong>Nota Bene<\/strong><br \/>\nLo studente che sia incorso nella decadenza o che abbia rinunciato agli studi, pu\u00f2 ottenere il reintegro nella qualit\u00e0 di studente col riconoscimento dei crediti gi\u00e0 acquisiti, previa verifica da parte del competente Consiglio di Classe della non obsolescenza dei contenuti degli insegnamenti e previo pagamento degli importi stabili dal Regolamento tasse e contributi.<br \/>\n<\/em><\/p>\n","protected":false},"excerpt":{"rendered":"<p>Decadenza e rinuncia agli studi La decadenza e la rinuncia agli studi sono cause di estinzione della carriera dello studente: entrambe, infatti, comportano la cessazione dallo status di studente acquisito con l\u2019immatricolazione. Decadenza In data 28 maggio 2010 con il D.R. 456 con il quale \u00e8 stato emanato il\u00a0Regolamento carriere amministrative studenti, sono state stabilite nuove norme in materia di decadenza per gli immatricolati a partire dall&#8217;A.A. 2010\/2011 (articolo 37) e per gli studenti gi\u00e0 iscritti ad anni successivi (disposizioni transitorie, articolo 57). Le nuove norme trovano applicazione per gli studenti che si immatricolano a partire dall&#8217;a.a. 2010\/2011 (articolo 37). <a href='https:\/\/segreterie.unica.it\/cdsgiuridici\/competenze-e-organigramma\/decadenza-e-rinuncia-agli-studi\/' class='excerpt-more'>[&#8230;]<\/a><\/p>\n","protected":false},"author":2426,"featured_media":0,"parent":1164,"menu_order":3,"comment_status":"closed","ping_status":"closed","template":"","meta":{"footnotes":""},"class_list":["post-21","page","type-page","status-publish","hentry","post-seq-1","post-parity-odd","meta-position-corners","fix"],"_links":{"self":[{"href":"https:\/\/segreterie.unica.it\/cdsgiuridici\/wp-json\/wp\/v2\/pages\/21","targetHints":{"allow":["GET"]}}],"collection":[{"href":"https:\/\/segreterie.unica.it\/cdsgiuridici\/wp-json\/wp\/v2\/pages"}],"about":[{"href":"https:\/\/segreterie.unica.it\/cdsgiuridici\/wp-json\/wp\/v2\/types\/page"}],"author":[{"embeddable":true,"href":"https:\/\/segreterie.unica.it\/cdsgiuridici\/wp-json\/wp\/v2\/users\/2426"}],"replies":[{"embeddable":true,"href":"https:\/\/segreterie.unica.it\/cdsgiuridici\/wp-json\/wp\/v2\/comments?post=21"}],"version-history":[{"count":0,"href":"https:\/\/segreterie.unica.it\/cdsgiuridici\/wp-json\/wp\/v2\/pages\/21\/revisions"}],"up":[{"embeddable":true,"href":"https:\/\/segreterie.unica.it\/cdsgiuridici\/wp-json\/wp\/v2\/pages\/1164"}],"wp:attachment":[{"href":"https:\/\/segreterie.unica.it\/cdsgiuridici\/wp-json\/wp\/v2\/media?parent=21"}],"curies":[{"name":"wp","href":"https:\/\/api.w.org\/{rel}","templated":true}]}}