{"id":1164,"date":"2009-05-12T07:53:59","date_gmt":"2009-05-12T07:53:59","guid":{"rendered":"http:\/\/people.unica.it\/segreteriastudentiscienzemmffnn\/?page_id=3"},"modified":"2009-05-12T07:53:59","modified_gmt":"2009-05-12T07:53:59","slug":"competenze-e-organigramma","status":"publish","type":"page","link":"https:\/\/segreterie.unica.it\/cdsgiuridici\/competenze-e-organigramma\/","title":{"rendered":"Dove siamo"},"content":{"rendered":"<div>\n<p><a href=\"http:\/\/segreterie.unica.it\/scienzepolitiche\/files\/2018\/05\/images-fra-ignazio.jpg\"><img decoding=\"async\" class=\"alignnone size-full wp-image-3296\" src=\"http:\/\/segreterie.unica.it\/scienzepolitiche\/files\/2018\/05\/images-fra-ignazio.jpg\" alt=\"\" width=\"267\" height=\"188\" \/><\/a><\/p>\n<p>Dal 18 dicembre 2017 la <strong>Segreteria studenti<\/strong>\u00a0si \u00e8\u00a0<strong>trasferita <\/strong>da via Nicolodi<strong> a<\/strong>\u00a0<strong>viale Fra Ignazio 74, presso\u00a0Palazzo Baffi (= \u201cEDIFICIO A\u201d Campus Sant&#8217;Ignazio)\u00a0<\/strong>.<\/p>\n<p>&nbsp;<\/p>\n<p>&nbsp;<\/p>\n<p><strong>Personale<\/strong><\/p>\n<p>Responsabile: Dott.ssa Giorgia Saba<\/p>\n<p>Addetti: Dott. Corrado Piludu, Dott. Paolo Piretti, Sig. Roberto Sedda<\/p>\n<p>&nbsp;<\/p>\n<p><strong>Recapiti<\/strong><\/p>\n<table>\n<tbody>\n<tr>\n<td width=\"130\">Centralino<\/td>\n<td width=\"406\">070\/675- 3989<\/td>\n<\/tr>\n<tr>\n<td width=\"130\">Giorgia Saba<\/td>\n<td width=\"406\">070\/675- 3982<\/td>\n<\/tr>\n<tr>\n<td width=\"130\">Paolo Piretti<\/td>\n<td width=\"406\">070\/675- 3977<\/td>\n<\/tr>\n<tr>\n<td width=\"130\">Roberto Sedda<\/td>\n<td width=\"406\">070\/675- 3983<\/td>\n<\/tr>\n<tr>\n<td width=\"130\">Fax<\/td>\n<td width=\"406\">070\/6753950<\/td>\n<\/tr>\n<tr>\n<td width=\"130\">email<\/td>\n<td width=\"406\"><a href=\"mailto:segrstudscpol@unica.it\">segrstudscpol@unica.it<\/a><\/td>\n<\/tr>\n<\/tbody>\n<\/table>\n<p>&nbsp;<\/p>\n<p>&nbsp;<\/p>\n<p><strong>Orari di apertura al pubblico<\/strong><\/p>\n<p><span style=\"text-decoration: underline\">Luglio<\/span>: Luned\u00ec &#8211; Mercoled\u00ec &#8211; Venerd\u00ec ore 9.00-12.00; Apertura pomeridiana: Marted\u00ec ore 16.00-17.00<\/p>\n<p><span style=\"text-decoration: underline\">Agosto<\/span>: Luned\u00ec &#8211; Mercoled\u00ec &#8211; Venerd\u00ec ore 9.00-12.00<\/p>\n<p><span style=\"text-decoration: underline\">Settembre e Ottobre<\/span>: Luned\u00ec &#8211; Marted\u00ec &#8211; Mercoled\u00ec \u2013 Gioved\u00ec &#8211; Venerd\u00ec ore 9.00-12.00; Apertura pomeridiana: Marted\u00ec ore 16.00-17.00<\/p>\n<p><span style=\"text-decoration: underline\">da Novembre a Giugno<\/span>: Luned\u00ec &#8211; Mercoled\u00ec \u2013 Gioved\u00ec &#8211; Venerd\u00ec ore 9.00-12.00; Apertura pomeridiana: Marted\u00ec ore 16.00- 17.00<\/p>\n<p>&nbsp;<\/p>\n<p>&nbsp;<\/p>\n<\/div>\n<div><\/div>\n<div><\/div>\n<div><\/div>\n<div><\/div>\n<div><\/div>\n<div><\/div>\n","protected":false},"excerpt":{"rendered":"<p>Dal 18 dicembre 2017 la Segreteria studenti\u00a0si \u00e8\u00a0trasferita da via Nicolodi a\u00a0viale Fra Ignazio 74, presso\u00a0Palazzo Baffi (= \u201cEDIFICIO A\u201d Campus Sant&#8217;Ignazio)\u00a0. &nbsp; &nbsp; Personale Responsabile: Dott.ssa Giorgia Saba Addetti: Dott. Corrado Piludu, Dott. Paolo Piretti, Sig. Roberto Sedda &nbsp; Recapiti Centralino 070\/675- 3989 Giorgia Saba 070\/675- 3982 Paolo Piretti 070\/675- 3977 Roberto Sedda 070\/675- 3983 Fax 070\/6753950 email segrstudscpol@unica.it &nbsp; &nbsp; Orari di apertura al pubblico Luglio: Luned\u00ec &#8211; Mercoled\u00ec &#8211; Venerd\u00ec ore 9.00-12.00; Apertura pomeridiana: Marted\u00ec ore 16.00-17.00 Agosto: Luned\u00ec &#8211; Mercoled\u00ec &#8211; Venerd\u00ec ore 9.00-12.00 Settembre e Ottobre: Luned\u00ec &#8211; Marted\u00ec &#8211; Mercoled\u00ec \u2013 Gioved\u00ec &#8211; Venerd\u00ec <a href='https:\/\/segreterie.unica.it\/cdsgiuridici\/competenze-e-organigramma\/' class='excerpt-more'>[&#8230;]<\/a><\/p>\n","protected":false},"author":2426,"featured_media":1289,"parent":0,"menu_order":0,"comment_status":"closed","ping_status":"closed","template":"","meta":{"footnotes":""},"class_list":["post-1164","page","type-page","status-publish","has-post-thumbnail","hentry","post-seq-1","post-parity-odd","meta-position-corners","fix"],"_links":{"self":[{"href":"https:\/\/segreterie.unica.it\/cdsgiuridici\/wp-json\/wp\/v2\/pages\/1164","targetHints":{"allow":["GET"]}}],"collection":[{"href":"https:\/\/segreterie.unica.it\/cdsgiuridici\/wp-json\/wp\/v2\/pages"}],"about":[{"href":"https:\/\/segreterie.unica.it\/cdsgiuridici\/wp-json\/wp\/v2\/types\/page"}],"author":[{"embeddable":true,"href":"https:\/\/segreterie.unica.it\/cdsgiuridici\/wp-json\/wp\/v2\/users\/2426"}],"replies":[{"embeddable":true,"href":"https:\/\/segreterie.unica.it\/cdsgiuridici\/wp-json\/wp\/v2\/comments?post=1164"}],"version-history":[{"count":0,"href":"https:\/\/segreterie.unica.it\/cdsgiuridici\/wp-json\/wp\/v2\/pages\/1164\/revisions"}],"wp:featuredmedia":[{"embeddable":true,"href":"https:\/\/segreterie.unica.it\/cdsgiuridici\/wp-json\/"}],"wp:attachment":[{"href":"https:\/\/segreterie.unica.it\/cdsgiuridici\/wp-json\/wp\/v2\/media?parent=1164"}],"curies":[{"name":"wp","href":"https:\/\/api.w.org\/{rel}","templated":true}]}}