{"id":5453,"date":"2025-10-08T13:05:22","date_gmt":"2025-10-08T11:05:22","guid":{"rendered":"https:\/\/segreterie.unica.it\/cdseconomici\/?page_id=5453"},"modified":"2025-10-21T11:09:47","modified_gmt":"2025-10-21T09:09:47","slug":"5453-2","status":"publish","type":"page","link":"https:\/\/segreterie.unica.it\/cdseconomici\/5453-2\/","title":{"rendered":""},"content":{"rendered":"<p>\ud83c\udf93<strong> CORSI DI LAUREA MAGISTRALE (Biennali)<\/strong><\/p>\n<p>&nbsp;<\/p>\n<p><strong>Corsi interessati:<\/strong><\/p>\n<table width=\"1116\">\n<tbody>\n<tr>\n<td width=\"155\">Economia, Finanza e Analisi dei Dati<\/td>\n<\/tr>\n<tr>\n<td width=\"155\">Economia Manageriale<\/td>\n<\/tr>\n<tr>\n<td width=\"155\">International Management<\/td>\n<\/tr>\n<tr>\n<td width=\"155\">Management del Turismo e della Sostenibilit\u00e0<\/td>\n<\/tr>\n<tr>\n<td width=\"155\">Data Science, Business Analytics e Innovazione<\/td>\n<\/tr>\n<\/tbody>\n<\/table>\n<p><strong>\u00a0<\/strong><\/p>\n<p><strong>Requisiti:<\/strong><\/p>\n<ul>\n<li>Laurea triennale o titolo estero idoneo<\/li>\n<li>Requisiti Curriculari (RC)<\/li>\n<li>Adeguata Preparazione Personale (AP)<\/li>\n<\/ul>\n<p>&nbsp;<\/p>\n<p><strong>Se sei ancora interessato a immatricolarti al corso di laurea magistrale ma non sei riuscito a farlo entro il 30 settembre, hai ancora la possibilit\u00e0 di accedere<\/strong>. \u00c8 stato infatti configurato un nuovo concorso, pensato proprio per chi non ha rispettato la scadenza iniziale.<strong> Ti baster\u00e0 iscriverti a questo nuovo concorso, seguendo le indicazioni fornite, e procedere con il pagamento della tassa di iscrizione al test.<\/strong><\/p>\n<p>Una volta completati questi passaggi, sar\u00e0 fondamentale verificare di possedere i requisiti curriculari (RC) e l\u2019adeguatezza della preparazione personale (AP). Se soddisfi entrambi i criteri, potrai finalmente procedere con l\u2019immatricolazione e iniziare il tuo percorso di studi magistrale.<\/p>\n<p>&nbsp;<\/p>\n<p><strong>COSA DEVI FARE<\/strong><\/p>\n<p><strong>Iscrizione alla prova di verifica:<\/strong><\/p>\n<ul>\n<li><strong>Dove:<\/strong>Esse3 Unica\u00a0<a href=\"https:\/\/unica.esse3.cineca.it\/Home.do\">Area riservata Esse3&gt;\u00a0<\/a>\u00a0Segreteria &gt; Test di valutazione<\/li>\n<\/ul>\n<p><strong>\u00a0<\/strong><\/p>\n<p><strong>Scadenze iscrizione prova di verifica<\/strong><\/p>\n<table width=\"972\">\n<tbody>\n<tr>\n<td width=\"155\"><strong>Codice concorso Esse3<\/strong><\/td>\n<td width=\"155\"><strong>Scadenza iscrizione concorso Esse3<\/strong><\/td>\n<td width=\"64\"><strong>Classe<\/strong><\/td>\n<td width=\"155\"><strong>Corso di Laurea Magistrale<\/strong><\/td>\n<td width=\"132\"><strong>tipologia prova (scritta\/orale)<\/strong><\/td>\n<td width=\"137\"><strong>modalit\u00e0 di svolgimento (online \/in presenza)<\/strong><\/td>\n<td width=\"175\"><strong>Data prova<\/strong><\/td>\n<\/tr>\n<tr>\n<td width=\"155\">177<\/td>\n<td width=\"155\">21.11.2025<\/td>\n<td width=\"64\">LM-56<\/td>\n<td width=\"155\">Economia, Finanza e Analisi dei Dati<\/td>\n<td width=\"132\">scritta<\/td>\n<td width=\"137\">In presenza<\/td>\n<td width=\"175\">27\/11\/2025 h.11 Aula Salis<\/td>\n<\/tr>\n<tr>\n<td width=\"155\">178<\/td>\n<td width=\"155\">7.11.2025<\/td>\n<td width=\"64\">LM-77<\/td>\n<td width=\"155\">Economia Manageriale<\/td>\n<td width=\"132\">scritta<\/td>\n<td width=\"137\">in presenza<\/td>\n<td rowspan=\"2\" width=\"175\">13\/11\/2025 ore 10 aula 11 bis<\/td>\n<\/tr>\n<tr>\n<td width=\"155\">179<\/td>\n<td width=\"155\">7.11.2025<\/td>\n<td width=\"64\">LM-77 -R<\/td>\n<td width=\"155\">International Management<\/td>\n<td width=\"132\">scritta<\/td>\n<td width=\"137\">in presenza<\/td>\n<\/tr>\n<tr>\n<td width=\"155\">182<\/td>\n<td width=\"155\">18.11.2025<\/td>\n<td width=\"64\">LM-76<\/td>\n<td width=\"155\">Management del Turismo e della Sostenibilit\u00e0<\/td>\n<td width=\"132\">Orale<\/td>\n<td width=\"137\">online<\/td>\n<td width=\"175\">24\/11\/2025 ore 9,30<\/td>\n<\/tr>\n<tr>\n<td width=\"155\">180<\/td>\n<td width=\"155\">24.11.2025<\/td>\n<td width=\"64\">LM-91<\/td>\n<td width=\"155\">Data Science, Business Analytics e Innovazione<\/td>\n<td width=\"132\">scritta<\/td>\n<td width=\"137\">online<\/td>\n<td width=\"175\">28\/11\/2025 h.9.00<\/td>\n<\/tr>\n<\/tbody>\n<\/table>\n<p><strong>NB:<\/strong>\u00a0<strong>L\u2019iscrizione alla prova ed il pagamento della relativa tassa<\/strong>\u00a0sono\u00a0<strong>obbligatorie per tutti gli studenti che intendono iscriversi al Corso di Laurea Magistrale, anche se esonerati dalla prova di verifica dei requisiti curriculari e dell\u2019adeguata preparazione.\u00a0<\/strong><\/p>\n<p>&nbsp;<\/p>\n<p><strong>Verifica dei requisiti curriculari e della adeguata preparazione:<\/strong><\/p>\n<ul>\n<li>A cura della\u00a0<strong>Commissione didattica<\/strong><\/li>\n<\/ul>\n<p><strong>\u00a0<\/strong><\/p>\n<p><strong>Studenti da altri Atenei:<\/strong><\/p>\n<ul>\n<li>Devono inviare\u00a0<strong>autocertificazione <\/strong>con esami, SSD e CFU<\/li>\n<li><strong>Dove:<\/strong>\n<ul>\n<li>Di persona: Segreteria Studenti, Viale S. Ignazio 74 \u2013 Cagliari<\/li>\n<li>Via email:\u00a0<strong>segrstudscpol@unica.it<\/strong><\/li>\n<\/ul>\n<\/li>\n<li><strong>Entro le ore 12<\/strong>della scadenza iscrizione alla prova<\/li>\n<li><strong>Oggetto email:<\/strong>Candidatura LM [nome corso]_laurea in altro Ateneo_[Nome Cognome]\u00a0<em>(es. Candidatura LM EM_laurea in altro Ateneo_Mario Rossi)<\/em><\/li>\n<\/ul>\n<p>&nbsp;<\/p>\n<p>\u2705 IMMATRICOLAZIONE ONLINE (Laureati\/laureandi con RC e AP)<\/p>\n<ul>\n<li>Ammessi solo se in possesso di\u00a0<strong>laurea triennale<\/strong>, RC e AP<\/li>\n<li><strong>Quando: <\/strong>3 giorni lavorativi dopo gli esiti e\u00a0<strong>entro il 31 dicembre 2025<\/strong><\/li>\n<li><strong>Dove:<\/strong>Esse3 Unica\u00a0&gt; Segreteria &gt; Immatricolazione<\/li>\n<li><strong>Pagamento: <\/strong>entro 2 giorni tramite\u00a0<strong>PagoPA<\/strong><\/li>\n<li><strong>Verifica finale:<\/strong>\n<ul>\n<li>pagamento<\/li>\n<li>documento d\u2019identit\u00e0<\/li>\n<li>fotografia digitale<\/li>\n<\/ul>\n<\/li>\n<\/ul>\n<p>&nbsp;<\/p>\n<p>\ud83d\udcda <strong>ISCRIZIONE AI CORSI SINGOLI<\/strong><\/p>\n<ul>\n<li>Per laureati con\u00a0<strong>adeguata preparazione personale <\/strong>ma\u00a0<strong>privi dei requisiti curriculari<\/strong><\/li>\n<li>Possibile iscriversi\u00a0<strong>senza limiti di crediti<\/strong><\/li>\n<\/ul>\n<p>&nbsp;<\/p>\n","protected":false},"excerpt":{"rendered":"<p>\ud83c\udf93 CORSI DI LAUREA MAGISTRALE (Biennali) &nbsp; Corsi interessati: Economia, Finanza e Analisi dei Dati Economia Manageriale International Management Management del Turismo e della Sostenibilit\u00e0 Data Science, Business Analytics e Innovazione \u00a0 Requisiti: Laurea triennale o titolo estero idoneo Requisiti Curriculari (RC) Adeguata Preparazione Personale (AP) &nbsp; Se sei ancora interessato a immatricolarti al corso di laurea magistrale ma non sei riuscito a farlo entro il 30 settembre, hai ancora la possibilit\u00e0 di accedere. \u00c8 stato infatti configurato un nuovo concorso, pensato proprio per chi non ha rispettato la scadenza iniziale. Ti baster\u00e0 iscriverti a questo nuovo concorso, seguendo le <a href='https:\/\/segreterie.unica.it\/cdseconomici\/5453-2\/' class='excerpt-more'>[&#8230;]<\/a><\/p>\n","protected":false},"author":2426,"featured_media":0,"parent":0,"menu_order":0,"comment_status":"closed","ping_status":"closed","template":"","meta":{"footnotes":""},"class_list":["post-5453","page","type-page","status-publish","hentry","post-seq-1","post-parity-odd","no-title","meta-position-corners","fix"],"_links":{"self":[{"href":"https:\/\/segreterie.unica.it\/cdseconomici\/wp-json\/wp\/v2\/pages\/5453","targetHints":{"allow":["GET"]}}],"collection":[{"href":"https:\/\/segreterie.unica.it\/cdseconomici\/wp-json\/wp\/v2\/pages"}],"about":[{"href":"https:\/\/segreterie.unica.it\/cdseconomici\/wp-json\/wp\/v2\/types\/page"}],"author":[{"embeddable":true,"href":"https:\/\/segreterie.unica.it\/cdseconomici\/wp-json\/wp\/v2\/users\/2426"}],"replies":[{"embeddable":true,"href":"https:\/\/segreterie.unica.it\/cdseconomici\/wp-json\/wp\/v2\/comments?post=5453"}],"version-history":[{"count":7,"href":"https:\/\/segreterie.unica.it\/cdseconomici\/wp-json\/wp\/v2\/pages\/5453\/revisions"}],"predecessor-version":[{"id":5469,"href":"https:\/\/segreterie.unica.it\/cdseconomici\/wp-json\/wp\/v2\/pages\/5453\/revisions\/5469"}],"wp:attachment":[{"href":"https:\/\/segreterie.unica.it\/cdseconomici\/wp-json\/wp\/v2\/media?parent=5453"}],"curies":[{"name":"wp","href":"https:\/\/api.w.org\/{rel}","templated":true}]}}