{"id":5227,"date":"2025-06-05T14:18:43","date_gmt":"2025-06-05T12:18:43","guid":{"rendered":"https:\/\/segreterie.unica.it\/cdseconomici\/?page_id=5227"},"modified":"2025-06-05T14:18:43","modified_gmt":"2025-06-05T12:18:43","slug":"5227-2","status":"publish","type":"page","link":"https:\/\/segreterie.unica.it\/cdseconomici\/5227-2\/","title":{"rendered":""},"content":{"rendered":"<p><strong>Attivazione offerta AA 2025\/2026: modifica ordinamento EGA (erogazione modalit\u00e0 convenzionale)<\/strong><\/p>\n<p>Il Coordinatore riferisce che in sede di consiglio di corso si deve prendere atto della variazione gi\u00e0 votata in Consiglio di Dipartimento riassumendo i termini della questione. Al momento, <strong>non verr\u00e0 attivato il canale blended per il prossimo anno accademico (AA 25-26)<\/strong>.<\/p>\n","protected":false},"excerpt":{"rendered":"<p>Attivazione offerta AA 2025\/2026: modifica ordinamento EGA (erogazione modalit\u00e0 convenzionale) Il Coordinatore riferisce che in sede di consiglio di corso si deve prendere atto della variazione gi\u00e0 votata in Consiglio di Dipartimento riassumendo i termini della questione. Al momento, non verr\u00e0 attivato il canale blended per il prossimo anno accademico (AA 25-26).<\/p>\n","protected":false},"author":2426,"featured_media":0,"parent":0,"menu_order":0,"comment_status":"closed","ping_status":"closed","template":"","meta":{"footnotes":""},"class_list":["post-5227","page","type-page","status-publish","hentry","post-seq-1","post-parity-odd","no-title","meta-position-corners","fix"],"_links":{"self":[{"href":"https:\/\/segreterie.unica.it\/cdseconomici\/wp-json\/wp\/v2\/pages\/5227","targetHints":{"allow":["GET"]}}],"collection":[{"href":"https:\/\/segreterie.unica.it\/cdseconomici\/wp-json\/wp\/v2\/pages"}],"about":[{"href":"https:\/\/segreterie.unica.it\/cdseconomici\/wp-json\/wp\/v2\/types\/page"}],"author":[{"embeddable":true,"href":"https:\/\/segreterie.unica.it\/cdseconomici\/wp-json\/wp\/v2\/users\/2426"}],"replies":[{"embeddable":true,"href":"https:\/\/segreterie.unica.it\/cdseconomici\/wp-json\/wp\/v2\/comments?post=5227"}],"version-history":[{"count":1,"href":"https:\/\/segreterie.unica.it\/cdseconomici\/wp-json\/wp\/v2\/pages\/5227\/revisions"}],"predecessor-version":[{"id":5228,"href":"https:\/\/segreterie.unica.it\/cdseconomici\/wp-json\/wp\/v2\/pages\/5227\/revisions\/5228"}],"wp:attachment":[{"href":"https:\/\/segreterie.unica.it\/cdseconomici\/wp-json\/wp\/v2\/media?parent=5227"}],"curies":[{"name":"wp","href":"https:\/\/api.w.org\/{rel}","templated":true}]}}