{"id":5222,"date":"2025-06-05T14:15:20","date_gmt":"2025-06-05T12:15:20","guid":{"rendered":"https:\/\/segreterie.unica.it\/cdseconomici\/?page_id=5222"},"modified":"2025-06-05T14:15:20","modified_gmt":"2025-06-05T12:15:20","slug":"a-a-2024-25","status":"publish","type":"page","link":"https:\/\/segreterie.unica.it\/cdseconomici\/a-a-2024-25\/","title":{"rendered":"A.A. 2024\/25"},"content":{"rendered":"<p><strong>Per l&#8217;anno accademico 2024\/2025, il Protocollo d\u2019intesa con il Ministro della Pubblica Amministrazione \u00e8 in corso di definizione.<\/strong><br \/>\n<strong>Gli studenti possono comunque iscriversi ai Corsi di Studio indicati dichiarando di essere dipendenti pubblici per poter usufruire dei vantaggi a loro dedicati. La procedura da seguire \u00e8 quella descritta su <a href=\"https:\/\/segreterie.unica.it\/cdseconomici\/3707-2\/\">Immatricolazione ad un Corso di Laurea Triennale &#8211; Segreteria studenti di economia, giurisprudenza e scienze politiche &#8211; Universit\u00e0 di Cagliari (unica.it)<\/a> e dopo l&#8217;immatricolazione occorrer\u00e0 allegare l&#8217; autocertificazione di dipendente PA \u00a0all\u2019interno dell\u2019area riservata dei servizi online agli studenti cliccando su SEGRETERIA &gt; ALLEGATI CARRIERA. L&#8217;allegato deve essere nominato Autocertificazione dipendente PA<\/strong><\/p>\n<p><strong>Qui trovi il modulo per autocertificare<a href=\"https:\/\/segreterie.unica.it\/scienzepolitiche\/files\/2022\/08\/Dichiarazione_sostitutiva_di_certificazione_per_dipendenti_pubblici.pdf\"> autocertificazione di lavoro dipendente nella Pubblica Amministrazione<\/a><\/strong><\/p>\n<p>&nbsp;<\/p>\n<p><strong>Le informazioni sotto riportate riguardano l\u2019anno accademico 2023\/2024, saranno aggiornate non appena firmato il Protocollo d\u2019intesa.<\/strong><\/p>\n<p>&nbsp;<\/p>\n<p><strong>Titoli di studio necessari per l\u2019iscrizione al\u00a0Corso di Laurea in Economia e Gestione Aziendale \u2013 percorsi in \u201cAmministrazione e Controllo\u201d e \u201cMarketing e Organizzazione\u201d entrambi in modalit\u00e0 Blended (Classe L-18)\u00a0<\/strong><\/p>\n<p>Devi essere in possesso del diploma quinquennale di scuola media superiore.<\/p>\n<p>L\u2019ammissione \u00e8 consentita anche a chi possiede diplomi rilasciati da istituti di istruzione secondaria superiore di durata quadriennale presso i quali non era attivo l\u2019anno integrativo. In questo caso, anche in deroga alla disciplina vigente di Ateneo, gli Obblighi formativi aggiuntivi saranno assolti in funzione della tipologia di studenti.<\/p>\n<p>&nbsp;<\/p>\n<p><strong>Ammissione al Corso di Studio<\/strong><\/p>\n<p>Fatti salvi i <strong><a href=\"https:\/\/segreterie.unica.it\/cdseconomici\/test-di-accesso-chi-lo-deve-fare\/\">casi di esonero<\/a>, devi sostenere il test di ammissione denominato TOLC-E<\/strong>\u00a0iscrivendoti sul portale CISIA\u00a0<a href=\"https:\/\/www.cisiaonline.it\/area-tematica-tolc-economia\/home-tolc-economia\/\">https:\/\/www.cisiaonline.it\/area-tematica-tolc-economia\/home-tolc-economia\/\u00a0<\/a>e lo svolgerai\u00a0 in modalit\u00e0 tolc@casa presso il tuo domicilio o Tolc all&#8217;universit\u00e0 in presenza (<a href=\"https:\/\/www.cisiaonline.it\/area-tematica-tolc-cisia\/come-iscriversi-al-tolc\/iscriversi-al-tolccasa\/\">https:\/\/www.cisiaonline.it\/area-tematica-tolc-cisia\/come-iscriversi-al-tolc\/iscriversi-al-tolccasa\/<\/a><\/p>\n<p>Le prove si svolgeranno il 7 e 12 Luglio, il 6, 8, 13 e 15 Settembre 2023.<\/p>\n<p>Si suggerisce la lettura dell\u2019avviso TOLC-E per conoscere i CASI DI ESONERO\u00a0Corso di Studi Economia e Gestione Aziendale\u00a0<a href=\"https:\/\/www.unica.it\/unica\/it\/crs_11_75_iscriversi.page\">unica.it \u2013 Iscrivers<\/a><a href=\"https:\/\/www.unica.it\/unica\/it\/crs_11_77_iscriversi.page\">i<\/a><\/p>\n<p><strong>Anche prima di aver sostenuto il TOLC-E<\/strong>, comunque obbligatorio, <strong>puoi immatricolarti dal 12 luglio entro il 30 settembre 2023<\/strong>\u00a0accedendo all\u2019area riservata\u00a0<a href=\"https:\/\/unica.esse3.cineca.it\/\">https:\/\/unica.esse3.cineca.it\/<\/a>\u00a0&gt; Men\u00f9 &gt; Segreteria &gt; Immatricolazione e, selezionato il Corso di Laurea, compila online la domanda di immatricolazione<\/p>\n<p>Se hai precedenti carriere, selezionane una e poi vai su Men\u00f9 &gt; Segreteria &gt; Immatricolazione e, selezionato il Corso di Laurea, compila online la domanda di immatricolazione.<\/p>\n<p>Durante la compilazione della domanda di immatricolazione online, ti verr\u00e0 richiesto l\u2019upload della fotografia (in formato tessera, frontale, chiara e leggibile) con estensione .jpg, e del documento di identit\u00e0 in corso di validit\u00e0 (sia fronte che retro).<\/p>\n<p>Dovrai scegliere il tipo di immatricolazione: Standard (utilizzabile dalla maggior numero di studenti) o Abbreviazione di carriera * (riguarda coloro che sono gi\u00e0 laureati o coloro che hanno rinunciato o che sono decaduti in una precedente carriera e richiedono la valutazione degli esami gi\u00e0 sostenuti); impegno didattico Tempo parziale**\/Tempo pieno<\/p>\n<p>Al termine della procedura online, il sistema ti assegner\u00e0 in automatico il numero di matricola e generer\u00e0 la prima rata delle tasse e dei contributi universitari che potrai trovare nella sezione Pagamenti della tua area riservata e <strong>dovrai pagare tramite Pago PA entro il 05\/10\/2023.<\/strong><\/p>\n<p>&nbsp;<\/p>\n<p><strong>Compila ed inserisci la <a href=\"http:\/\/segreterie.unica.it\/cdseconomici\/files\/2023\/07\/Dichiarazione_sostitutiva_di_certificazione_per_dipendenti_pubblici_compilabile.pdf\">Dichiarazione_sostitutiva_di_certificazione_per_dipendenti_pubblici_compilabile<\/a>\u00a0all\u2019interno dell\u2019area riservata dei servizi online<\/strong> agli studenti cliccando su SEGRETERIA &gt; ALLEGATI CARRIERA.<\/p>\n<p><strong>Dopo l\u2019IMMATRICOLAZIONE danne comunicazione tempestiva via mail alla Segreteria studenti<\/strong> (segrstudsegp@unica.it). Nell\u2019oggetto della mail indica la dicitura \u201cImmatricolazione dipendente pubblico________\u201d, seguita dalla denominazione del corso di studio cui intendi accedere, oltre al tuo nome, cognome e codice fiscale.<\/p>\n<p>&nbsp;<\/p>\n<p><strong>Nota bene:<\/strong>\u00a0L\u2019immatricolazione verr\u00e0 perfezionata dagli uffici della Segreteria Studenti, previa verifica della veridicit\u00e0 delle dichiarazioni rese in sede di autocertificazione, del pagamento della tassa di iscrizione, del corretto caricamento del documento di identit\u00e0 e della fotografia digitale.<\/p>\n<p>Se dalla tua area riservata visualizzi la dicitura \u201cImmatricolazione in attesa di perfezionamento\u201d, significa che i controlli amministrativi non sono ancora conclusi.<\/p>\n<p>&nbsp;<\/p>\n<p><strong>Frequenza del Corso di Studio<\/strong><\/p>\n<p>Non sei obbligato a frequentare le lezioni frontali del corso di studio.<\/p>\n<p>La didattica \u00e8 erogata in presenza e contestualmente a distanza in modalit\u00e0 sincrona (attraverso piattaforme di videoconferenza), nonch\u00e9 a distanza in modalit\u00e0 asincrona (attraverso la messa a disposizione di lezioni videoregistrate). In particolare, per il Corso di Laurea in\u00a0Corso di Laurea in Economia e Gestione Aziendale \u2013 percorsi in \u201cAmministrazione e Controllo\u201d e \u201cMarketing e Organizzazione\u201d entrambi in modalit\u00e0 Blended (Classe L-18)\u00a0\u00a0la modalit\u00e0 di erogazione della didattica \u00e8 on line al primo e secondo anno e in presenza al terzo anno (modalit\u00e0 Blended).<\/p>\n<p>&nbsp;<\/p>\n<p><strong>Costi\u00a0<\/strong><\/p>\n<p>L\u2019importo del contributo unico onnicomprensivo a tuo carico \u00e8 fisso:<\/p>\n<ul>\n<li>pari a Euro 800,00<\/li>\n<\/ul>\n<p>Oltre al suddetto importo, dovrai pagare la tassa regionale ERSU, pari a 140,00 euro, e l\u2019imposta di bollo di 16,00 euro.<\/p>\n<p>Per i pagamenti in ritardo \u00e8 prevista una sovrattassa di 15,00 euro che ammonter\u00e0 a 40,00 euro in caso di ritardo superiore ai 60 giorni naturali e consecutivi.<\/p>\n<p>I dipendenti pubblici iscritti al suddetto Corso di Studio che beneficiano del contributo unico onnicomprensivo di importo fisso non possono richiedere n\u00e9 il rimborso dei contributi di iscrizione a seguito dell\u2019eventuale ottenimento di borsa di studio, n\u00e9 il beneficio della riduzione in base al proprio Isee 2022 per il diritto allo studio universitario.<\/p>\n<p>Beneficiano del contributo unico onnicomprensivo di importo fisso per l\u2019iscrizione agli anni successivi se conseguono almeno la met\u00e0 dei CFU previsti per ciascun anno di corso e per un numero massimo di anni pari alla durata legale del corso pi\u00f9 due.<\/p>\n<p>&nbsp;<\/p>\n<p><strong>Oneri a carico del dipartimento funzione pubblica<\/strong><\/p>\n<p>Il Dipartimento della funzione pubblica pu\u00f2 prevedere, al termine di ogni Anno Accademico, per ciascuno studente dipendente pubblico iscritto, il rimborso di quota parte del contributo di iscrizione versato, solo ove siano rispettati i criteri previsti.<\/p>\n<p>L\u2019eventuale quota di rimborso a carico del Dipartimento della funzione pubblica sar\u00e0 definita dal Dipartimento stesso con proprio successivo provvedimento; le modalit\u00e0 di erogazione del rimborso, per il tramite dell\u2019Universit\u00e0, saranno definite con quest\u2019ultima con successivo provvedimento.<\/p>\n<p>&nbsp;<\/p>\n<p><strong>*Abbreviazione di carriera\u00a0\u00a0<\/strong><\/p>\n<p>Puoi ottenere una abbreviazione di corso all\u2019atto dell\u2019immatricolazione se risulti gi\u00e0 in possesso di un titolo di studio italiano o estero, o una carriera accademica interrotta (per rinuncia o decadenza).<\/p>\n<p>Se ti immatricoli con abbreviazione di carriera, in fase di immatricolazione online dovrai scegliere il tipo di immatricolazione Abbreviazione di carriera<\/p>\n<p><strong><img decoding=\"async\" class=\"\" src=\"https:\/\/www.passione500.it\/image\/BR.png\" alt=\"Passione 500\" width=\"106\" \/><\/strong>Dopo aver concluso la procedura di immatricolazione online per abbreviazione di corso, dovrai\u00a0<strong>compila<\/strong>re un\u00a0<strong>form online<\/strong>\u00a0accedendo dal link\u00a0<a href=\"https:\/\/forms.office.com\/e\/LSKj1zmXr9\">https:\/\/forms.office.com\/e\/LSKj1zmXr9<\/a>: seleziona la giusta tipologia di istanza\u00a0<strong>ed elenca gli esami di cui intendi chiedere la convalida.<\/strong>\u00a0Sar\u00e0 poi tua cura inserire il file di riepilogo, denominandolo IMA 2023_24 seguito dal tuo nome e cognome e dal corso di studi scelto (es. IMA 2023_2024 Mario Rossi Scienze dei servizi giuridici), all\u2019interno dell\u2019area riservata dei servizi online agli studenti cliccando su SEGRETERIA &gt; ALLEGATI CARRIERA<\/p>\n<p>&nbsp;<\/p>\n<p>&nbsp;<\/p>\n<div class=\"entry-container fix\">\n<p>AVVISO INTEGRALE<\/p>\n<\/div>\n","protected":false},"excerpt":{"rendered":"<p>Per l&#8217;anno accademico 2024\/2025, il Protocollo d\u2019intesa con il Ministro della Pubblica Amministrazione \u00e8 in corso di definizione. Gli studenti possono comunque iscriversi ai Corsi di Studio indicati dichiarando di essere dipendenti pubblici per poter usufruire dei vantaggi a loro dedicati. La procedura da seguire \u00e8 quella descritta su Immatricolazione ad un Corso di Laurea Triennale &#8211; Segreteria studenti di economia, giurisprudenza e scienze politiche &#8211; Universit\u00e0 di Cagliari (unica.it) e dopo l&#8217;immatricolazione occorrer\u00e0 allegare l&#8217; autocertificazione di dipendente PA \u00a0all\u2019interno dell\u2019area riservata dei servizi online agli studenti cliccando su SEGRETERIA &gt; ALLEGATI CARRIERA. L&#8217;allegato deve essere nominato Autocertificazione dipendente <a href='https:\/\/segreterie.unica.it\/cdseconomici\/a-a-2024-25\/' class='excerpt-more'>[&#8230;]<\/a><\/p>\n","protected":false},"author":2426,"featured_media":0,"parent":0,"menu_order":0,"comment_status":"closed","ping_status":"closed","template":"","meta":{"footnotes":""},"class_list":["post-5222","page","type-page","status-publish","hentry","post-seq-1","post-parity-odd","meta-position-corners","fix"],"_links":{"self":[{"href":"https:\/\/segreterie.unica.it\/cdseconomici\/wp-json\/wp\/v2\/pages\/5222","targetHints":{"allow":["GET"]}}],"collection":[{"href":"https:\/\/segreterie.unica.it\/cdseconomici\/wp-json\/wp\/v2\/pages"}],"about":[{"href":"https:\/\/segreterie.unica.it\/cdseconomici\/wp-json\/wp\/v2\/types\/page"}],"author":[{"embeddable":true,"href":"https:\/\/segreterie.unica.it\/cdseconomici\/wp-json\/wp\/v2\/users\/2426"}],"replies":[{"embeddable":true,"href":"https:\/\/segreterie.unica.it\/cdseconomici\/wp-json\/wp\/v2\/comments?post=5222"}],"version-history":[{"count":1,"href":"https:\/\/segreterie.unica.it\/cdseconomici\/wp-json\/wp\/v2\/pages\/5222\/revisions"}],"predecessor-version":[{"id":5223,"href":"https:\/\/segreterie.unica.it\/cdseconomici\/wp-json\/wp\/v2\/pages\/5222\/revisions\/5223"}],"wp:attachment":[{"href":"https:\/\/segreterie.unica.it\/cdseconomici\/wp-json\/wp\/v2\/media?parent=5222"}],"curies":[{"name":"wp","href":"https:\/\/api.w.org\/{rel}","templated":true}]}}