{"id":5142,"date":"2025-05-12T13:26:49","date_gmt":"2025-05-12T11:26:49","guid":{"rendered":"https:\/\/segreterie.unica.it\/cdseconomici\/?page_id=5142"},"modified":"2025-07-15T08:29:40","modified_gmt":"2025-07-15T06:29:40","slug":"5142-2","status":"publish","type":"page","link":"https:\/\/segreterie.unica.it\/cdseconomici\/5142-2\/","title":{"rendered":"Ega Accordo Unica &#8211; Bielefeld"},"content":{"rendered":"<header class=\"post-header fix\"><\/header>\n<p>&nbsp;<\/p>\n<div class=\"entry-container fix\">\n<div class=\"entry fix\">\n<p class=\"first-para\"><strong>\u2705<\/strong><strong>Cosa fare ad UniCa al tuo rientro da Bielefeld (se hai completato tutto)<\/strong><\/p>\n<p>Se:<\/p>\n<ul>\n<li>hai\u00a0concluso il periodo di mobilit\u00e0;<\/li>\n<li>hai\u00a0sostenuto tutti gli esami previsti dal piano di studi nell\u2019anno di mobilit\u00e0<\/li>\n<\/ul>\n<p><strong>\u00a0i<\/strong><strong>nvia il Transcript of Records (ToR) solo ed esclusivamente all\u2019\u00a0Ufficio ISMOKA.<\/strong><\/p>\n<ul>\n<li style=\"list-style-type: none\">\n<ul>\n<li>Tempistica consigliata: entro\u00a010 giorni dalla fine del periodo di mobilit\u00e0<strong>.<\/strong><\/li>\n<\/ul>\n<\/li>\n<\/ul>\n<p><strong>\u00a0<\/strong><\/p>\n<ol start=\"2\">\n<li><strong>Cosa succede dopo <\/strong>&#8211; Flusso automatico dei documenti<\/li>\n<\/ol>\n<ul>\n<li><strong>L\u2019Ufficio ISMOKA\u00a0trasmette il ToR alla\u00a0Commissione mobilit\u00e0 internazionale\u00a0competente.<\/strong><\/li>\n<li><strong>La Commissione elabora una\u00a0proposta di convalida\u00a0degli esami sostenuti.<\/strong><\/li>\n<li><strong>La proposta viene\u00a0approvata dal Consiglio di corso.<\/strong><\/li>\n<li><strong>La\u00a0Segreteria studenti, ricevuta la delibera,\u00a0aggiorna automaticamente la tua carriera.<\/strong><\/li>\n<\/ul>\n<p><strong>\u00a0<\/strong><\/p>\n<p><strong>\u2705<\/strong><strong>\u00a0Non devi fare altro<\/strong><\/p>\n<\/div>\n<\/div>\n<p>&nbsp;<\/p>\n<p>&nbsp;<\/p>\n<p>&nbsp;<\/p>\n<p>&nbsp;<\/p>\n<p>***************************************************************************************************************************************************************<\/p>\n<p>Accordo EGA Unica &#8211; Bielefeld<\/p>\n<p><strong>Validit\u00e0:\u00a0<\/strong>5 anni accademici (2022\/2023 \u2013 2026\/2027).<\/p>\n<p><strong>Obiettivo:\u00a0<\/strong>Doppio titolo di laurea (International studies in Management da BUAS e Bachelor in Business and Economics da UNICA).<\/p>\n<p><strong>Posti disponibili:<\/strong> max 10 per Ateneo<\/p>\n<p><strong>Processo di selezione: <\/strong>la selezione ha luogo nel primo semestre del primo anno per gli studenti di Bielefeld; nel primo o secondo semestre del primo anno per gli studenti UniCa<\/p>\n<p>La selezione degli studenti UniCa, che devono possedere una conoscenza, verificata\/da verificare, della lingua inglese di livello B2, avviene sulla base dei seguenti criteri:<\/p>\n<ul>\n<li>numero esami obbligatori del primo anno superati entro il mese di luglio;<\/li>\n<li>media voti esami obbligatori di cui al punto precedente;<\/li>\n<li>idoneit\u00e0 accertata con colloquio motivazionale.<\/li>\n<\/ul>\n<p>A parit\u00e0 di merito nel superamento degli esami e nella media dei voti, si terr\u00e0 conto della minore et\u00e0.<\/p>\n<p>Gli studenti che nella graduatoria finale risultano oltre le prime dieci posizioni proseguono gli studi, a propria scelta, nell\u2019indirizzo Amministrazione &amp; Controllo o nell\u2019indirizzo Marketing &amp; Organizzazione.<\/p>\n<p><strong>Frequenze: secondo anno di corso, <\/strong>studenti di Buas a Cagliari; <strong>terzo anno di corso<\/strong>: studenti di UNICA a Buas<\/p>\n<p>&nbsp;<\/p>\n<p>&nbsp;<\/p>\n","protected":false},"excerpt":{"rendered":"<p>&nbsp; \u2705Cosa fare ad UniCa al tuo rientro da Bielefeld (se hai completato tutto) Se: hai\u00a0concluso il periodo di mobilit\u00e0; hai\u00a0sostenuto tutti gli esami previsti dal piano di studi nell\u2019anno di mobilit\u00e0 \u00a0invia il Transcript of Records (ToR) solo ed esclusivamente all\u2019\u00a0Ufficio ISMOKA. Tempistica consigliata: entro\u00a010 giorni dalla fine del periodo di mobilit\u00e0. \u00a0 Cosa succede dopo &#8211; Flusso automatico dei documenti L\u2019Ufficio ISMOKA\u00a0trasmette il ToR alla\u00a0Commissione mobilit\u00e0 internazionale\u00a0competente. La Commissione elabora una\u00a0proposta di convalida\u00a0degli esami sostenuti. La proposta viene\u00a0approvata dal Consiglio di corso. La\u00a0Segreteria studenti, ricevuta la delibera,\u00a0aggiorna automaticamente la tua carriera. \u00a0 \u2705\u00a0Non devi fare altro &nbsp; &nbsp; <a href='https:\/\/segreterie.unica.it\/cdseconomici\/5142-2\/' class='excerpt-more'>[&#8230;]<\/a><\/p>\n","protected":false},"author":2426,"featured_media":0,"parent":0,"menu_order":0,"comment_status":"closed","ping_status":"closed","template":"","meta":{"footnotes":""},"class_list":["post-5142","page","type-page","status-publish","hentry","post-seq-1","post-parity-odd","meta-position-corners","fix"],"_links":{"self":[{"href":"https:\/\/segreterie.unica.it\/cdseconomici\/wp-json\/wp\/v2\/pages\/5142","targetHints":{"allow":["GET"]}}],"collection":[{"href":"https:\/\/segreterie.unica.it\/cdseconomici\/wp-json\/wp\/v2\/pages"}],"about":[{"href":"https:\/\/segreterie.unica.it\/cdseconomici\/wp-json\/wp\/v2\/types\/page"}],"author":[{"embeddable":true,"href":"https:\/\/segreterie.unica.it\/cdseconomici\/wp-json\/wp\/v2\/users\/2426"}],"replies":[{"embeddable":true,"href":"https:\/\/segreterie.unica.it\/cdseconomici\/wp-json\/wp\/v2\/comments?post=5142"}],"version-history":[{"count":12,"href":"https:\/\/segreterie.unica.it\/cdseconomici\/wp-json\/wp\/v2\/pages\/5142\/revisions"}],"predecessor-version":[{"id":5375,"href":"https:\/\/segreterie.unica.it\/cdseconomici\/wp-json\/wp\/v2\/pages\/5142\/revisions\/5375"}],"wp:attachment":[{"href":"https:\/\/segreterie.unica.it\/cdseconomici\/wp-json\/wp\/v2\/media?parent=5142"}],"curies":[{"name":"wp","href":"https:\/\/api.w.org\/{rel}","templated":true}]}}