{"id":5118,"date":"2025-05-12T08:51:43","date_gmt":"2025-05-12T06:51:43","guid":{"rendered":"https:\/\/segreterie.unica.it\/cdseconomici\/?page_id=5118"},"modified":"2025-07-17T09:38:09","modified_gmt":"2025-07-17T07:38:09","slug":"lm-em-im-unica-praga","status":"publish","type":"page","link":"https:\/\/segreterie.unica.it\/cdseconomici\/lm-em-im-unica-praga\/","title":{"rendered":"LM EM\/IM Unica Praga"},"content":{"rendered":"<p><strong>\ud83c\udf93<\/strong><strong>\u00a0Tesi \u2013 Programma Doppio Titolo UniCa\u2013CULS Prague<\/strong><\/p>\n<ul>\n<li>La tesi \u00e8 preparata sotto la <strong>supervisione di docenti CZU<\/strong>, oppure in\u00a0<strong>co-supervisione<\/strong>\u00a0con docenti di entrambe le universit\u00e0.<\/li>\n<li>La tesi viene\u00a0<strong>discussa durante l\u2019Esame Finale di Stato (FSE)<\/strong>.<\/li>\n<li><strong>Sessioni disponibili a CULS Prague:\u00a0<\/strong><strong>Maggio\/Giugno e\u00a0<\/strong><strong>Febbraio<\/strong><\/li>\n<\/ul>\n<ul>\n<li>Gli studenti UniCa possono partecipare:\n<ul>\n<li><strong>In presenza a Praga<\/strong><\/li>\n<li><strong>A distanza da Cagliari<\/strong>, tramite videoconferenza<\/li>\n<\/ul>\n<\/li>\n<li>La commissione d\u2019esame include membri di\u00a0<strong>entrambe le universit\u00e0<\/strong><\/li>\n<li>La\u00a0<strong>data ufficiale di laurea<\/strong>\u00a0sar\u00e0 quella di Praga<\/li>\n<\/ul>\n<p>******************************************************************************************************************************************<\/p>\n<p><strong>\ud83d\uddc2\ufe0f<\/strong><strong>\u00a0Procedure amministrative \u00a0per il riconoscimento delle attivit\u00e0 svolte a CULS Prague e per il conseguimento del titolo a UniCA<\/strong><\/p>\n<p><strong>\u2705<\/strong><strong>\u00a0Se hai concluso o stai per concludere la mobilit\u00e0 e hai sostenuto tutti gli esami previsti procedi cos\u00ec:<\/strong><\/p>\n<p><strong>\ud83d\udce4<\/strong><strong> Invia tramite mail:<\/strong><\/p>\n<ol>\n<li><strong>il Transcript of Records (ToR)<\/strong>\u00a0a:<\/li>\n<\/ol>\n<ul>\n<li style=\"list-style-type: none\">\n<ul>\n<li>Ufficio\u00a0<strong>ISMOKA<\/strong><\/li>\n<li><strong>Coordinatore di corso<\/strong><\/li>\n<li><strong>Segreteria studenti<\/strong><\/li>\n<\/ul>\n<\/li>\n<\/ul>\n<p><strong>\u23f1\ufe0f<\/strong>\u00a0Tempistica consigliata: entro\u00a05 giorni dalla fine del periodo di mobilit\u00e0.<\/p>\n<p>&nbsp;<\/p>\n<p><strong>\u00a0 \u00a0 \u00a02. Tesi di laurea in PDF<\/strong>, con Titolo della tesi (anche in inglese) e Nome del relatore a\u00a0 <strong>Segreteria studenti<\/strong><\/p>\n<ul>\n<li><strong>\u23f1\ufe0f<\/strong><strong>Tempistica consigliata: e<\/strong>ntro\u00a01<strong>5 giorni dalla fine del periodo di mobilit\u00e0<\/strong>.<\/li>\n<\/ul>\n<p>&nbsp;<\/p>\n<p><strong>\ud83d\udd04 A cosa servono i documenti richiesti &#8211;\u00a0<\/strong><strong>Flusso di convalida e aggiornamento carriera<\/strong><\/p>\n<ol>\n<li>L\u2019<strong>Ufficio ISMOKA<\/strong>\u00a0trasmette il ToR alla\u00a0<strong>Commissione mobilit\u00e0 internazionale<\/strong>.<\/li>\n<li>La <strong>Commissione<\/strong> elabora una\u00a0<strong>proposta di convalida<\/strong>.<\/li>\n<li>Il\u00a0<strong>Consiglio di corso<\/strong>\u00a0approva la proposta.<\/li>\n<li>La <strong>Segreteria studenti<\/strong> inserisce la domanda di laurea dello studente creando una sessione di laurea con data coincidente con quella di Praga e allega la tesi<\/li>\n<\/ol>\n<p>**********************************************************************************************************************************<\/p>\n<p><strong>Dopo l\u2019Esame Finale<\/strong><\/p>\n<ul>\n<li>\u00a0Entro <strong>5 giorni dalla laurea a CZU<\/strong>, devi inviare a\u00a0<strong>Segreteria studenti il\u00a0<\/strong><strong>Certificato di laurea<\/strong> rilasciato da CZU con\u00a0<strong>data di conseguimento del titolo<\/strong><\/li>\n<\/ul>\n<p>\ud83d\udc49 Solo dopo questo passaggio, la <strong>Segreteria studenti UniCa<\/strong> potr\u00e0 aggiornare la tua carriera.<\/p>\n<p>&nbsp;<\/p>\n<p>&nbsp;<\/p>\n<p>******************************************************************************************************************************************<\/p>\n<p>&nbsp;<\/p>\n<p>&nbsp;<\/p>\n<p>&nbsp;<\/p>\n<p><strong>Accordo e contenuti<\/strong><\/p>\n<p>L\u2019accordo tra la Czech University of Life Sciences Prague (CZU) e l\u2019Universit\u00e0 di Cagliari (UNICA) regola un programma di studio integrato italo-ceco che porta al conseguimento di una doppia laurea: il Master in Business Administration (CZU) e il Master in International Management (UNICA).<\/p>\n<p><strong>\u00a0Durata dell\u2019accordo<\/strong><\/p>\n<ul>\n<li>Valido per 5 coorti accademiche (2021\/2022 \u2013 2025\/2026).<\/li>\n<li>Possibilit\u00e0 di modifica o cessazione con preavviso di 6 mesi.<\/li>\n<\/ul>\n<p><strong>Struttura del programma:<\/strong><\/p>\n<ul>\n<li><strong>Durata:<\/strong>\u00a04 semestri.<\/li>\n<li><strong>Luoghi di studio:<\/strong>\n<ul>\n<li>1\u00b0 e 2\u00b0 semestre a Cagliari (UNICA): studenti CZU Praga + studenti UniCa<\/li>\n<li>3\u00b0 e 4\u00b0 semestre a Praga (CZU): studenti CZU Praga + studenti UniCa<\/li>\n<\/ul>\n<\/li>\n<li><strong>Crediti totali:<\/strong>\u00a0131 ECTS.<\/li>\n<li><strong>Internship obbligatorio:<\/strong>\u00a0Si svolge a Praga e vale 15 ECTS.<\/li>\n<\/ul>\n<p><strong>Selezione degli studenti:<\/strong><\/p>\n<ul>\n<li><strong>Requisiti:<\/strong>\u00a0Livello minimo B2 in inglese.<\/li>\n<li><strong>Processo:<\/strong>\u00a0Analisi dei documenti, colloquio in inglese (opzionale in lingua nazionale).<\/li>\n<li><strong>Quota:<\/strong>\u00a0Massimo 5 studenti per universit\u00e0.<\/li>\n<\/ul>\n<p><strong>Esami e tesi<\/strong><\/p>\n<p>Gli studenti devono superare gli esami regolari in entrambe le universit\u00e0. La\u00a0<strong>tesi di laurea<\/strong>\u00a0viene preparata sotto supervisione di docenti di CZU o co-supervisione di docenti di entrambe le universit\u00e0. Gli studi presso FEM, CZU Praga, si concludono con il superamento dell\u2019<strong>Esame Finale di Stato<\/strong>\u00a0(FSE), che consiste nella difesa della Tesi di Laurea, in un dibattito professionale su temi legati alla Tesi di Laurea. La\u00a0<strong>Tesi e l\u2019Esame di Stato Finale<\/strong>\u00a0(FSE)\u00a0<strong>si svolgono<\/strong>\u00a0in date specifiche\u00a0<strong>presso FEM, CZU Praga<\/strong>\u00a0e gli studenti possono scegliere tra 2 periodi \u2013\u00a0<strong>maggio\/giugno o febbraio<\/strong>. Gli studenti UNICA che studiano nel programma di doppio titolo avranno l\u2019opportunit\u00e0 di partecipare personalmente all\u2019Esame di Stato Finale (FSE) a Praga o a Cagliari tramite videoconferenza. A tal fine, saranno nominati membri della commissione d\u2019esame di entrambe le universit\u00e0. Essi garantiranno che l\u2019Esame di Stato Finale mediante videoconferenza venga condotto in conformit\u00e0 con le regole di studio del CZU Praga.<\/p>\n<p>&nbsp;<\/p>\n<p><strong>Conseguimento titolo e registrazione esame finale: procedure amministrative da rispettare<\/strong><\/p>\n<p>Il riconoscimento delle attivit\u00e0 svolte a CZU PRAGUE deve essere sottoposta al parere della Commissione mobilit\u00e0 internazionale UniCa e poi approvato dal Consiglio di corso. In assenza delle delibere, la Segreteria studenti non pu\u00f2 ammetterti alla laurea e la procedura deve essere attivata almeno 30 giorni prima della difesa della tesi.<\/p>\n<p>Dovrai quindi occuparti di far pervenire, via mail, alla\u00a0<strong>Segreteria<\/strong>\u00a0<strong>studenti, al Coordinatore di corso e all\u2019ufficio Ismoka:<\/strong>:<\/p>\n<p>\u2013 il ToR, quanto prima ed in ogni caso entro 10 giorni dalla fine del periodo all\u2019estero, per consentire alla Commissione mobilit\u00e0 internazionale di riconoscere le attivit\u00e0 svolte all\u2019estero e quindi di aggiornare la tua carriera accademica;<\/p>\n<p>\u2013 la tesi di laurea in formato pdf con l\u2019indicazione del titolo della tesi ed il nome del relatore<\/p>\n<p>\u2013 far pervenire entro 5 giorni dal superamento dell\u2019esame finale, il certificato di laurea con la data di conseguimento del titolo e la votazione finale.<\/p>\n","protected":false},"excerpt":{"rendered":"<p>\ud83c\udf93\u00a0Tesi \u2013 Programma Doppio Titolo UniCa\u2013CULS Prague La tesi \u00e8 preparata sotto la supervisione di docenti CZU, oppure in\u00a0co-supervisione\u00a0con docenti di entrambe le universit\u00e0. La tesi viene\u00a0discussa durante l\u2019Esame Finale di Stato (FSE). Sessioni disponibili a CULS Prague:\u00a0Maggio\/Giugno e\u00a0Febbraio Gli studenti UniCa possono partecipare: In presenza a Praga A distanza da Cagliari, tramite videoconferenza La commissione d\u2019esame include membri di\u00a0entrambe le universit\u00e0 La\u00a0data ufficiale di laurea\u00a0sar\u00e0 quella di Praga ****************************************************************************************************************************************** \ud83d\uddc2\ufe0f\u00a0Procedure amministrative \u00a0per il riconoscimento delle attivit\u00e0 svolte a CULS Prague e per il conseguimento del titolo a UniCA \u2705\u00a0Se hai concluso o stai per concludere la mobilit\u00e0 e hai <a href='https:\/\/segreterie.unica.it\/cdseconomici\/lm-em-im-unica-praga\/' class='excerpt-more'>[&#8230;]<\/a><\/p>\n","protected":false},"author":2426,"featured_media":0,"parent":0,"menu_order":0,"comment_status":"closed","ping_status":"closed","template":"","meta":{"footnotes":""},"class_list":["post-5118","page","type-page","status-publish","hentry","post-seq-1","post-parity-odd","meta-position-corners","fix"],"_links":{"self":[{"href":"https:\/\/segreterie.unica.it\/cdseconomici\/wp-json\/wp\/v2\/pages\/5118","targetHints":{"allow":["GET"]}}],"collection":[{"href":"https:\/\/segreterie.unica.it\/cdseconomici\/wp-json\/wp\/v2\/pages"}],"about":[{"href":"https:\/\/segreterie.unica.it\/cdseconomici\/wp-json\/wp\/v2\/types\/page"}],"author":[{"embeddable":true,"href":"https:\/\/segreterie.unica.it\/cdseconomici\/wp-json\/wp\/v2\/users\/2426"}],"replies":[{"embeddable":true,"href":"https:\/\/segreterie.unica.it\/cdseconomici\/wp-json\/wp\/v2\/comments?post=5118"}],"version-history":[{"count":14,"href":"https:\/\/segreterie.unica.it\/cdseconomici\/wp-json\/wp\/v2\/pages\/5118\/revisions"}],"predecessor-version":[{"id":5356,"href":"https:\/\/segreterie.unica.it\/cdseconomici\/wp-json\/wp\/v2\/pages\/5118\/revisions\/5356"}],"wp:attachment":[{"href":"https:\/\/segreterie.unica.it\/cdseconomici\/wp-json\/wp\/v2\/media?parent=5118"}],"curies":[{"name":"wp","href":"https:\/\/api.w.org\/{rel}","templated":true}]}}