{"id":4541,"date":"2023-04-17T13:41:17","date_gmt":"2023-04-17T11:41:17","guid":{"rendered":"https:\/\/segreterie.unica.it\/cdseconomici\/?page_id=4541"},"modified":"2025-08-05T09:18:29","modified_gmt":"2025-08-05T07:18:29","slug":"cittadini-non-comunitari-residenti-allestero-2","status":"publish","type":"page","link":"https:\/\/segreterie.unica.it\/cdseconomici\/cittadini-non-comunitari-residenti-allestero-2\/","title":{"rendered":"Cittadini non comunitari residenti all&#8217;estero"},"content":{"rendered":"<p><strong>Sei cittadino non comunitario residenti all\u2019estero e vuoi studiare in Italia<\/strong><\/p>\n<h2><strong>nell&#8217;a.a. 2025\/2026? Qui trovi le<\/strong><strong>\u00a0<a href=\"https:\/\/www.universitaly.it\/studenti-stranieri\"><u>Procedure per l\u2019ingresso, il soggiorno, l\u2019immatricolazione degli studenti internazionali e il relativo riconoscimento dei titoli, per i corsi della formazione superiore in Italia valide per l\u2019anno accademico 2024-2025<\/u><\/a><\/strong><\/h2>\n<p><strong>Hai bisogno del visto di ingresso?<\/strong><\/p>\n<h1>\u00a0\u00a0\u00a0\u00a0\u00a0\u00a0\u00a0\u00a0\u00a0\u00a0\u00a0\u00a0\u00a0\u00a0\u00a0<strong> \u2193<\/strong><\/h1>\n<h1><a href=\"https:\/\/www.universitaly.it\/first-steps\"><strong>Scopri cosa devi fare<\/strong> \u00a0<\/a> \u2190<\/h1>\n<p>&nbsp;<\/p>\n<h2>Vuoi immatricolarti ad un corso di studi nel nostro Ateneo? Segui le istruzioni sotto riportate<\/h2>\n<p>Le procedure da seguire sono diverse a seconda del corso di studi prescelto cui intendi accedere.<\/p>\n<p><strong>Per accedere ad un CORSO DI LAUREA<\/strong>, devi :<\/p>\n<ul>\n<li>pre iscriverti entro il 31 agosto 2025 su Universitaly <a href=\"https:\/\/www.universitaly.it\/\">Universitaly &#8211; Sei uno studente internazionale?<\/a><\/li>\n<li>registrarti sul sito di Unica accedendo da <a href=\"https:\/\/unica.esse3.cineca.it\/Home.do\">Homepage area pubblica, Universit\u00e0 di UNICA (cineca.it)<\/a><\/li>\n<li>iscriverti e svolgere il test di accesso. Al riguardo verranno fornite indicazioni pi\u00f9 dettagliate in seguito, ed in ogni caso non prima di Luglio 2025<\/li>\n<li>svolgere la prova di Lingua italiana<\/li>\n<li>se superi la prova di Lingua italiana con esito positivo, devi immatricolarti online accedendo da <a href=\"https:\/\/unica.esse3.cineca.it\/Home.do\">Homepage area pubblica, Universit\u00e0 di UNICA (cineca.it)<\/a> &gt; Login, &gt; Segreteria &gt; Immatricolazioni.<\/li>\n<li>dopo l&#8217;immatricolazione online, dovrai inserire nella tua area riservata <a href=\"https:\/\/unica.esse3.cineca.it\/Home.do\">Homepage area pubblica, Universit\u00e0 di UNICA (cineca.it)<\/a> &gt; Men\u00f9 &gt; SEGRETERIA &gt; ALLEGATI CARRIERA: dichiarazione di valore del diploma di scuola secondaria superiore e del titolo di laurea, visto di ingresso e permesso di soggiorno<\/li>\n<\/ul>\n<p><strong>Per accedere ad un CORSO DI LAUREA MAGISTRALE<\/strong> segui le procedure sotto descritte.<\/p>\n<ul>\n<li>Compilare il form online che trovi qui <strong><a href=\"https:\/\/forms.office.com\/e\/YPx3rpupMh\">Form online ENTRO IL 10 LUGLIO 2025<\/a><\/strong><\/li>\n<li>fai prevalutare il tuo percorso di studio (<strong>PREVALUTAZIONE OBBLIGATORIA). <\/strong>Ai fini della immatricolazione ad un corso di laurea magistrale, i <strong>candidati interessati devono <\/strong><strong>sottoporsi ad una Prevalutazione obbligatoria scrivendo a<\/strong> <a href=\"mailto:foreignstudents@unica.it\">foreignstudents@unica.it<\/a> ed indicando<\/li>\n<\/ul>\n<p>nell\u2019oggetto: Access pre-assessment LM _____ A.A. 2025\/26 _ Nome e Cognome del candidato<\/p>\n<p>Alla mail devono essere allegati:<\/p>\n<ul>\n<li>diploma di istruzione superiore, tradotto in italiano o inglese<\/li>\n<li>certificato di laurea con esami, tradotto in italiano o inglese<\/li>\n<li>certificazione di lingua inglese e relativo livello raggiunto<\/li>\n<li>se possedute, certificazioni linguistiche di italiano e relativo livello<\/li>\n<\/ul>\n<p>&nbsp;<\/p>\n<p><strong>SCADENZE PREVALUTAZIONE OBBLIGATORIA<\/strong><\/p>\n<p>La mail per la prevalutazione obbligatoria deve essere inviata:<\/p>\n<p>dal 26 Marzo al 26 Maggio 2025<\/p>\n<p>dal 30 Maggio al 10 Luglio 2025<\/p>\n<p>Le mail inviate al di fuori di queste scadenze non verranno prese in considerazione.<\/p>\n<p>&nbsp;<\/p>\n<p><strong>COMUNICAZIONE ESITO PREVALUTAZIONE OBBLIGATORIA <\/strong><\/p>\n<p>La documentazione inviata a <a href=\"mailto:foreignstudents@unica.it\">foreignstudents@unica.it<\/a>, dopo una valutazione amministrativa\u00a0dei titoli di accesso, viene trasmessa, nei 10 gg successivi alla scadenza del termine, alla Commissione didattica che valuta didatticamente i titoli. Se la prevalutazione \u00e8 positiva, la Commissione didattica\u00a0trasmette gli esiti all\u2019ufficio ismoka e in cc alla segreteria studenti che provveder\u00e0 a inviare al candidato,\u00a0entro \u00a0i 10 gg successivi, \u00a0una mail allegando lettera di accettazione che il candidato o la candidata\u00a0dovr\u00e0 obbligatoriamente caricare in fase di iscrizione sul\u00a0<a href=\"https:\/\/www.universitaly.it\/\">portale Universitaly<\/a>.<\/p>\n<p>Il candidato ricever\u00e0 comunicazione dell\u2019esito della prevalutazione obbligatoria via mail nei termini sotto indicati<\/p>\n<table width=\"601\">\n<tbody>\n<tr>\n<td width=\"224\">\u00a0<strong>Candidatura prevalutazione<\/strong><\/td>\n<td width=\"371\"><strong>Comunicazione esito prevalutazione \u00a0<\/strong><\/td>\n<\/tr>\n<tr>\n<td width=\"224\">&nbsp;<\/p>\n<p>dal 26 Marzo al 26 Maggio 2025<\/p>\n<p>&nbsp;<\/td>\n<td width=\"371\">\u00a0 \u00a0 \u00a0 \u00a0Entro il 1 giugno<\/td>\n<\/tr>\n<tr>\n<td width=\"224\">&nbsp;<\/p>\n<p>dal 30 Maggio al 10 Luglio 2025<\/p>\n<p>&nbsp;<\/td>\n<td width=\"371\">\u00a0 \u00a0 \u00a0 Entro il 30 luglio<\/td>\n<\/tr>\n<\/tbody>\n<\/table>\n<p>&nbsp;<\/p>\n<p><strong>PREISCRIZIONE SU UNIVERSITALY E REGISTRAZIONE SU UNICA<\/strong><\/p>\n<p>Se l\u2019esito della prevalutazione \u00e8 positivo, il candidato dovr\u00e0:<\/p>\n<p>&#8211; preiscriversi entro il 31 agosto 2025 su Universitaly inserendo nel portale la lettera di idoneit\u00e0 accademica rilasciata dal Unica e i documenti necessari quali il diploma di istruzione superiore tradotto in italiano o inglese, il certificato di laurea con esami tradotto in italiano o inglese, la certificazione di lingua inglese e relativo livello raggiunto. Ogni documento allegato dovr\u00e0 essere nominato conformemente a ci\u00f2 che si allega (per es. il file relativo al TOR dovr\u00e0 essere nominato TOR, la certificazione linguistica dovr\u00e0 essere nominata Certificato inglese liv. B2..).<\/p>\n<p>Non verranno prese in considerazione le candidature su Universitaly:<\/p>\n<ul>\n<li>inviate per l\u2019anno accademico errato<\/li>\n<li>non precedute dalla prevalutazione obbligatoria con esito positivo<\/li>\n<li>\u00a0presentate oltre il 31 agosto 2025<\/li>\n<\/ul>\n<p>&#8211; registrarsi sul sito di Unica accedendo da <a href=\"https:\/\/unica.esse3.cineca.it\/Home.do\">Homepage area pubblica, Universit\u00e0 di UNICA (cineca.it)<\/a><\/p>\n<p>&nbsp;<\/p>\n<p><strong>ISCRIZIONE TEST DI ACCESSO SU UNICA, PROVA DI LINGUA ITALIANA ED IMMATRICOLAZIONE AL CORSO DI LAUREA MAGISTRALE<\/strong><\/p>\n<p>Il candidato, previa registrazione sul sito di Unica, deve iscriversi al test di ammissione\u00a0come previsto dai singoli avvisi ed entro le scadenze.<\/p>\n<p>I candidati che devono fare la prova di lingua italiana, se la superano con esito positivo, potranno procedere all\u2019 immatricolazione su esse3 secondo la procedura di immatricolazione.<\/p>\n<p>Dopo l&#8217;immatricolazione online, il candidato dovr\u00e0 essere inserire in area riservata <a href=\"https:\/\/unica.esse3.cineca.it\/Home.do\">Homepage area pubblica, Universit\u00e0 di UNICA (cineca.it)<\/a> &gt; Men\u00f9 &gt; SEGRETERIA &gt; ALLEGATI CARRIERA: dichiarazione di valore del diploma di scuola superiore e del titolo di laurea, visto di ingresso e permesso di soggiorno.<\/p>\n<p>La segreteria studenti, dopo l\u2019immatricolazione, istruisce la pratica e la invia al Consiglio di corso, poi al CdF ed infine al Senato Accademico. Quindi rende definitiva l\u2019immatricolazione descritta negli avvisi del corso di studio prescelto<\/p>\n<p>&nbsp;<\/p>\n","protected":false},"excerpt":{"rendered":"<p>Sei cittadino non comunitario residenti all\u2019estero e vuoi studiare in Italia nell&#8217;a.a. 2025\/2026? Qui trovi le\u00a0Procedure per l\u2019ingresso, il soggiorno, l\u2019immatricolazione degli studenti internazionali e il relativo riconoscimento dei titoli, per i corsi della formazione superiore in Italia valide per l\u2019anno accademico 2024-2025 Hai bisogno del visto di ingresso? \u00a0\u00a0\u00a0\u00a0\u00a0\u00a0\u00a0\u00a0\u00a0\u00a0\u00a0\u00a0\u00a0\u00a0\u00a0 \u2193 Scopri cosa devi fare \u00a0 \u2190 &nbsp; Vuoi immatricolarti ad un corso di studi nel nostro Ateneo? Segui le istruzioni sotto riportate Le procedure da seguire sono diverse a seconda del corso di studi prescelto cui intendi accedere. Per accedere ad un CORSO DI LAUREA, devi : pre iscriverti <a href='https:\/\/segreterie.unica.it\/cdseconomici\/cittadini-non-comunitari-residenti-allestero-2\/' class='excerpt-more'>[&#8230;]<\/a><\/p>\n","protected":false},"author":2426,"featured_media":0,"parent":0,"menu_order":0,"comment_status":"closed","ping_status":"closed","template":"","meta":{"footnotes":""},"class_list":["post-4541","page","type-page","status-publish","hentry","post-seq-1","post-parity-odd","meta-position-corners","fix"],"_links":{"self":[{"href":"https:\/\/segreterie.unica.it\/cdseconomici\/wp-json\/wp\/v2\/pages\/4541","targetHints":{"allow":["GET"]}}],"collection":[{"href":"https:\/\/segreterie.unica.it\/cdseconomici\/wp-json\/wp\/v2\/pages"}],"about":[{"href":"https:\/\/segreterie.unica.it\/cdseconomici\/wp-json\/wp\/v2\/types\/page"}],"author":[{"embeddable":true,"href":"https:\/\/segreterie.unica.it\/cdseconomici\/wp-json\/wp\/v2\/users\/2426"}],"replies":[{"embeddable":true,"href":"https:\/\/segreterie.unica.it\/cdseconomici\/wp-json\/wp\/v2\/comments?post=4541"}],"version-history":[{"count":14,"href":"https:\/\/segreterie.unica.it\/cdseconomici\/wp-json\/wp\/v2\/pages\/4541\/revisions"}],"predecessor-version":[{"id":5411,"href":"https:\/\/segreterie.unica.it\/cdseconomici\/wp-json\/wp\/v2\/pages\/4541\/revisions\/5411"}],"wp:attachment":[{"href":"https:\/\/segreterie.unica.it\/cdseconomici\/wp-json\/wp\/v2\/media?parent=4541"}],"curies":[{"name":"wp","href":"https:\/\/api.w.org\/{rel}","templated":true}]}}