{"id":4436,"date":"2022-08-08T12:01:57","date_gmt":"2022-08-08T10:01:57","guid":{"rendered":"https:\/\/segreterie.unica.it\/cdseconomici\/?page_id=4436"},"modified":"2025-08-05T09:51:28","modified_gmt":"2025-08-05T07:51:28","slug":"immatricolazioni-dipendenti-pubblici_progetto-pa-110-e-lode-protocollo-dipartimento-funzione-pubblica","status":"publish","type":"page","link":"https:\/\/segreterie.unica.it\/cdseconomici\/immatricolazioni-dipendenti-pubblici_progetto-pa-110-e-lode-protocollo-dipartimento-funzione-pubblica\/","title":{"rendered":"IMMATRICOLAZIONI DIPENDENTI PUBBLICI_PROGETTO \u201cPA 110 E LODE\u201d \u2013 PROTOCOLLO DIPARTIMENTO FUNZIONE PUBBLICA"},"content":{"rendered":"<header class=\"post-header fix\"><\/header>\n<p>L\u2019Universit\u00e0 degli Studi di Cagliari ha firmato, con il Dipartimento della Funzione Pubblica, un protocollo d\u2019intesa per l\u2019avvio di iniziative di rafforzamento delle conoscenze e delle competenze del personale delle Pubbliche Amministrazioni. L\u2019iniziativa rientra nel Piano strategico per la valorizzazione e lo sviluppo del capitale umano della Pubblica Amministrazione, rivolto ai 3,2 milioni di dipendenti pubblici.<\/p>\n<p>La formazione del personale in servizio nelle amministrazioni pubbliche costituisce infatti una leva strategica per rendere maggiormente attrattiva la Pubblica Amministrazione nonch\u00e9 per la modernizzazione dell\u2019azione amministrativa e per la realizzazione di effettivi miglioramenti qualitativi dei servizi ai cittadini e alle imprese. L\u2019accordo\u00a0contiene un primo elenco di opportunit\u00e0 di studio che possono essere fruite dal personale pubblico interessato, a condizioni agevolate, anche in modalit\u00e0 remota, cos\u00ec da raggiungere tutti i dipendenti pubblici.<\/p>\n<p>&nbsp;<\/p>\n<p>Tra i Corsi di Studio oggetto del Protocollo d\u2019intesa \u00e8 previsto il\u00a0<strong>Corso di Laurea in Economia e Gestione Aziendale \u2013 percorsi in \u201cAmministrazione e Controllo\u201d e \u201cMarketing e Organizzazione\u201d in modalit\u00e0 Blended e convenzionale (Classe L-18)\u00a0<\/strong><\/p>\n<p>&nbsp;<\/p>\n<p><a href=\"https:\/\/segreterie.unica.it\/cdseconomici\/5227-2\/\"><strong>A.A. 2025\/2026<\/strong>\u00a0<\/a><strong>non verr\u00e0 attivato il canale blended<\/strong><\/p>\n<p><a href=\"https:\/\/segreterie.unica.it\/cdseconomici\/a-a-2024-25\/\">A.A. 2024\/2025<\/a><\/p>\n<p class=\"first-para\"><strong>\ud83c\udf93<\/strong><strong>\u00a0Corsi di Studio inclusi nel Protocollo\u00a0<\/strong>d\u2019intesa per la formazione dei dipendenti pubblici firmato dall\u2019Universit\u00e0 degli Studi di Cagliari con il Dipartimento della Funzione Pubblica\u00a0<strong>(A.A. 2024\/2025, validit\u00e0 3 anni):<\/strong><\/p>\n<ul>\n<li><b>Economia e Gestione aziendale <\/b>(L-18, modalit\u00e0 blended) &#8211; <a href=\"https:\/\/segreterie.unica.it\/cdseconomici\/5227-2\/\"><strong>A.A. 2025\/2026<\/strong>\u00a0<\/a><strong>non verr\u00e0 attivato il canale blended<\/strong><\/li>\n<li><b>Economia e Gestione aziendale <\/b>(L-18, modalit\u00e0 convenzionale)<\/li>\n<\/ul>\n<p>&nbsp;<\/p>\n<p><strong>Modalit\u00e0 di contribuzione<\/strong>\u00a0per i corsi che aderiscono alla convenzione\u00a0<strong>PA 110 e lode<\/strong><\/p>\n<p><strong>\ud83d\udcbc <\/strong><b>Economia e Gestione aziendale <\/b>(L-18)<\/p>\n<table style=\"height: 237px\" width=\"966\">\n<thead>\n<tr>\n<td><strong>Modalit\u00e0 del corso<\/strong><\/td>\n<td><strong>Tipo di contribuzione<\/strong><\/td>\n<td><strong>Importo<\/strong><\/td>\n<\/tr>\n<\/thead>\n<tbody>\n<tr>\n<td>Convenzionale (in presenza)<\/td>\n<td>Parametrata in base all\u2019ISEE, decurtata di 660 \u20ac<\/td>\n<td>Variabile<\/td>\n<\/tr>\n<tr>\n<td>Modalit\u00e0 mista (blended) &#8211;\u00a0<a href=\"https:\/\/segreterie.unica.it\/cdseconomici\/5227-2\/\"><strong>A.A. 2025\/2026<\/strong>\u00a0<\/a><strong>non verr\u00e0 attivato il canale blended<\/strong><\/td>\n<td>Fissa<\/td>\n<td>1.938,90 \u20ac senza agevolazione<\/p>\n<p>800,00\u00a0\u20ac con agevolazione<\/td>\n<\/tr>\n<\/tbody>\n<\/table>\n<p>&nbsp;<\/p>\n<p><strong>\ud83c\udfaf<\/strong><strong>\u00a0Chi pu\u00f2 accedere ai corsi PA 110 e lode<\/strong><\/p>\n<p>Dipendenti pubblici in servizio che intendono usufruire delle\u00a0<strong>agevolazioni economiche e logistiche<\/strong>\u00a0previste dal protocollo.<\/p>\n<p>&nbsp;<\/p>\n<p><strong>\u2705<\/strong><strong>\u00a0Procedura di immatricolazione per dipendenti pubblici<\/strong><\/p>\n<p>1\ufe0f\u20e3\u00a0<strong>Segui la guida specifica in base al corso e rispetta le scadenze:<\/strong><\/p>\n<ul>\n<li style=\"list-style-type: none\">\n<ul>\n<li><strong>EGA<\/strong>\u00a0\u2192\u00a0<a href=\"https:\/\/segreterie.unica.it\/cdseconomici\/3707-2\/\">Corsi di laurea triennali<\/a><\/li>\n<\/ul>\n<\/li>\n<\/ul>\n<p>&nbsp;<\/p>\n<p>2\ufe0f\u20e3\u00a0<strong>Durante l\u2019immatricolazione online:<\/strong><\/p>\n<ul>\n<li><strong>Dichiara di essere un dipendente pubblico<\/strong>\u00a0per accedere alle agevolazioni<\/li>\n<\/ul>\n<p>3\ufe0f\u20e3\u00a0<strong>Dopo l\u2019immatricolazione:<\/strong><\/p>\n<ul>\n<li>Carica l\u2019<strong>autocertificazione di dipendente PA<\/strong>:\n<ul>\n<li>Vai su\u00a0<strong>Area Riservata &gt; Segreteria &gt; Allegati Carriera<\/strong><\/li>\n<li>Carica il file con nome:\u00a0Autocertificazione dipendente PA<\/li>\n<\/ul>\n<\/li>\n<\/ul>\n<p>\ud83d\udcc4\u00a0<strong>Modulistica utile:<\/strong><\/p>\n<ul>\n<li>Il\u00a0<strong>modello di autocertificazione<\/strong>\u00a0e ulteriori dettagli sono disponibili nella sezione: \ud83d\udd17\u00a0<a href=\"https:\/\/www.unica.it\/it\/didattica\/formazione\/dipendenti-pubblici\/pa-110-e-lode\">PA 110 e lode \u2013 Universit\u00e0 di Cagliari<\/a><\/li>\n<\/ul>\n<p>&nbsp;<\/p>\n<p>&nbsp;<\/p>\n<div class=\"entry-container fix\">\n<p>&nbsp;<\/p>\n<\/div>\n","protected":false},"excerpt":{"rendered":"<p>L\u2019Universit\u00e0 degli Studi di Cagliari ha firmato, con il Dipartimento della Funzione Pubblica, un protocollo d\u2019intesa per l\u2019avvio di iniziative di rafforzamento delle conoscenze e delle competenze del personale delle Pubbliche Amministrazioni. L\u2019iniziativa rientra nel Piano strategico per la valorizzazione e lo sviluppo del capitale umano della Pubblica Amministrazione, rivolto ai 3,2 milioni di dipendenti pubblici. La formazione del personale in servizio nelle amministrazioni pubbliche costituisce infatti una leva strategica per rendere maggiormente attrattiva la Pubblica Amministrazione nonch\u00e9 per la modernizzazione dell\u2019azione amministrativa e per la realizzazione di effettivi miglioramenti qualitativi dei servizi ai cittadini e alle imprese. L\u2019accordo\u00a0contiene un <a href='https:\/\/segreterie.unica.it\/cdseconomici\/immatricolazioni-dipendenti-pubblici_progetto-pa-110-e-lode-protocollo-dipartimento-funzione-pubblica\/' class='excerpt-more'>[&#8230;]<\/a><\/p>\n","protected":false},"author":2426,"featured_media":0,"parent":0,"menu_order":0,"comment_status":"closed","ping_status":"closed","template":"","meta":{"footnotes":""},"class_list":["post-4436","page","type-page","status-publish","hentry","post-seq-1","post-parity-odd","meta-position-corners","fix"],"_links":{"self":[{"href":"https:\/\/segreterie.unica.it\/cdseconomici\/wp-json\/wp\/v2\/pages\/4436","targetHints":{"allow":["GET"]}}],"collection":[{"href":"https:\/\/segreterie.unica.it\/cdseconomici\/wp-json\/wp\/v2\/pages"}],"about":[{"href":"https:\/\/segreterie.unica.it\/cdseconomici\/wp-json\/wp\/v2\/types\/page"}],"author":[{"embeddable":true,"href":"https:\/\/segreterie.unica.it\/cdseconomici\/wp-json\/wp\/v2\/users\/2426"}],"replies":[{"embeddable":true,"href":"https:\/\/segreterie.unica.it\/cdseconomici\/wp-json\/wp\/v2\/comments?post=4436"}],"version-history":[{"count":28,"href":"https:\/\/segreterie.unica.it\/cdseconomici\/wp-json\/wp\/v2\/pages\/4436\/revisions"}],"predecessor-version":[{"id":5413,"href":"https:\/\/segreterie.unica.it\/cdseconomici\/wp-json\/wp\/v2\/pages\/4436\/revisions\/5413"}],"wp:attachment":[{"href":"https:\/\/segreterie.unica.it\/cdseconomici\/wp-json\/wp\/v2\/media?parent=4436"}],"curies":[{"name":"wp","href":"https:\/\/api.w.org\/{rel}","templated":true}]}}