{"id":4325,"date":"2022-05-31T14:46:54","date_gmt":"2022-05-31T12:46:54","guid":{"rendered":"https:\/\/segreterie.unica.it\/cdseconomici\/?page_id=4325"},"modified":"2023-05-23T14:39:14","modified_gmt":"2023-05-23T12:39:14","slug":"servizi-online-3","status":"publish","type":"page","link":"https:\/\/segreterie.unica.it\/cdseconomici\/servizi-online-3\/","title":{"rendered":"Servizi online"},"content":{"rendered":"<p class=\"first-para\"><strong>1.Come faccio ad accedere ai servizi online?<\/strong><\/p>\n<p>Accedi al seguente link\u00a0<a href=\"https:\/\/unica.esse3.cineca.it\/Start.do\">Homepage area pubblica, Universit\u00e0 di UNICA (cineca.it)<\/a>\u00a0e poi fai il login, inserendo le tue credenziali, nome utente e password<\/p>\n<p><strong>2. Non ricordo pi\u00f9 le credenziali di accesso ai servizi online. Come posso recuperarle?<\/strong><\/p>\n<p>Se non ti ricordi le credenziali (nome utente e password) collegati a\u00a0<a href=\"https:\/\/unica.esse3.cineca.it\/Start.do\">Homepage area pubblica, Universit\u00e0 di UNICA (cineca.it)<\/a>\u00a0e CLICCA su \u201cRecupero Password\u201d per recuperarle.<br \/>\nLe credenziali ti saranno inviate all\u2019indirizzo e-mail presente nella banca dati di Ateneo, quella che hai indicato all\u2019atto della immatricolazione<br \/>\nSe il sistema ti segnala che le credenziali sono state correttamente inviate ma tu non le hai ricevute, vuol dire che l\u2019indirizzo e-mail presente in banca dati NON \u00e8 valido.<\/p>\n<p><strong>3. Come faccio a recuperare le credenziali se l\u2019indirizzo email presente nella banca dati di Ateneo non \u00e8 pi\u00f9 valido?<\/strong><\/p>\n<p>Invia una richiesta di inserimento nella banca dati dell\u2019Ateneo del tuo attuale indirizzo e-mail a helpservizionline@unica.it , indicando i tuoi dati anagrafici, la residenza e il codice fiscale. Alla richiesta dovrai allegare copia del tuo documento di identit\u00e0.<br \/>\nRiceverai le credenziali all\u2019indirizzo e-mail indicato nella richiesta, entro tre giorni lavorativi dal ricevimento della domanda.<\/p>\n<p><strong>4. Ci sono altri modi per accedere ai servizi online di UniCa?<\/strong><\/p>\n<p>Puoi accedere con SPID.<\/p>\n<p>SPID \u00e8 il sistema di accesso che consente di utilizzare, con un&#8217;identit\u00e0 digitale unica, i servizi online della Pubblica Amministrazione e dei privati accreditati. Se sei gi\u00e0 in possesso di un&#8217;identit\u00e0 digitale, accedi con le credenziali del tuo gestore accedendo da <a href=\"https:\/\/servizionline.unica.it\/idp\/Authn\/CookieAuthExtended?conversation=e3s1\">Accedi | Universit\u00e0 di Cagliari (unica.it)<\/a>. Se non hai ancora un&#8217;identit\u00e0 digitale, richiedila ad uno dei gestori.<\/p>\n<p><strong>5. Mi sono iscritto all\u2019Universit\u00e0 di Cagliari anni fa e allora non esistevano i servizi online. Io ne posso comunque usufruire ora?<\/strong><\/p>\n<p>Certamente, anche se ti sei iscritto all\u2019Universit\u00e0 di Cagliari anni fa, hai la possibilit\u00e0 di recuperare le credenziali di accesso e usufruire comodamente da casa tue di tutti i servizi online disponibili.<\/p>\n<p>Segui le indicazioni contenute nelle faq precedenti<\/p>\n<p><strong>6. Di quali servizi posso usufruire dalla mia area riservata?<\/strong><\/p>\n<p>Attraverso il\u00a0<a href=\"https:\/\/unica.esse3.cineca.it\/Start.do\">portale<\/a>\u00a0per i servizi online, puoi effettuare le seguenti operazioni:<\/p>\n<ul>\n<li>iscrizione ai test di ammissione e di valutazione;<\/li>\n<li>immatricolazione;<\/li>\n<li>visualizzazione della carriera universitaria;<\/li>\n<li>stampa dell\u2019autocertificazione, utilizzabile in sostituzione del certificato, con l\u2019indicazione dei dati dello studente presenti nella banca dati dell\u2019ateneo;<\/li>\n<li>emissione dei certificati, in carta libera, di iscrizione, di iscrizione con esami, di laurea, di laurea con esami;<\/li>\n<li>iscrizione agli esami;<\/li>\n<li>compilazione del questionario di valutazione della didattica;<\/li>\n<li>presentazione della domanda di laurea;<\/li>\n<li>presentazione della tesi;<\/li>\n<li>presentazione del valore ISEE per la riduzione delle tasse universitarie;<\/li>\n<li>iscrizione ai bandi della mobilit\u00e0 internazionale (Erasmus, Globus, ecc.)<\/li>\n<li>presentazione della domanda per le collaborazioni studentesche<\/li>\n<li>presentazione della domanda per le proposte delle associazioni studentesche<\/li>\n<\/ul>\n","protected":false},"excerpt":{"rendered":"<p>1.Come faccio ad accedere ai servizi online? Accedi al seguente link\u00a0Homepage area pubblica, Universit\u00e0 di UNICA (cineca.it)\u00a0e poi fai il login, inserendo le tue credenziali, nome utente e password 2. Non ricordo pi\u00f9 le credenziali di accesso ai servizi online. Come posso recuperarle? Se non ti ricordi le credenziali (nome utente e password) collegati a\u00a0Homepage area pubblica, Universit\u00e0 di UNICA (cineca.it)\u00a0e CLICCA su \u201cRecupero Password\u201d per recuperarle. Le credenziali ti saranno inviate all\u2019indirizzo e-mail presente nella banca dati di Ateneo, quella che hai indicato all\u2019atto della immatricolazione Se il sistema ti segnala che le credenziali sono state correttamente inviate ma <a href='https:\/\/segreterie.unica.it\/cdseconomici\/servizi-online-3\/' class='excerpt-more'>[&#8230;]<\/a><\/p>\n","protected":false},"author":2426,"featured_media":0,"parent":0,"menu_order":0,"comment_status":"closed","ping_status":"closed","template":"","meta":{"footnotes":""},"class_list":["post-4325","page","type-page","status-publish","hentry","post-seq-1","post-parity-odd","meta-position-corners","fix"],"_links":{"self":[{"href":"https:\/\/segreterie.unica.it\/cdseconomici\/wp-json\/wp\/v2\/pages\/4325","targetHints":{"allow":["GET"]}}],"collection":[{"href":"https:\/\/segreterie.unica.it\/cdseconomici\/wp-json\/wp\/v2\/pages"}],"about":[{"href":"https:\/\/segreterie.unica.it\/cdseconomici\/wp-json\/wp\/v2\/types\/page"}],"author":[{"embeddable":true,"href":"https:\/\/segreterie.unica.it\/cdseconomici\/wp-json\/wp\/v2\/users\/2426"}],"replies":[{"embeddable":true,"href":"https:\/\/segreterie.unica.it\/cdseconomici\/wp-json\/wp\/v2\/comments?post=4325"}],"version-history":[{"count":3,"href":"https:\/\/segreterie.unica.it\/cdseconomici\/wp-json\/wp\/v2\/pages\/4325\/revisions"}],"predecessor-version":[{"id":4568,"href":"https:\/\/segreterie.unica.it\/cdseconomici\/wp-json\/wp\/v2\/pages\/4325\/revisions\/4568"}],"wp:attachment":[{"href":"https:\/\/segreterie.unica.it\/cdseconomici\/wp-json\/wp\/v2\/media?parent=4325"}],"curies":[{"name":"wp","href":"https:\/\/api.w.org\/{rel}","templated":true}]}}