{"id":4313,"date":"2022-05-31T14:34:38","date_gmt":"2022-05-31T12:34:38","guid":{"rendered":"https:\/\/segreterie.unica.it\/cdseconomici\/?page_id=4313"},"modified":"2022-05-31T14:44:25","modified_gmt":"2022-05-31T12:44:25","slug":"interruzione-degli-studi","status":"publish","type":"page","link":"https:\/\/segreterie.unica.it\/cdseconomici\/interruzione-degli-studi\/","title":{"rendered":"Interruzione degli studi"},"content":{"rendered":"<p><strong>1.\u00a0<\/strong><strong>Devo interrompere gli studi temporaneamente. Come posso fare?<\/strong><\/p>\n<p>Puoi interrompere la carriera temporaneamente, per uno o pi\u00f9 anni accademici.<\/p>\n<p>La puoi interrompere per:<\/p>\n<p>\u2013\u00a0\u00a0\u00a0\u00a0\u00a0\u00a0\u00a0\u00a0\u00a0 mancato rinnovo dell\u2019iscrizione<\/p>\n<p>\u2013\u00a0\u00a0\u00a0\u00a0\u00a0\u00a0\u00a0\u00a0\u00a0 motivi di salute (gravi e prolungate infermit\u00e0)<\/p>\n<p>\u2013\u00a0\u00a0\u00a0\u00a0\u00a0\u00a0\u00a0\u00a0\u00a0 situazioni familiari o personali di eccezionale gravit\u00e0<\/p>\n<p>\u2013\u00a0\u00a0\u00a0\u00a0\u00a0\u00a0\u00a0\u00a0\u00a0 nascita\/adozione di un figlio<\/p>\n<p>\u2013\u00a0\u00a0\u00a0\u00a0\u00a0\u00a0\u00a0\u00a0\u00a0 servizio civile<\/p>\n<p>Se la interrompi per motivi diversi da quelli di salute,\u00a0nascita\/adozione figlio, servizio civile \u00a0l\u2019interruzione non pu\u00f2 essere inferiore a 2 anni accademici.<\/p>\n<p>Termini e modalit\u00e0: Per interrompere gli studi non \u00e8 necessario che presenti alcuna istanza in Segreteria studenti. L\u2019interruzione \u00e8 diretta conseguenza del mancato rinnovo dell\u2019iscrizione ( mancato pagamento della prima rata delle tasse). Di conseguenza,\u00a0non potrai interrompere gli studi\u00a0in corso d\u2019anno se hai gi\u00e0 pagato la prima rata delle tasse.<\/p>\n<p>Durante il periodo di interruzione non puoi compiere atti accademici.<\/p>\n<p>Cessata la causa di interruzione, se intendi riprendere gli studi dovrai presentare in Segreteria studenti domanda\u00a0di\u00a0<a href=\"http:\/\/segreterie.unica.it\/scienzepolitiche\/files\/2013\/12\/RICOGNIZIONE.pdf\">RICOGNIZIONE<\/a>\u00a0da agosto al 30 settembre di ogni anno e versare, per ogni anno di interruzione, la specifica tassa di\u00a0ricognizione nella misura stabilita dal Regolamento tasse. La quantificazione delle tasse relative al periodo di interruzione e all\u2019anno di ripresa della carriera sono disciplinate dal regolamento tasse e contributi.<\/p>\n<p>La tassa di Ricognizione non \u00e8 dovuta se la causa di interruzione \u00e8 dovuta a nascita\/adozione figlio, servizio civile, motivi di salute (gravi e prolungate infermit\u00e0)\u00a0o situazioni familiari o personali di eccezionale gravit\u00e0<\/p>\n<p>2. <strong>Che differenza c\u2019\u00e8 tra interruzione e sospensione della carriera?<\/strong><\/p>\n<p>Dal punto di vista sostanziale e procedurale nessuna.<\/p>\n<p>La differenza attiene alle cause:<\/p>\n<p>si parla di <strong>interruzione<\/strong> quando ricorrono le seguenti motivazioni:<\/p>\n<ul>\n<li>mancato rinnovo dell\u2019iscrizione<\/li>\n<li>motivi di salute (gravi e prolungate infermit\u00e0)<\/li>\n<li>situazioni familiari o personali di eccezionale gravit\u00e0<\/li>\n<li>nascita\/adozione di un figlio<\/li>\n<li>servizio civile<\/li>\n<\/ul>\n<p>Si parla di <strong>sospensione<\/strong> quando ricorrono le seguenti motivazioni<\/p>\n<p>\u2013\u00a0\u00a0\u00a0\u00a0\u00a0\u00a0\u00a0\u00a0\u00a0 Frequentare un Master, un corso di perfezionamento, una scuola di specializzazione, un dottorato di ricerca o corsi di laurea in Accademie Militari;<\/p>\n<p>\u2013\u00a0\u00a0\u00a0\u00a0\u00a0\u00a0\u00a0\u00a0\u00a0 Iscriverti ad un corso di studi presso Universit\u00e0 estera, al di fuori di un programma europeo per uno o pi\u00f9 anni accademici<\/p>\n<p>\u2013\u00a0\u00a0\u00a0\u00a0\u00a0\u00a0\u00a0\u00a0\u00a0 Acquisire crediti presso Universit\u00e0 estera per periodi anche inferiori ad un anno accademico<\/p>\n","protected":false},"excerpt":{"rendered":"<p>1.\u00a0Devo interrompere gli studi temporaneamente. Come posso fare? Puoi interrompere la carriera temporaneamente, per uno o pi\u00f9 anni accademici. La puoi interrompere per: \u2013\u00a0\u00a0\u00a0\u00a0\u00a0\u00a0\u00a0\u00a0\u00a0 mancato rinnovo dell\u2019iscrizione \u2013\u00a0\u00a0\u00a0\u00a0\u00a0\u00a0\u00a0\u00a0\u00a0 motivi di salute (gravi e prolungate infermit\u00e0) \u2013\u00a0\u00a0\u00a0\u00a0\u00a0\u00a0\u00a0\u00a0\u00a0 situazioni familiari o personali di eccezionale gravit\u00e0 \u2013\u00a0\u00a0\u00a0\u00a0\u00a0\u00a0\u00a0\u00a0\u00a0 nascita\/adozione di un figlio \u2013\u00a0\u00a0\u00a0\u00a0\u00a0\u00a0\u00a0\u00a0\u00a0 servizio civile Se la interrompi per motivi diversi da quelli di salute,\u00a0nascita\/adozione figlio, servizio civile \u00a0l\u2019interruzione non pu\u00f2 essere inferiore a 2 anni accademici. Termini e modalit\u00e0: Per interrompere gli studi non \u00e8 necessario che presenti alcuna istanza in Segreteria studenti. L\u2019interruzione \u00e8 diretta conseguenza del mancato rinnovo dell\u2019iscrizione ( mancato <a href='https:\/\/segreterie.unica.it\/cdseconomici\/interruzione-degli-studi\/' class='excerpt-more'>[&#8230;]<\/a><\/p>\n","protected":false},"author":2426,"featured_media":0,"parent":0,"menu_order":0,"comment_status":"closed","ping_status":"closed","template":"","meta":{"footnotes":""},"class_list":["post-4313","page","type-page","status-publish","hentry","post-seq-1","post-parity-odd","meta-position-corners","fix"],"_links":{"self":[{"href":"https:\/\/segreterie.unica.it\/cdseconomici\/wp-json\/wp\/v2\/pages\/4313","targetHints":{"allow":["GET"]}}],"collection":[{"href":"https:\/\/segreterie.unica.it\/cdseconomici\/wp-json\/wp\/v2\/pages"}],"about":[{"href":"https:\/\/segreterie.unica.it\/cdseconomici\/wp-json\/wp\/v2\/types\/page"}],"author":[{"embeddable":true,"href":"https:\/\/segreterie.unica.it\/cdseconomici\/wp-json\/wp\/v2\/users\/2426"}],"replies":[{"embeddable":true,"href":"https:\/\/segreterie.unica.it\/cdseconomici\/wp-json\/wp\/v2\/comments?post=4313"}],"version-history":[{"count":3,"href":"https:\/\/segreterie.unica.it\/cdseconomici\/wp-json\/wp\/v2\/pages\/4313\/revisions"}],"predecessor-version":[{"id":4321,"href":"https:\/\/segreterie.unica.it\/cdseconomici\/wp-json\/wp\/v2\/pages\/4313\/revisions\/4321"}],"wp:attachment":[{"href":"https:\/\/segreterie.unica.it\/cdseconomici\/wp-json\/wp\/v2\/media?parent=4313"}],"curies":[{"name":"wp","href":"https:\/\/api.w.org\/{rel}","templated":true}]}}