{"id":4289,"date":"2022-05-26T13:29:08","date_gmt":"2022-05-26T11:29:08","guid":{"rendered":"https:\/\/segreterie.unica.it\/cdseconomici\/?page_id=4289"},"modified":"2024-04-23T10:35:02","modified_gmt":"2024-04-23T08:35:02","slug":"iscrizione-corsi-singoli","status":"publish","type":"page","link":"https:\/\/segreterie.unica.it\/cdseconomici\/iscrizione-corsi-singoli\/","title":{"rendered":"Iscrizione corsi singoli"},"content":{"rendered":"<ol>\n<li><strong>Sono gi\u00e0 diplomato\/laureato e vorrei integrare le mie conoscenze\/competenze professionali o requisiti curriculari con altri esami. Come posso fare?<\/strong><\/li>\n<\/ol>\n<p>Puoi iscriverti a singoli\u00a0corsi di insegnamento attivati in Ateneo e sostenere i relativi\u00a0esami cos\u00ec come offerti. Dovrai individuare autonomamente gli esami da sostenere in base alle tue esigenze e al numero di CFU di cui necessiti ma sappi che non \u00e8 possibile modificare il numero di crediti dell\u2019esame. Se un esame prevede 6 CFU (e te ne servono solo 2) dovrai necessariamente iscriverti a quello da 6 cfu<\/p>\n<p>&nbsp;<\/p>\n<ol start=\"2\">\n<li><strong>Cosa devo fare per potermi iscrivere ai corsi singoli?<\/strong><\/li>\n<\/ol>\n<p>La domanda ai corsi singoli la devi presentata esclusivamente online accedendo alla tua area riservata https:\/\/unica.esse3.cineca.it\/Home.do, Men\u00f9 &gt; Segreteria &gt; Immatricolazione &gt; Corsi singoli, previa registrazione sul sito di Unica se ti iscrivi per la prima volta, o previo recupero delle credenziali di accesso se sei gi\u00e0 laureato.<\/p>\n<p>Selezionata la tipologia di corso di studio \u201cCorsi singoli\u201d, si aprir\u00e0 una finestra nella quale sono indicate le Facolt\u00e0 dell\u2019Ateneo nelle quali \u00e8 possibile iscriversi ai singoli insegnamenti. Dopo aver scelto la Facolt\u00e0 nella quale \u00e8 erogato l\u2019insegnamento di tuo interesse \u00e8 sufficiente selezionarlo e cliccare avanti.<\/p>\n<p>Il sistema, infine, ti presenter\u00e0 un riepilogo delle informazioni inserite, dovrai cliccare su CONFERMA, previa verifica dei dati personali e delle informazioni inserite.<\/p>\n<p>Ti segnaliamo che\u00a0<strong>per concludere la procedura online<\/strong>\u00a0di iscrizione ai corsi singoli\u00a0<strong>\u00e8 obbligatorio<\/strong>\u00a0l<strong>\u2019inserimento<\/strong>\u00a0del tuo\u00a0<strong>documento di identit\u00e0<\/strong>\u00a0<strong>e<\/strong>\u00a0della\u00a0<strong>foto-tessera<\/strong>\u00a0in formato digitale.<\/p>\n<p>Dovrai altres\u00ec inserire tra gli allegati apposito\u00a0<a href=\"http:\/\/segreterie.unica.it\/scienzepolitiche\/files\/2020\/09\/Modulo-Corsi_Singoli_2020_2021.odt\">modulo\u00a0<\/a>debitamente compilato da cui risulta l\u2019elenco degli insegnamenti scelti.<\/p>\n<p>Il\u00a0<strong>modulo<\/strong>\u00a0\u00e8 disponibile\u00a0<strong>QUI\u00a0<\/strong><\/p>\n<p>Dopo che hai compilato il modulo dovrai inserirlo all\u2019interno dell\u2019area riservata dei servizi online agli studenti cliccando su SEGRETERIA &gt; ALLEGATI CARRIERA e seguendo le indicazioni del sistema.<\/p>\n<p>Dovrai quindi inviare una mail all\u2019indirizzo della Segreteria studenti informandola circa la conclusione della procedura di iscrizione. La Segreteria studenti, se l\u2019iscrizione agli insegnamenti elencati \u00e8 consentita, emetter\u00e0 il contributo per ogni singolo corso.<\/p>\n<p>&nbsp;<\/p>\n<ol start=\"3\">\n<li><strong>Come posso scegliere i singoli insegnamenti?<\/strong><\/li>\n<\/ol>\n<p>Devi scegliere gli insegnamenti autonomamente e li puoi individuare tra quelli attivati nelle Facolt\u00e0 dell\u2019Ateneo consultando il piano di studi pubblicato sul sito del Corso di studi &gt; Corso &gt; Percorso formativo.<\/p>\n<p>In alternativa puoi rivolgerti all\u2019Ufficio orientamento di Facolt\u00e0 e chiedere supporto nella ricerca.<\/p>\n<p>&nbsp;<\/p>\n<ol start=\"4\">\n<li><strong>Quanti cfu posso maturare mediante iscrizione ai corsi singoli?<\/strong><\/li>\n<\/ol>\n<p>Massimo 36 cfu annui.<\/p>\n<p>Il limite di 36 cfu annui non vale se ti iscrivi ai corsi singoli per il recupero dei requisiti curriculari ai fini dell\u2019accesso ad un corso di Laurea Magistrale.<\/p>\n<p>&nbsp;<\/p>\n<ol start=\"5\">\n<li><strong>Quali sono le scadenze per potermi iscrivere ai corsi singoli?<\/strong><\/li>\n<\/ol>\n<p>La domanda di iscrizione ai corsi singoli potr\u00e0 essere presentata in data successiva alla scadenza del termine previsto per le immatricolazioni dell\u2019anno accademico di riferimento e fino al 10 luglio dell&#8217;anno successivo.<\/p>\n<p>Per esempio, se decidi si iscriverti dopo la scadenza del termine previsto per le immatricolazioni dell\u2019anno accademico \u00a02023\/2024 hai tempo fino al 10 luglio 2024.<\/p>\n<p><strong>\u00a0<\/strong><\/p>\n<ol start=\"6\">\n<li><strong> Quanto tempo ho per sostenere l\u2019esame per il quale mi sono iscritto? <\/strong><\/li>\n<\/ol>\n<p>L\u2019iscrizione vale per un intero anno accademico.<\/p>\n<p>Se per es. ti iscrivi per l\u2019a.a. 2023\/24, potrai sostenere l\u2019esame fino al 31 gennaio 2025<\/p>\n<p>&nbsp;<\/p>\n<ol start=\"7\">\n<li><strong>Quando e quanto devo pagare?<\/strong><\/li>\n<\/ol>\n<p><strong>Quando pagare<\/strong>:<\/p>\n<p>Dopo la presentazione della domanda di iscrizione on line ai corsi singoli e dopo la comunicazione alla Segreteria studenti, la Segreteria studenti emetter\u00e0 i bollettini per gli insegnamenti scelti. Potrai visualizzare i bollettini nella sezione pagamenti della tua area riservata Esse3.<\/p>\n<p><strong>Quanto pagare<\/strong>:<\/p>\n<p>Dovrai provvedere al pagamento di:<\/p>\n<p>\u2013 \u20ac 62,75 per ogni singolo corso o \u20ac 103,45 se erogato in modalit\u00e0 e-learning (importo previsto per gli studenti iscritti ad un corso erogato in modalit\u00e0 tradizionale, che intendano frequentare un\u2019attivit\u00e0 didattica erogata in modalit\u00e0 e-learning)<\/p>\n<p>\u2013 \u20ac 125,65 per tasse di iscrizione (oltre al bollo nella misura di legge) o \u20ac 213,30 di contributo per la frequenza di corsi singoli erogati in modalit\u00e0 e-learning<\/p>\n<p>Se entro 30 gg dalla emissione dell\u2019avviso di pagamento non effettuerai il pagamento, la tua posizione sar\u00e0 archiviata e dovrai procedere con una nuova iscrizione.<\/p>\n<p>&nbsp;<\/p>\n<ol start=\"8\">\n<li><strong>Dopo l\u2019iscrizione ai corsi singoli, potr\u00f2 essere considerato studente universitario?<\/strong><\/li>\n<\/ol>\n<p>L\u2019iscrizione non attribuisce lo status di studente universitario, ma conferisce il diritto di accedere alle biblioteche e ai servizi strettamente connessi all\u2019insegnamento al quale \u00e8 riferita l\u2019iscrizione<\/p>\n","protected":false},"excerpt":{"rendered":"<p>Sono gi\u00e0 diplomato\/laureato e vorrei integrare le mie conoscenze\/competenze professionali o requisiti curriculari con altri esami. Come posso fare? Puoi iscriverti a singoli\u00a0corsi di insegnamento attivati in Ateneo e sostenere i relativi\u00a0esami cos\u00ec come offerti. Dovrai individuare autonomamente gli esami da sostenere in base alle tue esigenze e al numero di CFU di cui necessiti ma sappi che non \u00e8 possibile modificare il numero di crediti dell\u2019esame. Se un esame prevede 6 CFU (e te ne servono solo 2) dovrai necessariamente iscriverti a quello da 6 cfu &nbsp; Cosa devo fare per potermi iscrivere ai corsi singoli? La domanda ai <a href='https:\/\/segreterie.unica.it\/cdseconomici\/iscrizione-corsi-singoli\/' class='excerpt-more'>[&#8230;]<\/a><\/p>\n","protected":false},"author":2426,"featured_media":0,"parent":0,"menu_order":0,"comment_status":"closed","ping_status":"closed","template":"","meta":{"footnotes":""},"class_list":["post-4289","page","type-page","status-publish","hentry","post-seq-1","post-parity-odd","meta-position-corners","fix"],"_links":{"self":[{"href":"https:\/\/segreterie.unica.it\/cdseconomici\/wp-json\/wp\/v2\/pages\/4289","targetHints":{"allow":["GET"]}}],"collection":[{"href":"https:\/\/segreterie.unica.it\/cdseconomici\/wp-json\/wp\/v2\/pages"}],"about":[{"href":"https:\/\/segreterie.unica.it\/cdseconomici\/wp-json\/wp\/v2\/types\/page"}],"author":[{"embeddable":true,"href":"https:\/\/segreterie.unica.it\/cdseconomici\/wp-json\/wp\/v2\/users\/2426"}],"replies":[{"embeddable":true,"href":"https:\/\/segreterie.unica.it\/cdseconomici\/wp-json\/wp\/v2\/comments?post=4289"}],"version-history":[{"count":3,"href":"https:\/\/segreterie.unica.it\/cdseconomici\/wp-json\/wp\/v2\/pages\/4289\/revisions"}],"predecessor-version":[{"id":4782,"href":"https:\/\/segreterie.unica.it\/cdseconomici\/wp-json\/wp\/v2\/pages\/4289\/revisions\/4782"}],"wp:attachment":[{"href":"https:\/\/segreterie.unica.it\/cdseconomici\/wp-json\/wp\/v2\/media?parent=4289"}],"curies":[{"name":"wp","href":"https:\/\/api.w.org\/{rel}","templated":true}]}}