{"id":4276,"date":"2022-05-26T12:59:38","date_gmt":"2022-05-26T10:59:38","guid":{"rendered":"https:\/\/segreterie.unica.it\/cdseconomici\/?page_id=4276"},"modified":"2022-05-26T12:59:38","modified_gmt":"2022-05-26T10:59:38","slug":"iscrizione-agli-esami-e-verbalizzazione-2","status":"publish","type":"page","link":"https:\/\/segreterie.unica.it\/cdseconomici\/iscrizione-agli-esami-e-verbalizzazione-2\/","title":{"rendered":"Iscrizione agli esami e verbalizzazione"},"content":{"rendered":"<ol>\n<li><strong>Devo sostenere un esame ma non lo visualizzo nel mio libretto online. Cosa devo fare?<\/strong><\/li>\n<\/ol>\n<p>Scrivi una mail alla segreteria studenti e chiedi l\u2019inserimento dell\u2019esame. Nella mail, il cui Oggetto sar\u00e0 \u201cinserimento esame\u201d, indica le tue generalit\u00e0, la tua matricola per esteso, il codice AD che vuoi farti inserire, la denominazione dell\u2019insegnamento ed il docente titolare di materia.<\/p>\n<ol start=\"2\">\n<li><strong>Dopo la richiesta di inserimento esame, quanto tempo dovr\u00f2 aspettare per visualizzare l\u2019esame nel libretto e potermi iscrivere?<\/strong><\/li>\n<\/ol>\n<p>Massimo 3 gg lavorativi<\/p>\n<p>3<strong>. Ho chiesto l\u2019inserimento di un esame nel libretto online, ma ho cambiato idea e non intendo pi\u00f9 sostenerlo. Cosa devo fare?<\/strong><\/p>\n<p>Se nel libretto visualizzi un esame, presumibilmente a scelta, che ti sei fatto aggiungere, ma hai cambiato idea, non preoccuparti, non sei obbligato a sostenerlo. Continuerai a visualizzarlo nel libretto. Quando presenterai domanda di laurea online, nell\u2019apposito campo note, ci segnalerai che quell\u2019esame non lo hai sostenuto. La segreteria studenti, se possibile e se non gestito informaticamente dal docente, lo eliminer\u00e0 dal libretto online. Se ci\u00f2 non sar\u00e0 possibile, lo visualizzerai anche dopo la laurea.<\/p>\n<p><strong>4. Nel libretto online \u00e8 presente l\u2019attivit\u00e0 didattica ma non sono presenti gli appelli. Cosa devo fare?<\/strong><\/p>\n<p>se sei regolarmente iscritto, in regola con il pagamento delle tasse universitarie, se nel tuo libretto online \u00e8 presente l\u2019attivit\u00e0 didattica da prenotare, ma non visualizzi appelli dalla tua area riservata, potrai rivolgerti alla Facolt\u00e0, Ufficio didattica, che si occupa degli appelli.<\/p>\n<p><strong>5. Sono ancora indeciso se sostenere l\u2019esame. Entro quando devo prenotarmi?<\/strong><\/p>\n<p>Entro e non oltre i 4 giorni precedenti la data dell\u2019appello. Se la scadenza per la prenotazione non viene rispettata, solo il docente potr\u00e0 autorizzarti a sostenere l\u2019esame e sar\u00e0 sua cura iscriverti all\u2019appello<\/p>\n<p><strong>6. Cosa devo fare se non voglio pi\u00f9 sostenere l\u2019esame, pur essendomi iscritto?<\/strong><\/p>\n<p>Se ti sei prenotato all\u2019appello ma hai cambiato idea e non vuoi pi\u00f9 sostenere l\u2019esame, cancella la prenotazione dalla tua area riservata. Avrai tempo di cancellarla fino alla scadenza delle prenotazioni. Dopo non sar\u00e0 pi\u00f9 possibile cancellarla<\/p>\n<p><strong>7.Ho sostenuto un esame ma non vedo il voto sul libretto online. A chi devo rivolgermi?<\/strong><\/p>\n<p>Al docente , perch\u00e9 la verbalizzazione dell\u2019esame \u00e8 di esclusiva competenza del docente<\/p>\n","protected":false},"excerpt":{"rendered":"<p>Devo sostenere un esame ma non lo visualizzo nel mio libretto online. Cosa devo fare? Scrivi una mail alla segreteria studenti e chiedi l\u2019inserimento dell\u2019esame. Nella mail, il cui Oggetto sar\u00e0 \u201cinserimento esame\u201d, indica le tue generalit\u00e0, la tua matricola per esteso, il codice AD che vuoi farti inserire, la denominazione dell\u2019insegnamento ed il docente titolare di materia. Dopo la richiesta di inserimento esame, quanto tempo dovr\u00f2 aspettare per visualizzare l\u2019esame nel libretto e potermi iscrivere? Massimo 3 gg lavorativi 3. Ho chiesto l\u2019inserimento di un esame nel libretto online, ma ho cambiato idea e non intendo pi\u00f9 sostenerlo. Cosa <a href='https:\/\/segreterie.unica.it\/cdseconomici\/iscrizione-agli-esami-e-verbalizzazione-2\/' class='excerpt-more'>[&#8230;]<\/a><\/p>\n","protected":false},"author":2426,"featured_media":0,"parent":0,"menu_order":0,"comment_status":"closed","ping_status":"closed","template":"","meta":{"footnotes":""},"class_list":["post-4276","page","type-page","status-publish","hentry","post-seq-1","post-parity-odd","meta-position-corners","fix"],"_links":{"self":[{"href":"https:\/\/segreterie.unica.it\/cdseconomici\/wp-json\/wp\/v2\/pages\/4276","targetHints":{"allow":["GET"]}}],"collection":[{"href":"https:\/\/segreterie.unica.it\/cdseconomici\/wp-json\/wp\/v2\/pages"}],"about":[{"href":"https:\/\/segreterie.unica.it\/cdseconomici\/wp-json\/wp\/v2\/types\/page"}],"author":[{"embeddable":true,"href":"https:\/\/segreterie.unica.it\/cdseconomici\/wp-json\/wp\/v2\/users\/2426"}],"replies":[{"embeddable":true,"href":"https:\/\/segreterie.unica.it\/cdseconomici\/wp-json\/wp\/v2\/comments?post=4276"}],"version-history":[{"count":1,"href":"https:\/\/segreterie.unica.it\/cdseconomici\/wp-json\/wp\/v2\/pages\/4276\/revisions"}],"predecessor-version":[{"id":4277,"href":"https:\/\/segreterie.unica.it\/cdseconomici\/wp-json\/wp\/v2\/pages\/4276\/revisions\/4277"}],"wp:attachment":[{"href":"https:\/\/segreterie.unica.it\/cdseconomici\/wp-json\/wp\/v2\/media?parent=4276"}],"curies":[{"name":"wp","href":"https:\/\/api.w.org\/{rel}","templated":true}]}}