{"id":4273,"date":"2022-05-26T12:55:29","date_gmt":"2022-05-26T10:55:29","guid":{"rendered":"https:\/\/segreterie.unica.it\/cdseconomici\/?page_id=4273"},"modified":"2024-04-23T13:25:57","modified_gmt":"2024-04-23T11:25:57","slug":"domanda-di-laurea","status":"publish","type":"page","link":"https:\/\/segreterie.unica.it\/cdseconomici\/domanda-di-laurea\/","title":{"rendered":"Domanda di laurea"},"content":{"rendered":"<p><strong>SESSIONE DI LAUREA<\/strong><\/p>\n<ol>\n<li><strong>Vorrei laurearmi, quali sono le sessioni di laurea previste?<\/strong><\/li>\n<\/ol>\n<p>Puoi consultare le sessioni di laurea e le scadenze al seguente\u00a0<a href=\"https:\/\/segreterie.unica.it\/cdseconomici\/scadenze-sedute-di-laurea-3\/\">link<\/a><\/p>\n<p>&nbsp;<\/p>\n<p><strong>APPELLO STRAORDINARIO LAUREANDI<\/strong><\/p>\n<p><strong>\u00a01. <\/strong><strong>Mi manca un solo esame per laurearmi ma non \u00e8 previsto nessun appello prima della sessione di laurea da me prescelta. Cosa posso fare?<\/strong><\/p>\n<p>Se ti manca un solo esame per concludere il percorso e non sono calendarizzati appelli entro la sessione di laurea prescelta, presenta comunque domanda di laurea online accedendo alla tua area riservata. Dopo\u00a0 aver presentato la domanda di laurea online, fai richiesta di un appello straordinario per laureandi. Per sapere come fare richiesta di appello straordinario leggi il punto 4<\/p>\n<p><strong>\u00a02. <\/strong><strong>Per presentare la richiesta di appello straordinario devono sussistere condizioni particolari?<\/strong><\/p>\n<p>Puoi presentare richiesta di appello straordinario solo se:<\/p>\n<ul>\n<li>ti manca un solo esame per concludere gli studi e non sono previsti appelli d\u2019esame prima della sessione di laurea prescelta.<\/li>\n<li>hai presentato domanda di laurea online<\/li>\n<li>il lavoro di tesi \u00e8 quasi concluso o comunque in uno stato di avanzamento tale da consentirti di laurearti nella sessione prescelta<\/li>\n<\/ul>\n<p><strong>\u00a03. <\/strong><strong>Esiste una scadenza per presentare la richiesta di appello straordinario, oppure pu\u00f2 essere fatta in ogni momento?<\/strong><\/p>\n<p>Puoi presentare richiesta di appello straordinario almeno 40 giorni prima della sessione di laurea.<\/p>\n<p>Nelle scadenze di laurea pubblicate sul sito della segreteria studenti \u00e8 presente anche il termine entro cui la richiesta deve essere presentata.<\/p>\n<p><strong>\u00a04. <\/strong><strong>Cosa devo fare per presentare richiesta di appello straordinario?<\/strong><\/p>\n<p>Invia una e-mail alla segreteria studenti (<a href=\"mailto:segrstudsegp@unica.it\"><strong>segrstudsegp@unica.it<\/strong><\/a>), al Coordinatore del tuo Corso di studio e, per conoscenza, al docente relatore della tesi di laurea.<\/p>\n<p>Nella richiesta dovrai inserire:<\/p>\n<p>\u2013 il tuo Nome, cognome e n. di matricola;<\/p>\n<p>\u2013 il Corso di studio a cui sei iscritto;<\/p>\n<p>\u2013 il Codice e la denominazione dell\u2019esame che devi ancora sostenere nonch\u00e8 il nominativo del docente titolare della materia;<\/p>\n<p>\u2013 il Nominativo del docente relatore della tesi di laurea.<\/p>\n<p>Alla richiesta dovrai allegare la dichiarazione del docente relatore sullo stato di avanzamento della tua tesi di laurea (prossima alla conclusione entro i termini fissati per il suo caricamento in procedura).<\/p>\n<p><strong>\u00a05. <\/strong><strong>Dopo che ho presentato domanda di appello straordinario, come faccio a sapere se la richiesta \u00e8 stata accolta?<\/strong><\/p>\n<p>In risposta alla tua richiesta, non appena verremo a conoscenza di quanto deciso dal docente, ti risponderemo e, se la richiesta \u00e8 stata accolta, ti forniremo data, luogo e ora dell\u2019esame straordinario. La prenotazione all\u2019esame sar\u00e0 a nostra cura e tu dovrai limitarti a continuare a studiare in attesa della nostra comunicazione, tenuto conto che la data dell\u2019appello potrebbe esserti comunicata con pochi giorni di anticipo rispetto all\u2019esame.<\/p>\n<p><strong>DOMANDA DI LAUREA<\/strong><\/p>\n<p><strong>1. Come posso presentare la domanda di laurea?<\/strong><\/p>\n<p>La domanda di laurea \u00e8 compilabile esclusivamente online e\u00a0non\u00a0dovrai consegnare in Segreteria studenti nessun documento cartaceo ( n\u00e9 la domanda di laurea, n\u00e9 la ricevuta di Almalaurea, n\u00e9 il libretto universitario, n\u00e9 la tesi).<\/p>\n<p>Accedi alla tua area riservata Esse3 &gt; Conseguimento titolo. Al termine della procedura online, se la procedura \u00e8 andata a buon fine, troverai nella sezione pagamenti un MAV da 32 euro (la tassa di laurea\u00a0e diploma) che dovrai pagare entro i 15 gg precedenti l\u2019inizio della sessione<\/p>\n<p><strong>2. Ho presentato domanda di laurea e pagato la relativa tassa? Cosa devo fare ora?<\/strong><\/p>\n<p>Devi ultimare il processo di domanda di laurea facendo l\u2019upload della tesi entro e non oltre i 9 gg precedenti l\u2019inizio della sessione.\u00a0 Visualizza sempre la scadenza dalla tua area riservata. Per inserire l\u2019allegato di tesi torna su Conseguimento titolo &gt; Procedi con il processo completamento tesi &gt; Completamento tesi &gt; Gestione documento definitivo tesi &gt; Aggiungi documento. L\u2019upload della tesi definitiva dovrai farlo dopo che il tuo relatore approver\u00e0 il lavoro di tesi. Il file deve essere in formato PDF e le sue dimensioni non possono essere superiori a 50 Mbyte. Il mancato upload della tesi entro le scadenze comporter\u00e0 l\u2019esclusione dalla discussione di laurea.<\/p>\n<p><strong>\u00a03<\/strong><strong>. Ho presentato domanda di laurea ma so che non riuscir\u00f2 a laurearmi. Cosa devo fare?<\/strong><\/p>\n<p>Devi annullare la domanda di laurea accedendo alla tua area riservata e darne tempestiva comunicazione alla Segreteria studenti, anche via mail. Se rinunci ad un appello, dovrai ripetere la procedura per l\u2019appello successivo. La tassa di laurea eventualmente gi\u00e0 pagata ti varr\u00e0 per tutte le sedute di laurea dell\u2019anno accademico di riferimento.<\/p>\n<p><strong>\u00a0<\/strong><\/p>\n<p><strong>SEDUTA DI LAUREA<\/strong><\/p>\n<p><strong>1. Quanti punti mi verranno attribuiti per l\u2019elaborato finale?<\/strong><\/p>\n<p>Non \u00e8 compito della Segreteria studenti stabilirlo. La commissione di laurea decider\u00e0 quanti punti attribuirti in base alle regole stabilite nel Regolamento Didattico.<\/p>\n<p><strong>2. Come faccio a sapere in che giorno \u00e8 fissata la seduta di laurea alla quale sono stato assegnato?<\/strong><\/p>\n<p>La segreteria studenti non fissa le date di laurea che sono decise dalla Struttura Didattica del Corso di Studio. Potrai conoscere le date di discussione consultando il calendario lauree che verr\u00e0 pubblicato sul sito di Facolt\u00e0 con\u00a0 5 giorni di anticipo rispetto all\u2019inizio della sessione<\/p>\n","protected":false},"excerpt":{"rendered":"<p>SESSIONE DI LAUREA Vorrei laurearmi, quali sono le sessioni di laurea previste? Puoi consultare le sessioni di laurea e le scadenze al seguente\u00a0link &nbsp; APPELLO STRAORDINARIO LAUREANDI \u00a01. Mi manca un solo esame per laurearmi ma non \u00e8 previsto nessun appello prima della sessione di laurea da me prescelta. Cosa posso fare? Se ti manca un solo esame per concludere il percorso e non sono calendarizzati appelli entro la sessione di laurea prescelta, presenta comunque domanda di laurea online accedendo alla tua area riservata. Dopo\u00a0 aver presentato la domanda di laurea online, fai richiesta di un appello straordinario per laureandi. <a href='https:\/\/segreterie.unica.it\/cdseconomici\/domanda-di-laurea\/' class='excerpt-more'>[&#8230;]<\/a><\/p>\n","protected":false},"author":2426,"featured_media":0,"parent":0,"menu_order":0,"comment_status":"closed","ping_status":"closed","template":"","meta":{"footnotes":""},"class_list":["post-4273","page","type-page","status-publish","hentry","post-seq-1","post-parity-odd","meta-position-corners","fix"],"_links":{"self":[{"href":"https:\/\/segreterie.unica.it\/cdseconomici\/wp-json\/wp\/v2\/pages\/4273","targetHints":{"allow":["GET"]}}],"collection":[{"href":"https:\/\/segreterie.unica.it\/cdseconomici\/wp-json\/wp\/v2\/pages"}],"about":[{"href":"https:\/\/segreterie.unica.it\/cdseconomici\/wp-json\/wp\/v2\/types\/page"}],"author":[{"embeddable":true,"href":"https:\/\/segreterie.unica.it\/cdseconomici\/wp-json\/wp\/v2\/users\/2426"}],"replies":[{"embeddable":true,"href":"https:\/\/segreterie.unica.it\/cdseconomici\/wp-json\/wp\/v2\/comments?post=4273"}],"version-history":[{"count":6,"href":"https:\/\/segreterie.unica.it\/cdseconomici\/wp-json\/wp\/v2\/pages\/4273\/revisions"}],"predecessor-version":[{"id":4796,"href":"https:\/\/segreterie.unica.it\/cdseconomici\/wp-json\/wp\/v2\/pages\/4273\/revisions\/4796"}],"wp:attachment":[{"href":"https:\/\/segreterie.unica.it\/cdseconomici\/wp-json\/wp\/v2\/media?parent=4273"}],"curies":[{"name":"wp","href":"https:\/\/api.w.org\/{rel}","templated":true}]}}